{"id":1998,"date":"2024-06-17T13:06:01","date_gmt":"2024-06-17T10:06:01","guid":{"rendered":"https:\/\/marketplace.navixy.com\/?post_type=product&#038;p=1998"},"modified":"2024-08-06T16:38:52","modified_gmt":"2024-08-06T13:38:52","slug":"tachomotive","status":"publish","type":"product","link":"https:\/\/marketplace.navixy.com\/es\/shop\/tachomotive\/","title":{"rendered":"Tachomotive"},"content":{"rendered":"<div class=\"wpb-content-wrapper\"><p>[vc_row][vc_column][vc_tta_tabs][vc_tta_section title=\u00bbDescripci\u00f3n\u00bb tab_id=\u00bbdescription\u00bb][vc_column_text css=\u00bb\u00bb]Tachomotive es una soluci\u00f3n basada en Internet para el archivado y an\u00e1lisis de datos del tac\u00f3grafo digital y la tarjeta de conductor de conformidad con la ley.<\/p>\n<p><span style=\"font-weight: 400\">Las funciones m\u00e1s importantes: <\/span><\/p>\n<ul>\n<li style=\"font-weight: 400\">Archivar<br \/>\nImporte mediante arrastrar y soltar o FTP\/SFTP. Archivar de conformidad con la ley y de forma legalmente segura. Ubicaci\u00f3n del servidor Alemania.<\/li>\n<li style=\"font-weight: 400\">An\u00e1lisis de los datos<br \/>\nAn\u00e1lisis vers\u00e1til y representaci\u00f3n gr\u00e1fica moderna. Vista de calendario y gr\u00e1ficos diarios.<\/li>\n<li style=\"font-weight: 400\">Reportes<br \/>\nInformes de actividad del conductor y del veh\u00edculo. \u00a1M\u00e1s de 12 informes significativos brindan descripci\u00f3n general y claridad!<\/li>\n<li style=\"font-weight: 400\">An\u00e1lisis de violaciones<br \/>\nInformes de infracci\u00f3n con formulario de instrucciones (EU VO 561\/2006, EU VO 165\/2014, EU VO 1054\/2020, ArbZG).<\/li>\n<\/ul>\n<p>&nbsp;<\/p>\n<p>[\/vc_column_text][\/vc_tta_section][vc_tta_section title=\u00bbComo comenzar\u00bb tab_id=\u00bbuse\u00bb][vc_column_text css=\u00bb\u00bb]Para agregar Tachomotive a su cuenta Navixy, env\u00ede un correo electr\u00f3nico a su administrador personal de Navixy.<\/p>\n<p>&nbsp;<\/p>\n<p>[\/vc_column_text][\/vc_tta_section][\/vc_tta_tabs][vc_gallery interval=\u00bb3&#8243; images=\u00bb2008,2020,2014,2011,2017&#8243; img_size=\u00bbmedium\u00bb css=\u00bb\u00bb][\/vc_column][\/vc_row]<\/p>\n<\/div>","protected":false},"excerpt":{"rendered":"<p>Archivo y an\u00e1lisis de datos del tac\u00f3grafo digital y tarjeta de conductor.<\/p>\n","protected":false},"featured_media":2046,"template":"","meta":[],"product_brand":[],"product_cat":[99],"product_tag":[171],"class_list":{"0":"post-1998","1":"product","2":"type-product","3":"status-publish","4":"has-post-thumbnail","6":"product_cat-gestion-de-flotas","7":"product_tag-analisis-de-tacografo","9":"first","10":"instock","11":"shipping-taxable","12":"product-type-simple"},"yoast_head":"\n<title>Tachomotive &#8212; Marketplace Navixy<\/title>\n<meta name=\"description\" content=\"Archivo y an\u00e1lisis de datos del tac\u00f3grafo digital y tarjeta de conductor.\" \/>\n<meta name=\"robots\" content=\"index, follow, max-snippet:-1, max-image-preview:large, max-video-preview:-1\" \/>\n<link rel=\"canonical\" href=\"https:\/\/marketplace.navixy.com\/es\/shop\/tachomotive\/\" \/>\n<meta property=\"og:locale\" content=\"es_ES\" \/>\n<meta property=\"og:type\" content=\"article\" \/>\n<meta property=\"og:title\" content=\"Tachomotive &#8212; Marketplace Navixy\" \/>\n<meta property=\"og:description\" content=\"Archivo y an\u00e1lisis de datos del tac\u00f3grafo digital y tarjeta de conductor.\" \/>\n<meta property=\"og:url\" content=\"https:\/\/marketplace.navixy.com\/es\/shop\/tachomotive\/\" \/>\n<meta property=\"og:site_name\" content=\"Marketplace Navixy\" \/>\n<meta property=\"article:modified_time\" content=\"2024-08-06T13:38:52+00:00\" \/>\n<meta property=\"og:image\" content=\"https:\/\/marketplace.navixy.com\/wp-content\/uploads\/2024\/06\/tachomotive-icon.png\" \/>\n\t<meta property=\"og:image:width\" content=\"300\" \/>\n\t<meta property=\"og:image:height\" content=\"300\" \/>\n\t<meta property=\"og:image:type\" content=\"image\/png\" \/>\n<meta name=\"twitter:card\" content=\"summary_large_image\" \/>\n<script type=\"application\/ld+json\" class=\"yoast-schema-graph\">{\"@context\":\"https:\/\/schema.org\",\"@graph\":[{\"@type\":\"WebPage\",\"@id\":\"https:\/\/marketplace.navixy.com\/es\/shop\/tachomotive\/\",\"url\":\"https:\/\/marketplace.navixy.com\/es\/shop\/tachomotive\/\",\"name\":\"Tachomotive &#8212; Marketplace Navixy\",\"isPartOf\":{\"@id\":\"https:\/\/marketplace.navixy.com\/es\/#website\"},\"primaryImageOfPage\":{\"@id\":\"https:\/\/marketplace.navixy.com\/es\/shop\/tachomotive\/#primaryimage\"},\"image\":{\"@id\":\"https:\/\/marketplace.navixy.com\/es\/shop\/tachomotive\/#primaryimage\"},\"thumbnailUrl\":\"https:\/\/marketplace.navixy.com\/wp-content\/uploads\/2024\/06\/tachomotive-icon.png\",\"datePublished\":\"2024-06-17T10:06:01+00:00\",\"dateModified\":\"2024-08-06T13:38:52+00:00\",\"description\":\"Archivo y an\u00e1lisis de datos del tac\u00f3grafo digital y tarjeta de conductor.\",\"breadcrumb\":{\"@id\":\"https:\/\/marketplace.navixy.com\/es\/shop\/tachomotive\/#breadcrumb\"},\"inLanguage\":\"es\",\"potentialAction\":[{\"@type\":\"ReadAction\",\"target\":[\"https:\/\/marketplace.navixy.com\/es\/shop\/tachomotive\/\"]}]},{\"@type\":\"ImageObject\",\"inLanguage\":\"es\",\"@id\":\"https:\/\/marketplace.navixy.com\/es\/shop\/tachomotive\/#primaryimage\",\"url\":\"https:\/\/marketplace.navixy.com\/wp-content\/uploads\/2024\/06\/tachomotive-icon.png\",\"contentUrl\":\"https:\/\/marketplace.navixy.com\/wp-content\/uploads\/2024\/06\/tachomotive-icon.png\",\"width\":300,\"height\":300,\"caption\":\"Tachomotive\"},{\"@type\":\"BreadcrumbList\",\"@id\":\"https:\/\/marketplace.navixy.com\/es\/shop\/tachomotive\/#breadcrumb\",\"itemListElement\":[{\"@type\":\"ListItem\",\"position\":1,\"name\":\"\u0413\u043b\u0430\u0432\u043d\u0430\u044f \u0441\u0442\u0440\u0430\u043d\u0438\u0446\u0430\",\"item\":\"https:\/\/marketplace.navixy.com\/es\/\"},{\"@type\":\"ListItem\",\"position\":2,\"name\":\"Marketplace Navixy\",\"item\":\"https:\/\/marketplace.navixy.com\/es\/\"},{\"@type\":\"ListItem\",\"position\":3,\"name\":\"Tachomotive\"}]},{\"@type\":\"WebSite\",\"@id\":\"https:\/\/marketplace.navixy.com\/es\/#website\",\"url\":\"https:\/\/marketplace.navixy.com\/es\/\",\"name\":\"Marketplace Navixy\",\"description\":\"Marketplace Navixy\",\"potentialAction\":[{\"@type\":\"SearchAction\",\"target\":{\"@type\":\"EntryPoint\",\"urlTemplate\":\"https:\/\/marketplace.navixy.com\/es\/?s={search_term_string}\"},\"query-input\":{\"@type\":\"PropertyValueSpecification\",\"valueRequired\":true,\"valueName\":\"search_term_string\"}}],\"inLanguage\":\"es\"}]}<\/script>\n","yoast_head_json":{"title":"Tachomotive &#8212; Marketplace Navixy","description":"Archivo y an\u00e1lisis de datos del tac\u00f3grafo digital y tarjeta de conductor.","robots":{"index":"index","follow":"follow","max-snippet":"max-snippet:-1","max-image-preview":"max-image-preview:large","max-video-preview":"max-video-preview:-1"},"canonical":"https:\/\/marketplace.navixy.com\/es\/shop\/tachomotive\/","og_locale":"es_ES","og_type":"article","og_title":"Tachomotive &#8212; Marketplace Navixy","og_description":"Archivo y an\u00e1lisis de datos del tac\u00f3grafo digital y tarjeta de conductor.","og_url":"https:\/\/marketplace.navixy.com\/es\/shop\/tachomotive\/","og_site_name":"Marketplace Navixy","article_modified_time":"2024-08-06T13:38:52+00:00","og_image":[{"width":300,"height":300,"url":"https:\/\/marketplace.navixy.com\/wp-content\/uploads\/2024\/06\/tachomotive-icon.png","type":"image\/png"}],"twitter_card":"summary_large_image","schema":{"@context":"https:\/\/schema.org","@graph":[{"@type":"WebPage","@id":"https:\/\/marketplace.navixy.com\/es\/shop\/tachomotive\/","url":"https:\/\/marketplace.navixy.com\/es\/shop\/tachomotive\/","name":"Tachomotive &#8212; Marketplace Navixy","isPartOf":{"@id":"https:\/\/marketplace.navixy.com\/es\/#website"},"primaryImageOfPage":{"@id":"https:\/\/marketplace.navixy.com\/es\/shop\/tachomotive\/#primaryimage"},"image":{"@id":"https:\/\/marketplace.navixy.com\/es\/shop\/tachomotive\/#primaryimage"},"thumbnailUrl":"https:\/\/marketplace.navixy.com\/wp-content\/uploads\/2024\/06\/tachomotive-icon.png","datePublished":"2024-06-17T10:06:01+00:00","dateModified":"2024-08-06T13:38:52+00:00","description":"Archivo y an\u00e1lisis de datos del tac\u00f3grafo digital y tarjeta de conductor.","breadcrumb":{"@id":"https:\/\/marketplace.navixy.com\/es\/shop\/tachomotive\/#breadcrumb"},"inLanguage":"es","potentialAction":[{"@type":"ReadAction","target":["https:\/\/marketplace.navixy.com\/es\/shop\/tachomotive\/"]}]},{"@type":"ImageObject","inLanguage":"es","@id":"https:\/\/marketplace.navixy.com\/es\/shop\/tachomotive\/#primaryimage","url":"https:\/\/marketplace.navixy.com\/wp-content\/uploads\/2024\/06\/tachomotive-icon.png","contentUrl":"https:\/\/marketplace.navixy.com\/wp-content\/uploads\/2024\/06\/tachomotive-icon.png","width":300,"height":300,"caption":"Tachomotive"},{"@type":"BreadcrumbList","@id":"https:\/\/marketplace.navixy.com\/es\/shop\/tachomotive\/#breadcrumb","itemListElement":[{"@type":"ListItem","position":1,"name":"\u0413\u043b\u0430\u0432\u043d\u0430\u044f \u0441\u0442\u0440\u0430\u043d\u0438\u0446\u0430","item":"https:\/\/marketplace.navixy.com\/es\/"},{"@type":"ListItem","position":2,"name":"Marketplace Navixy","item":"https:\/\/marketplace.navixy.com\/es\/"},{"@type":"ListItem","position":3,"name":"Tachomotive"}]},{"@type":"WebSite","@id":"https:\/\/marketplace.navixy.com\/es\/#website","url":"https:\/\/marketplace.navixy.com\/es\/","name":"Marketplace Navixy","description":"Marketplace Navixy","potentialAction":[{"@type":"SearchAction","target":{"@type":"EntryPoint","urlTemplate":"https:\/\/marketplace.navixy.com\/es\/?s={search_term_string}"},"query-input":{"@type":"PropertyValueSpecification","valueRequired":true,"valueName":"search_term_string"}}],"inLanguage":"es"}]}},"_links":{"self":[{"href":"https:\/\/marketplace.navixy.com\/es\/wp-json\/wp\/v2\/product\/1998","targetHints":{"allow":["GET"]}}],"collection":[{"href":"https:\/\/marketplace.navixy.com\/es\/wp-json\/wp\/v2\/product"}],"about":[{"href":"https:\/\/marketplace.navixy.com\/es\/wp-json\/wp\/v2\/types\/product"}],"wp:featuredmedia":[{"embeddable":true,"href":"https:\/\/marketplace.navixy.com\/es\/wp-json\/wp\/v2\/media\/2046"}],"wp:attachment":[{"href":"https:\/\/marketplace.navixy.com\/es\/wp-json\/wp\/v2\/media?parent=1998"}],"wp:term":[{"taxonomy":"product_brand","embeddable":true,"href":"https:\/\/marketplace.navixy.com\/es\/wp-json\/wp\/v2\/product_brand?post=1998"},{"taxonomy":"product_cat","embeddable":true,"href":"https:\/\/marketplace.navixy.com\/es\/wp-json\/wp\/v2\/product_cat?post=1998"},{"taxonomy":"product_tag","embeddable":true,"href":"https:\/\/marketplace.navixy.com\/es\/wp-json\/wp\/v2\/product_tag?post=1998"}],"curies":[{"name":"wp","href":"https:\/\/api.w.org\/{rel}","templated":true}]}}