{"id":1944,"date":"2023-05-18T07:27:17","date_gmt":"2023-05-18T04:27:17","guid":{"rendered":"https:\/\/marketplace.navixy.com\/?post_type=product&#038;p=1944"},"modified":"2023-08-26T20:15:33","modified_gmt":"2023-08-26T17:15:33","slug":"alertfuel-plus","status":"publish","type":"product","link":"https:\/\/marketplace.navixy.com\/es\/shop\/alertfuel-plus\/","title":{"rendered":"AlertFuel Plus\u00a9"},"content":{"rendered":"<div class=\"wpb-content-wrapper\"><p>[vc_row][vc_column][vc_tta_tabs][vc_tta_section title=\u00bbDESCRIPCI\u00d3N\u00bb tab_id=\u00bbdescription\u00bb][vc_column_text]AlertFuel Plus\u00a9 es\u00a0un\u00a0FMS (Fuel Management System) automatizado, que simplifica y\u00a0garantiza una gesti\u00f3n eficiente y\u00a0confiable del combustible en\u00a0su\u00a0flota. Podr\u00e1 medir y\u00a0monitorear todas las transacciones de\u00a0combustible en\u00a0tiempo real, identificando oportunidades de\u00a0mejora y\u00a0estableciendo estrategias para alcanzar tus objetivos de\u00a0eficiencia y\u00a0ahorro de\u00a0combustible.<\/p>\n<p>Con AlertFuel Plus\u00a9, los usuarios pueden medir con precisi\u00f3n el\u00a0volumen de\u00a0combustible en\u00a0tiempo real en\u00a0los tanques de\u00a0cada veh\u00edculo. Adem\u00e1s, permite detectar autom\u00e1ticamente cargas realizadas en\u00a0sitios autorizados, no\u00a0autorizados o\u00a0sitios prohibidos. Asimismo, con su\u00a0tecnolog\u00eda de\u00a0detecci\u00f3n y\u00a0medici\u00f3n de\u00a0extracciones de\u00a0combustible, proporciona una visi\u00f3n completa del consumo de\u00a0combustible de\u00a0la\u00a0flota, incluyendo el\u00a0consumo en\u00a0vac\u00edo y\u00a0por toma de\u00a0fuerza.[\/vc_column_text][\/vc_tta_section][vc_tta_section title=\u00bbUso\u00bb tab_id=\u00bbuse\u00bb][vc_column_text]Para habilitar el\u00a0uso del m\u00f3dulo de\u00a0AlertFuel Plus\u00a9 en\u00a0Navixy:<\/p>\n<ol>\n<li>Contacte al equipo de BosonTI para obtener sus credenciales de acceso<\/li>\n<li>Contactacte al\u00a0equipo de\u00a0soporte t\u00e9cnico de\u00a0Navixy para habilitar AlertFuel Plus\u00a9 dentro de\u00a0la\u00a0secci\u00f3n de\u00a0\u00abAplicaciones\u00bb como en\u00a0el\u00a0siguiente ejemplo, donde solo ser\u00e1 necesario ingresar las credenciales previamente obtenidas:<\/li>\n<\/ol>\n<p>[\/vc_column_text][vc_row_inner][vc_column_inner width=\u00bb1\/6&#8243;][\/vc_column_inner][vc_column_inner width=\u00bb2\/3&#8243;][vc_single_image image=\u00bb1946&#8243; img_size=\u00bbfull\u00bb alignment=\u00bbcenter\u00bb onclick=\u00bblink_image\u00bb][vc_single_image image=\u00bb1954&#8243; img_size=\u00bbfull\u00bb alignment=\u00bbcenter\u00bb onclick=\u00bblink_image\u00bb][\/vc_column_inner][vc_column_inner width=\u00bb1\/6&#8243;][\/vc_column_inner][\/vc_row_inner][\/vc_tta_section][\/vc_tta_tabs][\/vc_column][\/vc_row]<\/p>\n<\/div>","protected":false},"excerpt":{"rendered":"<p>El sistema de AlertFuel Plus\u00a9 de Boson TI provee una plataforma confiable y autom\u00e1tica para medir y administrar el combustible de su flota.<\/p>\n","protected":false},"featured_media":1950,"template":"","meta":[],"product_brand":[],"product_cat":[99],"product_tag":[150],"class_list":{"0":"post-1944","1":"product","2":"type-product","3":"status-publish","4":"has-post-thumbnail","6":"product_cat-gestion-de-flotas","7":"product_tag-fuel-monitoring-es","9":"first","10":"instock","11":"shipping-taxable","12":"product-type-simple"},"yoast_head":"\n<title>AlertFuel Plus\u00a9 &#8212; Marketplace Navixy<\/title>\n<meta name=\"description\" content=\"El sistema de AlertFuel Plus\u00a9 de Boson TI provee una plataforma confiable y autom\u00e1tica para medir y administrar el combustible de su flota.\" \/>\n<meta name=\"robots\" content=\"index, follow, max-snippet:-1, max-image-preview:large, max-video-preview:-1\" \/>\n<link rel=\"canonical\" href=\"https:\/\/marketplace.navixy.com\/es\/shop\/alertfuel-plus\/\" \/>\n<meta property=\"og:locale\" content=\"es_ES\" \/>\n<meta property=\"og:type\" content=\"article\" \/>\n<meta property=\"og:title\" content=\"AlertFuel Plus\u00a9 &#8212; Marketplace Navixy\" \/>\n<meta property=\"og:description\" content=\"El sistema de AlertFuel Plus\u00a9 de Boson TI provee una plataforma confiable y autom\u00e1tica para medir y administrar el combustible de su flota.\" \/>\n<meta property=\"og:url\" content=\"https:\/\/marketplace.navixy.com\/es\/shop\/alertfuel-plus\/\" \/>\n<meta property=\"og:site_name\" content=\"Marketplace Navixy\" \/>\n<meta property=\"article:modified_time\" content=\"2023-08-26T17:15:33+00:00\" \/>\n<meta property=\"og:image\" content=\"https:\/\/marketplace.navixy.com\/wp-content\/uploads\/2023\/05\/marketplace_bosonti.png\" \/>\n\t<meta property=\"og:image:width\" content=\"300\" \/>\n\t<meta property=\"og:image:height\" content=\"300\" \/>\n\t<meta property=\"og:image:type\" content=\"image\/png\" \/>\n<meta name=\"twitter:card\" content=\"summary_large_image\" \/>\n<script type=\"application\/ld+json\" class=\"yoast-schema-graph\">{\"@context\":\"https:\/\/schema.org\",\"@graph\":[{\"@type\":\"WebPage\",\"@id\":\"https:\/\/marketplace.navixy.com\/es\/shop\/alertfuel-plus\/\",\"url\":\"https:\/\/marketplace.navixy.com\/es\/shop\/alertfuel-plus\/\",\"name\":\"AlertFuel Plus\u00a9 &#8212; Marketplace Navixy\",\"isPartOf\":{\"@id\":\"https:\/\/marketplace.navixy.com\/es\/#website\"},\"primaryImageOfPage\":{\"@id\":\"https:\/\/marketplace.navixy.com\/es\/shop\/alertfuel-plus\/#primaryimage\"},\"image\":{\"@id\":\"https:\/\/marketplace.navixy.com\/es\/shop\/alertfuel-plus\/#primaryimage\"},\"thumbnailUrl\":\"https:\/\/marketplace.navixy.com\/wp-content\/uploads\/2023\/05\/marketplace_bosonti.png\",\"datePublished\":\"2023-05-18T04:27:17+00:00\",\"dateModified\":\"2023-08-26T17:15:33+00:00\",\"description\":\"El sistema de AlertFuel Plus\u00a9 de Boson TI provee una plataforma confiable y autom\u00e1tica para medir y administrar el combustible de su flota.\",\"breadcrumb\":{\"@id\":\"https:\/\/marketplace.navixy.com\/es\/shop\/alertfuel-plus\/#breadcrumb\"},\"inLanguage\":\"es\",\"potentialAction\":[{\"@type\":\"ReadAction\",\"target\":[\"https:\/\/marketplace.navixy.com\/es\/shop\/alertfuel-plus\/\"]}]},{\"@type\":\"ImageObject\",\"inLanguage\":\"es\",\"@id\":\"https:\/\/marketplace.navixy.com\/es\/shop\/alertfuel-plus\/#primaryimage\",\"url\":\"https:\/\/marketplace.navixy.com\/wp-content\/uploads\/2023\/05\/marketplace_bosonti.png\",\"contentUrl\":\"https:\/\/marketplace.navixy.com\/wp-content\/uploads\/2023\/05\/marketplace_bosonti.png\",\"width\":300,\"height\":300,\"caption\":\"BosonTI\"},{\"@type\":\"BreadcrumbList\",\"@id\":\"https:\/\/marketplace.navixy.com\/es\/shop\/alertfuel-plus\/#breadcrumb\",\"itemListElement\":[{\"@type\":\"ListItem\",\"position\":1,\"name\":\"\u0413\u043b\u0430\u0432\u043d\u0430\u044f \u0441\u0442\u0440\u0430\u043d\u0438\u0446\u0430\",\"item\":\"https:\/\/marketplace.navixy.com\/es\/\"},{\"@type\":\"ListItem\",\"position\":2,\"name\":\"Marketplace Navixy\",\"item\":\"https:\/\/marketplace.navixy.com\/es\/\"},{\"@type\":\"ListItem\",\"position\":3,\"name\":\"AlertFuel Plus\u00a9\"}]},{\"@type\":\"WebSite\",\"@id\":\"https:\/\/marketplace.navixy.com\/es\/#website\",\"url\":\"https:\/\/marketplace.navixy.com\/es\/\",\"name\":\"Marketplace Navixy\",\"description\":\"Marketplace Navixy\",\"potentialAction\":[{\"@type\":\"SearchAction\",\"target\":{\"@type\":\"EntryPoint\",\"urlTemplate\":\"https:\/\/marketplace.navixy.com\/es\/?s={search_term_string}\"},\"query-input\":{\"@type\":\"PropertyValueSpecification\",\"valueRequired\":true,\"valueName\":\"search_term_string\"}}],\"inLanguage\":\"es\"}]}<\/script>\n","yoast_head_json":{"title":"AlertFuel Plus\u00a9 &#8212; Marketplace Navixy","description":"El sistema de AlertFuel Plus\u00a9 de Boson TI provee una plataforma confiable y autom\u00e1tica para medir y administrar el combustible de su flota.","robots":{"index":"index","follow":"follow","max-snippet":"max-snippet:-1","max-image-preview":"max-image-preview:large","max-video-preview":"max-video-preview:-1"},"canonical":"https:\/\/marketplace.navixy.com\/es\/shop\/alertfuel-plus\/","og_locale":"es_ES","og_type":"article","og_title":"AlertFuel Plus\u00a9 &#8212; Marketplace Navixy","og_description":"El sistema de AlertFuel Plus\u00a9 de Boson TI provee una plataforma confiable y autom\u00e1tica para medir y administrar el combustible de su flota.","og_url":"https:\/\/marketplace.navixy.com\/es\/shop\/alertfuel-plus\/","og_site_name":"Marketplace Navixy","article_modified_time":"2023-08-26T17:15:33+00:00","og_image":[{"width":300,"height":300,"url":"https:\/\/marketplace.navixy.com\/wp-content\/uploads\/2023\/05\/marketplace_bosonti.png","type":"image\/png"}],"twitter_card":"summary_large_image","schema":{"@context":"https:\/\/schema.org","@graph":[{"@type":"WebPage","@id":"https:\/\/marketplace.navixy.com\/es\/shop\/alertfuel-plus\/","url":"https:\/\/marketplace.navixy.com\/es\/shop\/alertfuel-plus\/","name":"AlertFuel Plus\u00a9 &#8212; Marketplace Navixy","isPartOf":{"@id":"https:\/\/marketplace.navixy.com\/es\/#website"},"primaryImageOfPage":{"@id":"https:\/\/marketplace.navixy.com\/es\/shop\/alertfuel-plus\/#primaryimage"},"image":{"@id":"https:\/\/marketplace.navixy.com\/es\/shop\/alertfuel-plus\/#primaryimage"},"thumbnailUrl":"https:\/\/marketplace.navixy.com\/wp-content\/uploads\/2023\/05\/marketplace_bosonti.png","datePublished":"2023-05-18T04:27:17+00:00","dateModified":"2023-08-26T17:15:33+00:00","description":"El sistema de AlertFuel Plus\u00a9 de Boson TI provee una plataforma confiable y autom\u00e1tica para medir y administrar el combustible de su flota.","breadcrumb":{"@id":"https:\/\/marketplace.navixy.com\/es\/shop\/alertfuel-plus\/#breadcrumb"},"inLanguage":"es","potentialAction":[{"@type":"ReadAction","target":["https:\/\/marketplace.navixy.com\/es\/shop\/alertfuel-plus\/"]}]},{"@type":"ImageObject","inLanguage":"es","@id":"https:\/\/marketplace.navixy.com\/es\/shop\/alertfuel-plus\/#primaryimage","url":"https:\/\/marketplace.navixy.com\/wp-content\/uploads\/2023\/05\/marketplace_bosonti.png","contentUrl":"https:\/\/marketplace.navixy.com\/wp-content\/uploads\/2023\/05\/marketplace_bosonti.png","width":300,"height":300,"caption":"BosonTI"},{"@type":"BreadcrumbList","@id":"https:\/\/marketplace.navixy.com\/es\/shop\/alertfuel-plus\/#breadcrumb","itemListElement":[{"@type":"ListItem","position":1,"name":"\u0413\u043b\u0430\u0432\u043d\u0430\u044f \u0441\u0442\u0440\u0430\u043d\u0438\u0446\u0430","item":"https:\/\/marketplace.navixy.com\/es\/"},{"@type":"ListItem","position":2,"name":"Marketplace Navixy","item":"https:\/\/marketplace.navixy.com\/es\/"},{"@type":"ListItem","position":3,"name":"AlertFuel Plus\u00a9"}]},{"@type":"WebSite","@id":"https:\/\/marketplace.navixy.com\/es\/#website","url":"https:\/\/marketplace.navixy.com\/es\/","name":"Marketplace Navixy","description":"Marketplace Navixy","potentialAction":[{"@type":"SearchAction","target":{"@type":"EntryPoint","urlTemplate":"https:\/\/marketplace.navixy.com\/es\/?s={search_term_string}"},"query-input":{"@type":"PropertyValueSpecification","valueRequired":true,"valueName":"search_term_string"}}],"inLanguage":"es"}]}},"_links":{"self":[{"href":"https:\/\/marketplace.navixy.com\/es\/wp-json\/wp\/v2\/product\/1944","targetHints":{"allow":["GET"]}}],"collection":[{"href":"https:\/\/marketplace.navixy.com\/es\/wp-json\/wp\/v2\/product"}],"about":[{"href":"https:\/\/marketplace.navixy.com\/es\/wp-json\/wp\/v2\/types\/product"}],"wp:featuredmedia":[{"embeddable":true,"href":"https:\/\/marketplace.navixy.com\/es\/wp-json\/wp\/v2\/media\/1950"}],"wp:attachment":[{"href":"https:\/\/marketplace.navixy.com\/es\/wp-json\/wp\/v2\/media?parent=1944"}],"wp:term":[{"taxonomy":"product_brand","embeddable":true,"href":"https:\/\/marketplace.navixy.com\/es\/wp-json\/wp\/v2\/product_brand?post=1944"},{"taxonomy":"product_cat","embeddable":true,"href":"https:\/\/marketplace.navixy.com\/es\/wp-json\/wp\/v2\/product_cat?post=1944"},{"taxonomy":"product_tag","embeddable":true,"href":"https:\/\/marketplace.navixy.com\/es\/wp-json\/wp\/v2\/product_tag?post=1944"}],"curies":[{"name":"wp","href":"https:\/\/api.w.org\/{rel}","templated":true}]}}