{"id":1862,"date":"2021-07-23T07:29:18","date_gmt":"2021-07-23T04:29:18","guid":{"rendered":"https:\/\/marketplace.navixy.com\/?post_type=product&#038;p=1862"},"modified":"2021-07-23T07:31:35","modified_gmt":"2021-07-23T04:31:35","slug":"okdesk","status":"publish","type":"product","link":"https:\/\/marketplace.navixy.com\/es\/shop\/okdesk\/","title":{"rendered":"Okdesk"},"content":{"rendered":"<div class=\"wpb-content-wrapper\"><p>[vc_row][vc_column][vc_tta_tabs][vc_tta_section title=\u00bbDESCRIPCI\u00d3N\u00bb tab_id=\u00bbdescription\u00bb][vc_row_inner][vc_column_inner][vc_column_text]Okdesk es la soluci\u00f3n l\u00edder en asistencia t\u00e9cnica que automatiza procesos de mantenimiento, servicios post-venta y servicios de campo para para los integradores de gesti\u00f3n de flotas y veh\u00edculos. Actualmente, Okdesk es utilizado por m\u00e1s de 700 compa\u00f1\u00edas de Latinoam\u00e9rica, Europa, Rusia y la CEI.<\/p>\n<p>Si usted ya es usuario de Okdesk, herramienta para la gesti\u00f3n de solicitudes de soporte t\u00e9cnico de servicios de campo, podr\u00e1 sincronizar autom\u00e1ticamente la base de datos de las unidades de sus clientes que utilizan la plataforma Navixy para la gesti\u00f3n de flota.<\/p>\n<p>Gracias a esta integraci\u00f3n, usted contar\u00e1 con la informaci\u00f3n b\u00e1sica de la unidad y tambi\u00e9n su posici\u00f3n en el mapa (obtenida desde Navixy), autom\u00e1ticamente en la interfaz de Okdesk. De esta manera podr\u00e1 distribuir y atender de manera m\u00e1s eficiente los tickets de servicio de acuerdo a la ubicaci\u00f3n de los operadores disponibles.[\/vc_column_text][\/vc_column_inner][\/vc_row_inner][\/vc_tta_section][vc_tta_section title=\u00bbUso\u00bb tab_id=\u00bbuse\u00bb][vc_column_text]Para activar el m\u00f3dulo de Navixy en Okdesk, deber\u00e1 enviar una solicitud a <a href=\"mailto:help@okdesk.com\">help@okdesk.com<\/a>.<\/p>\n<p>Todos las compa\u00f1\u00edas, veh\u00edculos y dispositivos ser\u00e1n creados en el panel de administraci\u00f3n de Navixy con normalidad.[\/vc_column_text][vc_row_inner][vc_column_inner width=\u00bb1\/4&#8243;][\/vc_column_inner][vc_column_inner width=\u00bb1\/2&#8243;][vc_single_image image=\u00bb1863&#8243; img_size=\u00bbfull\u00bb alignment=\u00bbcenter\u00bb onclick=\u00bblink_image\u00bb][\/vc_column_inner][vc_column_inner width=\u00bb1\/4&#8243;][\/vc_column_inner][\/vc_row_inner][vc_row_inner][vc_column_inner width=\u00bb1\/6&#8243;][\/vc_column_inner][vc_column_inner width=\u00bb2\/3&#8243;][vc_single_image image=\u00bb1866&#8243; img_size=\u00bbfull\u00bb alignment=\u00bbcenter\u00bb onclick=\u00bblink_image\u00bb][\/vc_column_inner][vc_column_inner width=\u00bb1\/6&#8243;][\/vc_column_inner][\/vc_row_inner][vc_column_text]Son los mismos veh\u00edculos y dispositivos que podr\u00e1 ver su cliente desde la aplicaci\u00f3n de seguimiento.[\/vc_column_text][vc_row_inner][vc_column_inner width=\u00bb1\/2&#8243;][vc_single_image image=\u00bb1872&#8243; img_size=\u00bbfull\u00bb alignment=\u00bbcenter\u00bb onclick=\u00bblink_image\u00bb][\/vc_column_inner][vc_column_inner width=\u00bb1\/2&#8243;][vc_single_image image=\u00bb1875&#8243; img_size=\u00bbfull\u00bb alignment=\u00bbcenter\u00bb onclick=\u00bblink_image\u00bb][\/vc_column_inner][\/vc_row_inner][vc_column_text]Dentro de Okdesk a\u00f1ada el atributo de tipo \u2018String\u2019 con el c\u00f3digo navixy_id y el nombre \u2018Client Login in Navixy\u2019 a la <a href=\"https:\/\/docs.okdesk.com\/company-cards\" target=\"_blank\" rel=\"noopener\">tarjeta de compa\u00f1\u00eda<\/a>. Este atributo es necesario para que Okdesk interprete de manera correcta qu\u00e9 compa\u00f1\u00eda en la plataforma corresponde a qu\u00e9 cliente en Navixy.[\/vc_column_text][vc_row_inner][vc_column_inner width=\u00bb1\/4&#8243;][\/vc_column_inner][vc_column_inner width=\u00bb1\/2&#8243;][vc_single_image image=\u00bb1878&#8243; img_size=\u00bbfull\u00bb alignment=\u00bbcenter\u00bb onclick=\u00bblink_image\u00bb][\/vc_column_inner][vc_column_inner width=\u00bb1\/4&#8243;][\/vc_column_inner][\/vc_row_inner][vc_column_text]Usted tambi\u00e9n deber\u00e1 <a href=\"https:\/\/docs.okdesk.com\/navixy\" target=\"_blank\" rel=\"noopener\">crear y preparar la lista de otros atributos<\/a> donde la informaci\u00f3n de Navixy ser\u00e1 cargada. En caso de necesitar ayuda para este paso, contacte a <a href=\"mailto:help@okdesk.com\" target=\"_blank\" rel=\"noopener\">help@okdesk.com<\/a> para recibir asistencia.[\/vc_column_text][vc_row_inner][vc_column_inner width=\u00bb1\/4&#8243;][\/vc_column_inner][vc_column_inner width=\u00bb1\/2&#8243;][vc_single_image image=\u00bb1881&#8243; img_size=\u00bbfull\u00bb alignment=\u00bbcenter\u00bb onclick=\u00bblink_image\u00bb][\/vc_column_inner][vc_column_inner width=\u00bb1\/4&#8243;][\/vc_column_inner][\/vc_row_inner][vc_column_text]Despu\u00e9s de solicitar la integraci\u00f3n a <a href=\"mailto:help@okdesk.com\" target=\"_blank\" rel=\"noopener\">help@okdesk.com<\/a>, el m\u00f3dulo de Navixy se activar\u00e1 y usted lo podr\u00e1 habilitar o deshabilitar con un simple clic.[\/vc_column_text][vc_row_inner][vc_column_inner width=\u00bb1\/4&#8243;][\/vc_column_inner][vc_column_inner width=\u00bb1\/2&#8243;][vc_single_image image=\u00bb1884&#8243; img_size=\u00bbfull\u00bb alignment=\u00bbcenter\u00bb onclick=\u00bblink_image\u00bb][\/vc_column_inner][vc_column_inner width=\u00bb1\/4&#8243;][\/vc_column_inner][\/vc_row_inner][vc_column_text]Dentro de Okdesk podr\u00e1 ver los clientes sincronizados desde Navixy[\/vc_column_text][vc_row_inner][vc_column_inner width=\u00bb1\/4&#8243;][\/vc_column_inner][vc_column_inner width=\u00bb1\/2&#8243;][vc_single_image image=\u00bb1887&#8243; img_size=\u00bbfull\u00bb alignment=\u00bbcenter\u00bb onclick=\u00bblink_image\u00bb][\/vc_column_inner][vc_column_inner width=\u00bb1\/4&#8243;][\/vc_column_inner][\/vc_row_inner][vc_column_text]Y tambi\u00e9n podr\u00e1 ver los datos de los veh\u00edculos y dispositivos[\/vc_column_text][vc_row_inner][vc_column_inner width=\u00bb1\/4&#8243;][\/vc_column_inner][vc_column_inner width=\u00bb1\/2&#8243;][vc_single_image image=\u00bb1890&#8243; img_size=\u00bbfull\u00bb alignment=\u00bbcenter\u00bb onclick=\u00bblink_image\u00bb][\/vc_column_inner][vc_column_inner width=\u00bb1\/4&#8243;][\/vc_column_inner][\/vc_row_inner][vc_column_text]Cuando quiera crear un nuevo ticket, puede seleccionar el cliente y ver\u00e1 autom\u00e1ticamente la lista de veh\u00edculos y dispositivos sincronizados desde Navixy.[\/vc_column_text][vc_row_inner][vc_column_inner width=\u00bb1\/4&#8243;][\/vc_column_inner][vc_column_inner width=\u00bb1\/2&#8243;][vc_single_image image=\u00bb1893&#8243; img_size=\u00bbfull\u00bb alignment=\u00bbcenter\u00bb onclick=\u00bblink_image\u00bb][\/vc_column_inner][vc_column_inner width=\u00bb1\/4&#8243;][\/vc_column_inner][\/vc_row_inner][vc_column_text]Dentro del mapa, usted podr\u00e1 identificar los tickets creados y su ubicaci\u00f3n, obtenida desde las coordenadas proporcionadas por Navixy. Aqu\u00ed podr\u00e1 ubicar los t\u00e9cnicos m\u00e1s cercanos a la ubicaci\u00f3n del ticket y asignarlos por medio de drag-n-drop.[\/vc_column_text][vc_row_inner][vc_column_inner width=\u00bb1\/4&#8243;][\/vc_column_inner][vc_column_inner width=\u00bb1\/2&#8243;][vc_single_image image=\u00bb1896&#8243; img_size=\u00bbfull\u00bb alignment=\u00bbcenter\u00bb onclick=\u00bblink_image\u00bb][\/vc_column_inner][vc_column_inner width=\u00bb1\/4&#8243;][\/vc_column_inner][\/vc_row_inner][vc_row_inner][vc_column_inner width=\u00bb1\/4&#8243;][\/vc_column_inner][vc_column_inner width=\u00bb1\/2&#8243;][vc_single_image image=\u00bb1899&#8243; img_size=\u00bbfull\u00bb alignment=\u00bbcenter\u00bb onclick=\u00bblink_image\u00bb][\/vc_column_inner][vc_column_inner width=\u00bb1\/4&#8243;][\/vc_column_inner][\/vc_row_inner][vc_column_text]Con esta integraci\u00f3n que es espec\u00edfica para nuestros partners para la gesti\u00f3n de servicios de campo, Se podr\u00e1 tener control total de los servicios de revisi\u00f3n de equipos GPS y obtener datos de las unidades a las cuales se les asigna un servicio as\u00ed como el t\u00e9cnico m\u00e1s cercano para eficientar la cadena de servicio a los clientes finales.[\/vc_column_text][\/vc_tta_section][\/vc_tta_tabs][\/vc_column][\/vc_row]<\/p>\n<\/div>","protected":false},"excerpt":{"rendered":"<p>Gestione los tickets de servicio t\u00e9cnico de sus clientes de manera m\u00e1s eficiente.<\/p>\n","protected":false},"featured_media":1869,"template":"","meta":[],"product_brand":[],"product_cat":[129],"product_tag":[138],"class_list":{"0":"post-1862","1":"product","2":"type-product","3":"status-publish","4":"has-post-thumbnail","6":"product_cat-administracion","7":"product_tag-service-management-es","9":"first","10":"instock","11":"shipping-taxable","12":"product-type-simple"},"yoast_head":"\n<title>Okdesk &#8212; Marketplace Navixy<\/title>\n<meta name=\"description\" content=\"Gestione los tickets de servicio t\u00e9cnico de sus clientes de manera m\u00e1s eficiente.\" \/>\n<meta name=\"robots\" content=\"index, follow, max-snippet:-1, max-image-preview:large, max-video-preview:-1\" \/>\n<link rel=\"canonical\" href=\"https:\/\/marketplace.navixy.com\/es\/shop\/okdesk\/\" \/>\n<meta property=\"og:locale\" content=\"es_ES\" \/>\n<meta property=\"og:type\" content=\"article\" \/>\n<meta property=\"og:title\" content=\"Okdesk &#8212; Marketplace Navixy\" \/>\n<meta property=\"og:description\" content=\"Gestione los tickets de servicio t\u00e9cnico de sus clientes de manera m\u00e1s eficiente.\" \/>\n<meta property=\"og:url\" content=\"https:\/\/marketplace.navixy.com\/es\/shop\/okdesk\/\" \/>\n<meta property=\"og:site_name\" content=\"Marketplace Navixy\" \/>\n<meta property=\"article:modified_time\" content=\"2021-07-23T04:31:35+00:00\" \/>\n<meta property=\"og:image\" content=\"https:\/\/marketplace.navixy.com\/wp-content\/uploads\/2021\/07\/marketplace_okdesk.png\" \/>\n\t<meta property=\"og:image:width\" content=\"300\" \/>\n\t<meta property=\"og:image:height\" content=\"300\" \/>\n\t<meta property=\"og:image:type\" content=\"image\/png\" \/>\n<meta name=\"twitter:card\" content=\"summary_large_image\" \/>\n<script type=\"application\/ld+json\" class=\"yoast-schema-graph\">{\"@context\":\"https:\/\/schema.org\",\"@graph\":[{\"@type\":\"WebPage\",\"@id\":\"https:\/\/marketplace.navixy.com\/es\/shop\/okdesk\/\",\"url\":\"https:\/\/marketplace.navixy.com\/es\/shop\/okdesk\/\",\"name\":\"Okdesk &#8212; Marketplace Navixy\",\"isPartOf\":{\"@id\":\"https:\/\/marketplace.navixy.com\/es\/#website\"},\"primaryImageOfPage\":{\"@id\":\"https:\/\/marketplace.navixy.com\/es\/shop\/okdesk\/#primaryimage\"},\"image\":{\"@id\":\"https:\/\/marketplace.navixy.com\/es\/shop\/okdesk\/#primaryimage\"},\"thumbnailUrl\":\"https:\/\/marketplace.navixy.com\/wp-content\/uploads\/2021\/07\/marketplace_okdesk.png\",\"datePublished\":\"2021-07-23T04:29:18+00:00\",\"dateModified\":\"2021-07-23T04:31:35+00:00\",\"description\":\"Gestione los tickets de servicio t\u00e9cnico de sus clientes de manera m\u00e1s eficiente.\",\"breadcrumb\":{\"@id\":\"https:\/\/marketplace.navixy.com\/es\/shop\/okdesk\/#breadcrumb\"},\"inLanguage\":\"es\",\"potentialAction\":[{\"@type\":\"ReadAction\",\"target\":[\"https:\/\/marketplace.navixy.com\/es\/shop\/okdesk\/\"]}]},{\"@type\":\"ImageObject\",\"inLanguage\":\"es\",\"@id\":\"https:\/\/marketplace.navixy.com\/es\/shop\/okdesk\/#primaryimage\",\"url\":\"https:\/\/marketplace.navixy.com\/wp-content\/uploads\/2021\/07\/marketplace_okdesk.png\",\"contentUrl\":\"https:\/\/marketplace.navixy.com\/wp-content\/uploads\/2021\/07\/marketplace_okdesk.png\",\"width\":300,\"height\":300,\"caption\":\"Okdesk\"},{\"@type\":\"BreadcrumbList\",\"@id\":\"https:\/\/marketplace.navixy.com\/es\/shop\/okdesk\/#breadcrumb\",\"itemListElement\":[{\"@type\":\"ListItem\",\"position\":1,\"name\":\"\u0413\u043b\u0430\u0432\u043d\u0430\u044f \u0441\u0442\u0440\u0430\u043d\u0438\u0446\u0430\",\"item\":\"https:\/\/marketplace.navixy.com\/es\/\"},{\"@type\":\"ListItem\",\"position\":2,\"name\":\"Marketplace Navixy\",\"item\":\"https:\/\/marketplace.navixy.com\/es\/\"},{\"@type\":\"ListItem\",\"position\":3,\"name\":\"Okdesk\"}]},{\"@type\":\"WebSite\",\"@id\":\"https:\/\/marketplace.navixy.com\/es\/#website\",\"url\":\"https:\/\/marketplace.navixy.com\/es\/\",\"name\":\"Marketplace Navixy\",\"description\":\"Marketplace Navixy\",\"potentialAction\":[{\"@type\":\"SearchAction\",\"target\":{\"@type\":\"EntryPoint\",\"urlTemplate\":\"https:\/\/marketplace.navixy.com\/es\/?s={search_term_string}\"},\"query-input\":{\"@type\":\"PropertyValueSpecification\",\"valueRequired\":true,\"valueName\":\"search_term_string\"}}],\"inLanguage\":\"es\"}]}<\/script>\n","yoast_head_json":{"title":"Okdesk &#8212; Marketplace Navixy","description":"Gestione los tickets de servicio t\u00e9cnico de sus clientes de manera m\u00e1s eficiente.","robots":{"index":"index","follow":"follow","max-snippet":"max-snippet:-1","max-image-preview":"max-image-preview:large","max-video-preview":"max-video-preview:-1"},"canonical":"https:\/\/marketplace.navixy.com\/es\/shop\/okdesk\/","og_locale":"es_ES","og_type":"article","og_title":"Okdesk &#8212; Marketplace Navixy","og_description":"Gestione los tickets de servicio t\u00e9cnico de sus clientes de manera m\u00e1s eficiente.","og_url":"https:\/\/marketplace.navixy.com\/es\/shop\/okdesk\/","og_site_name":"Marketplace Navixy","article_modified_time":"2021-07-23T04:31:35+00:00","og_image":[{"width":300,"height":300,"url":"https:\/\/marketplace.navixy.com\/wp-content\/uploads\/2021\/07\/marketplace_okdesk.png","type":"image\/png"}],"twitter_card":"summary_large_image","schema":{"@context":"https:\/\/schema.org","@graph":[{"@type":"WebPage","@id":"https:\/\/marketplace.navixy.com\/es\/shop\/okdesk\/","url":"https:\/\/marketplace.navixy.com\/es\/shop\/okdesk\/","name":"Okdesk &#8212; Marketplace Navixy","isPartOf":{"@id":"https:\/\/marketplace.navixy.com\/es\/#website"},"primaryImageOfPage":{"@id":"https:\/\/marketplace.navixy.com\/es\/shop\/okdesk\/#primaryimage"},"image":{"@id":"https:\/\/marketplace.navixy.com\/es\/shop\/okdesk\/#primaryimage"},"thumbnailUrl":"https:\/\/marketplace.navixy.com\/wp-content\/uploads\/2021\/07\/marketplace_okdesk.png","datePublished":"2021-07-23T04:29:18+00:00","dateModified":"2021-07-23T04:31:35+00:00","description":"Gestione los tickets de servicio t\u00e9cnico de sus clientes de manera m\u00e1s eficiente.","breadcrumb":{"@id":"https:\/\/marketplace.navixy.com\/es\/shop\/okdesk\/#breadcrumb"},"inLanguage":"es","potentialAction":[{"@type":"ReadAction","target":["https:\/\/marketplace.navixy.com\/es\/shop\/okdesk\/"]}]},{"@type":"ImageObject","inLanguage":"es","@id":"https:\/\/marketplace.navixy.com\/es\/shop\/okdesk\/#primaryimage","url":"https:\/\/marketplace.navixy.com\/wp-content\/uploads\/2021\/07\/marketplace_okdesk.png","contentUrl":"https:\/\/marketplace.navixy.com\/wp-content\/uploads\/2021\/07\/marketplace_okdesk.png","width":300,"height":300,"caption":"Okdesk"},{"@type":"BreadcrumbList","@id":"https:\/\/marketplace.navixy.com\/es\/shop\/okdesk\/#breadcrumb","itemListElement":[{"@type":"ListItem","position":1,"name":"\u0413\u043b\u0430\u0432\u043d\u0430\u044f \u0441\u0442\u0440\u0430\u043d\u0438\u0446\u0430","item":"https:\/\/marketplace.navixy.com\/es\/"},{"@type":"ListItem","position":2,"name":"Marketplace Navixy","item":"https:\/\/marketplace.navixy.com\/es\/"},{"@type":"ListItem","position":3,"name":"Okdesk"}]},{"@type":"WebSite","@id":"https:\/\/marketplace.navixy.com\/es\/#website","url":"https:\/\/marketplace.navixy.com\/es\/","name":"Marketplace Navixy","description":"Marketplace Navixy","potentialAction":[{"@type":"SearchAction","target":{"@type":"EntryPoint","urlTemplate":"https:\/\/marketplace.navixy.com\/es\/?s={search_term_string}"},"query-input":{"@type":"PropertyValueSpecification","valueRequired":true,"valueName":"search_term_string"}}],"inLanguage":"es"}]}},"_links":{"self":[{"href":"https:\/\/marketplace.navixy.com\/es\/wp-json\/wp\/v2\/product\/1862","targetHints":{"allow":["GET"]}}],"collection":[{"href":"https:\/\/marketplace.navixy.com\/es\/wp-json\/wp\/v2\/product"}],"about":[{"href":"https:\/\/marketplace.navixy.com\/es\/wp-json\/wp\/v2\/types\/product"}],"wp:featuredmedia":[{"embeddable":true,"href":"https:\/\/marketplace.navixy.com\/es\/wp-json\/wp\/v2\/media\/1869"}],"wp:attachment":[{"href":"https:\/\/marketplace.navixy.com\/es\/wp-json\/wp\/v2\/media?parent=1862"}],"wp:term":[{"taxonomy":"product_brand","embeddable":true,"href":"https:\/\/marketplace.navixy.com\/es\/wp-json\/wp\/v2\/product_brand?post=1862"},{"taxonomy":"product_cat","embeddable":true,"href":"https:\/\/marketplace.navixy.com\/es\/wp-json\/wp\/v2\/product_cat?post=1862"},{"taxonomy":"product_tag","embeddable":true,"href":"https:\/\/marketplace.navixy.com\/es\/wp-json\/wp\/v2\/product_tag?post=1862"}],"curies":[{"name":"wp","href":"https:\/\/api.w.org\/{rel}","templated":true}]}}