{"id":1836,"date":"2021-02-12T16:00:01","date_gmt":"2021-02-12T13:00:01","guid":{"rendered":"https:\/\/marketplace.navixy.com\/shop\/commands\/"},"modified":"2021-02-15T13:19:00","modified_gmt":"2021-02-15T10:19:00","slug":"commands","status":"publish","type":"product","link":"https:\/\/marketplace.navixy.com\/es\/shop\/commands\/","title":{"rendered":"Comandos"},"content":{"rendered":"<div class=\"wpb-content-wrapper\"><p>[vc_row][vc_column][vc_tta_tabs][vc_tta_section title=\u00bbDESCRIPCI\u00d3N\u00bb tab_id=\u00bbdescription\u00bb][vc_row_inner][vc_column_inner][vc_column_text]Si necesita enviar comandos espec\u00edficos y por demanda a cualquiera de sus dispositivos, el m\u00f3dulo de comandos personalizados le permite predefinir comandos seg\u00fan sus requerimientos particulares para que un grupo espec\u00edfico de usuarios pueda enviarlos a un grupo predefinido de dispositivos.[\/vc_column_text][vc_gallery interval=\u00bb3&#8243; images=\u00bb1832,1835&#8243; img_size=\u00bbmedium\u00bb][\/vc_column_inner][\/vc_row_inner][\/vc_tta_section][vc_tta_section title=\u00bbUso\u00bb tab_id=\u00bbuse\u00bb][vc_column_text]Para implementar el\u00a0m\u00f3dulo\u00a0de comandos personalizados se requiere:<\/p>\n<ol>\n<li>Definir los usuarios que tendr\u00e1n acceso a la funcionalidad<\/li>\n<li>Definir la lista de veh\u00edculos que estar\u00e1n disponibles para enviar comandos<\/li>\n<li>Indicar la lista de comandos que se desea enviar<\/li>\n<\/ol>\n<p>El usuario con acceso autorizado podr\u00e1:<\/p>\n<ol>\n<li>Ver el estado actual de las entradas o salidas involucradas con los comandos<\/li>\n<li>Seleccionar el veh\u00edculo con el que desea trabajar<\/li>\n<li>Seleccionar el comando que desea enviar<\/li>\n<li>Enviar el comando<\/li>\n<\/ol>\n<p>Los usuarios tienen acceso al historial de los comandos enviados a los dispositivos.[\/vc_column_text][\/vc_tta_section][\/vc_tta_tabs][\/vc_column][\/vc_row]<\/p>\n<\/div>","protected":false},"excerpt":{"rendered":"<p>Le permite a sus usuarios enviar comandos con par\u00e1metros personalizados a cualquier modelo de dispositivo telem\u00e1tico.<\/p>\n","protected":false},"featured_media":1840,"template":"","meta":[],"product_brand":[],"product_cat":[94],"product_tag":[156],"class_list":{"0":"post-1836","1":"product","2":"type-product","3":"status-publish","4":"has-post-thumbnail","6":"product_cat-seguimiento-de-activos-gps","7":"product_tag-monitoring-es","9":"first","10":"instock","11":"shipping-taxable","12":"product-type-simple"},"yoast_head":"\n<title>Comandos &#8212; Marketplace Navixy<\/title>\n<meta name=\"description\" content=\"Le permite a sus usuarios enviar comandos con par\u00e1metros personalizados a cualquier modelo de dispositivo telem\u00e1tico.\" \/>\n<meta name=\"robots\" content=\"index, follow, max-snippet:-1, max-image-preview:large, max-video-preview:-1\" \/>\n<link rel=\"canonical\" href=\"https:\/\/marketplace.navixy.com\/es\/shop\/commands\/\" \/>\n<meta property=\"og:locale\" content=\"es_ES\" \/>\n<meta property=\"og:type\" content=\"article\" \/>\n<meta property=\"og:title\" content=\"Comandos &#8212; Marketplace Navixy\" \/>\n<meta property=\"og:description\" content=\"Le permite a sus usuarios enviar comandos con par\u00e1metros personalizados a cualquier modelo de dispositivo telem\u00e1tico.\" \/>\n<meta property=\"og:url\" content=\"https:\/\/marketplace.navixy.com\/es\/shop\/commands\/\" \/>\n<meta property=\"og:site_name\" content=\"Marketplace Navixy\" \/>\n<meta property=\"article:modified_time\" content=\"2021-02-15T10:19:00+00:00\" \/>\n<meta property=\"og:image\" content=\"https:\/\/marketplace.navixy.com\/wp-content\/uploads\/2021\/02\/logo-navsat-marketplace-01-1.png\" \/>\n\t<meta property=\"og:image:width\" content=\"1920\" \/>\n\t<meta property=\"og:image:height\" content=\"1910\" \/>\n\t<meta property=\"og:image:type\" content=\"image\/png\" \/>\n<meta name=\"twitter:card\" content=\"summary_large_image\" \/>\n<script type=\"application\/ld+json\" class=\"yoast-schema-graph\">{\"@context\":\"https:\/\/schema.org\",\"@graph\":[{\"@type\":\"WebPage\",\"@id\":\"https:\/\/marketplace.navixy.com\/es\/shop\/commands\/\",\"url\":\"https:\/\/marketplace.navixy.com\/es\/shop\/commands\/\",\"name\":\"Comandos &#8212; Marketplace Navixy\",\"isPartOf\":{\"@id\":\"https:\/\/marketplace.navixy.com\/es\/#website\"},\"primaryImageOfPage\":{\"@id\":\"https:\/\/marketplace.navixy.com\/es\/shop\/commands\/#primaryimage\"},\"image\":{\"@id\":\"https:\/\/marketplace.navixy.com\/es\/shop\/commands\/#primaryimage\"},\"thumbnailUrl\":\"https:\/\/marketplace.navixy.com\/wp-content\/uploads\/2021\/02\/logo-navsat-marketplace-01-1.png\",\"datePublished\":\"2021-02-12T13:00:01+00:00\",\"dateModified\":\"2021-02-15T10:19:00+00:00\",\"description\":\"Le permite a sus usuarios enviar comandos con par\u00e1metros personalizados a cualquier modelo de dispositivo telem\u00e1tico.\",\"breadcrumb\":{\"@id\":\"https:\/\/marketplace.navixy.com\/es\/shop\/commands\/#breadcrumb\"},\"inLanguage\":\"es\",\"potentialAction\":[{\"@type\":\"ReadAction\",\"target\":[\"https:\/\/marketplace.navixy.com\/es\/shop\/commands\/\"]}]},{\"@type\":\"ImageObject\",\"inLanguage\":\"es\",\"@id\":\"https:\/\/marketplace.navixy.com\/es\/shop\/commands\/#primaryimage\",\"url\":\"https:\/\/marketplace.navixy.com\/wp-content\/uploads\/2021\/02\/logo-navsat-marketplace-01-1.png\",\"contentUrl\":\"https:\/\/marketplace.navixy.com\/wp-content\/uploads\/2021\/02\/logo-navsat-marketplace-01-1.png\",\"width\":1920,\"height\":1910},{\"@type\":\"BreadcrumbList\",\"@id\":\"https:\/\/marketplace.navixy.com\/es\/shop\/commands\/#breadcrumb\",\"itemListElement\":[{\"@type\":\"ListItem\",\"position\":1,\"name\":\"\u0413\u043b\u0430\u0432\u043d\u0430\u044f \u0441\u0442\u0440\u0430\u043d\u0438\u0446\u0430\",\"item\":\"https:\/\/marketplace.navixy.com\/es\/\"},{\"@type\":\"ListItem\",\"position\":2,\"name\":\"Marketplace Navixy\",\"item\":\"https:\/\/marketplace.navixy.com\/es\/\"},{\"@type\":\"ListItem\",\"position\":3,\"name\":\"Comandos\"}]},{\"@type\":\"WebSite\",\"@id\":\"https:\/\/marketplace.navixy.com\/es\/#website\",\"url\":\"https:\/\/marketplace.navixy.com\/es\/\",\"name\":\"Marketplace Navixy\",\"description\":\"Marketplace Navixy\",\"potentialAction\":[{\"@type\":\"SearchAction\",\"target\":{\"@type\":\"EntryPoint\",\"urlTemplate\":\"https:\/\/marketplace.navixy.com\/es\/?s={search_term_string}\"},\"query-input\":{\"@type\":\"PropertyValueSpecification\",\"valueRequired\":true,\"valueName\":\"search_term_string\"}}],\"inLanguage\":\"es\"}]}<\/script>\n","yoast_head_json":{"title":"Comandos &#8212; Marketplace Navixy","description":"Le permite a sus usuarios enviar comandos con par\u00e1metros personalizados a cualquier modelo de dispositivo telem\u00e1tico.","robots":{"index":"index","follow":"follow","max-snippet":"max-snippet:-1","max-image-preview":"max-image-preview:large","max-video-preview":"max-video-preview:-1"},"canonical":"https:\/\/marketplace.navixy.com\/es\/shop\/commands\/","og_locale":"es_ES","og_type":"article","og_title":"Comandos &#8212; Marketplace Navixy","og_description":"Le permite a sus usuarios enviar comandos con par\u00e1metros personalizados a cualquier modelo de dispositivo telem\u00e1tico.","og_url":"https:\/\/marketplace.navixy.com\/es\/shop\/commands\/","og_site_name":"Marketplace Navixy","article_modified_time":"2021-02-15T10:19:00+00:00","og_image":[{"width":1920,"height":1910,"url":"https:\/\/marketplace.navixy.com\/wp-content\/uploads\/2021\/02\/logo-navsat-marketplace-01-1.png","type":"image\/png"}],"twitter_card":"summary_large_image","schema":{"@context":"https:\/\/schema.org","@graph":[{"@type":"WebPage","@id":"https:\/\/marketplace.navixy.com\/es\/shop\/commands\/","url":"https:\/\/marketplace.navixy.com\/es\/shop\/commands\/","name":"Comandos &#8212; Marketplace Navixy","isPartOf":{"@id":"https:\/\/marketplace.navixy.com\/es\/#website"},"primaryImageOfPage":{"@id":"https:\/\/marketplace.navixy.com\/es\/shop\/commands\/#primaryimage"},"image":{"@id":"https:\/\/marketplace.navixy.com\/es\/shop\/commands\/#primaryimage"},"thumbnailUrl":"https:\/\/marketplace.navixy.com\/wp-content\/uploads\/2021\/02\/logo-navsat-marketplace-01-1.png","datePublished":"2021-02-12T13:00:01+00:00","dateModified":"2021-02-15T10:19:00+00:00","description":"Le permite a sus usuarios enviar comandos con par\u00e1metros personalizados a cualquier modelo de dispositivo telem\u00e1tico.","breadcrumb":{"@id":"https:\/\/marketplace.navixy.com\/es\/shop\/commands\/#breadcrumb"},"inLanguage":"es","potentialAction":[{"@type":"ReadAction","target":["https:\/\/marketplace.navixy.com\/es\/shop\/commands\/"]}]},{"@type":"ImageObject","inLanguage":"es","@id":"https:\/\/marketplace.navixy.com\/es\/shop\/commands\/#primaryimage","url":"https:\/\/marketplace.navixy.com\/wp-content\/uploads\/2021\/02\/logo-navsat-marketplace-01-1.png","contentUrl":"https:\/\/marketplace.navixy.com\/wp-content\/uploads\/2021\/02\/logo-navsat-marketplace-01-1.png","width":1920,"height":1910},{"@type":"BreadcrumbList","@id":"https:\/\/marketplace.navixy.com\/es\/shop\/commands\/#breadcrumb","itemListElement":[{"@type":"ListItem","position":1,"name":"\u0413\u043b\u0430\u0432\u043d\u0430\u044f \u0441\u0442\u0440\u0430\u043d\u0438\u0446\u0430","item":"https:\/\/marketplace.navixy.com\/es\/"},{"@type":"ListItem","position":2,"name":"Marketplace Navixy","item":"https:\/\/marketplace.navixy.com\/es\/"},{"@type":"ListItem","position":3,"name":"Comandos"}]},{"@type":"WebSite","@id":"https:\/\/marketplace.navixy.com\/es\/#website","url":"https:\/\/marketplace.navixy.com\/es\/","name":"Marketplace Navixy","description":"Marketplace Navixy","potentialAction":[{"@type":"SearchAction","target":{"@type":"EntryPoint","urlTemplate":"https:\/\/marketplace.navixy.com\/es\/?s={search_term_string}"},"query-input":{"@type":"PropertyValueSpecification","valueRequired":true,"valueName":"search_term_string"}}],"inLanguage":"es"}]}},"_links":{"self":[{"href":"https:\/\/marketplace.navixy.com\/es\/wp-json\/wp\/v2\/product\/1836","targetHints":{"allow":["GET"]}}],"collection":[{"href":"https:\/\/marketplace.navixy.com\/es\/wp-json\/wp\/v2\/product"}],"about":[{"href":"https:\/\/marketplace.navixy.com\/es\/wp-json\/wp\/v2\/types\/product"}],"wp:featuredmedia":[{"embeddable":true,"href":"https:\/\/marketplace.navixy.com\/es\/wp-json\/wp\/v2\/media\/1840"}],"wp:attachment":[{"href":"https:\/\/marketplace.navixy.com\/es\/wp-json\/wp\/v2\/media?parent=1836"}],"wp:term":[{"taxonomy":"product_brand","embeddable":true,"href":"https:\/\/marketplace.navixy.com\/es\/wp-json\/wp\/v2\/product_brand?post=1836"},{"taxonomy":"product_cat","embeddable":true,"href":"https:\/\/marketplace.navixy.com\/es\/wp-json\/wp\/v2\/product_cat?post=1836"},{"taxonomy":"product_tag","embeddable":true,"href":"https:\/\/marketplace.navixy.com\/es\/wp-json\/wp\/v2\/product_tag?post=1836"}],"curies":[{"name":"wp","href":"https:\/\/api.w.org\/{rel}","templated":true}]}}