{"id":1749,"date":"2020-10-29T15:47:29","date_gmt":"2020-10-29T12:47:29","guid":{"rendered":"https:\/\/marketplace.navixy.com\/shop\/temperature-humidity-control\/"},"modified":"2020-12-08T13:19:24","modified_gmt":"2020-12-08T10:19:24","slug":"temperature-humidity-control","status":"publish","type":"product","link":"https:\/\/marketplace.navixy.com\/es\/shop\/temperature-humidity-control\/","title":{"rendered":"Control de temperatura y humedad"},"content":{"rendered":"<div class=\"wpb-content-wrapper\"><p>[vc_row][vc_column][vc_tta_tabs][vc_tta_section title=\u00bbDESCRIPCI\u00d3N \u00bb tab_id=\u00bbdescription\u00bb][vc_column_text]La plataforma de Navixy le permite monitorear la temperatura y humedad dentro de remolques o contenedores refrigerados.<\/p>\n<p>Con la regla de alerta \u00abPar\u00e1metro en rango\u00bb, puede establecer un rango permitido para recibir una notificaci\u00f3n cuando los valores caen fuera de rango. Esto le permitir\u00e1 estar al tanto del estado de la carga y evitar que se da\u00f1e o desperdicie.<\/p>\n<p>Tambi\u00e9n puede generar informes de \u00abSensores de medici\u00f3n\u00bb, para ver las lecturas del sensor de temperatura y humedad durante un per\u00edodo de tiempo determinado.[\/vc_column_text][\/vc_tta_section][vc_tta_section title=\u00bbUso\u00bb tab_id=\u00bbuse\u00bb][vc_column_text]Para monitorear la temperatura y humedad:<\/p>\n<ol>\n<li>Cree un <a href=\"https:\/\/www.navixy.com\/es\/docs\/user\/web-interface-docs\/devices-doc\/sensors-and-buttons\/measurement-sensor\/\">sensor de medici\u00f3n<\/a><\/li>\n<li>Agregue una regla de Par\u00e1metro en rango<\/li>\n<\/ol>\n<p>[\/vc_column_text][\/vc_tta_section][\/vc_tta_tabs][\/vc_column][\/vc_row]<\/p>\n<\/div>","protected":false},"excerpt":{"rendered":"<p><span style=\"font-weight: 400;\">Controle la cadena de fr\u00edo durante el transporte para evitar p\u00e9rdidas.<\/span><\/p>\n","protected":false},"featured_media":1741,"template":"","meta":[],"product_brand":[],"product_cat":[94],"product_tag":[156],"class_list":{"0":"post-1749","1":"product","2":"type-product","3":"status-publish","4":"has-post-thumbnail","6":"product_cat-seguimiento-de-activos-gps","7":"product_tag-monitoring-es","9":"first","10":"instock","11":"shipping-taxable","12":"product-type-simple"},"yoast_head":"\n<title>Control de temperatura y humedad &#8212; Marketplace Navixy<\/title>\n<meta name=\"description\" content=\"Controle la cadena de fr\u00edo durante el transporte para evitar p\u00e9rdidas.\" \/>\n<meta name=\"robots\" content=\"index, follow, max-snippet:-1, max-image-preview:large, max-video-preview:-1\" \/>\n<link rel=\"canonical\" href=\"https:\/\/marketplace.navixy.com\/es\/shop\/temperature-humidity-control\/\" \/>\n<meta property=\"og:locale\" content=\"es_ES\" \/>\n<meta property=\"og:type\" content=\"article\" \/>\n<meta property=\"og:title\" content=\"Control de temperatura y humedad &#8212; Marketplace Navixy\" \/>\n<meta property=\"og:description\" content=\"Controle la cadena de fr\u00edo durante el transporte para evitar p\u00e9rdidas.\" \/>\n<meta property=\"og:url\" content=\"https:\/\/marketplace.navixy.com\/es\/shop\/temperature-humidity-control\/\" \/>\n<meta property=\"og:site_name\" content=\"Marketplace Navixy\" \/>\n<meta property=\"article:modified_time\" content=\"2020-12-08T10:19:24+00:00\" \/>\n<meta property=\"og:image\" content=\"https:\/\/marketplace.navixy.com\/wp-content\/uploads\/2020\/10\/nju-3.png\" \/>\n\t<meta property=\"og:image:width\" content=\"300\" \/>\n\t<meta property=\"og:image:height\" content=\"300\" \/>\n\t<meta property=\"og:image:type\" content=\"image\/png\" \/>\n<meta name=\"twitter:card\" content=\"summary_large_image\" \/>\n<script type=\"application\/ld+json\" class=\"yoast-schema-graph\">{\"@context\":\"https:\/\/schema.org\",\"@graph\":[{\"@type\":\"WebPage\",\"@id\":\"https:\/\/marketplace.navixy.com\/es\/shop\/temperature-humidity-control\/\",\"url\":\"https:\/\/marketplace.navixy.com\/es\/shop\/temperature-humidity-control\/\",\"name\":\"Control de temperatura y humedad &#8212; Marketplace Navixy\",\"isPartOf\":{\"@id\":\"https:\/\/marketplace.navixy.com\/es\/#website\"},\"primaryImageOfPage\":{\"@id\":\"https:\/\/marketplace.navixy.com\/es\/shop\/temperature-humidity-control\/#primaryimage\"},\"image\":{\"@id\":\"https:\/\/marketplace.navixy.com\/es\/shop\/temperature-humidity-control\/#primaryimage\"},\"thumbnailUrl\":\"https:\/\/marketplace.navixy.com\/wp-content\/uploads\/2020\/10\/nju-3.png\",\"datePublished\":\"2020-10-29T12:47:29+00:00\",\"dateModified\":\"2020-12-08T10:19:24+00:00\",\"description\":\"Controle la cadena de fr\u00edo durante el transporte para evitar p\u00e9rdidas.\",\"breadcrumb\":{\"@id\":\"https:\/\/marketplace.navixy.com\/es\/shop\/temperature-humidity-control\/#breadcrumb\"},\"inLanguage\":\"es\",\"potentialAction\":[{\"@type\":\"ReadAction\",\"target\":[\"https:\/\/marketplace.navixy.com\/es\/shop\/temperature-humidity-control\/\"]}]},{\"@type\":\"ImageObject\",\"inLanguage\":\"es\",\"@id\":\"https:\/\/marketplace.navixy.com\/es\/shop\/temperature-humidity-control\/#primaryimage\",\"url\":\"https:\/\/marketplace.navixy.com\/wp-content\/uploads\/2020\/10\/nju-3.png\",\"contentUrl\":\"https:\/\/marketplace.navixy.com\/wp-content\/uploads\/2020\/10\/nju-3.png\",\"width\":300,\"height\":300},{\"@type\":\"BreadcrumbList\",\"@id\":\"https:\/\/marketplace.navixy.com\/es\/shop\/temperature-humidity-control\/#breadcrumb\",\"itemListElement\":[{\"@type\":\"ListItem\",\"position\":1,\"name\":\"\u0413\u043b\u0430\u0432\u043d\u0430\u044f \u0441\u0442\u0440\u0430\u043d\u0438\u0446\u0430\",\"item\":\"https:\/\/marketplace.navixy.com\/es\/\"},{\"@type\":\"ListItem\",\"position\":2,\"name\":\"Marketplace Navixy\",\"item\":\"https:\/\/marketplace.navixy.com\/es\/\"},{\"@type\":\"ListItem\",\"position\":3,\"name\":\"Control de temperatura y humedad\"}]},{\"@type\":\"WebSite\",\"@id\":\"https:\/\/marketplace.navixy.com\/es\/#website\",\"url\":\"https:\/\/marketplace.navixy.com\/es\/\",\"name\":\"Marketplace Navixy\",\"description\":\"Marketplace Navixy\",\"potentialAction\":[{\"@type\":\"SearchAction\",\"target\":{\"@type\":\"EntryPoint\",\"urlTemplate\":\"https:\/\/marketplace.navixy.com\/es\/?s={search_term_string}\"},\"query-input\":{\"@type\":\"PropertyValueSpecification\",\"valueRequired\":true,\"valueName\":\"search_term_string\"}}],\"inLanguage\":\"es\"}]}<\/script>\n","yoast_head_json":{"title":"Control de temperatura y humedad &#8212; Marketplace Navixy","description":"Controle la cadena de fr\u00edo durante el transporte para evitar p\u00e9rdidas.","robots":{"index":"index","follow":"follow","max-snippet":"max-snippet:-1","max-image-preview":"max-image-preview:large","max-video-preview":"max-video-preview:-1"},"canonical":"https:\/\/marketplace.navixy.com\/es\/shop\/temperature-humidity-control\/","og_locale":"es_ES","og_type":"article","og_title":"Control de temperatura y humedad &#8212; Marketplace Navixy","og_description":"Controle la cadena de fr\u00edo durante el transporte para evitar p\u00e9rdidas.","og_url":"https:\/\/marketplace.navixy.com\/es\/shop\/temperature-humidity-control\/","og_site_name":"Marketplace Navixy","article_modified_time":"2020-12-08T10:19:24+00:00","og_image":[{"width":300,"height":300,"url":"https:\/\/marketplace.navixy.com\/wp-content\/uploads\/2020\/10\/nju-3.png","type":"image\/png"}],"twitter_card":"summary_large_image","schema":{"@context":"https:\/\/schema.org","@graph":[{"@type":"WebPage","@id":"https:\/\/marketplace.navixy.com\/es\/shop\/temperature-humidity-control\/","url":"https:\/\/marketplace.navixy.com\/es\/shop\/temperature-humidity-control\/","name":"Control de temperatura y humedad &#8212; Marketplace Navixy","isPartOf":{"@id":"https:\/\/marketplace.navixy.com\/es\/#website"},"primaryImageOfPage":{"@id":"https:\/\/marketplace.navixy.com\/es\/shop\/temperature-humidity-control\/#primaryimage"},"image":{"@id":"https:\/\/marketplace.navixy.com\/es\/shop\/temperature-humidity-control\/#primaryimage"},"thumbnailUrl":"https:\/\/marketplace.navixy.com\/wp-content\/uploads\/2020\/10\/nju-3.png","datePublished":"2020-10-29T12:47:29+00:00","dateModified":"2020-12-08T10:19:24+00:00","description":"Controle la cadena de fr\u00edo durante el transporte para evitar p\u00e9rdidas.","breadcrumb":{"@id":"https:\/\/marketplace.navixy.com\/es\/shop\/temperature-humidity-control\/#breadcrumb"},"inLanguage":"es","potentialAction":[{"@type":"ReadAction","target":["https:\/\/marketplace.navixy.com\/es\/shop\/temperature-humidity-control\/"]}]},{"@type":"ImageObject","inLanguage":"es","@id":"https:\/\/marketplace.navixy.com\/es\/shop\/temperature-humidity-control\/#primaryimage","url":"https:\/\/marketplace.navixy.com\/wp-content\/uploads\/2020\/10\/nju-3.png","contentUrl":"https:\/\/marketplace.navixy.com\/wp-content\/uploads\/2020\/10\/nju-3.png","width":300,"height":300},{"@type":"BreadcrumbList","@id":"https:\/\/marketplace.navixy.com\/es\/shop\/temperature-humidity-control\/#breadcrumb","itemListElement":[{"@type":"ListItem","position":1,"name":"\u0413\u043b\u0430\u0432\u043d\u0430\u044f \u0441\u0442\u0440\u0430\u043d\u0438\u0446\u0430","item":"https:\/\/marketplace.navixy.com\/es\/"},{"@type":"ListItem","position":2,"name":"Marketplace Navixy","item":"https:\/\/marketplace.navixy.com\/es\/"},{"@type":"ListItem","position":3,"name":"Control de temperatura y humedad"}]},{"@type":"WebSite","@id":"https:\/\/marketplace.navixy.com\/es\/#website","url":"https:\/\/marketplace.navixy.com\/es\/","name":"Marketplace Navixy","description":"Marketplace Navixy","potentialAction":[{"@type":"SearchAction","target":{"@type":"EntryPoint","urlTemplate":"https:\/\/marketplace.navixy.com\/es\/?s={search_term_string}"},"query-input":{"@type":"PropertyValueSpecification","valueRequired":true,"valueName":"search_term_string"}}],"inLanguage":"es"}]}},"_links":{"self":[{"href":"https:\/\/marketplace.navixy.com\/es\/wp-json\/wp\/v2\/product\/1749","targetHints":{"allow":["GET"]}}],"collection":[{"href":"https:\/\/marketplace.navixy.com\/es\/wp-json\/wp\/v2\/product"}],"about":[{"href":"https:\/\/marketplace.navixy.com\/es\/wp-json\/wp\/v2\/types\/product"}],"wp:featuredmedia":[{"embeddable":true,"href":"https:\/\/marketplace.navixy.com\/es\/wp-json\/wp\/v2\/media\/1741"}],"wp:attachment":[{"href":"https:\/\/marketplace.navixy.com\/es\/wp-json\/wp\/v2\/media?parent=1749"}],"wp:term":[{"taxonomy":"product_brand","embeddable":true,"href":"https:\/\/marketplace.navixy.com\/es\/wp-json\/wp\/v2\/product_brand?post=1749"},{"taxonomy":"product_cat","embeddable":true,"href":"https:\/\/marketplace.navixy.com\/es\/wp-json\/wp\/v2\/product_cat?post=1749"},{"taxonomy":"product_tag","embeddable":true,"href":"https:\/\/marketplace.navixy.com\/es\/wp-json\/wp\/v2\/product_tag?post=1749"}],"curies":[{"name":"wp","href":"https:\/\/api.w.org\/{rel}","templated":true}]}}