{"id":1747,"date":"2020-10-29T15:59:25","date_gmt":"2020-10-29T12:59:25","guid":{"rendered":"https:\/\/marketplace.navixy.com\/shop\/container-and-trailer-security\/"},"modified":"2020-12-08T13:18:24","modified_gmt":"2020-12-08T10:18:24","slug":"container-and-trailer-security","status":"publish","type":"product","link":"https:\/\/marketplace.navixy.com\/es\/shop\/container-and-trailer-security\/","title":{"rendered":"Seguridad de contenedores y remolques"},"content":{"rendered":"<div class=\"wpb-content-wrapper\"><p>[vc_row][vc_column][vc_tta_tabs][vc_tta_section title=\u00bbDESCRIPCI\u00d3N\u00bb tab_id=\u00bbdescription\u00bb][vc_column_text]Al trabajar con cargas caras, es muy importante garantizar su seguridad durante el viaje hasta el destino final.<\/p>\n<p>La plataforma de Navixy le permite rastrear el proceso de transporte de cualquier carga, y le notificar\u00e1 cuando ocurra una apertura no autorizada de puertas, si hubo alguna manipulaci\u00f3n de la mercanc\u00eda, si alguien intent\u00f3 desconectar el dispositivo, e incluso si se perdi\u00f3 la conexi\u00f3n con el servidor.<\/p>\n<p>Cabe destacar que la plataforma soporta una extensa variedad de dispositivos GPS que van desde rastreadores GPS magn\u00e9ticos, hasta dispositivos especiales de bloqueo electr\u00f3nico que pueden operar de forma remota.[\/vc_column_text][\/vc_tta_section][vc_tta_section title=\u00bbUso\u00bb tab_id=\u00bbuse\u00bb][vc_column_text]Para empezar a monitorear la seguridad de su carga:<\/p>\n<ol>\n<li><a href=\"https:\/\/www.navixy.com\/es\/blog\/seguridad-y-monitoreo-de-cargas-monitoreo-gps-localizador-gps\/\">Elija<\/a> y registre un dispositivo.<\/li>\n<li>Cree las reglas de control para los eventos de los que desea ser notificado.<\/li>\n<\/ol>\n<p>[\/vc_column_text][\/vc_tta_section][\/vc_tta_tabs][\/vc_column][\/vc_row]<\/p>\n<\/div>","protected":false},"excerpt":{"rendered":"<p><span style=\"font-weight: 400;\">Garantice la seguridad de la carga durante el transporte.<\/span><\/p>\n","protected":false},"featured_media":1738,"template":"","meta":[],"product_brand":[],"product_cat":[94],"product_tag":[156],"class_list":{"0":"post-1747","1":"product","2":"type-product","3":"status-publish","4":"has-post-thumbnail","6":"product_cat-seguimiento-de-activos-gps","7":"product_tag-monitoring-es","9":"first","10":"instock","11":"shipping-taxable","12":"product-type-simple"},"yoast_head":"\n<title>Seguridad de contenedores y remolques &#8212; Marketplace Navixy<\/title>\n<meta name=\"description\" content=\"Garantice la seguridad de la carga durante el transporte.\" \/>\n<meta name=\"robots\" content=\"index, follow, max-snippet:-1, max-image-preview:large, max-video-preview:-1\" \/>\n<link rel=\"canonical\" href=\"https:\/\/marketplace.navixy.com\/es\/shop\/container-and-trailer-security\/\" \/>\n<meta property=\"og:locale\" content=\"es_ES\" \/>\n<meta property=\"og:type\" content=\"article\" \/>\n<meta property=\"og:title\" content=\"Seguridad de contenedores y remolques &#8212; Marketplace Navixy\" \/>\n<meta property=\"og:description\" content=\"Garantice la seguridad de la carga durante el transporte.\" \/>\n<meta property=\"og:url\" content=\"https:\/\/marketplace.navixy.com\/es\/shop\/container-and-trailer-security\/\" \/>\n<meta property=\"og:site_name\" content=\"Marketplace Navixy\" \/>\n<meta property=\"article:modified_time\" content=\"2020-12-08T10:18:24+00:00\" \/>\n<meta property=\"og:image\" content=\"https:\/\/marketplace.navixy.com\/wp-content\/uploads\/2020\/10\/nju4.png\" \/>\n\t<meta property=\"og:image:width\" content=\"300\" \/>\n\t<meta property=\"og:image:height\" content=\"300\" \/>\n\t<meta property=\"og:image:type\" content=\"image\/png\" \/>\n<meta name=\"twitter:card\" content=\"summary_large_image\" \/>\n<script type=\"application\/ld+json\" class=\"yoast-schema-graph\">{\"@context\":\"https:\/\/schema.org\",\"@graph\":[{\"@type\":\"WebPage\",\"@id\":\"https:\/\/marketplace.navixy.com\/es\/shop\/container-and-trailer-security\/\",\"url\":\"https:\/\/marketplace.navixy.com\/es\/shop\/container-and-trailer-security\/\",\"name\":\"Seguridad de contenedores y remolques &#8212; Marketplace Navixy\",\"isPartOf\":{\"@id\":\"https:\/\/marketplace.navixy.com\/es\/#website\"},\"primaryImageOfPage\":{\"@id\":\"https:\/\/marketplace.navixy.com\/es\/shop\/container-and-trailer-security\/#primaryimage\"},\"image\":{\"@id\":\"https:\/\/marketplace.navixy.com\/es\/shop\/container-and-trailer-security\/#primaryimage\"},\"thumbnailUrl\":\"https:\/\/marketplace.navixy.com\/wp-content\/uploads\/2020\/10\/nju4.png\",\"datePublished\":\"2020-10-29T12:59:25+00:00\",\"dateModified\":\"2020-12-08T10:18:24+00:00\",\"description\":\"Garantice la seguridad de la carga durante el transporte.\",\"breadcrumb\":{\"@id\":\"https:\/\/marketplace.navixy.com\/es\/shop\/container-and-trailer-security\/#breadcrumb\"},\"inLanguage\":\"es\",\"potentialAction\":[{\"@type\":\"ReadAction\",\"target\":[\"https:\/\/marketplace.navixy.com\/es\/shop\/container-and-trailer-security\/\"]}]},{\"@type\":\"ImageObject\",\"inLanguage\":\"es\",\"@id\":\"https:\/\/marketplace.navixy.com\/es\/shop\/container-and-trailer-security\/#primaryimage\",\"url\":\"https:\/\/marketplace.navixy.com\/wp-content\/uploads\/2020\/10\/nju4.png\",\"contentUrl\":\"https:\/\/marketplace.navixy.com\/wp-content\/uploads\/2020\/10\/nju4.png\",\"width\":300,\"height\":300},{\"@type\":\"BreadcrumbList\",\"@id\":\"https:\/\/marketplace.navixy.com\/es\/shop\/container-and-trailer-security\/#breadcrumb\",\"itemListElement\":[{\"@type\":\"ListItem\",\"position\":1,\"name\":\"\u0413\u043b\u0430\u0432\u043d\u0430\u044f \u0441\u0442\u0440\u0430\u043d\u0438\u0446\u0430\",\"item\":\"https:\/\/marketplace.navixy.com\/es\/\"},{\"@type\":\"ListItem\",\"position\":2,\"name\":\"Marketplace Navixy\",\"item\":\"https:\/\/marketplace.navixy.com\/es\/\"},{\"@type\":\"ListItem\",\"position\":3,\"name\":\"Seguridad de contenedores y remolques\"}]},{\"@type\":\"WebSite\",\"@id\":\"https:\/\/marketplace.navixy.com\/es\/#website\",\"url\":\"https:\/\/marketplace.navixy.com\/es\/\",\"name\":\"Marketplace Navixy\",\"description\":\"Marketplace Navixy\",\"potentialAction\":[{\"@type\":\"SearchAction\",\"target\":{\"@type\":\"EntryPoint\",\"urlTemplate\":\"https:\/\/marketplace.navixy.com\/es\/?s={search_term_string}\"},\"query-input\":{\"@type\":\"PropertyValueSpecification\",\"valueRequired\":true,\"valueName\":\"search_term_string\"}}],\"inLanguage\":\"es\"}]}<\/script>\n","yoast_head_json":{"title":"Seguridad de contenedores y remolques &#8212; Marketplace Navixy","description":"Garantice la seguridad de la carga durante el transporte.","robots":{"index":"index","follow":"follow","max-snippet":"max-snippet:-1","max-image-preview":"max-image-preview:large","max-video-preview":"max-video-preview:-1"},"canonical":"https:\/\/marketplace.navixy.com\/es\/shop\/container-and-trailer-security\/","og_locale":"es_ES","og_type":"article","og_title":"Seguridad de contenedores y remolques &#8212; Marketplace Navixy","og_description":"Garantice la seguridad de la carga durante el transporte.","og_url":"https:\/\/marketplace.navixy.com\/es\/shop\/container-and-trailer-security\/","og_site_name":"Marketplace Navixy","article_modified_time":"2020-12-08T10:18:24+00:00","og_image":[{"width":300,"height":300,"url":"https:\/\/marketplace.navixy.com\/wp-content\/uploads\/2020\/10\/nju4.png","type":"image\/png"}],"twitter_card":"summary_large_image","schema":{"@context":"https:\/\/schema.org","@graph":[{"@type":"WebPage","@id":"https:\/\/marketplace.navixy.com\/es\/shop\/container-and-trailer-security\/","url":"https:\/\/marketplace.navixy.com\/es\/shop\/container-and-trailer-security\/","name":"Seguridad de contenedores y remolques &#8212; Marketplace Navixy","isPartOf":{"@id":"https:\/\/marketplace.navixy.com\/es\/#website"},"primaryImageOfPage":{"@id":"https:\/\/marketplace.navixy.com\/es\/shop\/container-and-trailer-security\/#primaryimage"},"image":{"@id":"https:\/\/marketplace.navixy.com\/es\/shop\/container-and-trailer-security\/#primaryimage"},"thumbnailUrl":"https:\/\/marketplace.navixy.com\/wp-content\/uploads\/2020\/10\/nju4.png","datePublished":"2020-10-29T12:59:25+00:00","dateModified":"2020-12-08T10:18:24+00:00","description":"Garantice la seguridad de la carga durante el transporte.","breadcrumb":{"@id":"https:\/\/marketplace.navixy.com\/es\/shop\/container-and-trailer-security\/#breadcrumb"},"inLanguage":"es","potentialAction":[{"@type":"ReadAction","target":["https:\/\/marketplace.navixy.com\/es\/shop\/container-and-trailer-security\/"]}]},{"@type":"ImageObject","inLanguage":"es","@id":"https:\/\/marketplace.navixy.com\/es\/shop\/container-and-trailer-security\/#primaryimage","url":"https:\/\/marketplace.navixy.com\/wp-content\/uploads\/2020\/10\/nju4.png","contentUrl":"https:\/\/marketplace.navixy.com\/wp-content\/uploads\/2020\/10\/nju4.png","width":300,"height":300},{"@type":"BreadcrumbList","@id":"https:\/\/marketplace.navixy.com\/es\/shop\/container-and-trailer-security\/#breadcrumb","itemListElement":[{"@type":"ListItem","position":1,"name":"\u0413\u043b\u0430\u0432\u043d\u0430\u044f \u0441\u0442\u0440\u0430\u043d\u0438\u0446\u0430","item":"https:\/\/marketplace.navixy.com\/es\/"},{"@type":"ListItem","position":2,"name":"Marketplace Navixy","item":"https:\/\/marketplace.navixy.com\/es\/"},{"@type":"ListItem","position":3,"name":"Seguridad de contenedores y remolques"}]},{"@type":"WebSite","@id":"https:\/\/marketplace.navixy.com\/es\/#website","url":"https:\/\/marketplace.navixy.com\/es\/","name":"Marketplace Navixy","description":"Marketplace Navixy","potentialAction":[{"@type":"SearchAction","target":{"@type":"EntryPoint","urlTemplate":"https:\/\/marketplace.navixy.com\/es\/?s={search_term_string}"},"query-input":{"@type":"PropertyValueSpecification","valueRequired":true,"valueName":"search_term_string"}}],"inLanguage":"es"}]}},"_links":{"self":[{"href":"https:\/\/marketplace.navixy.com\/es\/wp-json\/wp\/v2\/product\/1747","targetHints":{"allow":["GET"]}}],"collection":[{"href":"https:\/\/marketplace.navixy.com\/es\/wp-json\/wp\/v2\/product"}],"about":[{"href":"https:\/\/marketplace.navixy.com\/es\/wp-json\/wp\/v2\/types\/product"}],"wp:featuredmedia":[{"embeddable":true,"href":"https:\/\/marketplace.navixy.com\/es\/wp-json\/wp\/v2\/media\/1738"}],"wp:attachment":[{"href":"https:\/\/marketplace.navixy.com\/es\/wp-json\/wp\/v2\/media?parent=1747"}],"wp:term":[{"taxonomy":"product_brand","embeddable":true,"href":"https:\/\/marketplace.navixy.com\/es\/wp-json\/wp\/v2\/product_brand?post=1747"},{"taxonomy":"product_cat","embeddable":true,"href":"https:\/\/marketplace.navixy.com\/es\/wp-json\/wp\/v2\/product_cat?post=1747"},{"taxonomy":"product_tag","embeddable":true,"href":"https:\/\/marketplace.navixy.com\/es\/wp-json\/wp\/v2\/product_tag?post=1747"}],"curies":[{"name":"wp","href":"https:\/\/api.w.org\/{rel}","templated":true}]}}