{"id":1723,"date":"2020-09-30T14:20:16","date_gmt":"2020-09-30T11:20:16","guid":{"rendered":"https:\/\/marketplace.navixy.com\/shop\/custom-fields\/"},"modified":"2020-12-08T12:27:22","modified_gmt":"2020-12-08T09:27:22","slug":"custom-fields","status":"publish","type":"product","link":"https:\/\/marketplace.navixy.com\/es\/shop\/custom-fields\/","title":{"rendered":"Campos Personalizados"},"content":{"rendered":"<div class=\"wpb-content-wrapper\"><p>[vc_row][vc_column][vc_tta_tabs][vc_tta_section title=\u00bbDESCRIPCI\u00d3N\u00bb tab_id=\u00bbdescription\u00bb][vc_column_text]Con el nuevo m\u00f3dulo de Campos Personalizados, usted podr\u00e1 personalizar algunos de los m\u00f3dulos de la plataforma para que se adapten perfectamente a las necesidades de su negocio, e incluso crear su propio CRM que puede ser integrado en la plataforma Navixy.<\/p>\n<p>Se pueden crear los campos personalizados en el m\u00f3dulo de Lugares. Con esta incre\u00edble combinaci\u00f3n, usted podr\u00e1 editar secciones y a\u00f1adir campos adicionales con la informaci\u00f3n importante. La estrecha integraci\u00f3n entre la aplicaci\u00f3n X-Tracker y el m\u00f3dulo de Empleados, garantizar\u00e1 que los trabajadores del servicio de campo tengan toda la informaci\u00f3n necesaria a la mano para completar una tarea.<\/p>\n<p><em>Actualmente, el m\u00f3dulo de campos personalizados solo est\u00e1 disponible para el m\u00f3dulo Lugares.<\/em>[\/vc_column_text][vc_row_inner][vc_column_inner width=\u00bb1\/6&#8243;][\/vc_column_inner][vc_column_inner width=\u00bb2\/3&#8243;][vc_images_carousel images=\u00bb1676,1664,1661&#8243; img_size=\u00bbmedium\u00bb][\/vc_column_inner][vc_column_inner width=\u00bb1\/6&#8243;][\/vc_column_inner][\/vc_row_inner][\/vc_tta_section][vc_tta_section title=\u00bbUso\u00bb tab_id=\u00bbuse\u00bb][vc_column_text]Para crear campos personalizados:<\/p>\n<ol>\n<li>Vaya al men\u00fa principal de su Cuenta y seleccione Campos personalizados.<\/li>\n<li>Agregue nuevos campos arrastr\u00e1ndolos y solt\u00e1ndolos.<\/li>\n<li>Si es necesario, agregue una nueva secci\u00f3n.<\/li>\n<\/ol>\n<p>[\/vc_column_text][\/vc_tta_section][\/vc_tta_tabs][\/vc_column][\/vc_row]<\/p>\n<\/div>","protected":false},"excerpt":{"rendered":"<p>Replique la funcionalidad de un CRM mediante el m\u00f3dulo de campos personalizados.<\/p>\n","protected":false},"featured_media":1640,"template":"","meta":[],"product_brand":[],"product_cat":[101],"product_tag":[],"class_list":{"0":"post-1723","1":"product","2":"type-product","3":"status-publish","4":"has-post-thumbnail","6":"product_cat-gestion-de-servicios-en-campo","8":"first","9":"instock","10":"shipping-taxable","11":"product-type-simple"},"yoast_head":"\n<title>Campos Personalizados &#8212; Marketplace Navixy<\/title>\n<meta name=\"description\" content=\"Replique la funcionalidad de un CRM mediante el m\u00f3dulo de campos personalizados.\" \/>\n<meta name=\"robots\" content=\"index, follow, max-snippet:-1, max-image-preview:large, max-video-preview:-1\" \/>\n<link rel=\"canonical\" href=\"https:\/\/marketplace.navixy.com\/es\/shop\/custom-fields\/\" \/>\n<meta property=\"og:locale\" content=\"es_ES\" \/>\n<meta property=\"og:type\" content=\"article\" \/>\n<meta property=\"og:title\" content=\"Campos Personalizados &#8212; Marketplace Navixy\" \/>\n<meta property=\"og:description\" content=\"Replique la funcionalidad de un CRM mediante el m\u00f3dulo de campos personalizados.\" \/>\n<meta property=\"og:url\" content=\"https:\/\/marketplace.navixy.com\/es\/shop\/custom-fields\/\" \/>\n<meta property=\"og:site_name\" content=\"Marketplace Navixy\" \/>\n<meta property=\"article:modified_time\" content=\"2020-12-08T09:27:22+00:00\" \/>\n<meta property=\"og:image\" content=\"https:\/\/marketplace.navixy.com\/wp-content\/uploads\/2020\/09\/text.png\" \/>\n\t<meta property=\"og:image:width\" content=\"300\" \/>\n\t<meta property=\"og:image:height\" content=\"300\" \/>\n\t<meta property=\"og:image:type\" content=\"image\/png\" \/>\n<meta name=\"twitter:card\" content=\"summary_large_image\" \/>\n<script type=\"application\/ld+json\" class=\"yoast-schema-graph\">{\"@context\":\"https:\/\/schema.org\",\"@graph\":[{\"@type\":\"WebPage\",\"@id\":\"https:\/\/marketplace.navixy.com\/es\/shop\/custom-fields\/\",\"url\":\"https:\/\/marketplace.navixy.com\/es\/shop\/custom-fields\/\",\"name\":\"Campos Personalizados &#8212; Marketplace Navixy\",\"isPartOf\":{\"@id\":\"https:\/\/marketplace.navixy.com\/es\/#website\"},\"primaryImageOfPage\":{\"@id\":\"https:\/\/marketplace.navixy.com\/es\/shop\/custom-fields\/#primaryimage\"},\"image\":{\"@id\":\"https:\/\/marketplace.navixy.com\/es\/shop\/custom-fields\/#primaryimage\"},\"thumbnailUrl\":\"https:\/\/marketplace.navixy.com\/wp-content\/uploads\/2020\/09\/text.png\",\"datePublished\":\"2020-09-30T11:20:16+00:00\",\"dateModified\":\"2020-12-08T09:27:22+00:00\",\"description\":\"Replique la funcionalidad de un CRM mediante el m\u00f3dulo de campos personalizados.\",\"breadcrumb\":{\"@id\":\"https:\/\/marketplace.navixy.com\/es\/shop\/custom-fields\/#breadcrumb\"},\"inLanguage\":\"es\",\"potentialAction\":[{\"@type\":\"ReadAction\",\"target\":[\"https:\/\/marketplace.navixy.com\/es\/shop\/custom-fields\/\"]}]},{\"@type\":\"ImageObject\",\"inLanguage\":\"es\",\"@id\":\"https:\/\/marketplace.navixy.com\/es\/shop\/custom-fields\/#primaryimage\",\"url\":\"https:\/\/marketplace.navixy.com\/wp-content\/uploads\/2020\/09\/text.png\",\"contentUrl\":\"https:\/\/marketplace.navixy.com\/wp-content\/uploads\/2020\/09\/text.png\",\"width\":300,\"height\":300},{\"@type\":\"BreadcrumbList\",\"@id\":\"https:\/\/marketplace.navixy.com\/es\/shop\/custom-fields\/#breadcrumb\",\"itemListElement\":[{\"@type\":\"ListItem\",\"position\":1,\"name\":\"\u0413\u043b\u0430\u0432\u043d\u0430\u044f \u0441\u0442\u0440\u0430\u043d\u0438\u0446\u0430\",\"item\":\"https:\/\/marketplace.navixy.com\/es\/\"},{\"@type\":\"ListItem\",\"position\":2,\"name\":\"Marketplace Navixy\",\"item\":\"https:\/\/marketplace.navixy.com\/es\/\"},{\"@type\":\"ListItem\",\"position\":3,\"name\":\"Campos Personalizados\"}]},{\"@type\":\"WebSite\",\"@id\":\"https:\/\/marketplace.navixy.com\/es\/#website\",\"url\":\"https:\/\/marketplace.navixy.com\/es\/\",\"name\":\"Marketplace Navixy\",\"description\":\"Marketplace Navixy\",\"potentialAction\":[{\"@type\":\"SearchAction\",\"target\":{\"@type\":\"EntryPoint\",\"urlTemplate\":\"https:\/\/marketplace.navixy.com\/es\/?s={search_term_string}\"},\"query-input\":{\"@type\":\"PropertyValueSpecification\",\"valueRequired\":true,\"valueName\":\"search_term_string\"}}],\"inLanguage\":\"es\"}]}<\/script>\n","yoast_head_json":{"title":"Campos Personalizados &#8212; Marketplace Navixy","description":"Replique la funcionalidad de un CRM mediante el m\u00f3dulo de campos personalizados.","robots":{"index":"index","follow":"follow","max-snippet":"max-snippet:-1","max-image-preview":"max-image-preview:large","max-video-preview":"max-video-preview:-1"},"canonical":"https:\/\/marketplace.navixy.com\/es\/shop\/custom-fields\/","og_locale":"es_ES","og_type":"article","og_title":"Campos Personalizados &#8212; Marketplace Navixy","og_description":"Replique la funcionalidad de un CRM mediante el m\u00f3dulo de campos personalizados.","og_url":"https:\/\/marketplace.navixy.com\/es\/shop\/custom-fields\/","og_site_name":"Marketplace Navixy","article_modified_time":"2020-12-08T09:27:22+00:00","og_image":[{"width":300,"height":300,"url":"https:\/\/marketplace.navixy.com\/wp-content\/uploads\/2020\/09\/text.png","type":"image\/png"}],"twitter_card":"summary_large_image","schema":{"@context":"https:\/\/schema.org","@graph":[{"@type":"WebPage","@id":"https:\/\/marketplace.navixy.com\/es\/shop\/custom-fields\/","url":"https:\/\/marketplace.navixy.com\/es\/shop\/custom-fields\/","name":"Campos Personalizados &#8212; Marketplace Navixy","isPartOf":{"@id":"https:\/\/marketplace.navixy.com\/es\/#website"},"primaryImageOfPage":{"@id":"https:\/\/marketplace.navixy.com\/es\/shop\/custom-fields\/#primaryimage"},"image":{"@id":"https:\/\/marketplace.navixy.com\/es\/shop\/custom-fields\/#primaryimage"},"thumbnailUrl":"https:\/\/marketplace.navixy.com\/wp-content\/uploads\/2020\/09\/text.png","datePublished":"2020-09-30T11:20:16+00:00","dateModified":"2020-12-08T09:27:22+00:00","description":"Replique la funcionalidad de un CRM mediante el m\u00f3dulo de campos personalizados.","breadcrumb":{"@id":"https:\/\/marketplace.navixy.com\/es\/shop\/custom-fields\/#breadcrumb"},"inLanguage":"es","potentialAction":[{"@type":"ReadAction","target":["https:\/\/marketplace.navixy.com\/es\/shop\/custom-fields\/"]}]},{"@type":"ImageObject","inLanguage":"es","@id":"https:\/\/marketplace.navixy.com\/es\/shop\/custom-fields\/#primaryimage","url":"https:\/\/marketplace.navixy.com\/wp-content\/uploads\/2020\/09\/text.png","contentUrl":"https:\/\/marketplace.navixy.com\/wp-content\/uploads\/2020\/09\/text.png","width":300,"height":300},{"@type":"BreadcrumbList","@id":"https:\/\/marketplace.navixy.com\/es\/shop\/custom-fields\/#breadcrumb","itemListElement":[{"@type":"ListItem","position":1,"name":"\u0413\u043b\u0430\u0432\u043d\u0430\u044f \u0441\u0442\u0440\u0430\u043d\u0438\u0446\u0430","item":"https:\/\/marketplace.navixy.com\/es\/"},{"@type":"ListItem","position":2,"name":"Marketplace Navixy","item":"https:\/\/marketplace.navixy.com\/es\/"},{"@type":"ListItem","position":3,"name":"Campos Personalizados"}]},{"@type":"WebSite","@id":"https:\/\/marketplace.navixy.com\/es\/#website","url":"https:\/\/marketplace.navixy.com\/es\/","name":"Marketplace Navixy","description":"Marketplace Navixy","potentialAction":[{"@type":"SearchAction","target":{"@type":"EntryPoint","urlTemplate":"https:\/\/marketplace.navixy.com\/es\/?s={search_term_string}"},"query-input":{"@type":"PropertyValueSpecification","valueRequired":true,"valueName":"search_term_string"}}],"inLanguage":"es"}]}},"_links":{"self":[{"href":"https:\/\/marketplace.navixy.com\/es\/wp-json\/wp\/v2\/product\/1723","targetHints":{"allow":["GET"]}}],"collection":[{"href":"https:\/\/marketplace.navixy.com\/es\/wp-json\/wp\/v2\/product"}],"about":[{"href":"https:\/\/marketplace.navixy.com\/es\/wp-json\/wp\/v2\/types\/product"}],"wp:featuredmedia":[{"embeddable":true,"href":"https:\/\/marketplace.navixy.com\/es\/wp-json\/wp\/v2\/media\/1640"}],"wp:attachment":[{"href":"https:\/\/marketplace.navixy.com\/es\/wp-json\/wp\/v2\/media?parent=1723"}],"wp:term":[{"taxonomy":"product_brand","embeddable":true,"href":"https:\/\/marketplace.navixy.com\/es\/wp-json\/wp\/v2\/product_brand?post=1723"},{"taxonomy":"product_cat","embeddable":true,"href":"https:\/\/marketplace.navixy.com\/es\/wp-json\/wp\/v2\/product_cat?post=1723"},{"taxonomy":"product_tag","embeddable":true,"href":"https:\/\/marketplace.navixy.com\/es\/wp-json\/wp\/v2\/product_tag?post=1723"}],"curies":[{"name":"wp","href":"https:\/\/api.w.org\/{rel}","templated":true}]}}