{"id":1690,"date":"2020-08-21T12:25:42","date_gmt":"2020-08-21T09:25:42","guid":{"rendered":"https:\/\/marketplace.navixy.com\/shop\/geofence-visits-report\/"},"modified":"2020-12-08T13:04:03","modified_gmt":"2020-12-08T10:04:03","slug":"geofence-visits-report","status":"publish","type":"product","link":"https:\/\/marketplace.navixy.com\/es\/shop\/geofence-visits-report\/","title":{"rendered":"Informe de visitas a geocercas"},"content":{"rendered":"<div class=\"wpb-content-wrapper\"><p>[vc_row][vc_column][vc_tta_tabs][vc_tta_section title=\u00bbDESCRIPCI\u00d3N\u00bb tab_id=\u00bbdescription\u00bb][vc_column_text]Las geocercas son \u00e1reas o per\u00edmetros virtuales alrededor de cualquier edificio y territorio: desde oficinas y sitios de construcci\u00f3n hasta distritos enteros e incluso ciudades. Con su ayuda, puede realizar un seguimiento de cu\u00e1nto tiempo pasa un empleado dentro o fuera de cada geocerca.<\/p>\n<p>El informe de visitas a geocercas le proporcionar\u00e1 estad\u00edsticas transparentes mostrando el n\u00famero de visitas durante un per\u00edodo de tiempo determinado. As\u00ed usted obtendr\u00e1 la informaci\u00f3n acerca de entradas, salidas, permanencia y od\u00f3metro.<\/p>\n<p>El informe tambi\u00e9n mostrar\u00e1 los datos de per\u00edodos anteriores. Si tiene un nuevo objeto, puede crear una geocerca alrededor de \u00e9ste para ver las visitas realizadas en el pasado.[\/vc_column_text][vc_gallery interval=\u00bb3&#8243; images=\u00bb1563,1570&#8243; img_size=\u00bbmedium\u00bb][\/vc_tta_section][vc_tta_section title=\u00bbUso\u00bb tab_id=\u00bbuse\u00bb][vc_column_text]Para acceder a la herramienta de geocercas, haga clic en el icono de geocercas en la barra de herramientas del mapa. Aqu\u00ed puede crear e importar nuevos geocercas o editar los ya existentes.<\/p>\n<p>Consulte nuestra gu\u00eda del usuario para obtener instrucciones detalladas.<\/p>\n<p>Puede acceder al Informe de visitas a geocercas dirigi\u00e9ndose al men\u00fa principal de Reportes y luego a la secci\u00f3n Puntos de inter\u00e9s.[\/vc_column_text][\/vc_tta_section][\/vc_tta_tabs][\/vc_column][\/vc_row]<\/p>\n<\/div>","protected":false},"excerpt":{"rendered":"<p>Descubra cu\u00e1nto tiempo permanecen sus empleados dentro y fuera de las \u00e1reas designadas.<\/p>\n","protected":false},"featured_media":1554,"template":"","meta":[],"product_brand":[],"product_cat":[94],"product_tag":[156],"class_list":{"0":"post-1690","1":"product","2":"type-product","3":"status-publish","4":"has-post-thumbnail","6":"product_cat-seguimiento-de-activos-gps","7":"product_tag-monitoring-es","9":"first","10":"instock","11":"shipping-taxable","12":"product-type-simple"},"yoast_head":"\n<title>Informe de visitas a geocercas &#8212; Marketplace Navixy<\/title>\n<meta name=\"description\" content=\"Descubra cu\u00e1nto tiempo permanecen sus empleados dentro y fuera de las \u00e1reas designadas.\" \/>\n<meta name=\"robots\" content=\"index, follow, max-snippet:-1, max-image-preview:large, max-video-preview:-1\" \/>\n<link rel=\"canonical\" href=\"https:\/\/marketplace.navixy.com\/es\/shop\/geofence-visits-report\/\" \/>\n<meta property=\"og:locale\" content=\"es_ES\" \/>\n<meta property=\"og:type\" content=\"article\" \/>\n<meta property=\"og:title\" content=\"Informe de visitas a geocercas &#8212; Marketplace Navixy\" \/>\n<meta property=\"og:description\" content=\"Descubra cu\u00e1nto tiempo permanecen sus empleados dentro y fuera de las \u00e1reas designadas.\" \/>\n<meta property=\"og:url\" content=\"https:\/\/marketplace.navixy.com\/es\/shop\/geofence-visits-report\/\" \/>\n<meta property=\"og:site_name\" content=\"Marketplace Navixy\" \/>\n<meta property=\"article:modified_time\" content=\"2020-12-08T10:04:03+00:00\" \/>\n<meta property=\"og:image\" content=\"https:\/\/marketplace.navixy.com\/wp-content\/uploads\/2020\/08\/poi.png\" \/>\n\t<meta property=\"og:image:width\" content=\"300\" \/>\n\t<meta property=\"og:image:height\" content=\"300\" \/>\n\t<meta property=\"og:image:type\" content=\"image\/png\" \/>\n<meta name=\"twitter:card\" content=\"summary_large_image\" \/>\n<script type=\"application\/ld+json\" class=\"yoast-schema-graph\">{\"@context\":\"https:\/\/schema.org\",\"@graph\":[{\"@type\":\"WebPage\",\"@id\":\"https:\/\/marketplace.navixy.com\/es\/shop\/geofence-visits-report\/\",\"url\":\"https:\/\/marketplace.navixy.com\/es\/shop\/geofence-visits-report\/\",\"name\":\"Informe de visitas a geocercas &#8212; Marketplace Navixy\",\"isPartOf\":{\"@id\":\"https:\/\/marketplace.navixy.com\/es\/#website\"},\"primaryImageOfPage\":{\"@id\":\"https:\/\/marketplace.navixy.com\/es\/shop\/geofence-visits-report\/#primaryimage\"},\"image\":{\"@id\":\"https:\/\/marketplace.navixy.com\/es\/shop\/geofence-visits-report\/#primaryimage\"},\"thumbnailUrl\":\"https:\/\/marketplace.navixy.com\/wp-content\/uploads\/2020\/08\/poi.png\",\"datePublished\":\"2020-08-21T09:25:42+00:00\",\"dateModified\":\"2020-12-08T10:04:03+00:00\",\"description\":\"Descubra cu\u00e1nto tiempo permanecen sus empleados dentro y fuera de las \u00e1reas designadas.\",\"breadcrumb\":{\"@id\":\"https:\/\/marketplace.navixy.com\/es\/shop\/geofence-visits-report\/#breadcrumb\"},\"inLanguage\":\"es\",\"potentialAction\":[{\"@type\":\"ReadAction\",\"target\":[\"https:\/\/marketplace.navixy.com\/es\/shop\/geofence-visits-report\/\"]}]},{\"@type\":\"ImageObject\",\"inLanguage\":\"es\",\"@id\":\"https:\/\/marketplace.navixy.com\/es\/shop\/geofence-visits-report\/#primaryimage\",\"url\":\"https:\/\/marketplace.navixy.com\/wp-content\/uploads\/2020\/08\/poi.png\",\"contentUrl\":\"https:\/\/marketplace.navixy.com\/wp-content\/uploads\/2020\/08\/poi.png\",\"width\":300,\"height\":300},{\"@type\":\"BreadcrumbList\",\"@id\":\"https:\/\/marketplace.navixy.com\/es\/shop\/geofence-visits-report\/#breadcrumb\",\"itemListElement\":[{\"@type\":\"ListItem\",\"position\":1,\"name\":\"\u0413\u043b\u0430\u0432\u043d\u0430\u044f \u0441\u0442\u0440\u0430\u043d\u0438\u0446\u0430\",\"item\":\"https:\/\/marketplace.navixy.com\/es\/\"},{\"@type\":\"ListItem\",\"position\":2,\"name\":\"Marketplace Navixy\",\"item\":\"https:\/\/marketplace.navixy.com\/es\/\"},{\"@type\":\"ListItem\",\"position\":3,\"name\":\"Informe de visitas a geocercas\"}]},{\"@type\":\"WebSite\",\"@id\":\"https:\/\/marketplace.navixy.com\/es\/#website\",\"url\":\"https:\/\/marketplace.navixy.com\/es\/\",\"name\":\"Marketplace Navixy\",\"description\":\"Marketplace Navixy\",\"potentialAction\":[{\"@type\":\"SearchAction\",\"target\":{\"@type\":\"EntryPoint\",\"urlTemplate\":\"https:\/\/marketplace.navixy.com\/es\/?s={search_term_string}\"},\"query-input\":{\"@type\":\"PropertyValueSpecification\",\"valueRequired\":true,\"valueName\":\"search_term_string\"}}],\"inLanguage\":\"es\"}]}<\/script>\n","yoast_head_json":{"title":"Informe de visitas a geocercas &#8212; Marketplace Navixy","description":"Descubra cu\u00e1nto tiempo permanecen sus empleados dentro y fuera de las \u00e1reas designadas.","robots":{"index":"index","follow":"follow","max-snippet":"max-snippet:-1","max-image-preview":"max-image-preview:large","max-video-preview":"max-video-preview:-1"},"canonical":"https:\/\/marketplace.navixy.com\/es\/shop\/geofence-visits-report\/","og_locale":"es_ES","og_type":"article","og_title":"Informe de visitas a geocercas &#8212; Marketplace Navixy","og_description":"Descubra cu\u00e1nto tiempo permanecen sus empleados dentro y fuera de las \u00e1reas designadas.","og_url":"https:\/\/marketplace.navixy.com\/es\/shop\/geofence-visits-report\/","og_site_name":"Marketplace Navixy","article_modified_time":"2020-12-08T10:04:03+00:00","og_image":[{"width":300,"height":300,"url":"https:\/\/marketplace.navixy.com\/wp-content\/uploads\/2020\/08\/poi.png","type":"image\/png"}],"twitter_card":"summary_large_image","schema":{"@context":"https:\/\/schema.org","@graph":[{"@type":"WebPage","@id":"https:\/\/marketplace.navixy.com\/es\/shop\/geofence-visits-report\/","url":"https:\/\/marketplace.navixy.com\/es\/shop\/geofence-visits-report\/","name":"Informe de visitas a geocercas &#8212; Marketplace Navixy","isPartOf":{"@id":"https:\/\/marketplace.navixy.com\/es\/#website"},"primaryImageOfPage":{"@id":"https:\/\/marketplace.navixy.com\/es\/shop\/geofence-visits-report\/#primaryimage"},"image":{"@id":"https:\/\/marketplace.navixy.com\/es\/shop\/geofence-visits-report\/#primaryimage"},"thumbnailUrl":"https:\/\/marketplace.navixy.com\/wp-content\/uploads\/2020\/08\/poi.png","datePublished":"2020-08-21T09:25:42+00:00","dateModified":"2020-12-08T10:04:03+00:00","description":"Descubra cu\u00e1nto tiempo permanecen sus empleados dentro y fuera de las \u00e1reas designadas.","breadcrumb":{"@id":"https:\/\/marketplace.navixy.com\/es\/shop\/geofence-visits-report\/#breadcrumb"},"inLanguage":"es","potentialAction":[{"@type":"ReadAction","target":["https:\/\/marketplace.navixy.com\/es\/shop\/geofence-visits-report\/"]}]},{"@type":"ImageObject","inLanguage":"es","@id":"https:\/\/marketplace.navixy.com\/es\/shop\/geofence-visits-report\/#primaryimage","url":"https:\/\/marketplace.navixy.com\/wp-content\/uploads\/2020\/08\/poi.png","contentUrl":"https:\/\/marketplace.navixy.com\/wp-content\/uploads\/2020\/08\/poi.png","width":300,"height":300},{"@type":"BreadcrumbList","@id":"https:\/\/marketplace.navixy.com\/es\/shop\/geofence-visits-report\/#breadcrumb","itemListElement":[{"@type":"ListItem","position":1,"name":"\u0413\u043b\u0430\u0432\u043d\u0430\u044f \u0441\u0442\u0440\u0430\u043d\u0438\u0446\u0430","item":"https:\/\/marketplace.navixy.com\/es\/"},{"@type":"ListItem","position":2,"name":"Marketplace Navixy","item":"https:\/\/marketplace.navixy.com\/es\/"},{"@type":"ListItem","position":3,"name":"Informe de visitas a geocercas"}]},{"@type":"WebSite","@id":"https:\/\/marketplace.navixy.com\/es\/#website","url":"https:\/\/marketplace.navixy.com\/es\/","name":"Marketplace Navixy","description":"Marketplace Navixy","potentialAction":[{"@type":"SearchAction","target":{"@type":"EntryPoint","urlTemplate":"https:\/\/marketplace.navixy.com\/es\/?s={search_term_string}"},"query-input":{"@type":"PropertyValueSpecification","valueRequired":true,"valueName":"search_term_string"}}],"inLanguage":"es"}]}},"_links":{"self":[{"href":"https:\/\/marketplace.navixy.com\/es\/wp-json\/wp\/v2\/product\/1690","targetHints":{"allow":["GET"]}}],"collection":[{"href":"https:\/\/marketplace.navixy.com\/es\/wp-json\/wp\/v2\/product"}],"about":[{"href":"https:\/\/marketplace.navixy.com\/es\/wp-json\/wp\/v2\/types\/product"}],"wp:featuredmedia":[{"embeddable":true,"href":"https:\/\/marketplace.navixy.com\/es\/wp-json\/wp\/v2\/media\/1554"}],"wp:attachment":[{"href":"https:\/\/marketplace.navixy.com\/es\/wp-json\/wp\/v2\/media?parent=1690"}],"wp:term":[{"taxonomy":"product_brand","embeddable":true,"href":"https:\/\/marketplace.navixy.com\/es\/wp-json\/wp\/v2\/product_brand?post=1690"},{"taxonomy":"product_cat","embeddable":true,"href":"https:\/\/marketplace.navixy.com\/es\/wp-json\/wp\/v2\/product_cat?post=1690"},{"taxonomy":"product_tag","embeddable":true,"href":"https:\/\/marketplace.navixy.com\/es\/wp-json\/wp\/v2\/product_tag?post=1690"}],"curies":[{"name":"wp","href":"https:\/\/api.w.org\/{rel}","templated":true}]}}