{"id":1483,"date":"2020-04-01T10:23:58","date_gmt":"2020-04-01T07:23:58","guid":{"rendered":"https:\/\/marketplace.navixy.com\/shop\/recurso-confiable\/"},"modified":"2020-12-03T07:47:49","modified_gmt":"2020-12-03T04:47:49","slug":"recurso-confiable","status":"publish","type":"product","link":"https:\/\/marketplace.navixy.com\/es\/shop\/recurso-confiable\/","title":{"rendered":"Recurso Confiable"},"content":{"rendered":"<div class=\"wpb-content-wrapper\"><p>[vc_row][vc_column][vc_tta_tabs][vc_tta_section title=\u00bbDescripci\u00f3n\u00bb tab_id=\u00bbdescription\u00bb][vc_column_text]<span style=\"font-weight: 400;\">Utilice el protocolo de transferencia de datos Recurso Confiable para reenviar instant\u00e1neamente los datos recibidos por el servidor Navixy desde un dispositivo GPS a los servicios de terceros.\u00a0<\/span><\/p>\n<p><span style=\"font-weight: 400;\">Esto aumentar\u00e1 significativamente la funcionalidad disponible y mejorar\u00e1 la seguridad de los datos.<\/span>[\/vc_column_text][\/vc_tta_section][vc_tta_section title=\u00bbUSo\u00bb tab_id=\u00bbuse\u00bb][vc_column_text]<span style=\"font-weight: 400;\">Puede configurar el reenv\u00edo de datos desde su cuenta personal:<\/span><\/p>\n<ol>\n<li style=\"font-weight: 400;\"><span style=\"font-weight: 400;\">Vaya a \u00abDispositivos\u00bb, seleccione el portlet \u00abReenv\u00edo de datos\u00bb y haga clic en \u00abAdministraci\u00f3n de retransmisores\u00bb<\/span><\/li>\n<li style=\"font-weight: 400;\"><span style=\"font-weight: 400;\">Agregue un retransmisor especificando la direcci\u00f3n IP, el puerto y, si es necesario, el nombre de usuario y la contrase\u00f1a. Por favor, no olvide pulsar sobre el bot\u00f3n \u00abGuardar\u201d.\u00a0<\/span><\/li>\n<li style=\"font-weight: 400;\"><span style=\"font-weight: 400;\">Especifique la ID que se asignar\u00e1 al dispositivo GPS a la hora de transmitir los datos a un servidor de terceros.<\/span><\/li>\n<li style=\"font-weight: 400;\"><span style=\"font-weight: 400;\">Conecte el reci\u00e9n creado retransmisor al dispositivo.<\/span><\/li>\n<\/ol>\n<p><span style=\"font-weight: 400;\">La transferencia de datos comenzar\u00e1 dentro de quince minutos.<\/span><\/p>\n<p><span style=\"font-weight: 400;\">Tenga en cuenta que no hace falta crear un nuevo retransmisor cada vez. Para los dispositivos posteriores, solo necesita completar los pasos 3 y 4.<\/span>[\/vc_column_text][\/vc_tta_section][\/vc_tta_tabs][\/vc_column][\/vc_row]<\/p>\n<\/div>","protected":false},"excerpt":{"rendered":"<p><span style=\"font-weight: 400;\">Transmita datos desde dispositivos de seguimiento GPS a cualquier servidor externo en tiempo real.<\/span><\/p>\n","protected":false},"featured_media":1164,"template":"","meta":[],"product_brand":[],"product_cat":[129],"product_tag":[121],"class_list":{"0":"post-1483","1":"product","2":"type-product","3":"status-publish","4":"has-post-thumbnail","6":"product_cat-administracion","7":"product_tag-reenvio-de-datos","9":"first","10":"instock","11":"shipping-taxable","12":"product-type-simple"},"yoast_head":"\n<title>Recurso Confiable &#8212; Marketplace Navixy<\/title>\n<meta name=\"description\" content=\"Recurso Confiable transmita datos desde dispositivos de seguimiento GPS a cualquier servidor externo en tiempo real.\" \/>\n<meta name=\"robots\" content=\"index, follow, max-snippet:-1, max-image-preview:large, max-video-preview:-1\" \/>\n<link rel=\"canonical\" href=\"https:\/\/marketplace.navixy.com\/es\/shop\/recurso-confiable\/\" \/>\n<meta property=\"og:locale\" content=\"es_ES\" \/>\n<meta property=\"og:type\" content=\"article\" \/>\n<meta property=\"og:title\" content=\"Recurso Confiable &#8212; Marketplace Navixy\" \/>\n<meta property=\"og:description\" content=\"Recurso Confiable transmita datos desde dispositivos de seguimiento GPS a cualquier servidor externo en tiempo real.\" \/>\n<meta property=\"og:url\" content=\"https:\/\/marketplace.navixy.com\/es\/shop\/recurso-confiable\/\" \/>\n<meta property=\"og:site_name\" content=\"Marketplace Navixy\" \/>\n<meta property=\"article:modified_time\" content=\"2020-12-03T04:47:49+00:00\" \/>\n<meta property=\"og:image\" content=\"https:\/\/marketplace.navixy.com\/wp-content\/uploads\/2020\/04\/recurso.png\" \/>\n\t<meta property=\"og:image:width\" content=\"300\" \/>\n\t<meta property=\"og:image:height\" content=\"300\" \/>\n\t<meta property=\"og:image:type\" content=\"image\/png\" \/>\n<meta name=\"twitter:card\" content=\"summary_large_image\" \/>\n<script type=\"application\/ld+json\" class=\"yoast-schema-graph\">{\"@context\":\"https:\/\/schema.org\",\"@graph\":[{\"@type\":\"WebPage\",\"@id\":\"https:\/\/marketplace.navixy.com\/es\/shop\/recurso-confiable\/\",\"url\":\"https:\/\/marketplace.navixy.com\/es\/shop\/recurso-confiable\/\",\"name\":\"Recurso Confiable &#8212; Marketplace Navixy\",\"isPartOf\":{\"@id\":\"https:\/\/marketplace.navixy.com\/es\/#website\"},\"primaryImageOfPage\":{\"@id\":\"https:\/\/marketplace.navixy.com\/es\/shop\/recurso-confiable\/#primaryimage\"},\"image\":{\"@id\":\"https:\/\/marketplace.navixy.com\/es\/shop\/recurso-confiable\/#primaryimage\"},\"thumbnailUrl\":\"https:\/\/marketplace.navixy.com\/wp-content\/uploads\/2020\/04\/recurso.png\",\"datePublished\":\"2020-04-01T07:23:58+00:00\",\"dateModified\":\"2020-12-03T04:47:49+00:00\",\"description\":\"Recurso Confiable transmita datos desde dispositivos de seguimiento GPS a cualquier servidor externo en tiempo real.\",\"breadcrumb\":{\"@id\":\"https:\/\/marketplace.navixy.com\/es\/shop\/recurso-confiable\/#breadcrumb\"},\"inLanguage\":\"es\",\"potentialAction\":[{\"@type\":\"ReadAction\",\"target\":[\"https:\/\/marketplace.navixy.com\/es\/shop\/recurso-confiable\/\"]}]},{\"@type\":\"ImageObject\",\"inLanguage\":\"es\",\"@id\":\"https:\/\/marketplace.navixy.com\/es\/shop\/recurso-confiable\/#primaryimage\",\"url\":\"https:\/\/marketplace.navixy.com\/wp-content\/uploads\/2020\/04\/recurso.png\",\"contentUrl\":\"https:\/\/marketplace.navixy.com\/wp-content\/uploads\/2020\/04\/recurso.png\",\"width\":300,\"height\":300},{\"@type\":\"BreadcrumbList\",\"@id\":\"https:\/\/marketplace.navixy.com\/es\/shop\/recurso-confiable\/#breadcrumb\",\"itemListElement\":[{\"@type\":\"ListItem\",\"position\":1,\"name\":\"\u0413\u043b\u0430\u0432\u043d\u0430\u044f \u0441\u0442\u0440\u0430\u043d\u0438\u0446\u0430\",\"item\":\"https:\/\/marketplace.navixy.com\/es\/\"},{\"@type\":\"ListItem\",\"position\":2,\"name\":\"Marketplace Navixy\",\"item\":\"https:\/\/marketplace.navixy.com\/es\/\"},{\"@type\":\"ListItem\",\"position\":3,\"name\":\"Recurso Confiable\"}]},{\"@type\":\"WebSite\",\"@id\":\"https:\/\/marketplace.navixy.com\/es\/#website\",\"url\":\"https:\/\/marketplace.navixy.com\/es\/\",\"name\":\"Marketplace Navixy\",\"description\":\"Marketplace Navixy\",\"potentialAction\":[{\"@type\":\"SearchAction\",\"target\":{\"@type\":\"EntryPoint\",\"urlTemplate\":\"https:\/\/marketplace.navixy.com\/es\/?s={search_term_string}\"},\"query-input\":{\"@type\":\"PropertyValueSpecification\",\"valueRequired\":true,\"valueName\":\"search_term_string\"}}],\"inLanguage\":\"es\"}]}<\/script>\n","yoast_head_json":{"title":"Recurso Confiable &#8212; Marketplace Navixy","description":"Recurso Confiable transmita datos desde dispositivos de seguimiento GPS a cualquier servidor externo en tiempo real.","robots":{"index":"index","follow":"follow","max-snippet":"max-snippet:-1","max-image-preview":"max-image-preview:large","max-video-preview":"max-video-preview:-1"},"canonical":"https:\/\/marketplace.navixy.com\/es\/shop\/recurso-confiable\/","og_locale":"es_ES","og_type":"article","og_title":"Recurso Confiable &#8212; Marketplace Navixy","og_description":"Recurso Confiable transmita datos desde dispositivos de seguimiento GPS a cualquier servidor externo en tiempo real.","og_url":"https:\/\/marketplace.navixy.com\/es\/shop\/recurso-confiable\/","og_site_name":"Marketplace Navixy","article_modified_time":"2020-12-03T04:47:49+00:00","og_image":[{"width":300,"height":300,"url":"https:\/\/marketplace.navixy.com\/wp-content\/uploads\/2020\/04\/recurso.png","type":"image\/png"}],"twitter_card":"summary_large_image","schema":{"@context":"https:\/\/schema.org","@graph":[{"@type":"WebPage","@id":"https:\/\/marketplace.navixy.com\/es\/shop\/recurso-confiable\/","url":"https:\/\/marketplace.navixy.com\/es\/shop\/recurso-confiable\/","name":"Recurso Confiable &#8212; Marketplace Navixy","isPartOf":{"@id":"https:\/\/marketplace.navixy.com\/es\/#website"},"primaryImageOfPage":{"@id":"https:\/\/marketplace.navixy.com\/es\/shop\/recurso-confiable\/#primaryimage"},"image":{"@id":"https:\/\/marketplace.navixy.com\/es\/shop\/recurso-confiable\/#primaryimage"},"thumbnailUrl":"https:\/\/marketplace.navixy.com\/wp-content\/uploads\/2020\/04\/recurso.png","datePublished":"2020-04-01T07:23:58+00:00","dateModified":"2020-12-03T04:47:49+00:00","description":"Recurso Confiable transmita datos desde dispositivos de seguimiento GPS a cualquier servidor externo en tiempo real.","breadcrumb":{"@id":"https:\/\/marketplace.navixy.com\/es\/shop\/recurso-confiable\/#breadcrumb"},"inLanguage":"es","potentialAction":[{"@type":"ReadAction","target":["https:\/\/marketplace.navixy.com\/es\/shop\/recurso-confiable\/"]}]},{"@type":"ImageObject","inLanguage":"es","@id":"https:\/\/marketplace.navixy.com\/es\/shop\/recurso-confiable\/#primaryimage","url":"https:\/\/marketplace.navixy.com\/wp-content\/uploads\/2020\/04\/recurso.png","contentUrl":"https:\/\/marketplace.navixy.com\/wp-content\/uploads\/2020\/04\/recurso.png","width":300,"height":300},{"@type":"BreadcrumbList","@id":"https:\/\/marketplace.navixy.com\/es\/shop\/recurso-confiable\/#breadcrumb","itemListElement":[{"@type":"ListItem","position":1,"name":"\u0413\u043b\u0430\u0432\u043d\u0430\u044f \u0441\u0442\u0440\u0430\u043d\u0438\u0446\u0430","item":"https:\/\/marketplace.navixy.com\/es\/"},{"@type":"ListItem","position":2,"name":"Marketplace Navixy","item":"https:\/\/marketplace.navixy.com\/es\/"},{"@type":"ListItem","position":3,"name":"Recurso Confiable"}]},{"@type":"WebSite","@id":"https:\/\/marketplace.navixy.com\/es\/#website","url":"https:\/\/marketplace.navixy.com\/es\/","name":"Marketplace Navixy","description":"Marketplace Navixy","potentialAction":[{"@type":"SearchAction","target":{"@type":"EntryPoint","urlTemplate":"https:\/\/marketplace.navixy.com\/es\/?s={search_term_string}"},"query-input":{"@type":"PropertyValueSpecification","valueRequired":true,"valueName":"search_term_string"}}],"inLanguage":"es"}]}},"_links":{"self":[{"href":"https:\/\/marketplace.navixy.com\/es\/wp-json\/wp\/v2\/product\/1483","targetHints":{"allow":["GET"]}}],"collection":[{"href":"https:\/\/marketplace.navixy.com\/es\/wp-json\/wp\/v2\/product"}],"about":[{"href":"https:\/\/marketplace.navixy.com\/es\/wp-json\/wp\/v2\/types\/product"}],"wp:featuredmedia":[{"embeddable":true,"href":"https:\/\/marketplace.navixy.com\/es\/wp-json\/wp\/v2\/media\/1164"}],"wp:attachment":[{"href":"https:\/\/marketplace.navixy.com\/es\/wp-json\/wp\/v2\/media?parent=1483"}],"wp:term":[{"taxonomy":"product_brand","embeddable":true,"href":"https:\/\/marketplace.navixy.com\/es\/wp-json\/wp\/v2\/product_brand?post=1483"},{"taxonomy":"product_cat","embeddable":true,"href":"https:\/\/marketplace.navixy.com\/es\/wp-json\/wp\/v2\/product_cat?post=1483"},{"taxonomy":"product_tag","embeddable":true,"href":"https:\/\/marketplace.navixy.com\/es\/wp-json\/wp\/v2\/product_tag?post=1483"}],"curies":[{"name":"wp","href":"https:\/\/api.w.org\/{rel}","templated":true}]}}