{"id":1456,"date":"2020-04-30T08:17:14","date_gmt":"2020-04-30T05:17:14","guid":{"rendered":"https:\/\/marketplace.navixy.com\/shop\/driver-journal\/"},"modified":"2020-12-08T12:50:26","modified_gmt":"2020-12-08T09:50:26","slug":"driver-journal","status":"publish","type":"product","link":"https:\/\/marketplace.navixy.com\/es\/shop\/driver-journal\/","title":{"rendered":"Diario del conductor"},"content":{"rendered":"<div class=\"wpb-content-wrapper\"><p>[vc_row][vc_column][vc_tta_tabs][vc_tta_section title=\u00bbDescripci\u00f3n\u00bb tab_id=\u00bbdescription\u00bb][vc_column_text]<span style=\"font-weight: 400;\">El \u201cDiario del conductor\u201d registra todos los recorridos realizados con un veh\u00edculo durante un per\u00edodo de tiempo especificado y los agrupa seg\u00fan sus estados, indicando si es uso laboral, personal u otro.<\/span><\/p>\n<p><span style=\"font-weight: 400;\">Esto lo ayudar\u00e1 a optimizar los costos operativos de su flotilla de veh\u00edculos, detectando f\u00e1cilmente viajes privados durante el turno y solicitando el reembolso del kilometraje de forma m\u00e1s precisa.<\/span><\/p>\n<p><span style=\"font-weight: 400;\">Los usuarios pueden elegir si quieren obtener un resumen de recorridos de cualquier conductor con todos los estados o filtrar la informaci\u00f3n seleccionando s\u00f3lo los m\u00e1s importantes.<\/span><\/p>\n<p><span style=\"font-weight: 400;\">Los datos recibidos se pueden descargar en formato PDF\/Excel y\/o imprimir directamente desde el sistema.<\/span>[\/vc_column_text][vc_column_text]<div style=\"width: 750px;\" class=\"wp-video\"><video class=\"wp-video-shortcode\" id=\"video-1456-1\" width=\"750\" height=\"416\" preload=\"metadata\" controls=\"controls\"><source type=\"video\/mp4\" src=\"https:\/\/marketplace.navixy.com\/wp-content\/uploads\/2020\/04\/navixy_driver_journal_drag_and_drop_gif-1.mp4?_=1\" \/><a href=\"https:\/\/marketplace.navixy.com\/wp-content\/uploads\/2020\/04\/navixy_driver_journal_drag_and_drop_gif-1.mp4\">https:\/\/marketplace.navixy.com\/wp-content\/uploads\/2020\/04\/navixy_driver_journal_drag_and_drop_gif-1.mp4<\/a><\/video><\/div>[\/vc_column_text][\/vc_tta_section][vc_tta_section title=\u00bbUso\u00bb tab_id=\u00bbuse\u00bb][vc_column_text]<span style=\"font-weight: 400;\">Para ver y rellenar el \u201cDiario del conductor\u201d:<\/span><\/p>\n<ol>\n<li><span style=\"font-weight: 400;\">Vaya a la aplicaci\u00f3n de \u201cGesti\u00f3n de flotas\u201d y seleccione la pesta\u00f1a \u201cDiario del conductor\u201d.<\/span><\/li>\n<li><span style=\"font-weight: 400;\">Seleccione un conductor y las fechas necesarias.<\/span><\/li>\n<li><span style=\"font-weight: 400;\">En el lado izquierdo de la pantalla, ver\u00e1 los viajes realizados.<\/span><\/li>\n<li><span style=\"font-weight: 400;\">Al arrastrar los recorridos al diario, puede establecer el prop\u00f3sito del viaje (Negocios, Privado, Otro).<\/span><\/li>\n<\/ol>\n<p>[\/vc_column_text][\/vc_tta_section][\/vc_tta_tabs][\/vc_column][\/vc_row]<\/p>\n<\/div>","protected":false},"excerpt":{"rendered":"<p><span style=\"font-weight: 400;\">Mantenga organizados los recorridos de sus conductores para ahorrar dinero y aumentar la disciplina.<\/span><\/p>\n","protected":false},"featured_media":1266,"template":"","meta":[],"product_brand":[],"product_cat":[99],"product_tag":[153],"class_list":{"0":"post-1456","1":"product","2":"type-product","3":"status-publish","4":"has-post-thumbnail","6":"product_cat-gestion-de-flotas","7":"product_tag-driver-management-es","9":"first","10":"instock","11":"shipping-taxable","12":"product-type-simple"},"yoast_head":"\n<title>Diario del conductor &#8212; Marketplace Navixy<\/title>\n<meta name=\"description\" content=\"Mantenga organizados los recorridos de sus conductores para ahorrar dinero y aumentar la disciplina.\" \/>\n<meta name=\"robots\" content=\"index, follow, max-snippet:-1, max-image-preview:large, max-video-preview:-1\" \/>\n<link rel=\"canonical\" href=\"https:\/\/marketplace.navixy.com\/es\/shop\/driver-journal\/\" \/>\n<meta property=\"og:locale\" content=\"es_ES\" \/>\n<meta property=\"og:type\" content=\"article\" \/>\n<meta property=\"og:title\" content=\"Diario del conductor &#8212; Marketplace Navixy\" \/>\n<meta property=\"og:description\" content=\"Mantenga organizados los recorridos de sus conductores para ahorrar dinero y aumentar la disciplina.\" \/>\n<meta property=\"og:url\" content=\"https:\/\/marketplace.navixy.com\/es\/shop\/driver-journal\/\" \/>\n<meta property=\"og:site_name\" content=\"Marketplace Navixy\" \/>\n<meta property=\"article:modified_time\" content=\"2020-12-08T09:50:26+00:00\" \/>\n<meta property=\"og:image\" content=\"https:\/\/marketplace.navixy.com\/wp-content\/uploads\/2020\/04\/zhurnal-voditelya.png\" \/>\n\t<meta property=\"og:image:width\" content=\"300\" \/>\n\t<meta property=\"og:image:height\" content=\"300\" \/>\n\t<meta property=\"og:image:type\" content=\"image\/png\" \/>\n<meta name=\"twitter:card\" content=\"summary_large_image\" \/>\n<script type=\"application\/ld+json\" class=\"yoast-schema-graph\">{\"@context\":\"https:\/\/schema.org\",\"@graph\":[{\"@type\":\"WebPage\",\"@id\":\"https:\/\/marketplace.navixy.com\/es\/shop\/driver-journal\/\",\"url\":\"https:\/\/marketplace.navixy.com\/es\/shop\/driver-journal\/\",\"name\":\"Diario del conductor &#8212; Marketplace Navixy\",\"isPartOf\":{\"@id\":\"https:\/\/marketplace.navixy.com\/es\/#website\"},\"primaryImageOfPage\":{\"@id\":\"https:\/\/marketplace.navixy.com\/es\/shop\/driver-journal\/#primaryimage\"},\"image\":{\"@id\":\"https:\/\/marketplace.navixy.com\/es\/shop\/driver-journal\/#primaryimage\"},\"thumbnailUrl\":\"https:\/\/marketplace.navixy.com\/wp-content\/uploads\/2020\/04\/zhurnal-voditelya.png\",\"datePublished\":\"2020-04-30T05:17:14+00:00\",\"dateModified\":\"2020-12-08T09:50:26+00:00\",\"description\":\"Mantenga organizados los recorridos de sus conductores para ahorrar dinero y aumentar la disciplina.\",\"breadcrumb\":{\"@id\":\"https:\/\/marketplace.navixy.com\/es\/shop\/driver-journal\/#breadcrumb\"},\"inLanguage\":\"es\",\"potentialAction\":[{\"@type\":\"ReadAction\",\"target\":[\"https:\/\/marketplace.navixy.com\/es\/shop\/driver-journal\/\"]}]},{\"@type\":\"ImageObject\",\"inLanguage\":\"es\",\"@id\":\"https:\/\/marketplace.navixy.com\/es\/shop\/driver-journal\/#primaryimage\",\"url\":\"https:\/\/marketplace.navixy.com\/wp-content\/uploads\/2020\/04\/zhurnal-voditelya.png\",\"contentUrl\":\"https:\/\/marketplace.navixy.com\/wp-content\/uploads\/2020\/04\/zhurnal-voditelya.png\",\"width\":300,\"height\":300},{\"@type\":\"BreadcrumbList\",\"@id\":\"https:\/\/marketplace.navixy.com\/es\/shop\/driver-journal\/#breadcrumb\",\"itemListElement\":[{\"@type\":\"ListItem\",\"position\":1,\"name\":\"\u0413\u043b\u0430\u0432\u043d\u0430\u044f \u0441\u0442\u0440\u0430\u043d\u0438\u0446\u0430\",\"item\":\"https:\/\/marketplace.navixy.com\/es\/\"},{\"@type\":\"ListItem\",\"position\":2,\"name\":\"Marketplace Navixy\",\"item\":\"https:\/\/marketplace.navixy.com\/es\/\"},{\"@type\":\"ListItem\",\"position\":3,\"name\":\"Diario del conductor\"}]},{\"@type\":\"WebSite\",\"@id\":\"https:\/\/marketplace.navixy.com\/es\/#website\",\"url\":\"https:\/\/marketplace.navixy.com\/es\/\",\"name\":\"Marketplace Navixy\",\"description\":\"Marketplace Navixy\",\"potentialAction\":[{\"@type\":\"SearchAction\",\"target\":{\"@type\":\"EntryPoint\",\"urlTemplate\":\"https:\/\/marketplace.navixy.com\/es\/?s={search_term_string}\"},\"query-input\":{\"@type\":\"PropertyValueSpecification\",\"valueRequired\":true,\"valueName\":\"search_term_string\"}}],\"inLanguage\":\"es\"}]}<\/script>\n","yoast_head_json":{"title":"Diario del conductor &#8212; Marketplace Navixy","description":"Mantenga organizados los recorridos de sus conductores para ahorrar dinero y aumentar la disciplina.","robots":{"index":"index","follow":"follow","max-snippet":"max-snippet:-1","max-image-preview":"max-image-preview:large","max-video-preview":"max-video-preview:-1"},"canonical":"https:\/\/marketplace.navixy.com\/es\/shop\/driver-journal\/","og_locale":"es_ES","og_type":"article","og_title":"Diario del conductor &#8212; Marketplace Navixy","og_description":"Mantenga organizados los recorridos de sus conductores para ahorrar dinero y aumentar la disciplina.","og_url":"https:\/\/marketplace.navixy.com\/es\/shop\/driver-journal\/","og_site_name":"Marketplace Navixy","article_modified_time":"2020-12-08T09:50:26+00:00","og_image":[{"width":300,"height":300,"url":"https:\/\/marketplace.navixy.com\/wp-content\/uploads\/2020\/04\/zhurnal-voditelya.png","type":"image\/png"}],"twitter_card":"summary_large_image","schema":{"@context":"https:\/\/schema.org","@graph":[{"@type":"WebPage","@id":"https:\/\/marketplace.navixy.com\/es\/shop\/driver-journal\/","url":"https:\/\/marketplace.navixy.com\/es\/shop\/driver-journal\/","name":"Diario del conductor &#8212; Marketplace Navixy","isPartOf":{"@id":"https:\/\/marketplace.navixy.com\/es\/#website"},"primaryImageOfPage":{"@id":"https:\/\/marketplace.navixy.com\/es\/shop\/driver-journal\/#primaryimage"},"image":{"@id":"https:\/\/marketplace.navixy.com\/es\/shop\/driver-journal\/#primaryimage"},"thumbnailUrl":"https:\/\/marketplace.navixy.com\/wp-content\/uploads\/2020\/04\/zhurnal-voditelya.png","datePublished":"2020-04-30T05:17:14+00:00","dateModified":"2020-12-08T09:50:26+00:00","description":"Mantenga organizados los recorridos de sus conductores para ahorrar dinero y aumentar la disciplina.","breadcrumb":{"@id":"https:\/\/marketplace.navixy.com\/es\/shop\/driver-journal\/#breadcrumb"},"inLanguage":"es","potentialAction":[{"@type":"ReadAction","target":["https:\/\/marketplace.navixy.com\/es\/shop\/driver-journal\/"]}]},{"@type":"ImageObject","inLanguage":"es","@id":"https:\/\/marketplace.navixy.com\/es\/shop\/driver-journal\/#primaryimage","url":"https:\/\/marketplace.navixy.com\/wp-content\/uploads\/2020\/04\/zhurnal-voditelya.png","contentUrl":"https:\/\/marketplace.navixy.com\/wp-content\/uploads\/2020\/04\/zhurnal-voditelya.png","width":300,"height":300},{"@type":"BreadcrumbList","@id":"https:\/\/marketplace.navixy.com\/es\/shop\/driver-journal\/#breadcrumb","itemListElement":[{"@type":"ListItem","position":1,"name":"\u0413\u043b\u0430\u0432\u043d\u0430\u044f \u0441\u0442\u0440\u0430\u043d\u0438\u0446\u0430","item":"https:\/\/marketplace.navixy.com\/es\/"},{"@type":"ListItem","position":2,"name":"Marketplace Navixy","item":"https:\/\/marketplace.navixy.com\/es\/"},{"@type":"ListItem","position":3,"name":"Diario del conductor"}]},{"@type":"WebSite","@id":"https:\/\/marketplace.navixy.com\/es\/#website","url":"https:\/\/marketplace.navixy.com\/es\/","name":"Marketplace Navixy","description":"Marketplace Navixy","potentialAction":[{"@type":"SearchAction","target":{"@type":"EntryPoint","urlTemplate":"https:\/\/marketplace.navixy.com\/es\/?s={search_term_string}"},"query-input":{"@type":"PropertyValueSpecification","valueRequired":true,"valueName":"search_term_string"}}],"inLanguage":"es"}]}},"_links":{"self":[{"href":"https:\/\/marketplace.navixy.com\/es\/wp-json\/wp\/v2\/product\/1456","targetHints":{"allow":["GET"]}}],"collection":[{"href":"https:\/\/marketplace.navixy.com\/es\/wp-json\/wp\/v2\/product"}],"about":[{"href":"https:\/\/marketplace.navixy.com\/es\/wp-json\/wp\/v2\/types\/product"}],"wp:featuredmedia":[{"embeddable":true,"href":"https:\/\/marketplace.navixy.com\/es\/wp-json\/wp\/v2\/media\/1266"}],"wp:attachment":[{"href":"https:\/\/marketplace.navixy.com\/es\/wp-json\/wp\/v2\/media?parent=1456"}],"wp:term":[{"taxonomy":"product_brand","embeddable":true,"href":"https:\/\/marketplace.navixy.com\/es\/wp-json\/wp\/v2\/product_brand?post=1456"},{"taxonomy":"product_cat","embeddable":true,"href":"https:\/\/marketplace.navixy.com\/es\/wp-json\/wp\/v2\/product_cat?post=1456"},{"taxonomy":"product_tag","embeddable":true,"href":"https:\/\/marketplace.navixy.com\/es\/wp-json\/wp\/v2\/product_tag?post=1456"}],"curies":[{"name":"wp","href":"https:\/\/api.w.org\/{rel}","templated":true}]}}