{"id":1433,"date":"2020-04-29T10:50:23","date_gmt":"2020-04-29T07:50:23","guid":{"rendered":"https:\/\/marketplace.navixy.com\/shop\/ddd-file-download\/"},"modified":"2024-06-04T08:10:08","modified_gmt":"2024-06-04T05:10:08","slug":"ddd-file-download","status":"publish","type":"product","link":"https:\/\/marketplace.navixy.com\/es\/shop\/ddd-file-download\/","title":{"rendered":"Descarga remota de datos del tac\u00f3grafo"},"content":{"rendered":"<div class=\"wpb-content-wrapper\"><p>[vc_row][vc_column][vc_tta_tabs][vc_tta_section title=\u00bbDESCRIPCI\u00d3N\u00bb tab_id=\u00bbdescription\u00bb][vc_column_text]<span style=\"font-weight: 400;\">Navixy le permite descargar de forma remota los archivos DDD desde tac\u00f3grafos y tarjetas de conductores. Nuestro sistema enviar\u00e1 estos archivos a su correo electr\u00f3nico para que pueda almacenarlos en su PC o en la nube. Los archivos de tac\u00f3grafo permiten controlar:<\/span><\/p>\n<ol>\n<li style=\"font-weight: 400;\"><span style=\"font-weight: 400;\">los horarios de trabajo y descanso,<\/span><\/li>\n<li style=\"font-weight: 400;\"><span style=\"font-weight: 400;\">las violaciones del uso del tac\u00f3grafo.<\/span><\/li>\n<\/ol>\n<p><span style=\"font-weight: 400;\">La descarga remota hace que trabajar con un tac\u00f3grafo sea sencillo. Esta funci\u00f3n le ahorrar\u00e1 una gran cantidad de tiempo a usted y a sus empleados. A partir de ahora, en vez de buscar alguna computadora port\u00e1til para transferir los datos al sistema de monitoreo, sus conductores podr\u00e1n concentrarse en la conducci\u00f3n del veh\u00edculo.<\/span>[\/vc_column_text][\/vc_tta_section][vc_tta_section title=\u00bbUso\u00bb tab_id=\u00bbuse\u00bb][vc_column_text]<span style=\"font-weight: 400;\">Para descargar los archivos DDD de su tac\u00f3grafo, siga estos pasos<\/span><\/p>\n<ol>\n<li style=\"font-weight: 400;\"><span style=\"font-weight: 400;\">P\u00eddale a su gerente de la cuenta de Navixy que le proporcione el programa TachoAuthClient.<\/span><\/li>\n<li style=\"font-weight: 400;\"><span style=\"font-weight: 400;\">Instale el programa en su PC y conecte su tarjeta de empresa.<\/span><\/li>\n<li style=\"font-weight: 400;\"><span style=\"font-weight: 400;\">En la plataforma, en el men\u00fa Dispositivos, especifique el n\u00famero de su tarjeta de empresa en el portlet \u201cConfiguraci\u00f3n de descarga remota\u201d y seleccione el intervalo de datos.<\/span><\/li>\n<li style=\"font-weight: 400;\"><span style=\"font-weight: 400;\">Especifique el correo electr\u00f3nico al que se deben enviar los archivos.<\/span><\/li>\n<li style=\"font-weight: 400;\"><span style=\"font-weight: 400;\">En el portlet de comandos de descarga de archivos DDD, seleccione qu\u00e9 archivos deben descargarse y enviarse.<\/span><\/li>\n<li style=\"font-weight: 400;\"><span style=\"font-weight: 400;\">La descarga de archivos puede demorar hasta 15 minutos.<\/span><\/li>\n<\/ol>\n<p>[\/vc_column_text][\/vc_tta_section][\/vc_tta_tabs][\/vc_column][\/vc_row]<\/p>\n<\/div>","protected":false},"excerpt":{"rendered":"<p><span style=\"font-weight: 400;\">Descargue archivos DDD directamente desde la plataforma<\/span><\/p>\n","protected":false},"featured_media":1224,"template":"","meta":[],"product_brand":[],"product_cat":[99],"product_tag":[106],"class_list":{"0":"post-1433","1":"product","2":"type-product","3":"status-publish","4":"has-post-thumbnail","6":"product_cat-gestion-de-flotas","7":"product_tag-tacografos","9":"first","10":"instock","11":"shipping-taxable","12":"product-type-simple"},"yoast_head":"\n<title>Descarga remota de datos del tac\u00f3grafo &#8212; Marketplace Navixy<\/title>\n<meta name=\"description\" content=\"Descargue archivos DDD directamente desde la plataforma\" \/>\n<meta name=\"robots\" content=\"index, follow, max-snippet:-1, max-image-preview:large, max-video-preview:-1\" \/>\n<link rel=\"canonical\" href=\"https:\/\/marketplace.navixy.com\/es\/shop\/ddd-file-download\/\" \/>\n<meta property=\"og:locale\" content=\"es_ES\" \/>\n<meta property=\"og:type\" content=\"article\" \/>\n<meta property=\"og:title\" content=\"Descarga remota de datos del tac\u00f3grafo &#8212; Marketplace Navixy\" \/>\n<meta property=\"og:description\" content=\"Descargue archivos DDD directamente desde la plataforma\" \/>\n<meta property=\"og:url\" content=\"https:\/\/marketplace.navixy.com\/es\/shop\/ddd-file-download\/\" \/>\n<meta property=\"og:site_name\" content=\"Marketplace Navixy\" \/>\n<meta property=\"article:modified_time\" content=\"2024-06-04T05:10:08+00:00\" \/>\n<meta property=\"og:image\" content=\"https:\/\/marketplace.navixy.com\/wp-content\/uploads\/2020\/04\/zagruzka-ddd-fajlov-2.png\" \/>\n\t<meta property=\"og:image:width\" content=\"300\" \/>\n\t<meta property=\"og:image:height\" content=\"300\" \/>\n\t<meta property=\"og:image:type\" content=\"image\/png\" \/>\n<meta name=\"twitter:card\" content=\"summary_large_image\" \/>\n<script type=\"application\/ld+json\" class=\"yoast-schema-graph\">{\"@context\":\"https:\/\/schema.org\",\"@graph\":[{\"@type\":\"WebPage\",\"@id\":\"https:\/\/marketplace.navixy.com\/es\/shop\/ddd-file-download\/\",\"url\":\"https:\/\/marketplace.navixy.com\/es\/shop\/ddd-file-download\/\",\"name\":\"Descarga remota de datos del tac\u00f3grafo &#8212; Marketplace Navixy\",\"isPartOf\":{\"@id\":\"https:\/\/marketplace.navixy.com\/es\/#website\"},\"primaryImageOfPage\":{\"@id\":\"https:\/\/marketplace.navixy.com\/es\/shop\/ddd-file-download\/#primaryimage\"},\"image\":{\"@id\":\"https:\/\/marketplace.navixy.com\/es\/shop\/ddd-file-download\/#primaryimage\"},\"thumbnailUrl\":\"https:\/\/marketplace.navixy.com\/wp-content\/uploads\/2020\/04\/zagruzka-ddd-fajlov-2.png\",\"datePublished\":\"2020-04-29T07:50:23+00:00\",\"dateModified\":\"2024-06-04T05:10:08+00:00\",\"description\":\"Descargue archivos DDD directamente desde la plataforma\",\"breadcrumb\":{\"@id\":\"https:\/\/marketplace.navixy.com\/es\/shop\/ddd-file-download\/#breadcrumb\"},\"inLanguage\":\"es\",\"potentialAction\":[{\"@type\":\"ReadAction\",\"target\":[\"https:\/\/marketplace.navixy.com\/es\/shop\/ddd-file-download\/\"]}]},{\"@type\":\"ImageObject\",\"inLanguage\":\"es\",\"@id\":\"https:\/\/marketplace.navixy.com\/es\/shop\/ddd-file-download\/#primaryimage\",\"url\":\"https:\/\/marketplace.navixy.com\/wp-content\/uploads\/2020\/04\/zagruzka-ddd-fajlov-2.png\",\"contentUrl\":\"https:\/\/marketplace.navixy.com\/wp-content\/uploads\/2020\/04\/zagruzka-ddd-fajlov-2.png\",\"width\":300,\"height\":300},{\"@type\":\"BreadcrumbList\",\"@id\":\"https:\/\/marketplace.navixy.com\/es\/shop\/ddd-file-download\/#breadcrumb\",\"itemListElement\":[{\"@type\":\"ListItem\",\"position\":1,\"name\":\"\u0413\u043b\u0430\u0432\u043d\u0430\u044f \u0441\u0442\u0440\u0430\u043d\u0438\u0446\u0430\",\"item\":\"https:\/\/marketplace.navixy.com\/es\/\"},{\"@type\":\"ListItem\",\"position\":2,\"name\":\"Marketplace Navixy\",\"item\":\"https:\/\/marketplace.navixy.com\/es\/\"},{\"@type\":\"ListItem\",\"position\":3,\"name\":\"Descarga remota de datos del tac\u00f3grafo\"}]},{\"@type\":\"WebSite\",\"@id\":\"https:\/\/marketplace.navixy.com\/es\/#website\",\"url\":\"https:\/\/marketplace.navixy.com\/es\/\",\"name\":\"Marketplace Navixy\",\"description\":\"Marketplace Navixy\",\"potentialAction\":[{\"@type\":\"SearchAction\",\"target\":{\"@type\":\"EntryPoint\",\"urlTemplate\":\"https:\/\/marketplace.navixy.com\/es\/?s={search_term_string}\"},\"query-input\":{\"@type\":\"PropertyValueSpecification\",\"valueRequired\":true,\"valueName\":\"search_term_string\"}}],\"inLanguage\":\"es\"}]}<\/script>\n","yoast_head_json":{"title":"Descarga remota de datos del tac\u00f3grafo &#8212; Marketplace Navixy","description":"Descargue archivos DDD directamente desde la plataforma","robots":{"index":"index","follow":"follow","max-snippet":"max-snippet:-1","max-image-preview":"max-image-preview:large","max-video-preview":"max-video-preview:-1"},"canonical":"https:\/\/marketplace.navixy.com\/es\/shop\/ddd-file-download\/","og_locale":"es_ES","og_type":"article","og_title":"Descarga remota de datos del tac\u00f3grafo &#8212; Marketplace Navixy","og_description":"Descargue archivos DDD directamente desde la plataforma","og_url":"https:\/\/marketplace.navixy.com\/es\/shop\/ddd-file-download\/","og_site_name":"Marketplace Navixy","article_modified_time":"2024-06-04T05:10:08+00:00","og_image":[{"width":300,"height":300,"url":"https:\/\/marketplace.navixy.com\/wp-content\/uploads\/2020\/04\/zagruzka-ddd-fajlov-2.png","type":"image\/png"}],"twitter_card":"summary_large_image","schema":{"@context":"https:\/\/schema.org","@graph":[{"@type":"WebPage","@id":"https:\/\/marketplace.navixy.com\/es\/shop\/ddd-file-download\/","url":"https:\/\/marketplace.navixy.com\/es\/shop\/ddd-file-download\/","name":"Descarga remota de datos del tac\u00f3grafo &#8212; Marketplace Navixy","isPartOf":{"@id":"https:\/\/marketplace.navixy.com\/es\/#website"},"primaryImageOfPage":{"@id":"https:\/\/marketplace.navixy.com\/es\/shop\/ddd-file-download\/#primaryimage"},"image":{"@id":"https:\/\/marketplace.navixy.com\/es\/shop\/ddd-file-download\/#primaryimage"},"thumbnailUrl":"https:\/\/marketplace.navixy.com\/wp-content\/uploads\/2020\/04\/zagruzka-ddd-fajlov-2.png","datePublished":"2020-04-29T07:50:23+00:00","dateModified":"2024-06-04T05:10:08+00:00","description":"Descargue archivos DDD directamente desde la plataforma","breadcrumb":{"@id":"https:\/\/marketplace.navixy.com\/es\/shop\/ddd-file-download\/#breadcrumb"},"inLanguage":"es","potentialAction":[{"@type":"ReadAction","target":["https:\/\/marketplace.navixy.com\/es\/shop\/ddd-file-download\/"]}]},{"@type":"ImageObject","inLanguage":"es","@id":"https:\/\/marketplace.navixy.com\/es\/shop\/ddd-file-download\/#primaryimage","url":"https:\/\/marketplace.navixy.com\/wp-content\/uploads\/2020\/04\/zagruzka-ddd-fajlov-2.png","contentUrl":"https:\/\/marketplace.navixy.com\/wp-content\/uploads\/2020\/04\/zagruzka-ddd-fajlov-2.png","width":300,"height":300},{"@type":"BreadcrumbList","@id":"https:\/\/marketplace.navixy.com\/es\/shop\/ddd-file-download\/#breadcrumb","itemListElement":[{"@type":"ListItem","position":1,"name":"\u0413\u043b\u0430\u0432\u043d\u0430\u044f \u0441\u0442\u0440\u0430\u043d\u0438\u0446\u0430","item":"https:\/\/marketplace.navixy.com\/es\/"},{"@type":"ListItem","position":2,"name":"Marketplace Navixy","item":"https:\/\/marketplace.navixy.com\/es\/"},{"@type":"ListItem","position":3,"name":"Descarga remota de datos del tac\u00f3grafo"}]},{"@type":"WebSite","@id":"https:\/\/marketplace.navixy.com\/es\/#website","url":"https:\/\/marketplace.navixy.com\/es\/","name":"Marketplace Navixy","description":"Marketplace Navixy","potentialAction":[{"@type":"SearchAction","target":{"@type":"EntryPoint","urlTemplate":"https:\/\/marketplace.navixy.com\/es\/?s={search_term_string}"},"query-input":{"@type":"PropertyValueSpecification","valueRequired":true,"valueName":"search_term_string"}}],"inLanguage":"es"}]}},"_links":{"self":[{"href":"https:\/\/marketplace.navixy.com\/es\/wp-json\/wp\/v2\/product\/1433","targetHints":{"allow":["GET"]}}],"collection":[{"href":"https:\/\/marketplace.navixy.com\/es\/wp-json\/wp\/v2\/product"}],"about":[{"href":"https:\/\/marketplace.navixy.com\/es\/wp-json\/wp\/v2\/types\/product"}],"wp:featuredmedia":[{"embeddable":true,"href":"https:\/\/marketplace.navixy.com\/es\/wp-json\/wp\/v2\/media\/1224"}],"wp:attachment":[{"href":"https:\/\/marketplace.navixy.com\/es\/wp-json\/wp\/v2\/media?parent=1433"}],"wp:term":[{"taxonomy":"product_brand","embeddable":true,"href":"https:\/\/marketplace.navixy.com\/es\/wp-json\/wp\/v2\/product_brand?post=1433"},{"taxonomy":"product_cat","embeddable":true,"href":"https:\/\/marketplace.navixy.com\/es\/wp-json\/wp\/v2\/product_cat?post=1433"},{"taxonomy":"product_tag","embeddable":true,"href":"https:\/\/marketplace.navixy.com\/es\/wp-json\/wp\/v2\/product_tag?post=1433"}],"curies":[{"name":"wp","href":"https:\/\/api.w.org\/{rel}","templated":true}]}}