{"id":1431,"date":"2020-04-29T11:56:27","date_gmt":"2020-04-29T08:56:27","guid":{"rendered":"https:\/\/marketplace.navixy.com\/shop\/time-machine\/"},"modified":"2020-12-08T13:12:31","modified_gmt":"2020-12-08T10:12:31","slug":"time-machine","status":"publish","type":"product","link":"https:\/\/marketplace.navixy.com\/es\/shop\/time-machine\/","title":{"rendered":"M\u00e1quina del tiempo"},"content":{"rendered":"<div class=\"wpb-content-wrapper\"><p>[vc_row][vc_column][vc_tta_tabs][vc_tta_section title=\u00bbDESCRIPCI\u00d3N\u00bb tab_id=\u00bbdescription\u00bb][vc_column_text]<span style=\"font-weight: 400;\">No siempre es posible controlar los movimientos de los objetos en l\u00ednea. Para \u201cretroceder en el tiempo\u00bb y reproducir las rutas pasadas en un ritmo normal o acelerado, use la funci\u00f3n de \u201cm\u00e1quina del tiempo\u00bb. Reproduzca rutas y siga sus objetos en el mapa.<\/span>[\/vc_column_text][vc_single_image image=\u00bb1346&#8243; img_size=\u00bbmedium\u00bb alignment=\u00bbcenter\u00bb onclick=\u00bblink_image\u00bb][\/vc_tta_section][vc_tta_section title=\u00bbUso\u00bb tab_id=\u00bbuse\u00bb][vc_column_text]<\/p>\n<div class=\"wpb_text_column wpb_content_element \">\n<div class=\"wpb_wrapper\">\n<p><span style=\"font-weight: 400;\">Para ver los desplazamientos y eventos pasados de sus objetos:<\/span><\/p>\n<ol>\n<li style=\"font-weight: 400;\"><span style=\"font-weight: 400;\">Inicie sesi\u00f3n en su plataforma de monitoreo.<\/span><\/li>\n<li style=\"font-weight: 400;\"><span style=\"font-weight: 400;\">Seleccione los activos de la lista de objetos. Puede elegir solo uno o seleccionar m\u00faltiples.<\/span><\/li>\n<li style=\"font-weight: 400;\"><span style=\"font-weight: 400;\">Haga clic en el bot\u00f3n \u201cM\u00e1quina del tiempo\u201d debajo de la lista. Puede encontrarlo al lado de los botones Recorridos y Eventos.<\/span><\/li>\n<li style=\"font-weight: 400;\"><span style=\"font-weight: 400;\">Seleccione la fecha que desea reproducir. Tambi\u00e9n puede configurar varias opciones, como la velocidad de reproducci\u00f3n, mostrar recorridos y eventos en el mapa, etc.<\/span><\/li>\n<li style=\"font-weight: 400;\"><span style=\"font-weight: 400;\">Haga clic en el bot\u00f3n Reproducir. Usted ver\u00e1 los desplazamientos animados de sus unidades, mientras que el cursor en la parte inferior le mostrar\u00e1 la hora del d\u00eda seleccionado.<\/span><\/li>\n<li style=\"font-weight: 400;\"><span style=\"font-weight: 400;\">Para salir de la herramienta, haga clic en el bot\u00f3n \u201dRegreso al futuro\u201d que se encuentra en la esquina superior derecha del panel inferior.<\/span><\/li>\n<\/ol>\n<\/div>\n<\/div>\n<p>[\/vc_column_text][\/vc_tta_section][\/vc_tta_tabs][\/vc_column][\/vc_row]<\/p>\n<\/div>","protected":false},"excerpt":{"rendered":"<p><span style=\"font-weight: 400;\">Reproduzca el historial de desplazamientos de sus activos para cualquier fecha elegida, como si viajara en el pasado.<\/span><\/p>\n","protected":false},"featured_media":1251,"template":"","meta":[],"product_brand":[],"product_cat":[94],"product_tag":[156],"class_list":{"0":"post-1431","1":"product","2":"type-product","3":"status-publish","4":"has-post-thumbnail","6":"product_cat-seguimiento-de-activos-gps","7":"product_tag-monitoring-es","9":"first","10":"instock","11":"shipping-taxable","12":"product-type-simple"},"yoast_head":"\n<title>M\u00e1quina del tiempo &#8212; Marketplace Navixy<\/title>\n<meta name=\"description\" content=\"Reproduzca el historial de desplazamientos de sus activos para cualquier fecha elegida, como si viajara en el pasado.\" \/>\n<meta name=\"robots\" content=\"index, follow, max-snippet:-1, max-image-preview:large, max-video-preview:-1\" \/>\n<link rel=\"canonical\" href=\"https:\/\/marketplace.navixy.com\/es\/shop\/time-machine\/\" \/>\n<meta property=\"og:locale\" content=\"es_ES\" \/>\n<meta property=\"og:type\" content=\"article\" \/>\n<meta property=\"og:title\" content=\"M\u00e1quina del tiempo &#8212; Marketplace Navixy\" \/>\n<meta property=\"og:description\" content=\"Reproduzca el historial de desplazamientos de sus activos para cualquier fecha elegida, como si viajara en el pasado.\" \/>\n<meta property=\"og:url\" content=\"https:\/\/marketplace.navixy.com\/es\/shop\/time-machine\/\" \/>\n<meta property=\"og:site_name\" content=\"Marketplace Navixy\" \/>\n<meta property=\"article:modified_time\" content=\"2020-12-08T10:12:31+00:00\" \/>\n<meta property=\"og:image\" content=\"https:\/\/marketplace.navixy.com\/wp-content\/uploads\/2020\/04\/mashina-vremeni.png\" \/>\n\t<meta property=\"og:image:width\" content=\"300\" \/>\n\t<meta property=\"og:image:height\" content=\"300\" \/>\n\t<meta property=\"og:image:type\" content=\"image\/png\" \/>\n<meta name=\"twitter:card\" content=\"summary_large_image\" \/>\n<script type=\"application\/ld+json\" class=\"yoast-schema-graph\">{\"@context\":\"https:\/\/schema.org\",\"@graph\":[{\"@type\":\"WebPage\",\"@id\":\"https:\/\/marketplace.navixy.com\/es\/shop\/time-machine\/\",\"url\":\"https:\/\/marketplace.navixy.com\/es\/shop\/time-machine\/\",\"name\":\"M\u00e1quina del tiempo &#8212; Marketplace Navixy\",\"isPartOf\":{\"@id\":\"https:\/\/marketplace.navixy.com\/es\/#website\"},\"primaryImageOfPage\":{\"@id\":\"https:\/\/marketplace.navixy.com\/es\/shop\/time-machine\/#primaryimage\"},\"image\":{\"@id\":\"https:\/\/marketplace.navixy.com\/es\/shop\/time-machine\/#primaryimage\"},\"thumbnailUrl\":\"https:\/\/marketplace.navixy.com\/wp-content\/uploads\/2020\/04\/mashina-vremeni.png\",\"datePublished\":\"2020-04-29T08:56:27+00:00\",\"dateModified\":\"2020-12-08T10:12:31+00:00\",\"description\":\"Reproduzca el historial de desplazamientos de sus activos para cualquier fecha elegida, como si viajara en el pasado.\",\"breadcrumb\":{\"@id\":\"https:\/\/marketplace.navixy.com\/es\/shop\/time-machine\/#breadcrumb\"},\"inLanguage\":\"es\",\"potentialAction\":[{\"@type\":\"ReadAction\",\"target\":[\"https:\/\/marketplace.navixy.com\/es\/shop\/time-machine\/\"]}]},{\"@type\":\"ImageObject\",\"inLanguage\":\"es\",\"@id\":\"https:\/\/marketplace.navixy.com\/es\/shop\/time-machine\/#primaryimage\",\"url\":\"https:\/\/marketplace.navixy.com\/wp-content\/uploads\/2020\/04\/mashina-vremeni.png\",\"contentUrl\":\"https:\/\/marketplace.navixy.com\/wp-content\/uploads\/2020\/04\/mashina-vremeni.png\",\"width\":300,\"height\":300},{\"@type\":\"BreadcrumbList\",\"@id\":\"https:\/\/marketplace.navixy.com\/es\/shop\/time-machine\/#breadcrumb\",\"itemListElement\":[{\"@type\":\"ListItem\",\"position\":1,\"name\":\"\u0413\u043b\u0430\u0432\u043d\u0430\u044f \u0441\u0442\u0440\u0430\u043d\u0438\u0446\u0430\",\"item\":\"https:\/\/marketplace.navixy.com\/es\/\"},{\"@type\":\"ListItem\",\"position\":2,\"name\":\"Marketplace Navixy\",\"item\":\"https:\/\/marketplace.navixy.com\/es\/\"},{\"@type\":\"ListItem\",\"position\":3,\"name\":\"M\u00e1quina del tiempo\"}]},{\"@type\":\"WebSite\",\"@id\":\"https:\/\/marketplace.navixy.com\/es\/#website\",\"url\":\"https:\/\/marketplace.navixy.com\/es\/\",\"name\":\"Marketplace Navixy\",\"description\":\"Marketplace Navixy\",\"potentialAction\":[{\"@type\":\"SearchAction\",\"target\":{\"@type\":\"EntryPoint\",\"urlTemplate\":\"https:\/\/marketplace.navixy.com\/es\/?s={search_term_string}\"},\"query-input\":{\"@type\":\"PropertyValueSpecification\",\"valueRequired\":true,\"valueName\":\"search_term_string\"}}],\"inLanguage\":\"es\"}]}<\/script>\n","yoast_head_json":{"title":"M\u00e1quina del tiempo &#8212; Marketplace Navixy","description":"Reproduzca el historial de desplazamientos de sus activos para cualquier fecha elegida, como si viajara en el pasado.","robots":{"index":"index","follow":"follow","max-snippet":"max-snippet:-1","max-image-preview":"max-image-preview:large","max-video-preview":"max-video-preview:-1"},"canonical":"https:\/\/marketplace.navixy.com\/es\/shop\/time-machine\/","og_locale":"es_ES","og_type":"article","og_title":"M\u00e1quina del tiempo &#8212; Marketplace Navixy","og_description":"Reproduzca el historial de desplazamientos de sus activos para cualquier fecha elegida, como si viajara en el pasado.","og_url":"https:\/\/marketplace.navixy.com\/es\/shop\/time-machine\/","og_site_name":"Marketplace Navixy","article_modified_time":"2020-12-08T10:12:31+00:00","og_image":[{"width":300,"height":300,"url":"https:\/\/marketplace.navixy.com\/wp-content\/uploads\/2020\/04\/mashina-vremeni.png","type":"image\/png"}],"twitter_card":"summary_large_image","schema":{"@context":"https:\/\/schema.org","@graph":[{"@type":"WebPage","@id":"https:\/\/marketplace.navixy.com\/es\/shop\/time-machine\/","url":"https:\/\/marketplace.navixy.com\/es\/shop\/time-machine\/","name":"M\u00e1quina del tiempo &#8212; Marketplace Navixy","isPartOf":{"@id":"https:\/\/marketplace.navixy.com\/es\/#website"},"primaryImageOfPage":{"@id":"https:\/\/marketplace.navixy.com\/es\/shop\/time-machine\/#primaryimage"},"image":{"@id":"https:\/\/marketplace.navixy.com\/es\/shop\/time-machine\/#primaryimage"},"thumbnailUrl":"https:\/\/marketplace.navixy.com\/wp-content\/uploads\/2020\/04\/mashina-vremeni.png","datePublished":"2020-04-29T08:56:27+00:00","dateModified":"2020-12-08T10:12:31+00:00","description":"Reproduzca el historial de desplazamientos de sus activos para cualquier fecha elegida, como si viajara en el pasado.","breadcrumb":{"@id":"https:\/\/marketplace.navixy.com\/es\/shop\/time-machine\/#breadcrumb"},"inLanguage":"es","potentialAction":[{"@type":"ReadAction","target":["https:\/\/marketplace.navixy.com\/es\/shop\/time-machine\/"]}]},{"@type":"ImageObject","inLanguage":"es","@id":"https:\/\/marketplace.navixy.com\/es\/shop\/time-machine\/#primaryimage","url":"https:\/\/marketplace.navixy.com\/wp-content\/uploads\/2020\/04\/mashina-vremeni.png","contentUrl":"https:\/\/marketplace.navixy.com\/wp-content\/uploads\/2020\/04\/mashina-vremeni.png","width":300,"height":300},{"@type":"BreadcrumbList","@id":"https:\/\/marketplace.navixy.com\/es\/shop\/time-machine\/#breadcrumb","itemListElement":[{"@type":"ListItem","position":1,"name":"\u0413\u043b\u0430\u0432\u043d\u0430\u044f \u0441\u0442\u0440\u0430\u043d\u0438\u0446\u0430","item":"https:\/\/marketplace.navixy.com\/es\/"},{"@type":"ListItem","position":2,"name":"Marketplace Navixy","item":"https:\/\/marketplace.navixy.com\/es\/"},{"@type":"ListItem","position":3,"name":"M\u00e1quina del tiempo"}]},{"@type":"WebSite","@id":"https:\/\/marketplace.navixy.com\/es\/#website","url":"https:\/\/marketplace.navixy.com\/es\/","name":"Marketplace Navixy","description":"Marketplace Navixy","potentialAction":[{"@type":"SearchAction","target":{"@type":"EntryPoint","urlTemplate":"https:\/\/marketplace.navixy.com\/es\/?s={search_term_string}"},"query-input":{"@type":"PropertyValueSpecification","valueRequired":true,"valueName":"search_term_string"}}],"inLanguage":"es"}]}},"_links":{"self":[{"href":"https:\/\/marketplace.navixy.com\/es\/wp-json\/wp\/v2\/product\/1431","targetHints":{"allow":["GET"]}}],"collection":[{"href":"https:\/\/marketplace.navixy.com\/es\/wp-json\/wp\/v2\/product"}],"about":[{"href":"https:\/\/marketplace.navixy.com\/es\/wp-json\/wp\/v2\/types\/product"}],"wp:featuredmedia":[{"embeddable":true,"href":"https:\/\/marketplace.navixy.com\/es\/wp-json\/wp\/v2\/media\/1251"}],"wp:attachment":[{"href":"https:\/\/marketplace.navixy.com\/es\/wp-json\/wp\/v2\/media?parent=1431"}],"wp:term":[{"taxonomy":"product_brand","embeddable":true,"href":"https:\/\/marketplace.navixy.com\/es\/wp-json\/wp\/v2\/product_brand?post=1431"},{"taxonomy":"product_cat","embeddable":true,"href":"https:\/\/marketplace.navixy.com\/es\/wp-json\/wp\/v2\/product_cat?post=1431"},{"taxonomy":"product_tag","embeddable":true,"href":"https:\/\/marketplace.navixy.com\/es\/wp-json\/wp\/v2\/product_tag?post=1431"}],"curies":[{"name":"wp","href":"https:\/\/api.w.org\/{rel}","templated":true}]}}