{"id":1429,"date":"2020-04-29T10:08:39","date_gmt":"2020-04-29T07:08:39","guid":{"rendered":"https:\/\/marketplace.navixy.com\/shop\/activity-log\/"},"modified":"2020-12-08T11:39:44","modified_gmt":"2020-12-08T08:39:44","slug":"activity-log","status":"publish","type":"product","link":"https:\/\/marketplace.navixy.com\/es\/shop\/activity-log\/","title":{"rendered":"Registro de actividades"},"content":{"rendered":"<div class=\"wpb-content-wrapper\"><p>[vc_row][vc_column][vc_tta_tabs][vc_tta_section title=\u00bbDESCRIPCI\u00d3N\u00bb tab_id=\u00bbdescription\u00bb][vc_column_text]<span style=\"font-weight: 400;\">El registro de actividades es una herramienta confiable y f\u00e1cil de usar, dise\u00f1ada para automatizar el monitoreo de su personal.<\/span><\/p>\n<p><span style=\"font-weight: 400;\">El registro de actividades muestra la fecha y la hora exactas en las que un empleado (identificado por un nombre de usuario y una direcci\u00f3n IP) ha interactuado con el sistema. Esto le ayudar\u00e1 a:<\/span><\/p>\n<ul>\n<li style=\"font-weight: 400;\"><span style=\"font-weight: 400;\">Registrar con precisi\u00f3n las horas de trabajo reales. Es decir, desde qu\u00e9 momento el empleado comenz\u00f3 a usar el sistema y hasta que cerr\u00f3 la sesi\u00f3n.<\/span><\/li>\n<li style=\"font-weight: 400;\"><span style=\"font-weight: 400;\">Formar un enfoque de trabajo m\u00e1s responsable: no se pueden editar ni eliminar las acciones registradas.<\/span><\/li>\n<li style=\"font-weight: 400;\"><span style=\"font-weight: 400;\">Ver datos actuales y pasados.<\/span><\/li>\n<\/ul>\n<p>[\/vc_column_text][vc_single_image image=\u00bb1437&#8243; img_size=\u00bbmedium\u00bb alignment=\u00bbcenter\u00bb onclick=\u00bblink_image\u00bb][\/vc_tta_section][vc_tta_section title=\u00bbUso\u00bb tab_id=\u00bbuse\u00bb][vc_column_text]<span style=\"font-weight: 400;\">Para ver las acciones de sus subusuarios en la plataforma<\/span><\/p>\n<ol>\n<li style=\"font-weight: 400;\"><span style=\"font-weight: 400;\">Inicie sesi\u00f3n en la versi\u00f3n web de su servicio telem\u00e1tico.<\/span><\/li>\n<li style=\"font-weight: 400;\"><span style=\"font-weight: 400;\">Abra la secci\u00f3n \u00abRegistro de actividad\u00bb.<\/span><\/li>\n<li style=\"font-weight: 400;\"><span style=\"font-weight: 400;\">Especifique marcos de tiempo y otros par\u00e1metros de agrupaci\u00f3n y filtrado.<\/span><\/li>\n<li style=\"font-weight: 400;\"><span style=\"font-weight: 400;\">Ya est\u00e1, usted obtendr\u00e1 datos de acuerdo con los criterios establecidos.<\/span><\/li>\n<\/ol>\n<p>[\/vc_column_text][\/vc_tta_section][\/vc_tta_tabs][\/vc_column][\/vc_row]<\/p>\n<\/div>","protected":false},"excerpt":{"rendered":"<p><span style=\"font-weight: 400;\">Realice un seguimiento de la actividad de sus usuarios en la plataforma<\/span><\/p>\n","protected":false},"featured_media":1196,"template":"","meta":[],"product_brand":[],"product_cat":[129],"product_tag":[138],"class_list":{"0":"post-1429","1":"product","2":"type-product","3":"status-publish","4":"has-post-thumbnail","6":"product_cat-administracion","7":"product_tag-service-management-es","9":"first","10":"instock","11":"shipping-taxable","12":"product-type-simple"},"yoast_head":"\n<title>Registro de actividades &#8212; Marketplace Navixy<\/title>\n<meta name=\"description\" content=\"Realice un seguimiento de la actividad de sus usuarios en la plataforma\" \/>\n<meta name=\"robots\" content=\"index, follow, max-snippet:-1, max-image-preview:large, max-video-preview:-1\" \/>\n<link rel=\"canonical\" href=\"https:\/\/marketplace.navixy.com\/es\/shop\/activity-log\/\" \/>\n<meta property=\"og:locale\" content=\"es_ES\" \/>\n<meta property=\"og:type\" content=\"article\" \/>\n<meta property=\"og:title\" content=\"Registro de actividades &#8212; Marketplace Navixy\" \/>\n<meta property=\"og:description\" content=\"Realice un seguimiento de la actividad de sus usuarios en la plataforma\" \/>\n<meta property=\"og:url\" content=\"https:\/\/marketplace.navixy.com\/es\/shop\/activity-log\/\" \/>\n<meta property=\"og:site_name\" content=\"Marketplace Navixy\" \/>\n<meta property=\"article:modified_time\" content=\"2020-12-08T08:39:44+00:00\" \/>\n<meta property=\"og:image\" content=\"https:\/\/marketplace.navixy.com\/wp-content\/uploads\/2020\/04\/spisok-dejstvij.png\" \/>\n\t<meta property=\"og:image:width\" content=\"300\" \/>\n\t<meta property=\"og:image:height\" content=\"300\" \/>\n\t<meta property=\"og:image:type\" content=\"image\/png\" \/>\n<meta name=\"twitter:card\" content=\"summary_large_image\" \/>\n<script type=\"application\/ld+json\" class=\"yoast-schema-graph\">{\"@context\":\"https:\/\/schema.org\",\"@graph\":[{\"@type\":\"WebPage\",\"@id\":\"https:\/\/marketplace.navixy.com\/es\/shop\/activity-log\/\",\"url\":\"https:\/\/marketplace.navixy.com\/es\/shop\/activity-log\/\",\"name\":\"Registro de actividades &#8212; Marketplace Navixy\",\"isPartOf\":{\"@id\":\"https:\/\/marketplace.navixy.com\/es\/#website\"},\"primaryImageOfPage\":{\"@id\":\"https:\/\/marketplace.navixy.com\/es\/shop\/activity-log\/#primaryimage\"},\"image\":{\"@id\":\"https:\/\/marketplace.navixy.com\/es\/shop\/activity-log\/#primaryimage\"},\"thumbnailUrl\":\"https:\/\/marketplace.navixy.com\/wp-content\/uploads\/2020\/04\/spisok-dejstvij.png\",\"datePublished\":\"2020-04-29T07:08:39+00:00\",\"dateModified\":\"2020-12-08T08:39:44+00:00\",\"description\":\"Realice un seguimiento de la actividad de sus usuarios en la plataforma\",\"breadcrumb\":{\"@id\":\"https:\/\/marketplace.navixy.com\/es\/shop\/activity-log\/#breadcrumb\"},\"inLanguage\":\"es\",\"potentialAction\":[{\"@type\":\"ReadAction\",\"target\":[\"https:\/\/marketplace.navixy.com\/es\/shop\/activity-log\/\"]}]},{\"@type\":\"ImageObject\",\"inLanguage\":\"es\",\"@id\":\"https:\/\/marketplace.navixy.com\/es\/shop\/activity-log\/#primaryimage\",\"url\":\"https:\/\/marketplace.navixy.com\/wp-content\/uploads\/2020\/04\/spisok-dejstvij.png\",\"contentUrl\":\"https:\/\/marketplace.navixy.com\/wp-content\/uploads\/2020\/04\/spisok-dejstvij.png\",\"width\":300,\"height\":300},{\"@type\":\"BreadcrumbList\",\"@id\":\"https:\/\/marketplace.navixy.com\/es\/shop\/activity-log\/#breadcrumb\",\"itemListElement\":[{\"@type\":\"ListItem\",\"position\":1,\"name\":\"\u0413\u043b\u0430\u0432\u043d\u0430\u044f \u0441\u0442\u0440\u0430\u043d\u0438\u0446\u0430\",\"item\":\"https:\/\/marketplace.navixy.com\/es\/\"},{\"@type\":\"ListItem\",\"position\":2,\"name\":\"Marketplace Navixy\",\"item\":\"https:\/\/marketplace.navixy.com\/es\/\"},{\"@type\":\"ListItem\",\"position\":3,\"name\":\"Registro de actividades\"}]},{\"@type\":\"WebSite\",\"@id\":\"https:\/\/marketplace.navixy.com\/es\/#website\",\"url\":\"https:\/\/marketplace.navixy.com\/es\/\",\"name\":\"Marketplace Navixy\",\"description\":\"Marketplace Navixy\",\"potentialAction\":[{\"@type\":\"SearchAction\",\"target\":{\"@type\":\"EntryPoint\",\"urlTemplate\":\"https:\/\/marketplace.navixy.com\/es\/?s={search_term_string}\"},\"query-input\":{\"@type\":\"PropertyValueSpecification\",\"valueRequired\":true,\"valueName\":\"search_term_string\"}}],\"inLanguage\":\"es\"}]}<\/script>\n","yoast_head_json":{"title":"Registro de actividades &#8212; Marketplace Navixy","description":"Realice un seguimiento de la actividad de sus usuarios en la plataforma","robots":{"index":"index","follow":"follow","max-snippet":"max-snippet:-1","max-image-preview":"max-image-preview:large","max-video-preview":"max-video-preview:-1"},"canonical":"https:\/\/marketplace.navixy.com\/es\/shop\/activity-log\/","og_locale":"es_ES","og_type":"article","og_title":"Registro de actividades &#8212; Marketplace Navixy","og_description":"Realice un seguimiento de la actividad de sus usuarios en la plataforma","og_url":"https:\/\/marketplace.navixy.com\/es\/shop\/activity-log\/","og_site_name":"Marketplace Navixy","article_modified_time":"2020-12-08T08:39:44+00:00","og_image":[{"width":300,"height":300,"url":"https:\/\/marketplace.navixy.com\/wp-content\/uploads\/2020\/04\/spisok-dejstvij.png","type":"image\/png"}],"twitter_card":"summary_large_image","schema":{"@context":"https:\/\/schema.org","@graph":[{"@type":"WebPage","@id":"https:\/\/marketplace.navixy.com\/es\/shop\/activity-log\/","url":"https:\/\/marketplace.navixy.com\/es\/shop\/activity-log\/","name":"Registro de actividades &#8212; Marketplace Navixy","isPartOf":{"@id":"https:\/\/marketplace.navixy.com\/es\/#website"},"primaryImageOfPage":{"@id":"https:\/\/marketplace.navixy.com\/es\/shop\/activity-log\/#primaryimage"},"image":{"@id":"https:\/\/marketplace.navixy.com\/es\/shop\/activity-log\/#primaryimage"},"thumbnailUrl":"https:\/\/marketplace.navixy.com\/wp-content\/uploads\/2020\/04\/spisok-dejstvij.png","datePublished":"2020-04-29T07:08:39+00:00","dateModified":"2020-12-08T08:39:44+00:00","description":"Realice un seguimiento de la actividad de sus usuarios en la plataforma","breadcrumb":{"@id":"https:\/\/marketplace.navixy.com\/es\/shop\/activity-log\/#breadcrumb"},"inLanguage":"es","potentialAction":[{"@type":"ReadAction","target":["https:\/\/marketplace.navixy.com\/es\/shop\/activity-log\/"]}]},{"@type":"ImageObject","inLanguage":"es","@id":"https:\/\/marketplace.navixy.com\/es\/shop\/activity-log\/#primaryimage","url":"https:\/\/marketplace.navixy.com\/wp-content\/uploads\/2020\/04\/spisok-dejstvij.png","contentUrl":"https:\/\/marketplace.navixy.com\/wp-content\/uploads\/2020\/04\/spisok-dejstvij.png","width":300,"height":300},{"@type":"BreadcrumbList","@id":"https:\/\/marketplace.navixy.com\/es\/shop\/activity-log\/#breadcrumb","itemListElement":[{"@type":"ListItem","position":1,"name":"\u0413\u043b\u0430\u0432\u043d\u0430\u044f \u0441\u0442\u0440\u0430\u043d\u0438\u0446\u0430","item":"https:\/\/marketplace.navixy.com\/es\/"},{"@type":"ListItem","position":2,"name":"Marketplace Navixy","item":"https:\/\/marketplace.navixy.com\/es\/"},{"@type":"ListItem","position":3,"name":"Registro de actividades"}]},{"@type":"WebSite","@id":"https:\/\/marketplace.navixy.com\/es\/#website","url":"https:\/\/marketplace.navixy.com\/es\/","name":"Marketplace Navixy","description":"Marketplace Navixy","potentialAction":[{"@type":"SearchAction","target":{"@type":"EntryPoint","urlTemplate":"https:\/\/marketplace.navixy.com\/es\/?s={search_term_string}"},"query-input":{"@type":"PropertyValueSpecification","valueRequired":true,"valueName":"search_term_string"}}],"inLanguage":"es"}]}},"_links":{"self":[{"href":"https:\/\/marketplace.navixy.com\/es\/wp-json\/wp\/v2\/product\/1429","targetHints":{"allow":["GET"]}}],"collection":[{"href":"https:\/\/marketplace.navixy.com\/es\/wp-json\/wp\/v2\/product"}],"about":[{"href":"https:\/\/marketplace.navixy.com\/es\/wp-json\/wp\/v2\/types\/product"}],"wp:featuredmedia":[{"embeddable":true,"href":"https:\/\/marketplace.navixy.com\/es\/wp-json\/wp\/v2\/media\/1196"}],"wp:attachment":[{"href":"https:\/\/marketplace.navixy.com\/es\/wp-json\/wp\/v2\/media?parent=1429"}],"wp:term":[{"taxonomy":"product_brand","embeddable":true,"href":"https:\/\/marketplace.navixy.com\/es\/wp-json\/wp\/v2\/product_brand?post=1429"},{"taxonomy":"product_cat","embeddable":true,"href":"https:\/\/marketplace.navixy.com\/es\/wp-json\/wp\/v2\/product_cat?post=1429"},{"taxonomy":"product_tag","embeddable":true,"href":"https:\/\/marketplace.navixy.com\/es\/wp-json\/wp\/v2\/product_tag?post=1429"}],"curies":[{"name":"wp","href":"https:\/\/api.w.org\/{rel}","templated":true}]}}