{"id":1427,"date":"2020-04-29T11:44:56","date_gmt":"2020-04-29T08:44:56","guid":{"rendered":"https:\/\/marketplace.navixy.com\/shop\/tire-pressure-sensors\/"},"modified":"2020-12-08T12:58:45","modified_gmt":"2020-12-08T09:58:45","slug":"tire-pressure-sensors","status":"publish","type":"product","link":"https:\/\/marketplace.navixy.com\/es\/shop\/tire-pressure-sensors\/","title":{"rendered":"Sensor de presi\u00f3n en llantas"},"content":{"rendered":"<div class=\"wpb-content-wrapper\"><p>[vc_row][vc_column][vc_tta_tabs][vc_tta_section title=\u00bbDESCRIPCI\u00d3N\u00bb tab_id=\u00bbdescription\u00bb][vc_column_text]<span style=\"font-weight: 400;\">Si usted usa camiones o maquinaria pesada, el control de presi\u00f3n en las llantas se convierte en una parte esencial.<\/span><\/p>\n<p><span style=\"font-weight: 400;\">Esta informaci\u00f3n no solo lo ayudar\u00e1 a controlar qu\u00e9 tan sobrecargados est\u00e1n sus veh\u00edculos, sino que tambi\u00e9n ayudar\u00e1 a prevenir accidentes y extender la vida \u00fatil de sus neum\u00e1ticos. Como resultado, los propietarios de los equipos pesados reducir\u00e1n significativamente los costos operativos de sus flotillas.<\/span><\/p>\n<p><span style=\"font-weight: 400;\">Por lo general, esta informaci\u00f3n se transmite a trav\u00e9s del CAN-bus. Si sus dispositivos admiten este tipo de sensor, puede crearlo en el sistema de monitoreo.<\/span><\/p>\n<p><span style=\"font-weight: 400;\">Los datos sobre la presi\u00f3n en neum\u00e1ticos aparecer\u00e1n en el widget correspondiente.<\/span><\/p>\n<p><span style=\"font-weight: 400;\">Nuestro sistema proporciona alertas sobre las altas y bajas presiones, en las llantas lo que le permitir\u00e1 reaccionar y resolver problemas de inmediato.<\/span>[\/vc_column_text][vc_single_image image=\u00bb1363&#8243; img_size=\u00bbmedium\u00bb alignment=\u00bbcenter\u00bb onclick=\u00bblink_image\u00bb][\/vc_tta_section][vc_tta_section title=\u00bbUso\u00bb tab_id=\u00bbuse\u00bb][vc_column_text]<span style=\"font-weight: 400;\">Para agregar un sensor de presi\u00f3n de neum\u00e1ticos:<\/span><\/p>\n<ol>\n<li style=\"font-weight: 400;\"><span style=\"font-weight: 400;\">Inicie sesi\u00f3n en su plataforma de Navixy.<\/span><\/li>\n<li style=\"font-weight: 400;\"><span style=\"font-weight: 400;\">Vaya al men\u00fa Dispositivos.<\/span><\/li>\n<li style=\"font-weight: 400;\"><span style=\"font-weight: 400;\">En el widget Sensores y botones, agregue un sensor de medici\u00f3n<\/span><\/li>\n<li style=\"font-weight: 400;\"><span style=\"font-weight: 400;\">Seleccione la entrada correspondiente<\/span><\/li>\n<li style=\"font-weight: 400;\"><span style=\"font-weight: 400;\">Una vez guardados, los datos se mostrar\u00e1n en el widget de OBD y CAN<\/span><\/li>\n<\/ol>\n<p><span style=\"font-weight: 400;\">Puede crear este sensor con la ayuda de esta <\/span><span style=\"font-weight: 400;\">gu\u00eda del <a href=\"https:\/\/www.navixy.com\/es\/docs\/user\/web-interface-docs\/devices-doc\/sensors-and-buttons\/measurement-sensor\/\">usuario<\/a><\/span><span style=\"font-weight: 400;\">.<\/span>[\/vc_column_text][\/vc_tta_section][\/vc_tta_tabs][\/vc_column][\/vc_row]<\/p>\n<\/div>","protected":false},"excerpt":{"rendered":"<p><span style=\"font-weight: 400;\">Mejore el mantenimiento de la flota con el control de presi\u00f3n en neum\u00e1ticos de sus veh\u00edculos.<\/span><\/p>\n","protected":false},"featured_media":1244,"template":"","meta":[],"product_brand":[],"product_cat":[99],"product_tag":[147],"class_list":{"0":"post-1427","1":"product","2":"type-product","3":"status-publish","4":"has-post-thumbnail","6":"product_cat-gestion-de-flotas","7":"product_tag-sensors-and-maintenance-es","9":"first","10":"instock","11":"shipping-taxable","12":"product-type-simple"},"yoast_head":"\n<title>Sensor de presi\u00f3n en llantas &#8212; Marketplace Navixy<\/title>\n<meta name=\"description\" content=\"Mejore el mantenimiento de la flota con el control de presi\u00f3n en neum\u00e1ticos de sus veh\u00edculos.\" \/>\n<meta name=\"robots\" content=\"index, follow, max-snippet:-1, max-image-preview:large, max-video-preview:-1\" \/>\n<link rel=\"canonical\" href=\"https:\/\/marketplace.navixy.com\/es\/shop\/tire-pressure-sensors\/\" \/>\n<meta property=\"og:locale\" content=\"es_ES\" \/>\n<meta property=\"og:type\" content=\"article\" \/>\n<meta property=\"og:title\" content=\"Sensor de presi\u00f3n en llantas &#8212; Marketplace Navixy\" \/>\n<meta property=\"og:description\" content=\"Mejore el mantenimiento de la flota con el control de presi\u00f3n en neum\u00e1ticos de sus veh\u00edculos.\" \/>\n<meta property=\"og:url\" content=\"https:\/\/marketplace.navixy.com\/es\/shop\/tire-pressure-sensors\/\" \/>\n<meta property=\"og:site_name\" content=\"Marketplace Navixy\" \/>\n<meta property=\"article:modified_time\" content=\"2020-12-08T09:58:45+00:00\" \/>\n<meta property=\"og:image\" content=\"https:\/\/marketplace.navixy.com\/wp-content\/uploads\/2020\/04\/datchiki-davleniya-v-shinah.png\" \/>\n\t<meta property=\"og:image:width\" content=\"300\" \/>\n\t<meta property=\"og:image:height\" content=\"300\" \/>\n\t<meta property=\"og:image:type\" content=\"image\/png\" \/>\n<meta name=\"twitter:card\" content=\"summary_large_image\" \/>\n<script type=\"application\/ld+json\" class=\"yoast-schema-graph\">{\"@context\":\"https:\/\/schema.org\",\"@graph\":[{\"@type\":\"WebPage\",\"@id\":\"https:\/\/marketplace.navixy.com\/es\/shop\/tire-pressure-sensors\/\",\"url\":\"https:\/\/marketplace.navixy.com\/es\/shop\/tire-pressure-sensors\/\",\"name\":\"Sensor de presi\u00f3n en llantas &#8212; Marketplace Navixy\",\"isPartOf\":{\"@id\":\"https:\/\/marketplace.navixy.com\/es\/#website\"},\"primaryImageOfPage\":{\"@id\":\"https:\/\/marketplace.navixy.com\/es\/shop\/tire-pressure-sensors\/#primaryimage\"},\"image\":{\"@id\":\"https:\/\/marketplace.navixy.com\/es\/shop\/tire-pressure-sensors\/#primaryimage\"},\"thumbnailUrl\":\"https:\/\/marketplace.navixy.com\/wp-content\/uploads\/2020\/04\/datchiki-davleniya-v-shinah.png\",\"datePublished\":\"2020-04-29T08:44:56+00:00\",\"dateModified\":\"2020-12-08T09:58:45+00:00\",\"description\":\"Mejore el mantenimiento de la flota con el control de presi\u00f3n en neum\u00e1ticos de sus veh\u00edculos.\",\"breadcrumb\":{\"@id\":\"https:\/\/marketplace.navixy.com\/es\/shop\/tire-pressure-sensors\/#breadcrumb\"},\"inLanguage\":\"es\",\"potentialAction\":[{\"@type\":\"ReadAction\",\"target\":[\"https:\/\/marketplace.navixy.com\/es\/shop\/tire-pressure-sensors\/\"]}]},{\"@type\":\"ImageObject\",\"inLanguage\":\"es\",\"@id\":\"https:\/\/marketplace.navixy.com\/es\/shop\/tire-pressure-sensors\/#primaryimage\",\"url\":\"https:\/\/marketplace.navixy.com\/wp-content\/uploads\/2020\/04\/datchiki-davleniya-v-shinah.png\",\"contentUrl\":\"https:\/\/marketplace.navixy.com\/wp-content\/uploads\/2020\/04\/datchiki-davleniya-v-shinah.png\",\"width\":300,\"height\":300},{\"@type\":\"BreadcrumbList\",\"@id\":\"https:\/\/marketplace.navixy.com\/es\/shop\/tire-pressure-sensors\/#breadcrumb\",\"itemListElement\":[{\"@type\":\"ListItem\",\"position\":1,\"name\":\"\u0413\u043b\u0430\u0432\u043d\u0430\u044f \u0441\u0442\u0440\u0430\u043d\u0438\u0446\u0430\",\"item\":\"https:\/\/marketplace.navixy.com\/es\/\"},{\"@type\":\"ListItem\",\"position\":2,\"name\":\"Marketplace Navixy\",\"item\":\"https:\/\/marketplace.navixy.com\/es\/\"},{\"@type\":\"ListItem\",\"position\":3,\"name\":\"Sensor de presi\u00f3n en llantas\"}]},{\"@type\":\"WebSite\",\"@id\":\"https:\/\/marketplace.navixy.com\/es\/#website\",\"url\":\"https:\/\/marketplace.navixy.com\/es\/\",\"name\":\"Marketplace Navixy\",\"description\":\"Marketplace Navixy\",\"potentialAction\":[{\"@type\":\"SearchAction\",\"target\":{\"@type\":\"EntryPoint\",\"urlTemplate\":\"https:\/\/marketplace.navixy.com\/es\/?s={search_term_string}\"},\"query-input\":{\"@type\":\"PropertyValueSpecification\",\"valueRequired\":true,\"valueName\":\"search_term_string\"}}],\"inLanguage\":\"es\"}]}<\/script>\n","yoast_head_json":{"title":"Sensor de presi\u00f3n en llantas &#8212; Marketplace Navixy","description":"Mejore el mantenimiento de la flota con el control de presi\u00f3n en neum\u00e1ticos de sus veh\u00edculos.","robots":{"index":"index","follow":"follow","max-snippet":"max-snippet:-1","max-image-preview":"max-image-preview:large","max-video-preview":"max-video-preview:-1"},"canonical":"https:\/\/marketplace.navixy.com\/es\/shop\/tire-pressure-sensors\/","og_locale":"es_ES","og_type":"article","og_title":"Sensor de presi\u00f3n en llantas &#8212; Marketplace Navixy","og_description":"Mejore el mantenimiento de la flota con el control de presi\u00f3n en neum\u00e1ticos de sus veh\u00edculos.","og_url":"https:\/\/marketplace.navixy.com\/es\/shop\/tire-pressure-sensors\/","og_site_name":"Marketplace Navixy","article_modified_time":"2020-12-08T09:58:45+00:00","og_image":[{"width":300,"height":300,"url":"https:\/\/marketplace.navixy.com\/wp-content\/uploads\/2020\/04\/datchiki-davleniya-v-shinah.png","type":"image\/png"}],"twitter_card":"summary_large_image","schema":{"@context":"https:\/\/schema.org","@graph":[{"@type":"WebPage","@id":"https:\/\/marketplace.navixy.com\/es\/shop\/tire-pressure-sensors\/","url":"https:\/\/marketplace.navixy.com\/es\/shop\/tire-pressure-sensors\/","name":"Sensor de presi\u00f3n en llantas &#8212; Marketplace Navixy","isPartOf":{"@id":"https:\/\/marketplace.navixy.com\/es\/#website"},"primaryImageOfPage":{"@id":"https:\/\/marketplace.navixy.com\/es\/shop\/tire-pressure-sensors\/#primaryimage"},"image":{"@id":"https:\/\/marketplace.navixy.com\/es\/shop\/tire-pressure-sensors\/#primaryimage"},"thumbnailUrl":"https:\/\/marketplace.navixy.com\/wp-content\/uploads\/2020\/04\/datchiki-davleniya-v-shinah.png","datePublished":"2020-04-29T08:44:56+00:00","dateModified":"2020-12-08T09:58:45+00:00","description":"Mejore el mantenimiento de la flota con el control de presi\u00f3n en neum\u00e1ticos de sus veh\u00edculos.","breadcrumb":{"@id":"https:\/\/marketplace.navixy.com\/es\/shop\/tire-pressure-sensors\/#breadcrumb"},"inLanguage":"es","potentialAction":[{"@type":"ReadAction","target":["https:\/\/marketplace.navixy.com\/es\/shop\/tire-pressure-sensors\/"]}]},{"@type":"ImageObject","inLanguage":"es","@id":"https:\/\/marketplace.navixy.com\/es\/shop\/tire-pressure-sensors\/#primaryimage","url":"https:\/\/marketplace.navixy.com\/wp-content\/uploads\/2020\/04\/datchiki-davleniya-v-shinah.png","contentUrl":"https:\/\/marketplace.navixy.com\/wp-content\/uploads\/2020\/04\/datchiki-davleniya-v-shinah.png","width":300,"height":300},{"@type":"BreadcrumbList","@id":"https:\/\/marketplace.navixy.com\/es\/shop\/tire-pressure-sensors\/#breadcrumb","itemListElement":[{"@type":"ListItem","position":1,"name":"\u0413\u043b\u0430\u0432\u043d\u0430\u044f \u0441\u0442\u0440\u0430\u043d\u0438\u0446\u0430","item":"https:\/\/marketplace.navixy.com\/es\/"},{"@type":"ListItem","position":2,"name":"Marketplace Navixy","item":"https:\/\/marketplace.navixy.com\/es\/"},{"@type":"ListItem","position":3,"name":"Sensor de presi\u00f3n en llantas"}]},{"@type":"WebSite","@id":"https:\/\/marketplace.navixy.com\/es\/#website","url":"https:\/\/marketplace.navixy.com\/es\/","name":"Marketplace Navixy","description":"Marketplace Navixy","potentialAction":[{"@type":"SearchAction","target":{"@type":"EntryPoint","urlTemplate":"https:\/\/marketplace.navixy.com\/es\/?s={search_term_string}"},"query-input":{"@type":"PropertyValueSpecification","valueRequired":true,"valueName":"search_term_string"}}],"inLanguage":"es"}]}},"_links":{"self":[{"href":"https:\/\/marketplace.navixy.com\/es\/wp-json\/wp\/v2\/product\/1427","targetHints":{"allow":["GET"]}}],"collection":[{"href":"https:\/\/marketplace.navixy.com\/es\/wp-json\/wp\/v2\/product"}],"about":[{"href":"https:\/\/marketplace.navixy.com\/es\/wp-json\/wp\/v2\/types\/product"}],"wp:featuredmedia":[{"embeddable":true,"href":"https:\/\/marketplace.navixy.com\/es\/wp-json\/wp\/v2\/media\/1244"}],"wp:attachment":[{"href":"https:\/\/marketplace.navixy.com\/es\/wp-json\/wp\/v2\/media?parent=1427"}],"wp:term":[{"taxonomy":"product_brand","embeddable":true,"href":"https:\/\/marketplace.navixy.com\/es\/wp-json\/wp\/v2\/product_brand?post=1427"},{"taxonomy":"product_cat","embeddable":true,"href":"https:\/\/marketplace.navixy.com\/es\/wp-json\/wp\/v2\/product_cat?post=1427"},{"taxonomy":"product_tag","embeddable":true,"href":"https:\/\/marketplace.navixy.com\/es\/wp-json\/wp\/v2\/product_tag?post=1427"}],"curies":[{"name":"wp","href":"https:\/\/api.w.org\/{rel}","templated":true}]}}