{"id":1424,"date":"2020-04-29T10:16:25","date_gmt":"2020-04-29T07:16:25","guid":{"rendered":"https:\/\/marketplace.navixy.com\/shop\/mass-texting\/"},"modified":"2020-10-29T13:30:01","modified_gmt":"2020-10-29T10:30:01","slug":"mass-texting","status":"publish","type":"product","link":"https:\/\/marketplace.navixy.com\/es\/shop\/mass-texting\/","title":{"rendered":"Mensajes masivos"},"content":{"rendered":"<div class=\"wpb-content-wrapper\"><p>[vc_row][vc_column][vc_tta_tabs][vc_tta_section title=\u00bbDESCRIPCI\u00d3N\u00bb tab_id=\u00bbdescription\u00bb][vc_column_text]<span style=\"font-weight: 400;\">El \u00e9xito en la gesti\u00f3n de servicios de campo depende en gran medida de la comunicaci\u00f3n entre el coordinador y los trabajadores m\u00f3viles. En situaciones urgentes, notificar a varios empleados a la vez es crucial, sin embargo, puede resultar una tarea tediosa si no cuenta con las herramientas adecuadas.<\/span><\/p>\n<p><span style=\"font-weight: 400;\">El env\u00edo de mensajes de texto masivos permite enviar un mismo mensaje de forma simult\u00e1nea, hasta a 300 destinatarios. Por ejemplo, puede informar a los mensajeros sobre los cambios inesperados en el horario, interrupciones del sistema, fallas de la maquinaria u otra situaci\u00f3n que necesite una reacci\u00f3n inmediata.<\/span><\/p>\n<p><span style=\"font-weight: 400;\">Esta caracter\u00edstica ahorrar\u00e1 tiempo tanto para usted como para sus empleados.<\/span>[\/vc_column_text][vc_single_image image=\u00bb1440&#8243; img_size=\u00bbmedium\u00bb alignment=\u00bbcenter\u00bb onclick=\u00bblink_image\u00bb][\/vc_tta_section][vc_tta_section title=\u00bbUso\u00bb tab_id=\u00bbuse\u00bb][vc_column_text]<span style=\"font-weight: 400;\">Para enviar un mensaje masivo a varios empleados:<\/span><\/p>\n<ol>\n<li style=\"font-weight: 400;\"><span style=\"font-weight: 400;\">Inicie sesi\u00f3n en la versi\u00f3n web de su servicio telem\u00e1tico.<\/span><\/li>\n<li style=\"font-weight: 400;\"><span style=\"font-weight: 400;\">Abra la secci\u00f3n \u00abMensajes\u00bb.<\/span><\/li>\n<li style=\"font-weight: 400;\"><span style=\"font-weight: 400;\">Seleccione destinatarios que recibir\u00e1n su mensaje.<\/span><\/li>\n<li style=\"font-weight: 400;\"><span style=\"font-weight: 400;\">Una vez enviado el mensaje, \u00e9ste aparecer\u00e1 en la aplicaci\u00f3n m\u00f3vil X-GPS Tracker instalada en el smartphone del empleado.<\/span><\/li>\n<\/ol>\n<p>[\/vc_column_text][\/vc_tta_section][\/vc_tta_tabs][\/vc_column][\/vc_row]<\/p>\n<\/div>","protected":false},"excerpt":{"rendered":"<p><span style=\"font-weight: 400;\">Optimice la comunicaci\u00f3n con sus trabajadores de campo a trav\u00e9s de mensajes masivos<\/span><\/p>\n","protected":false},"featured_media":1202,"template":"","meta":[],"product_brand":[],"product_cat":[101],"product_tag":[110],"class_list":{"0":"post-1424","1":"product","2":"type-product","3":"status-publish","4":"has-post-thumbnail","6":"product_cat-gestion-de-servicios-en-campo","7":"product_tag-communications-es","9":"first","10":"instock","11":"shipping-taxable","12":"product-type-simple"},"yoast_head":"\n<title>Mensajes masivos &#8212; Marketplace Navixy<\/title>\n<meta name=\"description\" content=\"Optimice la comunicaci\u00f3n con sus trabajadores de campo a trav\u00e9s de mensajes masivos\" \/>\n<meta name=\"robots\" content=\"index, follow, max-snippet:-1, max-image-preview:large, max-video-preview:-1\" \/>\n<link rel=\"canonical\" href=\"https:\/\/marketplace.navixy.com\/es\/shop\/mass-texting\/\" \/>\n<meta property=\"og:locale\" content=\"es_ES\" \/>\n<meta property=\"og:type\" content=\"article\" \/>\n<meta property=\"og:title\" content=\"Mensajes masivos &#8212; Marketplace Navixy\" \/>\n<meta property=\"og:description\" content=\"Optimice la comunicaci\u00f3n con sus trabajadores de campo a trav\u00e9s de mensajes masivos\" \/>\n<meta property=\"og:url\" content=\"https:\/\/marketplace.navixy.com\/es\/shop\/mass-texting\/\" \/>\n<meta property=\"og:site_name\" content=\"Marketplace Navixy\" \/>\n<meta property=\"article:modified_time\" content=\"2020-10-29T10:30:01+00:00\" \/>\n<meta property=\"og:image\" content=\"https:\/\/marketplace.navixy.com\/wp-content\/uploads\/2020\/04\/massovaya-rassylka-soobshhenij.png\" \/>\n\t<meta property=\"og:image:width\" content=\"300\" \/>\n\t<meta property=\"og:image:height\" content=\"300\" \/>\n\t<meta property=\"og:image:type\" content=\"image\/png\" \/>\n<meta name=\"twitter:card\" content=\"summary_large_image\" \/>\n<script type=\"application\/ld+json\" class=\"yoast-schema-graph\">{\"@context\":\"https:\/\/schema.org\",\"@graph\":[{\"@type\":\"WebPage\",\"@id\":\"https:\/\/marketplace.navixy.com\/es\/shop\/mass-texting\/\",\"url\":\"https:\/\/marketplace.navixy.com\/es\/shop\/mass-texting\/\",\"name\":\"Mensajes masivos &#8212; Marketplace Navixy\",\"isPartOf\":{\"@id\":\"https:\/\/marketplace.navixy.com\/es\/#website\"},\"primaryImageOfPage\":{\"@id\":\"https:\/\/marketplace.navixy.com\/es\/shop\/mass-texting\/#primaryimage\"},\"image\":{\"@id\":\"https:\/\/marketplace.navixy.com\/es\/shop\/mass-texting\/#primaryimage\"},\"thumbnailUrl\":\"https:\/\/marketplace.navixy.com\/wp-content\/uploads\/2020\/04\/massovaya-rassylka-soobshhenij.png\",\"datePublished\":\"2020-04-29T07:16:25+00:00\",\"dateModified\":\"2020-10-29T10:30:01+00:00\",\"description\":\"Optimice la comunicaci\u00f3n con sus trabajadores de campo a trav\u00e9s de mensajes masivos\",\"breadcrumb\":{\"@id\":\"https:\/\/marketplace.navixy.com\/es\/shop\/mass-texting\/#breadcrumb\"},\"inLanguage\":\"es\",\"potentialAction\":[{\"@type\":\"ReadAction\",\"target\":[\"https:\/\/marketplace.navixy.com\/es\/shop\/mass-texting\/\"]}]},{\"@type\":\"ImageObject\",\"inLanguage\":\"es\",\"@id\":\"https:\/\/marketplace.navixy.com\/es\/shop\/mass-texting\/#primaryimage\",\"url\":\"https:\/\/marketplace.navixy.com\/wp-content\/uploads\/2020\/04\/massovaya-rassylka-soobshhenij.png\",\"contentUrl\":\"https:\/\/marketplace.navixy.com\/wp-content\/uploads\/2020\/04\/massovaya-rassylka-soobshhenij.png\",\"width\":300,\"height\":300},{\"@type\":\"BreadcrumbList\",\"@id\":\"https:\/\/marketplace.navixy.com\/es\/shop\/mass-texting\/#breadcrumb\",\"itemListElement\":[{\"@type\":\"ListItem\",\"position\":1,\"name\":\"\u0413\u043b\u0430\u0432\u043d\u0430\u044f \u0441\u0442\u0440\u0430\u043d\u0438\u0446\u0430\",\"item\":\"https:\/\/marketplace.navixy.com\/es\/\"},{\"@type\":\"ListItem\",\"position\":2,\"name\":\"Marketplace Navixy\",\"item\":\"https:\/\/marketplace.navixy.com\/es\/\"},{\"@type\":\"ListItem\",\"position\":3,\"name\":\"Mensajes masivos\"}]},{\"@type\":\"WebSite\",\"@id\":\"https:\/\/marketplace.navixy.com\/es\/#website\",\"url\":\"https:\/\/marketplace.navixy.com\/es\/\",\"name\":\"Marketplace Navixy\",\"description\":\"Marketplace Navixy\",\"potentialAction\":[{\"@type\":\"SearchAction\",\"target\":{\"@type\":\"EntryPoint\",\"urlTemplate\":\"https:\/\/marketplace.navixy.com\/es\/?s={search_term_string}\"},\"query-input\":{\"@type\":\"PropertyValueSpecification\",\"valueRequired\":true,\"valueName\":\"search_term_string\"}}],\"inLanguage\":\"es\"}]}<\/script>\n","yoast_head_json":{"title":"Mensajes masivos &#8212; Marketplace Navixy","description":"Optimice la comunicaci\u00f3n con sus trabajadores de campo a trav\u00e9s de mensajes masivos","robots":{"index":"index","follow":"follow","max-snippet":"max-snippet:-1","max-image-preview":"max-image-preview:large","max-video-preview":"max-video-preview:-1"},"canonical":"https:\/\/marketplace.navixy.com\/es\/shop\/mass-texting\/","og_locale":"es_ES","og_type":"article","og_title":"Mensajes masivos &#8212; Marketplace Navixy","og_description":"Optimice la comunicaci\u00f3n con sus trabajadores de campo a trav\u00e9s de mensajes masivos","og_url":"https:\/\/marketplace.navixy.com\/es\/shop\/mass-texting\/","og_site_name":"Marketplace Navixy","article_modified_time":"2020-10-29T10:30:01+00:00","og_image":[{"width":300,"height":300,"url":"https:\/\/marketplace.navixy.com\/wp-content\/uploads\/2020\/04\/massovaya-rassylka-soobshhenij.png","type":"image\/png"}],"twitter_card":"summary_large_image","schema":{"@context":"https:\/\/schema.org","@graph":[{"@type":"WebPage","@id":"https:\/\/marketplace.navixy.com\/es\/shop\/mass-texting\/","url":"https:\/\/marketplace.navixy.com\/es\/shop\/mass-texting\/","name":"Mensajes masivos &#8212; Marketplace Navixy","isPartOf":{"@id":"https:\/\/marketplace.navixy.com\/es\/#website"},"primaryImageOfPage":{"@id":"https:\/\/marketplace.navixy.com\/es\/shop\/mass-texting\/#primaryimage"},"image":{"@id":"https:\/\/marketplace.navixy.com\/es\/shop\/mass-texting\/#primaryimage"},"thumbnailUrl":"https:\/\/marketplace.navixy.com\/wp-content\/uploads\/2020\/04\/massovaya-rassylka-soobshhenij.png","datePublished":"2020-04-29T07:16:25+00:00","dateModified":"2020-10-29T10:30:01+00:00","description":"Optimice la comunicaci\u00f3n con sus trabajadores de campo a trav\u00e9s de mensajes masivos","breadcrumb":{"@id":"https:\/\/marketplace.navixy.com\/es\/shop\/mass-texting\/#breadcrumb"},"inLanguage":"es","potentialAction":[{"@type":"ReadAction","target":["https:\/\/marketplace.navixy.com\/es\/shop\/mass-texting\/"]}]},{"@type":"ImageObject","inLanguage":"es","@id":"https:\/\/marketplace.navixy.com\/es\/shop\/mass-texting\/#primaryimage","url":"https:\/\/marketplace.navixy.com\/wp-content\/uploads\/2020\/04\/massovaya-rassylka-soobshhenij.png","contentUrl":"https:\/\/marketplace.navixy.com\/wp-content\/uploads\/2020\/04\/massovaya-rassylka-soobshhenij.png","width":300,"height":300},{"@type":"BreadcrumbList","@id":"https:\/\/marketplace.navixy.com\/es\/shop\/mass-texting\/#breadcrumb","itemListElement":[{"@type":"ListItem","position":1,"name":"\u0413\u043b\u0430\u0432\u043d\u0430\u044f \u0441\u0442\u0440\u0430\u043d\u0438\u0446\u0430","item":"https:\/\/marketplace.navixy.com\/es\/"},{"@type":"ListItem","position":2,"name":"Marketplace Navixy","item":"https:\/\/marketplace.navixy.com\/es\/"},{"@type":"ListItem","position":3,"name":"Mensajes masivos"}]},{"@type":"WebSite","@id":"https:\/\/marketplace.navixy.com\/es\/#website","url":"https:\/\/marketplace.navixy.com\/es\/","name":"Marketplace Navixy","description":"Marketplace Navixy","potentialAction":[{"@type":"SearchAction","target":{"@type":"EntryPoint","urlTemplate":"https:\/\/marketplace.navixy.com\/es\/?s={search_term_string}"},"query-input":{"@type":"PropertyValueSpecification","valueRequired":true,"valueName":"search_term_string"}}],"inLanguage":"es"}]}},"_links":{"self":[{"href":"https:\/\/marketplace.navixy.com\/es\/wp-json\/wp\/v2\/product\/1424","targetHints":{"allow":["GET"]}}],"collection":[{"href":"https:\/\/marketplace.navixy.com\/es\/wp-json\/wp\/v2\/product"}],"about":[{"href":"https:\/\/marketplace.navixy.com\/es\/wp-json\/wp\/v2\/types\/product"}],"wp:featuredmedia":[{"embeddable":true,"href":"https:\/\/marketplace.navixy.com\/es\/wp-json\/wp\/v2\/media\/1202"}],"wp:attachment":[{"href":"https:\/\/marketplace.navixy.com\/es\/wp-json\/wp\/v2\/media?parent=1424"}],"wp:term":[{"taxonomy":"product_brand","embeddable":true,"href":"https:\/\/marketplace.navixy.com\/es\/wp-json\/wp\/v2\/product_brand?post=1424"},{"taxonomy":"product_cat","embeddable":true,"href":"https:\/\/marketplace.navixy.com\/es\/wp-json\/wp\/v2\/product_cat?post=1424"},{"taxonomy":"product_tag","embeddable":true,"href":"https:\/\/marketplace.navixy.com\/es\/wp-json\/wp\/v2\/product_tag?post=1424"}],"curies":[{"name":"wp","href":"https:\/\/api.w.org\/{rel}","templated":true}]}}