{"id":1422,"date":"2020-04-29T10:31:23","date_gmt":"2020-04-29T07:31:23","guid":{"rendered":"https:\/\/marketplace.navixy.com\/shop\/route-optimization\/"},"modified":"2020-12-08T12:32:07","modified_gmt":"2020-12-08T09:32:07","slug":"route-optimization","status":"publish","type":"product","link":"https:\/\/marketplace.navixy.com\/es\/shop\/route-optimization\/","title":{"rendered":"Optimizaci\u00f3n de rutas"},"content":{"rendered":"<div class=\"wpb-content-wrapper\"><p>[vc_row][vc_column][vc_tta_tabs][vc_tta_section title=\u00bbDESCRIPCI\u00d3N\u00bb tab_id=\u00bbdescription\u00bb][vc_column_text]<span style=\"font-weight: 400;\">La funci\u00f3n de optimizaci\u00f3n de rutas le permitir\u00e1 establecer la secuencia m\u00e1s \u00f3ptima y conveniente para visitar a cada cliente. El sistema conecta y ordena autom\u00e1ticamente todos los lugares de visitas para que el empleado pase un m\u00ednimo de tiempo en la carretera y viaje por el camino m\u00e1s corto, teniendo en cuenta su direcci\u00f3n, la hora y el punto de inicio de la tarea.<\/span><\/p>\n<p><span style=\"font-weight: 400;\">Esta caracter\u00edstica lo ayudar\u00e1 a optimizar sus servicios y alcanzar grandes cuotas de productividad, reduciendo los kil\u00f3metros al volante, los costes de la flota y las emisiones de CO2.<\/span>[\/vc_column_text][vc_gallery interval=\u00bb3&#8243; images=\u00bb1444,1447,1450&#8243; img_size=\u00bbmedium\u00bb][\/vc_tta_section][vc_tta_section title=\u00bbUso\u00bb tab_id=\u00bbuse\u00bb][vc_column_text]<span style=\"font-weight: 400;\">Para usar la optimizaci\u00f3n de rutas:<\/span><\/p>\n<ol>\n<li style=\"font-weight: 400;\"><span style=\"font-weight: 400;\">Cree una tarea de ruta, especifique la hora y la direcci\u00f3n para cada punto de trabajo.<\/span><\/li>\n<li style=\"font-weight: 400;\"><span style=\"font-weight: 400;\">Haga clic en \u00abOptimizar ruta\u00bb.<\/span><\/li>\n<li style=\"font-weight: 400;\"><span style=\"font-weight: 400;\">Establezca el punto de partida.<\/span><\/li>\n<li style=\"font-weight: 400;\"><span style=\"font-weight: 400;\">Haga clic en \u00abOptimizar\u00bb.<\/span><\/li>\n<li style=\"font-weight: 400;\"><span style=\"font-weight: 400;\">Ahora todos los puntos est\u00e1n en el orden m\u00e1s conveniente. As\u00ed, el mensajero puede visitar todas las direcciones de la manera m\u00e1s r\u00e1pida.<\/span><\/li>\n<\/ol>\n<p>[\/vc_column_text][\/vc_tta_section][\/vc_tta_tabs][\/vc_column][\/vc_row]<\/p>\n<\/div>","protected":false},"excerpt":{"rendered":"<p><span style=\"font-weight: 400;\">Haga que sus servicios de campo sean m\u00e1s efectivos con la funci\u00f3n de optimizaci\u00f3n de rutas.<\/span><\/p>\n","protected":false},"featured_media":1214,"template":"","meta":[],"product_brand":[],"product_cat":[101],"product_tag":[144],"class_list":{"0":"post-1422","1":"product","2":"type-product","3":"status-publish","4":"has-post-thumbnail","6":"product_cat-gestion-de-servicios-en-campo","7":"product_tag-dispatching-es","9":"first","10":"instock","11":"shipping-taxable","12":"product-type-simple"},"yoast_head":"\n<title>Optimizaci\u00f3n de rutas &#8212; Marketplace Navixy<\/title>\n<meta name=\"description\" content=\"Haga que sus servicios de campo sean m\u00e1s efectivos con la funci\u00f3n de optimizaci\u00f3n de rutas.\" \/>\n<meta name=\"robots\" content=\"index, follow, max-snippet:-1, max-image-preview:large, max-video-preview:-1\" \/>\n<link rel=\"canonical\" href=\"https:\/\/marketplace.navixy.com\/es\/shop\/route-optimization\/\" \/>\n<meta property=\"og:locale\" content=\"es_ES\" \/>\n<meta property=\"og:type\" content=\"article\" \/>\n<meta property=\"og:title\" content=\"Optimizaci\u00f3n de rutas &#8212; Marketplace Navixy\" \/>\n<meta property=\"og:description\" content=\"Haga que sus servicios de campo sean m\u00e1s efectivos con la funci\u00f3n de optimizaci\u00f3n de rutas.\" \/>\n<meta property=\"og:url\" content=\"https:\/\/marketplace.navixy.com\/es\/shop\/route-optimization\/\" \/>\n<meta property=\"og:site_name\" content=\"Marketplace Navixy\" \/>\n<meta property=\"article:modified_time\" content=\"2020-12-08T09:32:07+00:00\" \/>\n<meta property=\"og:image\" content=\"https:\/\/marketplace.navixy.com\/wp-content\/uploads\/2020\/04\/optimizaciya-marshruta.png\" \/>\n\t<meta property=\"og:image:width\" content=\"300\" \/>\n\t<meta property=\"og:image:height\" content=\"300\" \/>\n\t<meta property=\"og:image:type\" content=\"image\/png\" \/>\n<meta name=\"twitter:card\" content=\"summary_large_image\" \/>\n<script type=\"application\/ld+json\" class=\"yoast-schema-graph\">{\"@context\":\"https:\/\/schema.org\",\"@graph\":[{\"@type\":\"WebPage\",\"@id\":\"https:\/\/marketplace.navixy.com\/es\/shop\/route-optimization\/\",\"url\":\"https:\/\/marketplace.navixy.com\/es\/shop\/route-optimization\/\",\"name\":\"Optimizaci\u00f3n de rutas &#8212; Marketplace Navixy\",\"isPartOf\":{\"@id\":\"https:\/\/marketplace.navixy.com\/es\/#website\"},\"primaryImageOfPage\":{\"@id\":\"https:\/\/marketplace.navixy.com\/es\/shop\/route-optimization\/#primaryimage\"},\"image\":{\"@id\":\"https:\/\/marketplace.navixy.com\/es\/shop\/route-optimization\/#primaryimage\"},\"thumbnailUrl\":\"https:\/\/marketplace.navixy.com\/wp-content\/uploads\/2020\/04\/optimizaciya-marshruta.png\",\"datePublished\":\"2020-04-29T07:31:23+00:00\",\"dateModified\":\"2020-12-08T09:32:07+00:00\",\"description\":\"Haga que sus servicios de campo sean m\u00e1s efectivos con la funci\u00f3n de optimizaci\u00f3n de rutas.\",\"breadcrumb\":{\"@id\":\"https:\/\/marketplace.navixy.com\/es\/shop\/route-optimization\/#breadcrumb\"},\"inLanguage\":\"es\",\"potentialAction\":[{\"@type\":\"ReadAction\",\"target\":[\"https:\/\/marketplace.navixy.com\/es\/shop\/route-optimization\/\"]}]},{\"@type\":\"ImageObject\",\"inLanguage\":\"es\",\"@id\":\"https:\/\/marketplace.navixy.com\/es\/shop\/route-optimization\/#primaryimage\",\"url\":\"https:\/\/marketplace.navixy.com\/wp-content\/uploads\/2020\/04\/optimizaciya-marshruta.png\",\"contentUrl\":\"https:\/\/marketplace.navixy.com\/wp-content\/uploads\/2020\/04\/optimizaciya-marshruta.png\",\"width\":300,\"height\":300},{\"@type\":\"BreadcrumbList\",\"@id\":\"https:\/\/marketplace.navixy.com\/es\/shop\/route-optimization\/#breadcrumb\",\"itemListElement\":[{\"@type\":\"ListItem\",\"position\":1,\"name\":\"\u0413\u043b\u0430\u0432\u043d\u0430\u044f \u0441\u0442\u0440\u0430\u043d\u0438\u0446\u0430\",\"item\":\"https:\/\/marketplace.navixy.com\/es\/\"},{\"@type\":\"ListItem\",\"position\":2,\"name\":\"Marketplace Navixy\",\"item\":\"https:\/\/marketplace.navixy.com\/es\/\"},{\"@type\":\"ListItem\",\"position\":3,\"name\":\"Optimizaci\u00f3n de rutas\"}]},{\"@type\":\"WebSite\",\"@id\":\"https:\/\/marketplace.navixy.com\/es\/#website\",\"url\":\"https:\/\/marketplace.navixy.com\/es\/\",\"name\":\"Marketplace Navixy\",\"description\":\"Marketplace Navixy\",\"potentialAction\":[{\"@type\":\"SearchAction\",\"target\":{\"@type\":\"EntryPoint\",\"urlTemplate\":\"https:\/\/marketplace.navixy.com\/es\/?s={search_term_string}\"},\"query-input\":{\"@type\":\"PropertyValueSpecification\",\"valueRequired\":true,\"valueName\":\"search_term_string\"}}],\"inLanguage\":\"es\"}]}<\/script>\n","yoast_head_json":{"title":"Optimizaci\u00f3n de rutas &#8212; Marketplace Navixy","description":"Haga que sus servicios de campo sean m\u00e1s efectivos con la funci\u00f3n de optimizaci\u00f3n de rutas.","robots":{"index":"index","follow":"follow","max-snippet":"max-snippet:-1","max-image-preview":"max-image-preview:large","max-video-preview":"max-video-preview:-1"},"canonical":"https:\/\/marketplace.navixy.com\/es\/shop\/route-optimization\/","og_locale":"es_ES","og_type":"article","og_title":"Optimizaci\u00f3n de rutas &#8212; Marketplace Navixy","og_description":"Haga que sus servicios de campo sean m\u00e1s efectivos con la funci\u00f3n de optimizaci\u00f3n de rutas.","og_url":"https:\/\/marketplace.navixy.com\/es\/shop\/route-optimization\/","og_site_name":"Marketplace Navixy","article_modified_time":"2020-12-08T09:32:07+00:00","og_image":[{"width":300,"height":300,"url":"https:\/\/marketplace.navixy.com\/wp-content\/uploads\/2020\/04\/optimizaciya-marshruta.png","type":"image\/png"}],"twitter_card":"summary_large_image","schema":{"@context":"https:\/\/schema.org","@graph":[{"@type":"WebPage","@id":"https:\/\/marketplace.navixy.com\/es\/shop\/route-optimization\/","url":"https:\/\/marketplace.navixy.com\/es\/shop\/route-optimization\/","name":"Optimizaci\u00f3n de rutas &#8212; Marketplace Navixy","isPartOf":{"@id":"https:\/\/marketplace.navixy.com\/es\/#website"},"primaryImageOfPage":{"@id":"https:\/\/marketplace.navixy.com\/es\/shop\/route-optimization\/#primaryimage"},"image":{"@id":"https:\/\/marketplace.navixy.com\/es\/shop\/route-optimization\/#primaryimage"},"thumbnailUrl":"https:\/\/marketplace.navixy.com\/wp-content\/uploads\/2020\/04\/optimizaciya-marshruta.png","datePublished":"2020-04-29T07:31:23+00:00","dateModified":"2020-12-08T09:32:07+00:00","description":"Haga que sus servicios de campo sean m\u00e1s efectivos con la funci\u00f3n de optimizaci\u00f3n de rutas.","breadcrumb":{"@id":"https:\/\/marketplace.navixy.com\/es\/shop\/route-optimization\/#breadcrumb"},"inLanguage":"es","potentialAction":[{"@type":"ReadAction","target":["https:\/\/marketplace.navixy.com\/es\/shop\/route-optimization\/"]}]},{"@type":"ImageObject","inLanguage":"es","@id":"https:\/\/marketplace.navixy.com\/es\/shop\/route-optimization\/#primaryimage","url":"https:\/\/marketplace.navixy.com\/wp-content\/uploads\/2020\/04\/optimizaciya-marshruta.png","contentUrl":"https:\/\/marketplace.navixy.com\/wp-content\/uploads\/2020\/04\/optimizaciya-marshruta.png","width":300,"height":300},{"@type":"BreadcrumbList","@id":"https:\/\/marketplace.navixy.com\/es\/shop\/route-optimization\/#breadcrumb","itemListElement":[{"@type":"ListItem","position":1,"name":"\u0413\u043b\u0430\u0432\u043d\u0430\u044f \u0441\u0442\u0440\u0430\u043d\u0438\u0446\u0430","item":"https:\/\/marketplace.navixy.com\/es\/"},{"@type":"ListItem","position":2,"name":"Marketplace Navixy","item":"https:\/\/marketplace.navixy.com\/es\/"},{"@type":"ListItem","position":3,"name":"Optimizaci\u00f3n de rutas"}]},{"@type":"WebSite","@id":"https:\/\/marketplace.navixy.com\/es\/#website","url":"https:\/\/marketplace.navixy.com\/es\/","name":"Marketplace Navixy","description":"Marketplace Navixy","potentialAction":[{"@type":"SearchAction","target":{"@type":"EntryPoint","urlTemplate":"https:\/\/marketplace.navixy.com\/es\/?s={search_term_string}"},"query-input":{"@type":"PropertyValueSpecification","valueRequired":true,"valueName":"search_term_string"}}],"inLanguage":"es"}]}},"_links":{"self":[{"href":"https:\/\/marketplace.navixy.com\/es\/wp-json\/wp\/v2\/product\/1422","targetHints":{"allow":["GET"]}}],"collection":[{"href":"https:\/\/marketplace.navixy.com\/es\/wp-json\/wp\/v2\/product"}],"about":[{"href":"https:\/\/marketplace.navixy.com\/es\/wp-json\/wp\/v2\/types\/product"}],"wp:featuredmedia":[{"embeddable":true,"href":"https:\/\/marketplace.navixy.com\/es\/wp-json\/wp\/v2\/media\/1214"}],"wp:attachment":[{"href":"https:\/\/marketplace.navixy.com\/es\/wp-json\/wp\/v2\/media?parent=1422"}],"wp:term":[{"taxonomy":"product_brand","embeddable":true,"href":"https:\/\/marketplace.navixy.com\/es\/wp-json\/wp\/v2\/product_brand?post=1422"},{"taxonomy":"product_cat","embeddable":true,"href":"https:\/\/marketplace.navixy.com\/es\/wp-json\/wp\/v2\/product_cat?post=1422"},{"taxonomy":"product_tag","embeddable":true,"href":"https:\/\/marketplace.navixy.com\/es\/wp-json\/wp\/v2\/product_tag?post=1422"}],"curies":[{"name":"wp","href":"https:\/\/api.w.org\/{rel}","templated":true}]}}