{"id":1086,"date":"2020-01-30T16:42:54","date_gmt":"2020-01-30T13:42:54","guid":{"rendered":"https:\/\/marketplace.navixy.com\/shop\/schetchik-passazhiropotoka\/"},"modified":"2024-03-24T00:48:38","modified_gmt":"2024-03-23T21:48:38","slug":"contador-de-pasajeros","status":"publish","type":"product","link":"https:\/\/marketplace.navixy.com\/es\/shop\/contador-de-pasajeros\/","title":{"rendered":"Contador de Pasajeros"},"content":{"rendered":"<div class=\"wpb-content-wrapper\"><p>[vc_row][vc_column][vc_tta_tabs][vc_tta_section title=\u00bbDescripci\u00f3n\u00bb tab_id=\u00bbdescription\u00bb][vc_column_text]La extensi\u00f3n Contador de Pasajeros le permite controlar el n\u00famero de pasajeros que entran y salen de los edificios, de los veh\u00edculos de transporte p\u00fablico o de cualquier \u00e1rea de acceso restringido. Los datos precisos sobre el n\u00famero de pasajeros transportados le ayudar\u00e1n a levar la contabilidad de los billetes vendidos en la ciudad y en las rutas interurbanas. Mejore la seguridad y garantice la recolecci\u00f3n transparente de pagos.<\/p>\n<p>La extensi\u00f3n incluye:<\/p>\n<ul>\n<li>Soporte para los sensores virtuales de conteo de pasajeros en la plataforma telem\u00e1tica.<\/li>\n<li>Datos en l\u00ednea sobre pasajeros que entran y\/o salen<\/li>\n<li>Notificaciones del hacinamiento del autob\u00fas o de embarque\/desembarque fuera de las paradas<\/li>\n<li>Informe sobre el n\u00famero de pasajeros transportados para el per\u00edodo seleccionado<\/li>\n<\/ul>\n<p>[\/vc_column_text][\/vc_tta_section][vc_tta_section title=\u00bbUso\u00bb tab_id=\u00bbuse\u00bb][vc_column_text]<\/p>\n<ol>\n<li>Instale 2 sensores PP-01 en cada puerta de entrada del autob\u00fas y con\u00e9ctelos a trav\u00e9s de la interfaz RS-485 al rastreador GPS GalileoSky Serie 7 o Base block.<\/li>\n<li>Instale dos sensores infrarrojos y con\u00e9ctelos al rastreador GPS, por ejemplo, a trav\u00e9s de la interfaz RS-485, y config\u00farelo de acuerdo con el manual del usuario.<\/li>\n<li>Inicie sesi\u00f3n en su cuenta en la plataforma, vaya al men\u00fa Dispositivos y configure los sensores del conteo de pasajeros para la entrada y salida<\/li>\n<li>Monitoree las lecturas del sensor en tiempo real y\/o genere informes autom\u00e1ticos para cualquier per\u00edodo.<\/li>\n<\/ol>\n<p>[\/vc_column_text][\/vc_tta_section][\/vc_tta_tabs][\/vc_column][\/vc_row]<\/p>\n<\/div>","protected":false},"excerpt":{"rendered":"<p>Realice un seguimiento del flujo de personas dentro de un veh\u00edculo o de un lugar<\/p>\n","protected":false},"featured_media":1083,"template":"","meta":[],"product_brand":[],"product_cat":[99],"product_tag":[147],"class_list":{"0":"post-1086","1":"product","2":"type-product","3":"status-publish","4":"has-post-thumbnail","6":"product_cat-gestion-de-flotas","7":"product_tag-sensors-and-maintenance-es","9":"first","10":"instock","11":"shipping-taxable","12":"product-type-simple"},"yoast_head":"\n<title>Contador de Pasajeros &#8212; Marketplace Navixy<\/title>\n<meta name=\"description\" content=\"La extensi\u00f3n Contador de Pasajeros le permite controlar el n\u00famero de pasajeros que entran y salen de los edificios, de los veh\u00edculos de transporte p\u00fablico o de cualquier \u00e1rea de acceso restringido.\" \/>\n<meta name=\"robots\" content=\"index, follow, max-snippet:-1, max-image-preview:large, max-video-preview:-1\" \/>\n<link rel=\"canonical\" href=\"https:\/\/marketplace.navixy.com\/es\/shop\/contador-de-pasajeros\/\" \/>\n<meta property=\"og:locale\" content=\"es_ES\" \/>\n<meta property=\"og:type\" content=\"article\" \/>\n<meta property=\"og:title\" content=\"Contador de Pasajeros &#8212; Marketplace Navixy\" \/>\n<meta property=\"og:description\" content=\"La extensi\u00f3n Contador de Pasajeros le permite controlar el n\u00famero de pasajeros que entran y salen de los edificios, de los veh\u00edculos de transporte p\u00fablico o de cualquier \u00e1rea de acceso restringido.\" \/>\n<meta property=\"og:url\" content=\"https:\/\/marketplace.navixy.com\/es\/shop\/contador-de-pasajeros\/\" \/>\n<meta property=\"og:site_name\" content=\"Marketplace Navixy\" \/>\n<meta property=\"article:modified_time\" content=\"2024-03-23T21:48:38+00:00\" \/>\n<meta property=\"og:image\" content=\"https:\/\/marketplace.navixy.com\/wp-content\/uploads\/2020\/01\/passenger-counter.png\" \/>\n\t<meta property=\"og:image:width\" content=\"300\" \/>\n\t<meta property=\"og:image:height\" content=\"300\" \/>\n\t<meta property=\"og:image:type\" content=\"image\/png\" \/>\n<meta name=\"twitter:card\" content=\"summary_large_image\" \/>\n<script type=\"application\/ld+json\" class=\"yoast-schema-graph\">{\"@context\":\"https:\/\/schema.org\",\"@graph\":[{\"@type\":\"WebPage\",\"@id\":\"https:\/\/marketplace.navixy.com\/es\/shop\/contador-de-pasajeros\/\",\"url\":\"https:\/\/marketplace.navixy.com\/es\/shop\/contador-de-pasajeros\/\",\"name\":\"Contador de Pasajeros &#8212; Marketplace Navixy\",\"isPartOf\":{\"@id\":\"https:\/\/marketplace.navixy.com\/es\/#website\"},\"primaryImageOfPage\":{\"@id\":\"https:\/\/marketplace.navixy.com\/es\/shop\/contador-de-pasajeros\/#primaryimage\"},\"image\":{\"@id\":\"https:\/\/marketplace.navixy.com\/es\/shop\/contador-de-pasajeros\/#primaryimage\"},\"thumbnailUrl\":\"https:\/\/marketplace.navixy.com\/wp-content\/uploads\/2020\/01\/passenger-counter.png\",\"datePublished\":\"2020-01-30T13:42:54+00:00\",\"dateModified\":\"2024-03-23T21:48:38+00:00\",\"description\":\"La extensi\u00f3n Contador de Pasajeros le permite controlar el n\u00famero de pasajeros que entran y salen de los edificios, de los veh\u00edculos de transporte p\u00fablico o de cualquier \u00e1rea de acceso restringido.\",\"breadcrumb\":{\"@id\":\"https:\/\/marketplace.navixy.com\/es\/shop\/contador-de-pasajeros\/#breadcrumb\"},\"inLanguage\":\"es\",\"potentialAction\":[{\"@type\":\"ReadAction\",\"target\":[\"https:\/\/marketplace.navixy.com\/es\/shop\/contador-de-pasajeros\/\"]}]},{\"@type\":\"ImageObject\",\"inLanguage\":\"es\",\"@id\":\"https:\/\/marketplace.navixy.com\/es\/shop\/contador-de-pasajeros\/#primaryimage\",\"url\":\"https:\/\/marketplace.navixy.com\/wp-content\/uploads\/2020\/01\/passenger-counter.png\",\"contentUrl\":\"https:\/\/marketplace.navixy.com\/wp-content\/uploads\/2020\/01\/passenger-counter.png\",\"width\":300,\"height\":300,\"caption\":\"Passenger counter\"},{\"@type\":\"BreadcrumbList\",\"@id\":\"https:\/\/marketplace.navixy.com\/es\/shop\/contador-de-pasajeros\/#breadcrumb\",\"itemListElement\":[{\"@type\":\"ListItem\",\"position\":1,\"name\":\"\u0413\u043b\u0430\u0432\u043d\u0430\u044f \u0441\u0442\u0440\u0430\u043d\u0438\u0446\u0430\",\"item\":\"https:\/\/marketplace.navixy.com\/es\/\"},{\"@type\":\"ListItem\",\"position\":2,\"name\":\"Marketplace Navixy\",\"item\":\"https:\/\/marketplace.navixy.com\/es\/\"},{\"@type\":\"ListItem\",\"position\":3,\"name\":\"Contador de Pasajeros\"}]},{\"@type\":\"WebSite\",\"@id\":\"https:\/\/marketplace.navixy.com\/es\/#website\",\"url\":\"https:\/\/marketplace.navixy.com\/es\/\",\"name\":\"Marketplace Navixy\",\"description\":\"Marketplace Navixy\",\"potentialAction\":[{\"@type\":\"SearchAction\",\"target\":{\"@type\":\"EntryPoint\",\"urlTemplate\":\"https:\/\/marketplace.navixy.com\/es\/?s={search_term_string}\"},\"query-input\":{\"@type\":\"PropertyValueSpecification\",\"valueRequired\":true,\"valueName\":\"search_term_string\"}}],\"inLanguage\":\"es\"}]}<\/script>\n","yoast_head_json":{"title":"Contador de Pasajeros &#8212; Marketplace Navixy","description":"La extensi\u00f3n Contador de Pasajeros le permite controlar el n\u00famero de pasajeros que entran y salen de los edificios, de los veh\u00edculos de transporte p\u00fablico o de cualquier \u00e1rea de acceso restringido.","robots":{"index":"index","follow":"follow","max-snippet":"max-snippet:-1","max-image-preview":"max-image-preview:large","max-video-preview":"max-video-preview:-1"},"canonical":"https:\/\/marketplace.navixy.com\/es\/shop\/contador-de-pasajeros\/","og_locale":"es_ES","og_type":"article","og_title":"Contador de Pasajeros &#8212; Marketplace Navixy","og_description":"La extensi\u00f3n Contador de Pasajeros le permite controlar el n\u00famero de pasajeros que entran y salen de los edificios, de los veh\u00edculos de transporte p\u00fablico o de cualquier \u00e1rea de acceso restringido.","og_url":"https:\/\/marketplace.navixy.com\/es\/shop\/contador-de-pasajeros\/","og_site_name":"Marketplace Navixy","article_modified_time":"2024-03-23T21:48:38+00:00","og_image":[{"width":300,"height":300,"url":"https:\/\/marketplace.navixy.com\/wp-content\/uploads\/2020\/01\/passenger-counter.png","type":"image\/png"}],"twitter_card":"summary_large_image","schema":{"@context":"https:\/\/schema.org","@graph":[{"@type":"WebPage","@id":"https:\/\/marketplace.navixy.com\/es\/shop\/contador-de-pasajeros\/","url":"https:\/\/marketplace.navixy.com\/es\/shop\/contador-de-pasajeros\/","name":"Contador de Pasajeros &#8212; Marketplace Navixy","isPartOf":{"@id":"https:\/\/marketplace.navixy.com\/es\/#website"},"primaryImageOfPage":{"@id":"https:\/\/marketplace.navixy.com\/es\/shop\/contador-de-pasajeros\/#primaryimage"},"image":{"@id":"https:\/\/marketplace.navixy.com\/es\/shop\/contador-de-pasajeros\/#primaryimage"},"thumbnailUrl":"https:\/\/marketplace.navixy.com\/wp-content\/uploads\/2020\/01\/passenger-counter.png","datePublished":"2020-01-30T13:42:54+00:00","dateModified":"2024-03-23T21:48:38+00:00","description":"La extensi\u00f3n Contador de Pasajeros le permite controlar el n\u00famero de pasajeros que entran y salen de los edificios, de los veh\u00edculos de transporte p\u00fablico o de cualquier \u00e1rea de acceso restringido.","breadcrumb":{"@id":"https:\/\/marketplace.navixy.com\/es\/shop\/contador-de-pasajeros\/#breadcrumb"},"inLanguage":"es","potentialAction":[{"@type":"ReadAction","target":["https:\/\/marketplace.navixy.com\/es\/shop\/contador-de-pasajeros\/"]}]},{"@type":"ImageObject","inLanguage":"es","@id":"https:\/\/marketplace.navixy.com\/es\/shop\/contador-de-pasajeros\/#primaryimage","url":"https:\/\/marketplace.navixy.com\/wp-content\/uploads\/2020\/01\/passenger-counter.png","contentUrl":"https:\/\/marketplace.navixy.com\/wp-content\/uploads\/2020\/01\/passenger-counter.png","width":300,"height":300,"caption":"Passenger counter"},{"@type":"BreadcrumbList","@id":"https:\/\/marketplace.navixy.com\/es\/shop\/contador-de-pasajeros\/#breadcrumb","itemListElement":[{"@type":"ListItem","position":1,"name":"\u0413\u043b\u0430\u0432\u043d\u0430\u044f \u0441\u0442\u0440\u0430\u043d\u0438\u0446\u0430","item":"https:\/\/marketplace.navixy.com\/es\/"},{"@type":"ListItem","position":2,"name":"Marketplace Navixy","item":"https:\/\/marketplace.navixy.com\/es\/"},{"@type":"ListItem","position":3,"name":"Contador de Pasajeros"}]},{"@type":"WebSite","@id":"https:\/\/marketplace.navixy.com\/es\/#website","url":"https:\/\/marketplace.navixy.com\/es\/","name":"Marketplace Navixy","description":"Marketplace Navixy","potentialAction":[{"@type":"SearchAction","target":{"@type":"EntryPoint","urlTemplate":"https:\/\/marketplace.navixy.com\/es\/?s={search_term_string}"},"query-input":{"@type":"PropertyValueSpecification","valueRequired":true,"valueName":"search_term_string"}}],"inLanguage":"es"}]}},"_links":{"self":[{"href":"https:\/\/marketplace.navixy.com\/es\/wp-json\/wp\/v2\/product\/1086","targetHints":{"allow":["GET"]}}],"collection":[{"href":"https:\/\/marketplace.navixy.com\/es\/wp-json\/wp\/v2\/product"}],"about":[{"href":"https:\/\/marketplace.navixy.com\/es\/wp-json\/wp\/v2\/types\/product"}],"wp:featuredmedia":[{"embeddable":true,"href":"https:\/\/marketplace.navixy.com\/es\/wp-json\/wp\/v2\/media\/1083"}],"wp:attachment":[{"href":"https:\/\/marketplace.navixy.com\/es\/wp-json\/wp\/v2\/media?parent=1086"}],"wp:term":[{"taxonomy":"product_brand","embeddable":true,"href":"https:\/\/marketplace.navixy.com\/es\/wp-json\/wp\/v2\/product_brand?post=1086"},{"taxonomy":"product_cat","embeddable":true,"href":"https:\/\/marketplace.navixy.com\/es\/wp-json\/wp\/v2\/product_cat?post=1086"},{"taxonomy":"product_tag","embeddable":true,"href":"https:\/\/marketplace.navixy.com\/es\/wp-json\/wp\/v2\/product_tag?post=1086"}],"curies":[{"name":"wp","href":"https:\/\/api.w.org\/{rel}","templated":true}]}}