{"id":1072,"date":"2018-09-06T12:01:41","date_gmt":"2018-09-06T09:01:41","guid":{"rendered":"https:\/\/marketplace.navixy.com\/shop\/2checkout-payment\/"},"modified":"2024-07-05T16:53:34","modified_gmt":"2024-07-05T13:53:34","slug":"2checkout-payment","status":"publish","type":"product","link":"https:\/\/marketplace.navixy.com\/es\/shop\/2checkout-payment\/","title":{"rendered":"2Checkout"},"content":{"rendered":"<div class=\"wpb-content-wrapper\"><p>[vc_row][vc_column][vc_tta_tabs][vc_tta_section title=\u00bbDescripci\u00f3n\u00bb tab_id=\u00bbdescription\u00bb][vc_column_text]Navixy y 2Checkout, un procesador l\u00edder mundial de comercio electr\u00f3nico y pagos, permite a sus clientes pagar sus servicios telem\u00e1ticos en l\u00ednea con tarjeta de cr\u00e9dito \u00f3 d\u00e9bito. Todas las transacciones se pueden realizar directamente en su cuenta de servicio telem\u00e1tico en el modo Balance.<\/p>\n<p>La extensi\u00f3n le permite:<\/p>\n<ul>\n<li>Acelerar los pagos<\/li>\n<li>Minimizar errores y acreditar pagos<\/li>\n<li>Hacer un pago \u00fanico<\/li>\n<li>Activar pagos autom\u00e1ticos<\/li>\n<\/ul>\n<p>[\/vc_column_text][vc_row_inner][vc_column_inner width=\u00bb1\/4&#8243;][\/vc_column_inner][vc_column_inner width=\u00bb1\/2&#8243;][vc_single_image image=\u00bb669&#8243; img_size=\u00bblarge\u00bb alignment=\u00bbcenter\u00bb onclick=\u00bblink_image\u00bb][\/vc_column_inner][vc_column_inner width=\u00bb1\/4&#8243;][\/vc_column_inner][\/vc_row_inner][\/vc_tta_section][vc_tta_section title=\u00bbUso\u00bb tab_id=\u00bbuse\u00bb][vc_column_text]Para utilizar la extensi\u00f3n, necesitar\u00e1:<\/p>\n<ol>\n<li>Crear una cuenta 2Checkout<\/li>\n<li>Dar sus claves de acceso<\/li>\n<li>El equipo de soporte de Navixy le ayudar\u00e1 con la integraci\u00f3n de la pasarela de pago.<\/li>\n<\/ol>\n<p>[\/vc_column_text][\/vc_tta_section][\/vc_tta_tabs][\/vc_column][\/vc_row]<\/p>\n<\/div>","protected":false},"excerpt":{"rendered":"<p>Permita que sus clientes paguen los servicios telem\u00e1ticos con tarjeta de cr\u00e9dito o d\u00e9bito.<\/p>\n","protected":false},"featured_media":348,"template":"","meta":[],"product_brand":[],"product_cat":[129],"product_tag":[112],"class_list":{"0":"post-1072","1":"product","2":"type-product","3":"status-publish","4":"has-post-thumbnail","6":"product_cat-administracion","7":"product_tag-pagos","9":"first","10":"instock","11":"shipping-taxable","12":"product-type-simple"},"yoast_head":"\n<title>2Checkout &#8212; Marketplace Navixy<\/title>\n<meta name=\"description\" content=\"Permita que sus clientes paguen los servicios telem\u00e1ticos con tarjeta de cr\u00e9dito o d\u00e9bito.\" \/>\n<meta name=\"robots\" content=\"index, follow, max-snippet:-1, max-image-preview:large, max-video-preview:-1\" \/>\n<link rel=\"canonical\" href=\"https:\/\/marketplace.navixy.com\/es\/shop\/2checkout-payment\/\" \/>\n<meta property=\"og:locale\" content=\"es_ES\" \/>\n<meta property=\"og:type\" content=\"article\" \/>\n<meta property=\"og:title\" content=\"2Checkout &#8212; Marketplace Navixy\" \/>\n<meta property=\"og:description\" content=\"Permita que sus clientes paguen los servicios telem\u00e1ticos con tarjeta de cr\u00e9dito o d\u00e9bito.\" \/>\n<meta property=\"og:url\" content=\"https:\/\/marketplace.navixy.com\/es\/shop\/2checkout-payment\/\" \/>\n<meta property=\"og:site_name\" content=\"Marketplace Navixy\" \/>\n<meta property=\"article:modified_time\" content=\"2024-07-05T13:53:34+00:00\" \/>\n<meta property=\"og:image\" content=\"https:\/\/marketplace.navixy.com\/wp-content\/uploads\/2019\/04\/2checkout.png\" \/>\n\t<meta property=\"og:image:width\" content=\"300\" \/>\n\t<meta property=\"og:image:height\" content=\"300\" \/>\n\t<meta property=\"og:image:type\" content=\"image\/png\" \/>\n<meta name=\"twitter:card\" content=\"summary_large_image\" \/>\n<script type=\"application\/ld+json\" class=\"yoast-schema-graph\">{\"@context\":\"https:\/\/schema.org\",\"@graph\":[{\"@type\":\"WebPage\",\"@id\":\"https:\/\/marketplace.navixy.com\/es\/shop\/2checkout-payment\/\",\"url\":\"https:\/\/marketplace.navixy.com\/es\/shop\/2checkout-payment\/\",\"name\":\"2Checkout &#8212; Marketplace Navixy\",\"isPartOf\":{\"@id\":\"https:\/\/marketplace.navixy.com\/es\/#website\"},\"primaryImageOfPage\":{\"@id\":\"https:\/\/marketplace.navixy.com\/es\/shop\/2checkout-payment\/#primaryimage\"},\"image\":{\"@id\":\"https:\/\/marketplace.navixy.com\/es\/shop\/2checkout-payment\/#primaryimage\"},\"thumbnailUrl\":\"https:\/\/marketplace.navixy.com\/wp-content\/uploads\/2019\/04\/2checkout.png\",\"datePublished\":\"2018-09-06T09:01:41+00:00\",\"dateModified\":\"2024-07-05T13:53:34+00:00\",\"description\":\"Permita que sus clientes paguen los servicios telem\u00e1ticos con tarjeta de cr\u00e9dito o d\u00e9bito.\",\"breadcrumb\":{\"@id\":\"https:\/\/marketplace.navixy.com\/es\/shop\/2checkout-payment\/#breadcrumb\"},\"inLanguage\":\"es\",\"potentialAction\":[{\"@type\":\"ReadAction\",\"target\":[\"https:\/\/marketplace.navixy.com\/es\/shop\/2checkout-payment\/\"]}]},{\"@type\":\"ImageObject\",\"inLanguage\":\"es\",\"@id\":\"https:\/\/marketplace.navixy.com\/es\/shop\/2checkout-payment\/#primaryimage\",\"url\":\"https:\/\/marketplace.navixy.com\/wp-content\/uploads\/2019\/04\/2checkout.png\",\"contentUrl\":\"https:\/\/marketplace.navixy.com\/wp-content\/uploads\/2019\/04\/2checkout.png\",\"width\":300,\"height\":300},{\"@type\":\"BreadcrumbList\",\"@id\":\"https:\/\/marketplace.navixy.com\/es\/shop\/2checkout-payment\/#breadcrumb\",\"itemListElement\":[{\"@type\":\"ListItem\",\"position\":1,\"name\":\"\u0413\u043b\u0430\u0432\u043d\u0430\u044f \u0441\u0442\u0440\u0430\u043d\u0438\u0446\u0430\",\"item\":\"https:\/\/marketplace.navixy.com\/es\/\"},{\"@type\":\"ListItem\",\"position\":2,\"name\":\"Marketplace Navixy\",\"item\":\"https:\/\/marketplace.navixy.com\/es\/\"},{\"@type\":\"ListItem\",\"position\":3,\"name\":\"2Checkout\"}]},{\"@type\":\"WebSite\",\"@id\":\"https:\/\/marketplace.navixy.com\/es\/#website\",\"url\":\"https:\/\/marketplace.navixy.com\/es\/\",\"name\":\"Marketplace Navixy\",\"description\":\"Marketplace Navixy\",\"potentialAction\":[{\"@type\":\"SearchAction\",\"target\":{\"@type\":\"EntryPoint\",\"urlTemplate\":\"https:\/\/marketplace.navixy.com\/es\/?s={search_term_string}\"},\"query-input\":{\"@type\":\"PropertyValueSpecification\",\"valueRequired\":true,\"valueName\":\"search_term_string\"}}],\"inLanguage\":\"es\"}]}<\/script>\n","yoast_head_json":{"title":"2Checkout &#8212; Marketplace Navixy","description":"Permita que sus clientes paguen los servicios telem\u00e1ticos con tarjeta de cr\u00e9dito o d\u00e9bito.","robots":{"index":"index","follow":"follow","max-snippet":"max-snippet:-1","max-image-preview":"max-image-preview:large","max-video-preview":"max-video-preview:-1"},"canonical":"https:\/\/marketplace.navixy.com\/es\/shop\/2checkout-payment\/","og_locale":"es_ES","og_type":"article","og_title":"2Checkout &#8212; Marketplace Navixy","og_description":"Permita que sus clientes paguen los servicios telem\u00e1ticos con tarjeta de cr\u00e9dito o d\u00e9bito.","og_url":"https:\/\/marketplace.navixy.com\/es\/shop\/2checkout-payment\/","og_site_name":"Marketplace Navixy","article_modified_time":"2024-07-05T13:53:34+00:00","og_image":[{"width":300,"height":300,"url":"https:\/\/marketplace.navixy.com\/wp-content\/uploads\/2019\/04\/2checkout.png","type":"image\/png"}],"twitter_card":"summary_large_image","schema":{"@context":"https:\/\/schema.org","@graph":[{"@type":"WebPage","@id":"https:\/\/marketplace.navixy.com\/es\/shop\/2checkout-payment\/","url":"https:\/\/marketplace.navixy.com\/es\/shop\/2checkout-payment\/","name":"2Checkout &#8212; Marketplace Navixy","isPartOf":{"@id":"https:\/\/marketplace.navixy.com\/es\/#website"},"primaryImageOfPage":{"@id":"https:\/\/marketplace.navixy.com\/es\/shop\/2checkout-payment\/#primaryimage"},"image":{"@id":"https:\/\/marketplace.navixy.com\/es\/shop\/2checkout-payment\/#primaryimage"},"thumbnailUrl":"https:\/\/marketplace.navixy.com\/wp-content\/uploads\/2019\/04\/2checkout.png","datePublished":"2018-09-06T09:01:41+00:00","dateModified":"2024-07-05T13:53:34+00:00","description":"Permita que sus clientes paguen los servicios telem\u00e1ticos con tarjeta de cr\u00e9dito o d\u00e9bito.","breadcrumb":{"@id":"https:\/\/marketplace.navixy.com\/es\/shop\/2checkout-payment\/#breadcrumb"},"inLanguage":"es","potentialAction":[{"@type":"ReadAction","target":["https:\/\/marketplace.navixy.com\/es\/shop\/2checkout-payment\/"]}]},{"@type":"ImageObject","inLanguage":"es","@id":"https:\/\/marketplace.navixy.com\/es\/shop\/2checkout-payment\/#primaryimage","url":"https:\/\/marketplace.navixy.com\/wp-content\/uploads\/2019\/04\/2checkout.png","contentUrl":"https:\/\/marketplace.navixy.com\/wp-content\/uploads\/2019\/04\/2checkout.png","width":300,"height":300},{"@type":"BreadcrumbList","@id":"https:\/\/marketplace.navixy.com\/es\/shop\/2checkout-payment\/#breadcrumb","itemListElement":[{"@type":"ListItem","position":1,"name":"\u0413\u043b\u0430\u0432\u043d\u0430\u044f \u0441\u0442\u0440\u0430\u043d\u0438\u0446\u0430","item":"https:\/\/marketplace.navixy.com\/es\/"},{"@type":"ListItem","position":2,"name":"Marketplace Navixy","item":"https:\/\/marketplace.navixy.com\/es\/"},{"@type":"ListItem","position":3,"name":"2Checkout"}]},{"@type":"WebSite","@id":"https:\/\/marketplace.navixy.com\/es\/#website","url":"https:\/\/marketplace.navixy.com\/es\/","name":"Marketplace Navixy","description":"Marketplace Navixy","potentialAction":[{"@type":"SearchAction","target":{"@type":"EntryPoint","urlTemplate":"https:\/\/marketplace.navixy.com\/es\/?s={search_term_string}"},"query-input":{"@type":"PropertyValueSpecification","valueRequired":true,"valueName":"search_term_string"}}],"inLanguage":"es"}]}},"_links":{"self":[{"href":"https:\/\/marketplace.navixy.com\/es\/wp-json\/wp\/v2\/product\/1072","targetHints":{"allow":["GET"]}}],"collection":[{"href":"https:\/\/marketplace.navixy.com\/es\/wp-json\/wp\/v2\/product"}],"about":[{"href":"https:\/\/marketplace.navixy.com\/es\/wp-json\/wp\/v2\/types\/product"}],"wp:featuredmedia":[{"embeddable":true,"href":"https:\/\/marketplace.navixy.com\/es\/wp-json\/wp\/v2\/media\/348"}],"wp:attachment":[{"href":"https:\/\/marketplace.navixy.com\/es\/wp-json\/wp\/v2\/media?parent=1072"}],"wp:term":[{"taxonomy":"product_brand","embeddable":true,"href":"https:\/\/marketplace.navixy.com\/es\/wp-json\/wp\/v2\/product_brand?post=1072"},{"taxonomy":"product_cat","embeddable":true,"href":"https:\/\/marketplace.navixy.com\/es\/wp-json\/wp\/v2\/product_cat?post=1072"},{"taxonomy":"product_tag","embeddable":true,"href":"https:\/\/marketplace.navixy.com\/es\/wp-json\/wp\/v2\/product_tag?post=1072"}],"curies":[{"name":"wp","href":"https:\/\/api.w.org\/{rel}","templated":true}]}}