{"id":1064,"date":"2018-09-06T16:30:17","date_gmt":"2018-09-06T13:30:17","guid":{"rendered":"https:\/\/marketplace.navixy.com\/shop\/wirelesslinks-eld\/"},"modified":"2020-12-03T08:51:24","modified_gmt":"2020-12-03T05:51:24","slug":"wirelesslinks-eld","status":"publish","type":"product","link":"https:\/\/marketplace.navixy.com\/es\/shop\/wirelesslinks-eld\/","title":{"rendered":"WirelessLinks (ELD\/HOS)"},"content":{"rendered":"<div class=\"wpb-content-wrapper\"><p>[vc_row][vc_column][vc_tta_tabs][vc_tta_section title=\u00bbDescripci\u00f3n\u00bb tab_id=\u00bbdescription\u00bb][vc_column_text]Habilite la extensi\u00f3n para registrar y almacenar autom\u00e1ticamente datos sobre las horas de los conductores y los per\u00edodos de descanso para veh\u00edculos comerciales equipados con ELD. Se tienen en cuenta los siguientes datos:<\/p>\n<ul>\n<li>N\u00famero de horas trabajadas por d\u00eda y por semana.<\/li>\n<li>N\u00famero de horas de descanso entre turnos.<\/li>\n<\/ul>\n<p>La informaci\u00f3n recibida puede enviarse f\u00e1cilmente a los organismos gubernamentales para controlar el cumplimiento del est\u00e1ndar de horas de trabajo y descanso, introducido en Am\u00e9rica del Norte.<\/p>\n<p>La extensi\u00f3n se habilita individualmente para cada usuario del servicio telem\u00e1tico.[\/vc_column_text][vc_row_inner][vc_column_inner width=\u00bb1\/4&#8243;][\/vc_column_inner][vc_column_inner width=\u00bb1\/2&#8243;][vc_single_image image=\u00bb686&#8243; img_size=\u00bblarge\u00bb alignment=\u00bbcenter\u00bb onclick=\u00bblink_image\u00bb][\/vc_column_inner][vc_column_inner width=\u00bb1\/4&#8243;][\/vc_column_inner][\/vc_row_inner][\/vc_tta_section][vc_tta_section title=\u00bbUso\u00bb tab_id=\u00bbuse\u00bb][vc_column_text]<\/p>\n<ul>\n<li>Para empezar, cree una cuenta en <a href=\"http:\/\/login.wlius.com\/\" target=\"_blank\" rel=\"nofollow noopener noreferrer\">WirelessLinks<\/a>.<\/li>\n<li>A\u00f1ade un enlace al servicio WirelessLinks en el men\u00fa principal.<\/li>\n<\/ul>\n<p>[\/vc_column_text][\/vc_tta_section][\/vc_tta_tabs][\/vc_column][\/vc_row]<\/p>\n<\/div>","protected":false},"excerpt":{"rendered":"<p>Garantice el cumplimiento de los requisitos de horas de trabajo y descanso para los conductores de veh\u00edculos comerciales (CMV).<\/p>\n","protected":false},"featured_media":423,"template":"","meta":[],"product_brand":[],"product_cat":[99],"product_tag":[106],"class_list":{"0":"post-1064","1":"product","2":"type-product","3":"status-publish","4":"has-post-thumbnail","6":"product_cat-gestion-de-flotas","7":"product_tag-tacografos","9":"first","10":"instock","11":"shipping-taxable","12":"product-type-simple"},"yoast_head":"\n<title>WirelessLinks (ELD\/HOS) &#8212; Marketplace Navixy<\/title>\n<meta name=\"description\" content=\"WirelessLinks (ELD\/HOS): Garantice el cumplimiento de los requisitos de horas de trabajo y descanso para los conductores de veh\u00edculos comerciales (CMV).\" \/>\n<meta name=\"robots\" content=\"index, follow, max-snippet:-1, max-image-preview:large, max-video-preview:-1\" \/>\n<link rel=\"canonical\" href=\"https:\/\/marketplace.navixy.com\/es\/shop\/wirelesslinks-eld\/\" \/>\n<meta property=\"og:locale\" content=\"es_ES\" \/>\n<meta property=\"og:type\" content=\"article\" \/>\n<meta property=\"og:title\" content=\"WirelessLinks (ELD\/HOS) &#8212; Marketplace Navixy\" \/>\n<meta property=\"og:description\" content=\"WirelessLinks (ELD\/HOS): Garantice el cumplimiento de los requisitos de horas de trabajo y descanso para los conductores de veh\u00edculos comerciales (CMV).\" \/>\n<meta property=\"og:url\" content=\"https:\/\/marketplace.navixy.com\/es\/shop\/wirelesslinks-eld\/\" \/>\n<meta property=\"og:site_name\" content=\"Marketplace Navixy\" \/>\n<meta property=\"article:modified_time\" content=\"2020-12-03T05:51:24+00:00\" \/>\n<meta property=\"og:image\" content=\"https:\/\/marketplace.navixy.com\/wp-content\/uploads\/2019\/04\/wirelesslinks.png\" \/>\n\t<meta property=\"og:image:width\" content=\"300\" \/>\n\t<meta property=\"og:image:height\" content=\"300\" \/>\n\t<meta property=\"og:image:type\" content=\"image\/png\" \/>\n<meta name=\"twitter:card\" content=\"summary_large_image\" \/>\n<script type=\"application\/ld+json\" class=\"yoast-schema-graph\">{\"@context\":\"https:\/\/schema.org\",\"@graph\":[{\"@type\":\"WebPage\",\"@id\":\"https:\/\/marketplace.navixy.com\/es\/shop\/wirelesslinks-eld\/\",\"url\":\"https:\/\/marketplace.navixy.com\/es\/shop\/wirelesslinks-eld\/\",\"name\":\"WirelessLinks (ELD\/HOS) &#8212; Marketplace Navixy\",\"isPartOf\":{\"@id\":\"https:\/\/marketplace.navixy.com\/es\/#website\"},\"primaryImageOfPage\":{\"@id\":\"https:\/\/marketplace.navixy.com\/es\/shop\/wirelesslinks-eld\/#primaryimage\"},\"image\":{\"@id\":\"https:\/\/marketplace.navixy.com\/es\/shop\/wirelesslinks-eld\/#primaryimage\"},\"thumbnailUrl\":\"https:\/\/marketplace.navixy.com\/wp-content\/uploads\/2019\/04\/wirelesslinks.png\",\"datePublished\":\"2018-09-06T13:30:17+00:00\",\"dateModified\":\"2020-12-03T05:51:24+00:00\",\"description\":\"WirelessLinks (ELD\/HOS): Garantice el cumplimiento de los requisitos de horas de trabajo y descanso para los conductores de veh\u00edculos comerciales (CMV).\",\"breadcrumb\":{\"@id\":\"https:\/\/marketplace.navixy.com\/es\/shop\/wirelesslinks-eld\/#breadcrumb\"},\"inLanguage\":\"es\",\"potentialAction\":[{\"@type\":\"ReadAction\",\"target\":[\"https:\/\/marketplace.navixy.com\/es\/shop\/wirelesslinks-eld\/\"]}]},{\"@type\":\"ImageObject\",\"inLanguage\":\"es\",\"@id\":\"https:\/\/marketplace.navixy.com\/es\/shop\/wirelesslinks-eld\/#primaryimage\",\"url\":\"https:\/\/marketplace.navixy.com\/wp-content\/uploads\/2019\/04\/wirelesslinks.png\",\"contentUrl\":\"https:\/\/marketplace.navixy.com\/wp-content\/uploads\/2019\/04\/wirelesslinks.png\",\"width\":300,\"height\":300},{\"@type\":\"BreadcrumbList\",\"@id\":\"https:\/\/marketplace.navixy.com\/es\/shop\/wirelesslinks-eld\/#breadcrumb\",\"itemListElement\":[{\"@type\":\"ListItem\",\"position\":1,\"name\":\"\u0413\u043b\u0430\u0432\u043d\u0430\u044f \u0441\u0442\u0440\u0430\u043d\u0438\u0446\u0430\",\"item\":\"https:\/\/marketplace.navixy.com\/es\/\"},{\"@type\":\"ListItem\",\"position\":2,\"name\":\"Marketplace Navixy\",\"item\":\"https:\/\/marketplace.navixy.com\/es\/\"},{\"@type\":\"ListItem\",\"position\":3,\"name\":\"WirelessLinks (ELD\/HOS)\"}]},{\"@type\":\"WebSite\",\"@id\":\"https:\/\/marketplace.navixy.com\/es\/#website\",\"url\":\"https:\/\/marketplace.navixy.com\/es\/\",\"name\":\"Marketplace Navixy\",\"description\":\"Marketplace Navixy\",\"potentialAction\":[{\"@type\":\"SearchAction\",\"target\":{\"@type\":\"EntryPoint\",\"urlTemplate\":\"https:\/\/marketplace.navixy.com\/es\/?s={search_term_string}\"},\"query-input\":{\"@type\":\"PropertyValueSpecification\",\"valueRequired\":true,\"valueName\":\"search_term_string\"}}],\"inLanguage\":\"es\"}]}<\/script>\n","yoast_head_json":{"title":"WirelessLinks (ELD\/HOS) &#8212; Marketplace Navixy","description":"WirelessLinks (ELD\/HOS): Garantice el cumplimiento de los requisitos de horas de trabajo y descanso para los conductores de veh\u00edculos comerciales (CMV).","robots":{"index":"index","follow":"follow","max-snippet":"max-snippet:-1","max-image-preview":"max-image-preview:large","max-video-preview":"max-video-preview:-1"},"canonical":"https:\/\/marketplace.navixy.com\/es\/shop\/wirelesslinks-eld\/","og_locale":"es_ES","og_type":"article","og_title":"WirelessLinks (ELD\/HOS) &#8212; Marketplace Navixy","og_description":"WirelessLinks (ELD\/HOS): Garantice el cumplimiento de los requisitos de horas de trabajo y descanso para los conductores de veh\u00edculos comerciales (CMV).","og_url":"https:\/\/marketplace.navixy.com\/es\/shop\/wirelesslinks-eld\/","og_site_name":"Marketplace Navixy","article_modified_time":"2020-12-03T05:51:24+00:00","og_image":[{"width":300,"height":300,"url":"https:\/\/marketplace.navixy.com\/wp-content\/uploads\/2019\/04\/wirelesslinks.png","type":"image\/png"}],"twitter_card":"summary_large_image","schema":{"@context":"https:\/\/schema.org","@graph":[{"@type":"WebPage","@id":"https:\/\/marketplace.navixy.com\/es\/shop\/wirelesslinks-eld\/","url":"https:\/\/marketplace.navixy.com\/es\/shop\/wirelesslinks-eld\/","name":"WirelessLinks (ELD\/HOS) &#8212; Marketplace Navixy","isPartOf":{"@id":"https:\/\/marketplace.navixy.com\/es\/#website"},"primaryImageOfPage":{"@id":"https:\/\/marketplace.navixy.com\/es\/shop\/wirelesslinks-eld\/#primaryimage"},"image":{"@id":"https:\/\/marketplace.navixy.com\/es\/shop\/wirelesslinks-eld\/#primaryimage"},"thumbnailUrl":"https:\/\/marketplace.navixy.com\/wp-content\/uploads\/2019\/04\/wirelesslinks.png","datePublished":"2018-09-06T13:30:17+00:00","dateModified":"2020-12-03T05:51:24+00:00","description":"WirelessLinks (ELD\/HOS): Garantice el cumplimiento de los requisitos de horas de trabajo y descanso para los conductores de veh\u00edculos comerciales (CMV).","breadcrumb":{"@id":"https:\/\/marketplace.navixy.com\/es\/shop\/wirelesslinks-eld\/#breadcrumb"},"inLanguage":"es","potentialAction":[{"@type":"ReadAction","target":["https:\/\/marketplace.navixy.com\/es\/shop\/wirelesslinks-eld\/"]}]},{"@type":"ImageObject","inLanguage":"es","@id":"https:\/\/marketplace.navixy.com\/es\/shop\/wirelesslinks-eld\/#primaryimage","url":"https:\/\/marketplace.navixy.com\/wp-content\/uploads\/2019\/04\/wirelesslinks.png","contentUrl":"https:\/\/marketplace.navixy.com\/wp-content\/uploads\/2019\/04\/wirelesslinks.png","width":300,"height":300},{"@type":"BreadcrumbList","@id":"https:\/\/marketplace.navixy.com\/es\/shop\/wirelesslinks-eld\/#breadcrumb","itemListElement":[{"@type":"ListItem","position":1,"name":"\u0413\u043b\u0430\u0432\u043d\u0430\u044f \u0441\u0442\u0440\u0430\u043d\u0438\u0446\u0430","item":"https:\/\/marketplace.navixy.com\/es\/"},{"@type":"ListItem","position":2,"name":"Marketplace Navixy","item":"https:\/\/marketplace.navixy.com\/es\/"},{"@type":"ListItem","position":3,"name":"WirelessLinks (ELD\/HOS)"}]},{"@type":"WebSite","@id":"https:\/\/marketplace.navixy.com\/es\/#website","url":"https:\/\/marketplace.navixy.com\/es\/","name":"Marketplace Navixy","description":"Marketplace Navixy","potentialAction":[{"@type":"SearchAction","target":{"@type":"EntryPoint","urlTemplate":"https:\/\/marketplace.navixy.com\/es\/?s={search_term_string}"},"query-input":{"@type":"PropertyValueSpecification","valueRequired":true,"valueName":"search_term_string"}}],"inLanguage":"es"}]}},"_links":{"self":[{"href":"https:\/\/marketplace.navixy.com\/es\/wp-json\/wp\/v2\/product\/1064","targetHints":{"allow":["GET"]}}],"collection":[{"href":"https:\/\/marketplace.navixy.com\/es\/wp-json\/wp\/v2\/product"}],"about":[{"href":"https:\/\/marketplace.navixy.com\/es\/wp-json\/wp\/v2\/types\/product"}],"wp:featuredmedia":[{"embeddable":true,"href":"https:\/\/marketplace.navixy.com\/es\/wp-json\/wp\/v2\/media\/423"}],"wp:attachment":[{"href":"https:\/\/marketplace.navixy.com\/es\/wp-json\/wp\/v2\/media?parent=1064"}],"wp:term":[{"taxonomy":"product_brand","embeddable":true,"href":"https:\/\/marketplace.navixy.com\/es\/wp-json\/wp\/v2\/product_brand?post=1064"},{"taxonomy":"product_cat","embeddable":true,"href":"https:\/\/marketplace.navixy.com\/es\/wp-json\/wp\/v2\/product_cat?post=1064"},{"taxonomy":"product_tag","embeddable":true,"href":"https:\/\/marketplace.navixy.com\/es\/wp-json\/wp\/v2\/product_tag?post=1064"}],"curies":[{"name":"wp","href":"https:\/\/api.w.org\/{rel}","templated":true}]}}