{"id":1060,"date":"2018-07-19T09:32:25","date_gmt":"2018-07-19T06:32:25","guid":{"rendered":"https:\/\/marketplace.navixy.com\/shop\/adas\/"},"modified":"2022-01-25T08:35:29","modified_gmt":"2022-01-25T05:35:29","slug":"adas","status":"publish","type":"product","link":"https:\/\/marketplace.navixy.com\/es\/shop\/adas\/","title":{"rendered":"Mobileye ADAS (Prevenci\u00f3n avanzada de colisi\u00f3n)"},"content":{"rendered":"<div class=\"wpb-content-wrapper\"><p>[vc_row][vc_column][vc_tta_tabs][vc_tta_section title=\u00bbDescripci\u00f3n\u00bb tab_id=\u00bbdescription\u00bb][vc_column_text]Habilitar el Sistema Avanzado de Asistencia al Conductor (ADAS) lo ayudar\u00e1 a reducir los accidentes que involucran veh\u00edculos corporativos. El sistema ADAS advierte a los conductores y operadores del riesgo de una colisi\u00f3n unos segundos antes de que ocurra. El sistema funciona monitoreando continuamente el camino por delante, analizando los riesgos de colisiones frontales, salidas involuntarias de carriles, peligros peatonales y de ciclistas.<\/p>\n<p>Al habilitar las alertas ADAS, el propietario de la flota podr\u00e1 filtrar a los conductores imprudentes y capacitar a los conductores para conducir de manera segura.[\/vc_column_text][vc_row_inner][vc_column_inner][vc_gallery type=\u00bbflexslider_slide\u00bb interval=\u00bb0&#8243; images=\u00bb835,838,832,841&#8243; img_size=\u00bbfull\u00bb][\/vc_column_inner][\/vc_row_inner][\/vc_tta_section][vc_tta_section title=\u00bbUso\u00bb tab_id=\u00bbuse\u00bb][vc_column_text]Para usar la extensi\u00f3n:<\/p>\n<ol>\n<li>Conecte su dispositivo Mobileye al rastreador <a href=\"https:\/\/www.navixy.com\/devices\/es\/atrack\/atrack-ak11\/\">GPS Atrack AK11<\/a>.<\/li>\n<li>Inicie sesi\u00f3n en su cuenta de usuario y cree la regla de Asistencia avanzada para el conductor (ADAS).<\/li>\n<\/ol>\n<p>Cada vez que el dispositivo Mobileye detecta una maniobra peligrosa, tanto el conductor como el propietario de la flota recibir\u00e1n una alerta. En cualquier momento, el propietario de la flota podr\u00e1 ver un informe que enumera todas las maniobras peligrosas desglosadas por los conductores.[\/vc_column_text][\/vc_tta_section][\/vc_tta_tabs][\/vc_column][\/vc_row]<\/p>\n<\/div>","protected":false},"excerpt":{"rendered":"<p>Sistema de alerta en tiempo real de asistencia al conductor para evitar colisiones.<\/p>\n","protected":false},"featured_media":375,"template":"","meta":[],"product_brand":[],"product_cat":[99],"product_tag":[104],"class_list":{"0":"post-1060","1":"product","2":"type-product","3":"status-publish","4":"has-post-thumbnail","6":"product_cat-gestion-de-flotas","7":"product_tag-camaras-y-adas","9":"first","10":"instock","11":"shipping-taxable","12":"product-type-simple"},"yoast_head":"\n<title>Mobileye ADAS (Prevenci\u00f3n avanzada de colisi\u00f3n) &#8212; Marketplace Navixy<\/title>\n<meta name=\"description\" content=\"Sistema de alerta en tiempo real de asistencia al conductor para evitar colisiones.\" \/>\n<meta name=\"robots\" content=\"index, follow, max-snippet:-1, max-image-preview:large, max-video-preview:-1\" \/>\n<link rel=\"canonical\" href=\"https:\/\/marketplace.navixy.com\/es\/shop\/adas\/\" \/>\n<meta property=\"og:locale\" content=\"es_ES\" \/>\n<meta property=\"og:type\" content=\"article\" \/>\n<meta property=\"og:title\" content=\"Mobileye ADAS (Prevenci\u00f3n avanzada de colisi\u00f3n) &#8212; Marketplace Navixy\" \/>\n<meta property=\"og:description\" content=\"Sistema de alerta en tiempo real de asistencia al conductor para evitar colisiones.\" \/>\n<meta property=\"og:url\" content=\"https:\/\/marketplace.navixy.com\/es\/shop\/adas\/\" \/>\n<meta property=\"og:site_name\" content=\"Marketplace Navixy\" \/>\n<meta property=\"article:modified_time\" content=\"2022-01-25T05:35:29+00:00\" \/>\n<meta property=\"og:image\" content=\"https:\/\/marketplace.navixy.com\/wp-content\/uploads\/2019\/04\/mobileye.png\" \/>\n\t<meta property=\"og:image:width\" content=\"300\" \/>\n\t<meta property=\"og:image:height\" content=\"300\" \/>\n\t<meta property=\"og:image:type\" content=\"image\/png\" \/>\n<meta name=\"twitter:card\" content=\"summary_large_image\" \/>\n<script type=\"application\/ld+json\" class=\"yoast-schema-graph\">{\"@context\":\"https:\/\/schema.org\",\"@graph\":[{\"@type\":\"WebPage\",\"@id\":\"https:\/\/marketplace.navixy.com\/es\/shop\/adas\/\",\"url\":\"https:\/\/marketplace.navixy.com\/es\/shop\/adas\/\",\"name\":\"Mobileye ADAS (Prevenci\u00f3n avanzada de colisi\u00f3n) &#8212; Marketplace Navixy\",\"isPartOf\":{\"@id\":\"https:\/\/marketplace.navixy.com\/es\/#website\"},\"primaryImageOfPage\":{\"@id\":\"https:\/\/marketplace.navixy.com\/es\/shop\/adas\/#primaryimage\"},\"image\":{\"@id\":\"https:\/\/marketplace.navixy.com\/es\/shop\/adas\/#primaryimage\"},\"thumbnailUrl\":\"https:\/\/marketplace.navixy.com\/wp-content\/uploads\/2019\/04\/mobileye.png\",\"datePublished\":\"2018-07-19T06:32:25+00:00\",\"dateModified\":\"2022-01-25T05:35:29+00:00\",\"description\":\"Sistema de alerta en tiempo real de asistencia al conductor para evitar colisiones.\",\"breadcrumb\":{\"@id\":\"https:\/\/marketplace.navixy.com\/es\/shop\/adas\/#breadcrumb\"},\"inLanguage\":\"es\",\"potentialAction\":[{\"@type\":\"ReadAction\",\"target\":[\"https:\/\/marketplace.navixy.com\/es\/shop\/adas\/\"]}]},{\"@type\":\"ImageObject\",\"inLanguage\":\"es\",\"@id\":\"https:\/\/marketplace.navixy.com\/es\/shop\/adas\/#primaryimage\",\"url\":\"https:\/\/marketplace.navixy.com\/wp-content\/uploads\/2019\/04\/mobileye.png\",\"contentUrl\":\"https:\/\/marketplace.navixy.com\/wp-content\/uploads\/2019\/04\/mobileye.png\",\"width\":300,\"height\":300},{\"@type\":\"BreadcrumbList\",\"@id\":\"https:\/\/marketplace.navixy.com\/es\/shop\/adas\/#breadcrumb\",\"itemListElement\":[{\"@type\":\"ListItem\",\"position\":1,\"name\":\"\u0413\u043b\u0430\u0432\u043d\u0430\u044f \u0441\u0442\u0440\u0430\u043d\u0438\u0446\u0430\",\"item\":\"https:\/\/marketplace.navixy.com\/es\/\"},{\"@type\":\"ListItem\",\"position\":2,\"name\":\"Marketplace Navixy\",\"item\":\"https:\/\/marketplace.navixy.com\/es\/\"},{\"@type\":\"ListItem\",\"position\":3,\"name\":\"Mobileye ADAS (Prevenci\u00f3n avanzada de colisi\u00f3n)\"}]},{\"@type\":\"WebSite\",\"@id\":\"https:\/\/marketplace.navixy.com\/es\/#website\",\"url\":\"https:\/\/marketplace.navixy.com\/es\/\",\"name\":\"Marketplace Navixy\",\"description\":\"Marketplace Navixy\",\"potentialAction\":[{\"@type\":\"SearchAction\",\"target\":{\"@type\":\"EntryPoint\",\"urlTemplate\":\"https:\/\/marketplace.navixy.com\/es\/?s={search_term_string}\"},\"query-input\":{\"@type\":\"PropertyValueSpecification\",\"valueRequired\":true,\"valueName\":\"search_term_string\"}}],\"inLanguage\":\"es\"}]}<\/script>\n","yoast_head_json":{"title":"Mobileye ADAS (Prevenci\u00f3n avanzada de colisi\u00f3n) &#8212; Marketplace Navixy","description":"Sistema de alerta en tiempo real de asistencia al conductor para evitar colisiones.","robots":{"index":"index","follow":"follow","max-snippet":"max-snippet:-1","max-image-preview":"max-image-preview:large","max-video-preview":"max-video-preview:-1"},"canonical":"https:\/\/marketplace.navixy.com\/es\/shop\/adas\/","og_locale":"es_ES","og_type":"article","og_title":"Mobileye ADAS (Prevenci\u00f3n avanzada de colisi\u00f3n) &#8212; Marketplace Navixy","og_description":"Sistema de alerta en tiempo real de asistencia al conductor para evitar colisiones.","og_url":"https:\/\/marketplace.navixy.com\/es\/shop\/adas\/","og_site_name":"Marketplace Navixy","article_modified_time":"2022-01-25T05:35:29+00:00","og_image":[{"width":300,"height":300,"url":"https:\/\/marketplace.navixy.com\/wp-content\/uploads\/2019\/04\/mobileye.png","type":"image\/png"}],"twitter_card":"summary_large_image","schema":{"@context":"https:\/\/schema.org","@graph":[{"@type":"WebPage","@id":"https:\/\/marketplace.navixy.com\/es\/shop\/adas\/","url":"https:\/\/marketplace.navixy.com\/es\/shop\/adas\/","name":"Mobileye ADAS (Prevenci\u00f3n avanzada de colisi\u00f3n) &#8212; Marketplace Navixy","isPartOf":{"@id":"https:\/\/marketplace.navixy.com\/es\/#website"},"primaryImageOfPage":{"@id":"https:\/\/marketplace.navixy.com\/es\/shop\/adas\/#primaryimage"},"image":{"@id":"https:\/\/marketplace.navixy.com\/es\/shop\/adas\/#primaryimage"},"thumbnailUrl":"https:\/\/marketplace.navixy.com\/wp-content\/uploads\/2019\/04\/mobileye.png","datePublished":"2018-07-19T06:32:25+00:00","dateModified":"2022-01-25T05:35:29+00:00","description":"Sistema de alerta en tiempo real de asistencia al conductor para evitar colisiones.","breadcrumb":{"@id":"https:\/\/marketplace.navixy.com\/es\/shop\/adas\/#breadcrumb"},"inLanguage":"es","potentialAction":[{"@type":"ReadAction","target":["https:\/\/marketplace.navixy.com\/es\/shop\/adas\/"]}]},{"@type":"ImageObject","inLanguage":"es","@id":"https:\/\/marketplace.navixy.com\/es\/shop\/adas\/#primaryimage","url":"https:\/\/marketplace.navixy.com\/wp-content\/uploads\/2019\/04\/mobileye.png","contentUrl":"https:\/\/marketplace.navixy.com\/wp-content\/uploads\/2019\/04\/mobileye.png","width":300,"height":300},{"@type":"BreadcrumbList","@id":"https:\/\/marketplace.navixy.com\/es\/shop\/adas\/#breadcrumb","itemListElement":[{"@type":"ListItem","position":1,"name":"\u0413\u043b\u0430\u0432\u043d\u0430\u044f \u0441\u0442\u0440\u0430\u043d\u0438\u0446\u0430","item":"https:\/\/marketplace.navixy.com\/es\/"},{"@type":"ListItem","position":2,"name":"Marketplace Navixy","item":"https:\/\/marketplace.navixy.com\/es\/"},{"@type":"ListItem","position":3,"name":"Mobileye ADAS (Prevenci\u00f3n avanzada de colisi\u00f3n)"}]},{"@type":"WebSite","@id":"https:\/\/marketplace.navixy.com\/es\/#website","url":"https:\/\/marketplace.navixy.com\/es\/","name":"Marketplace Navixy","description":"Marketplace Navixy","potentialAction":[{"@type":"SearchAction","target":{"@type":"EntryPoint","urlTemplate":"https:\/\/marketplace.navixy.com\/es\/?s={search_term_string}"},"query-input":{"@type":"PropertyValueSpecification","valueRequired":true,"valueName":"search_term_string"}}],"inLanguage":"es"}]}},"_links":{"self":[{"href":"https:\/\/marketplace.navixy.com\/es\/wp-json\/wp\/v2\/product\/1060","targetHints":{"allow":["GET"]}}],"collection":[{"href":"https:\/\/marketplace.navixy.com\/es\/wp-json\/wp\/v2\/product"}],"about":[{"href":"https:\/\/marketplace.navixy.com\/es\/wp-json\/wp\/v2\/types\/product"}],"wp:featuredmedia":[{"embeddable":true,"href":"https:\/\/marketplace.navixy.com\/es\/wp-json\/wp\/v2\/media\/375"}],"wp:attachment":[{"href":"https:\/\/marketplace.navixy.com\/es\/wp-json\/wp\/v2\/media?parent=1060"}],"wp:term":[{"taxonomy":"product_brand","embeddable":true,"href":"https:\/\/marketplace.navixy.com\/es\/wp-json\/wp\/v2\/product_brand?post=1060"},{"taxonomy":"product_cat","embeddable":true,"href":"https:\/\/marketplace.navixy.com\/es\/wp-json\/wp\/v2\/product_cat?post=1060"},{"taxonomy":"product_tag","embeddable":true,"href":"https:\/\/marketplace.navixy.com\/es\/wp-json\/wp\/v2\/product_tag?post=1060"}],"curies":[{"name":"wp","href":"https:\/\/api.w.org\/{rel}","templated":true}]}}