{"id":1058,"date":"2018-09-07T14:36:43","date_gmt":"2018-09-07T11:36:43","guid":{"rendered":"https:\/\/marketplace.navixy.com\/shop\/howen-mdvr\/"},"modified":"2022-01-25T08:38:16","modified_gmt":"2022-01-25T05:38:16","slug":"howen-mdvr","status":"publish","type":"product","link":"https:\/\/marketplace.navixy.com\/es\/shop\/howen-mdvr\/","title":{"rendered":"Monitoreo de video Howen (MDVR)"},"content":{"rendered":"<div class=\"wpb-content-wrapper\"><p>[vc_row][vc_column][vc_tta_tabs][vc_tta_section title=\u00bbDescripci\u00f3n\u00bb tab_id=\u00bbdescription\u00bb][vc_column_text]Al habilitar el sistema de monitoreo de video en l\u00ednea de Howen, los propietarios de flotas pueden controlar el comportamiento del conductor al volante y garantizar la seguridad de la carga en tiempo real.<\/p>\n<p>Disfrute de la tranquilidad de saber que tiene un registro en video y que todo est\u00e1 bajo control. Cuando reciba alertas sobre la apertura \/ cierre del compartimento de carga del cami\u00f3n fuera del \u00e1rea especificada, ser\u00e1 suficiente echar un vistazo r\u00e1pido a la transmisi\u00f3n de video para garantizar la seguridad de la carga transportada.[\/vc_column_text][vc_row_inner][vc_column_inner width=\u00bb1\/4&#8243;][\/vc_column_inner][vc_column_inner width=\u00bb1\/2&#8243;][vc_single_image image=\u00bb697&#8243; img_size=\u00bblarge\u00bb alignment=\u00bbcenter\u00bb onclick=\u00bblink_image\u00bb][\/vc_column_inner][vc_column_inner width=\u00bb1\/4&#8243;][\/vc_column_inner][\/vc_row_inner][\/vc_tta_section][vc_tta_section title=\u00bbUso\u00bb tab_id=\u00bbuse\u00bb][vc_column_text]Al habilitar la extensi\u00f3n, podr\u00e1 recibir transmisi\u00f3n de video en tiempo real directamente desde los rastreadores <a href=\"https:\/\/www.navixy.com\/devices\/es\/howen-technologies\/\">GPS de Howen Technologies<\/a>.<\/p>\n<ol>\n<li>Realice la conexi\u00f3n del harware Howen directo en la plataforma (Recuerde que los dispositivos se activar\u00e1n autom\u00e1ticamente).<\/li>\n<li>Equipo de soporte de Navixy le proporcionar\u00e1 la orientaci\u00f3n necesaria para implementar el widget.<\/li>\n<\/ol>\n<p>[\/vc_column_text][\/vc_tta_section][\/vc_tta_tabs][\/vc_column][\/vc_row]<\/p>\n<\/div>","protected":false},"excerpt":{"rendered":"<p>Reciba transmisi\u00f3n de video en tiempo real desde las c\u00e1maras en cabina.<\/p>\n","protected":false},"featured_media":363,"template":"","meta":[],"product_brand":[],"product_cat":[99],"product_tag":[104],"class_list":{"0":"post-1058","1":"product","2":"type-product","3":"status-publish","4":"has-post-thumbnail","6":"product_cat-gestion-de-flotas","7":"product_tag-camaras-y-adas","9":"first","10":"instock","11":"shipping-taxable","12":"product-type-simple"},"yoast_head":"\n<title>Monitoreo de video Howen (MDVR) &#8212; Marketplace Navixy<\/title>\n<meta name=\"description\" content=\"Monitoreo de video Howen (MDVR) - Reciba transmisi\u00f3n de video en tiempo real desde las c\u00e1maras en cabina.\" \/>\n<meta name=\"robots\" content=\"index, follow, max-snippet:-1, max-image-preview:large, max-video-preview:-1\" \/>\n<link rel=\"canonical\" href=\"https:\/\/marketplace.navixy.com\/es\/shop\/howen-mdvr\/\" \/>\n<meta property=\"og:locale\" content=\"es_ES\" \/>\n<meta property=\"og:type\" content=\"article\" \/>\n<meta property=\"og:title\" content=\"Monitoreo de video Howen (MDVR) &#8212; Marketplace Navixy\" \/>\n<meta property=\"og:description\" content=\"Monitoreo de video Howen (MDVR) - Reciba transmisi\u00f3n de video en tiempo real desde las c\u00e1maras en cabina.\" \/>\n<meta property=\"og:url\" content=\"https:\/\/marketplace.navixy.com\/es\/shop\/howen-mdvr\/\" \/>\n<meta property=\"og:site_name\" content=\"Marketplace Navixy\" \/>\n<meta property=\"article:modified_time\" content=\"2022-01-25T05:38:16+00:00\" \/>\n<meta property=\"og:image\" content=\"https:\/\/marketplace.navixy.com\/wp-content\/uploads\/2019\/04\/Howen.png\" \/>\n\t<meta property=\"og:image:width\" content=\"300\" \/>\n\t<meta property=\"og:image:height\" content=\"300\" \/>\n\t<meta property=\"og:image:type\" content=\"image\/png\" \/>\n<meta name=\"twitter:card\" content=\"summary_large_image\" \/>\n<script type=\"application\/ld+json\" class=\"yoast-schema-graph\">{\"@context\":\"https:\/\/schema.org\",\"@graph\":[{\"@type\":\"WebPage\",\"@id\":\"https:\/\/marketplace.navixy.com\/es\/shop\/howen-mdvr\/\",\"url\":\"https:\/\/marketplace.navixy.com\/es\/shop\/howen-mdvr\/\",\"name\":\"Monitoreo de video Howen (MDVR) &#8212; Marketplace Navixy\",\"isPartOf\":{\"@id\":\"https:\/\/marketplace.navixy.com\/es\/#website\"},\"primaryImageOfPage\":{\"@id\":\"https:\/\/marketplace.navixy.com\/es\/shop\/howen-mdvr\/#primaryimage\"},\"image\":{\"@id\":\"https:\/\/marketplace.navixy.com\/es\/shop\/howen-mdvr\/#primaryimage\"},\"thumbnailUrl\":\"https:\/\/marketplace.navixy.com\/wp-content\/uploads\/2019\/04\/Howen.png\",\"datePublished\":\"2018-09-07T11:36:43+00:00\",\"dateModified\":\"2022-01-25T05:38:16+00:00\",\"description\":\"Monitoreo de video Howen (MDVR) - Reciba transmisi\u00f3n de video en tiempo real desde las c\u00e1maras en cabina.\",\"breadcrumb\":{\"@id\":\"https:\/\/marketplace.navixy.com\/es\/shop\/howen-mdvr\/#breadcrumb\"},\"inLanguage\":\"es\",\"potentialAction\":[{\"@type\":\"ReadAction\",\"target\":[\"https:\/\/marketplace.navixy.com\/es\/shop\/howen-mdvr\/\"]}]},{\"@type\":\"ImageObject\",\"inLanguage\":\"es\",\"@id\":\"https:\/\/marketplace.navixy.com\/es\/shop\/howen-mdvr\/#primaryimage\",\"url\":\"https:\/\/marketplace.navixy.com\/wp-content\/uploads\/2019\/04\/Howen.png\",\"contentUrl\":\"https:\/\/marketplace.navixy.com\/wp-content\/uploads\/2019\/04\/Howen.png\",\"width\":300,\"height\":300},{\"@type\":\"BreadcrumbList\",\"@id\":\"https:\/\/marketplace.navixy.com\/es\/shop\/howen-mdvr\/#breadcrumb\",\"itemListElement\":[{\"@type\":\"ListItem\",\"position\":1,\"name\":\"\u0413\u043b\u0430\u0432\u043d\u0430\u044f \u0441\u0442\u0440\u0430\u043d\u0438\u0446\u0430\",\"item\":\"https:\/\/marketplace.navixy.com\/es\/\"},{\"@type\":\"ListItem\",\"position\":2,\"name\":\"Marketplace Navixy\",\"item\":\"https:\/\/marketplace.navixy.com\/es\/\"},{\"@type\":\"ListItem\",\"position\":3,\"name\":\"Monitoreo de video Howen (MDVR)\"}]},{\"@type\":\"WebSite\",\"@id\":\"https:\/\/marketplace.navixy.com\/es\/#website\",\"url\":\"https:\/\/marketplace.navixy.com\/es\/\",\"name\":\"Marketplace Navixy\",\"description\":\"Marketplace Navixy\",\"potentialAction\":[{\"@type\":\"SearchAction\",\"target\":{\"@type\":\"EntryPoint\",\"urlTemplate\":\"https:\/\/marketplace.navixy.com\/es\/?s={search_term_string}\"},\"query-input\":{\"@type\":\"PropertyValueSpecification\",\"valueRequired\":true,\"valueName\":\"search_term_string\"}}],\"inLanguage\":\"es\"}]}<\/script>\n","yoast_head_json":{"title":"Monitoreo de video Howen (MDVR) &#8212; Marketplace Navixy","description":"Monitoreo de video Howen (MDVR) - Reciba transmisi\u00f3n de video en tiempo real desde las c\u00e1maras en cabina.","robots":{"index":"index","follow":"follow","max-snippet":"max-snippet:-1","max-image-preview":"max-image-preview:large","max-video-preview":"max-video-preview:-1"},"canonical":"https:\/\/marketplace.navixy.com\/es\/shop\/howen-mdvr\/","og_locale":"es_ES","og_type":"article","og_title":"Monitoreo de video Howen (MDVR) &#8212; Marketplace Navixy","og_description":"Monitoreo de video Howen (MDVR) - Reciba transmisi\u00f3n de video en tiempo real desde las c\u00e1maras en cabina.","og_url":"https:\/\/marketplace.navixy.com\/es\/shop\/howen-mdvr\/","og_site_name":"Marketplace Navixy","article_modified_time":"2022-01-25T05:38:16+00:00","og_image":[{"width":300,"height":300,"url":"https:\/\/marketplace.navixy.com\/wp-content\/uploads\/2019\/04\/Howen.png","type":"image\/png"}],"twitter_card":"summary_large_image","schema":{"@context":"https:\/\/schema.org","@graph":[{"@type":"WebPage","@id":"https:\/\/marketplace.navixy.com\/es\/shop\/howen-mdvr\/","url":"https:\/\/marketplace.navixy.com\/es\/shop\/howen-mdvr\/","name":"Monitoreo de video Howen (MDVR) &#8212; Marketplace Navixy","isPartOf":{"@id":"https:\/\/marketplace.navixy.com\/es\/#website"},"primaryImageOfPage":{"@id":"https:\/\/marketplace.navixy.com\/es\/shop\/howen-mdvr\/#primaryimage"},"image":{"@id":"https:\/\/marketplace.navixy.com\/es\/shop\/howen-mdvr\/#primaryimage"},"thumbnailUrl":"https:\/\/marketplace.navixy.com\/wp-content\/uploads\/2019\/04\/Howen.png","datePublished":"2018-09-07T11:36:43+00:00","dateModified":"2022-01-25T05:38:16+00:00","description":"Monitoreo de video Howen (MDVR) - Reciba transmisi\u00f3n de video en tiempo real desde las c\u00e1maras en cabina.","breadcrumb":{"@id":"https:\/\/marketplace.navixy.com\/es\/shop\/howen-mdvr\/#breadcrumb"},"inLanguage":"es","potentialAction":[{"@type":"ReadAction","target":["https:\/\/marketplace.navixy.com\/es\/shop\/howen-mdvr\/"]}]},{"@type":"ImageObject","inLanguage":"es","@id":"https:\/\/marketplace.navixy.com\/es\/shop\/howen-mdvr\/#primaryimage","url":"https:\/\/marketplace.navixy.com\/wp-content\/uploads\/2019\/04\/Howen.png","contentUrl":"https:\/\/marketplace.navixy.com\/wp-content\/uploads\/2019\/04\/Howen.png","width":300,"height":300},{"@type":"BreadcrumbList","@id":"https:\/\/marketplace.navixy.com\/es\/shop\/howen-mdvr\/#breadcrumb","itemListElement":[{"@type":"ListItem","position":1,"name":"\u0413\u043b\u0430\u0432\u043d\u0430\u044f \u0441\u0442\u0440\u0430\u043d\u0438\u0446\u0430","item":"https:\/\/marketplace.navixy.com\/es\/"},{"@type":"ListItem","position":2,"name":"Marketplace Navixy","item":"https:\/\/marketplace.navixy.com\/es\/"},{"@type":"ListItem","position":3,"name":"Monitoreo de video Howen (MDVR)"}]},{"@type":"WebSite","@id":"https:\/\/marketplace.navixy.com\/es\/#website","url":"https:\/\/marketplace.navixy.com\/es\/","name":"Marketplace Navixy","description":"Marketplace Navixy","potentialAction":[{"@type":"SearchAction","target":{"@type":"EntryPoint","urlTemplate":"https:\/\/marketplace.navixy.com\/es\/?s={search_term_string}"},"query-input":{"@type":"PropertyValueSpecification","valueRequired":true,"valueName":"search_term_string"}}],"inLanguage":"es"}]}},"_links":{"self":[{"href":"https:\/\/marketplace.navixy.com\/es\/wp-json\/wp\/v2\/product\/1058","targetHints":{"allow":["GET"]}}],"collection":[{"href":"https:\/\/marketplace.navixy.com\/es\/wp-json\/wp\/v2\/product"}],"about":[{"href":"https:\/\/marketplace.navixy.com\/es\/wp-json\/wp\/v2\/types\/product"}],"wp:featuredmedia":[{"embeddable":true,"href":"https:\/\/marketplace.navixy.com\/es\/wp-json\/wp\/v2\/media\/363"}],"wp:attachment":[{"href":"https:\/\/marketplace.navixy.com\/es\/wp-json\/wp\/v2\/media?parent=1058"}],"wp:term":[{"taxonomy":"product_brand","embeddable":true,"href":"https:\/\/marketplace.navixy.com\/es\/wp-json\/wp\/v2\/product_brand?post=1058"},{"taxonomy":"product_cat","embeddable":true,"href":"https:\/\/marketplace.navixy.com\/es\/wp-json\/wp\/v2\/product_cat?post=1058"},{"taxonomy":"product_tag","embeddable":true,"href":"https:\/\/marketplace.navixy.com\/es\/wp-json\/wp\/v2\/product_tag?post=1058"}],"curies":[{"name":"wp","href":"https:\/\/api.w.org\/{rel}","templated":true}]}}