{"id":1054,"date":"2018-07-19T15:57:11","date_gmt":"2018-07-19T12:57:11","guid":{"rendered":"https:\/\/marketplace.navixy.com\/shop\/task-management\/"},"modified":"2020-12-08T12:36:27","modified_gmt":"2020-12-08T09:36:27","slug":"task-management","status":"publish","type":"product","link":"https:\/\/marketplace.navixy.com\/es\/shop\/task-management\/","title":{"rendered":"Administraci\u00f3n de tareas"},"content":{"rendered":"<div class=\"wpb-content-wrapper\"><p>[vc_row][vc_column][vc_tta_tabs][vc_tta_section title=\u00bbDescripci\u00f3n\u00bb tab_id=\u00bbdescription\u00bb][vc_column_text]Programe visitas a clientes, despache tareas y monitoree los resultados en tiempo real. Vea qu\u00e9 trabajadores de campo est\u00e1n disponibles, agregue informaci\u00f3n del cliente e incluya detalles de la tarea. Disfrute de la herramienta de \u201carrastrar y soltar\u201d para reprogramar f\u00e1cilmente tareas y visitas.<\/p>\n<p>Considere usar la gesti\u00f3n de tareas para:<\/p>\n<ul>\n<li>Asignar nuevas tareas y programar visitas de clientes para sus trabajadores de campo y conductores r\u00e1pidamente.<\/li>\n<li>Actualizar el plan de trabajo y la ruta de los conductores mientras est\u00e1n en movimiento para evitar viajes adicionales innecesarios.<\/li>\n<li>Examinar y resumir todas las visitas a los clientes.<\/li>\n<\/ul>\n<p>[\/vc_column_text][vc_row_inner][vc_column_inner][vc_gallery type=\u00bbflexslider_slide\u00bb interval=\u00bb0&#8243; images=\u00bb907,910&#8243; img_size=\u00bbfull\u00bb][\/vc_column_inner][\/vc_row_inner][\/vc_tta_section][vc_tta_section title=\u00bbUso\u00bb tab_id=\u00bbuse\u00bb][vc_column_text]La extensi\u00f3n le permite:<\/p>\n<ul>\n<li>Crea tareas individuales.<\/li>\n<li>Programar tareas recurrentes y visitas a clientes.<\/li>\n<li>Crear una ruta de tareas que consista en una secuencia ordenada de puntos de referencia.<\/li>\n<li>Enviar informaci\u00f3n de tareas a los trabajadores a trav\u00e9s de la aplicaci\u00f3n m\u00f3vil X-GPS Tracker.<\/li>\n<li>Explorar alguna visita para cualquier per\u00edodo.<\/li>\n<\/ul>\n<p>[\/vc_column_text][\/vc_tta_section][\/vc_tta_tabs][\/vc_column][\/vc_row]<\/p>\n<\/div>","protected":false},"excerpt":{"rendered":"<p>Administre sus tareas con facilidad, env\u00ede y programe trabajos instant\u00e1neamente para sus trabajadores de campo y siga las actualizaciones de estado. Identifique cu\u00e1nto tiempo pasan los trabajadores en una tarea en particular.<\/p>\n","protected":false},"featured_media":414,"template":"","meta":[],"product_brand":[],"product_cat":[101],"product_tag":[144],"class_list":{"0":"post-1054","1":"product","2":"type-product","3":"status-publish","4":"has-post-thumbnail","6":"product_cat-gestion-de-servicios-en-campo","7":"product_tag-dispatching-es","9":"first","10":"instock","11":"shipping-taxable","12":"product-type-simple"},"yoast_head":"\n<title>Administraci\u00f3n de tareas &#8212; Marketplace Navixy<\/title>\n<meta name=\"description\" content=\"Administre sus tareas con facilidad, env\u00ede y programe trabajos instant\u00e1neamente para sus trabajadores de campo y siga las actualizaciones de estado. Identifique cu\u00e1nto tiempo pasan los trabajadores en una tarea en particular.\" \/>\n<meta name=\"robots\" content=\"index, follow, max-snippet:-1, max-image-preview:large, max-video-preview:-1\" \/>\n<link rel=\"canonical\" href=\"https:\/\/marketplace.navixy.com\/es\/shop\/task-management\/\" \/>\n<meta property=\"og:locale\" content=\"es_ES\" \/>\n<meta property=\"og:type\" content=\"article\" \/>\n<meta property=\"og:title\" content=\"Administraci\u00f3n de tareas &#8212; Marketplace Navixy\" \/>\n<meta property=\"og:description\" content=\"Administre sus tareas con facilidad, env\u00ede y programe trabajos instant\u00e1neamente para sus trabajadores de campo y siga las actualizaciones de estado. Identifique cu\u00e1nto tiempo pasan los trabajadores en una tarea en particular.\" \/>\n<meta property=\"og:url\" content=\"https:\/\/marketplace.navixy.com\/es\/shop\/task-management\/\" \/>\n<meta property=\"og:site_name\" content=\"Marketplace Navixy\" \/>\n<meta property=\"article:modified_time\" content=\"2020-12-08T09:36:27+00:00\" \/>\n<meta property=\"og:image\" content=\"https:\/\/marketplace.navixy.com\/wp-content\/uploads\/2019\/04\/upravlenie-mobilnym-personalom.png\" \/>\n\t<meta property=\"og:image:width\" content=\"300\" \/>\n\t<meta property=\"og:image:height\" content=\"300\" \/>\n\t<meta property=\"og:image:type\" content=\"image\/png\" \/>\n<meta name=\"twitter:card\" content=\"summary_large_image\" \/>\n<script type=\"application\/ld+json\" class=\"yoast-schema-graph\">{\"@context\":\"https:\/\/schema.org\",\"@graph\":[{\"@type\":\"WebPage\",\"@id\":\"https:\/\/marketplace.navixy.com\/es\/shop\/task-management\/\",\"url\":\"https:\/\/marketplace.navixy.com\/es\/shop\/task-management\/\",\"name\":\"Administraci\u00f3n de tareas &#8212; Marketplace Navixy\",\"isPartOf\":{\"@id\":\"https:\/\/marketplace.navixy.com\/es\/#website\"},\"primaryImageOfPage\":{\"@id\":\"https:\/\/marketplace.navixy.com\/es\/shop\/task-management\/#primaryimage\"},\"image\":{\"@id\":\"https:\/\/marketplace.navixy.com\/es\/shop\/task-management\/#primaryimage\"},\"thumbnailUrl\":\"https:\/\/marketplace.navixy.com\/wp-content\/uploads\/2019\/04\/upravlenie-mobilnym-personalom.png\",\"datePublished\":\"2018-07-19T12:57:11+00:00\",\"dateModified\":\"2020-12-08T09:36:27+00:00\",\"description\":\"Administre sus tareas con facilidad, env\u00ede y programe trabajos instant\u00e1neamente para sus trabajadores de campo y siga las actualizaciones de estado. Identifique cu\u00e1nto tiempo pasan los trabajadores en una tarea en particular.\",\"breadcrumb\":{\"@id\":\"https:\/\/marketplace.navixy.com\/es\/shop\/task-management\/#breadcrumb\"},\"inLanguage\":\"es\",\"potentialAction\":[{\"@type\":\"ReadAction\",\"target\":[\"https:\/\/marketplace.navixy.com\/es\/shop\/task-management\/\"]}]},{\"@type\":\"ImageObject\",\"inLanguage\":\"es\",\"@id\":\"https:\/\/marketplace.navixy.com\/es\/shop\/task-management\/#primaryimage\",\"url\":\"https:\/\/marketplace.navixy.com\/wp-content\/uploads\/2019\/04\/upravlenie-mobilnym-personalom.png\",\"contentUrl\":\"https:\/\/marketplace.navixy.com\/wp-content\/uploads\/2019\/04\/upravlenie-mobilnym-personalom.png\",\"width\":300,\"height\":300},{\"@type\":\"BreadcrumbList\",\"@id\":\"https:\/\/marketplace.navixy.com\/es\/shop\/task-management\/#breadcrumb\",\"itemListElement\":[{\"@type\":\"ListItem\",\"position\":1,\"name\":\"\u0413\u043b\u0430\u0432\u043d\u0430\u044f \u0441\u0442\u0440\u0430\u043d\u0438\u0446\u0430\",\"item\":\"https:\/\/marketplace.navixy.com\/es\/\"},{\"@type\":\"ListItem\",\"position\":2,\"name\":\"Marketplace Navixy\",\"item\":\"https:\/\/marketplace.navixy.com\/es\/\"},{\"@type\":\"ListItem\",\"position\":3,\"name\":\"Administraci\u00f3n de tareas\"}]},{\"@type\":\"WebSite\",\"@id\":\"https:\/\/marketplace.navixy.com\/es\/#website\",\"url\":\"https:\/\/marketplace.navixy.com\/es\/\",\"name\":\"Marketplace Navixy\",\"description\":\"Marketplace Navixy\",\"potentialAction\":[{\"@type\":\"SearchAction\",\"target\":{\"@type\":\"EntryPoint\",\"urlTemplate\":\"https:\/\/marketplace.navixy.com\/es\/?s={search_term_string}\"},\"query-input\":{\"@type\":\"PropertyValueSpecification\",\"valueRequired\":true,\"valueName\":\"search_term_string\"}}],\"inLanguage\":\"es\"}]}<\/script>\n","yoast_head_json":{"title":"Administraci\u00f3n de tareas &#8212; Marketplace Navixy","description":"Administre sus tareas con facilidad, env\u00ede y programe trabajos instant\u00e1neamente para sus trabajadores de campo y siga las actualizaciones de estado. Identifique cu\u00e1nto tiempo pasan los trabajadores en una tarea en particular.","robots":{"index":"index","follow":"follow","max-snippet":"max-snippet:-1","max-image-preview":"max-image-preview:large","max-video-preview":"max-video-preview:-1"},"canonical":"https:\/\/marketplace.navixy.com\/es\/shop\/task-management\/","og_locale":"es_ES","og_type":"article","og_title":"Administraci\u00f3n de tareas &#8212; Marketplace Navixy","og_description":"Administre sus tareas con facilidad, env\u00ede y programe trabajos instant\u00e1neamente para sus trabajadores de campo y siga las actualizaciones de estado. Identifique cu\u00e1nto tiempo pasan los trabajadores en una tarea en particular.","og_url":"https:\/\/marketplace.navixy.com\/es\/shop\/task-management\/","og_site_name":"Marketplace Navixy","article_modified_time":"2020-12-08T09:36:27+00:00","og_image":[{"width":300,"height":300,"url":"https:\/\/marketplace.navixy.com\/wp-content\/uploads\/2019\/04\/upravlenie-mobilnym-personalom.png","type":"image\/png"}],"twitter_card":"summary_large_image","schema":{"@context":"https:\/\/schema.org","@graph":[{"@type":"WebPage","@id":"https:\/\/marketplace.navixy.com\/es\/shop\/task-management\/","url":"https:\/\/marketplace.navixy.com\/es\/shop\/task-management\/","name":"Administraci\u00f3n de tareas &#8212; Marketplace Navixy","isPartOf":{"@id":"https:\/\/marketplace.navixy.com\/es\/#website"},"primaryImageOfPage":{"@id":"https:\/\/marketplace.navixy.com\/es\/shop\/task-management\/#primaryimage"},"image":{"@id":"https:\/\/marketplace.navixy.com\/es\/shop\/task-management\/#primaryimage"},"thumbnailUrl":"https:\/\/marketplace.navixy.com\/wp-content\/uploads\/2019\/04\/upravlenie-mobilnym-personalom.png","datePublished":"2018-07-19T12:57:11+00:00","dateModified":"2020-12-08T09:36:27+00:00","description":"Administre sus tareas con facilidad, env\u00ede y programe trabajos instant\u00e1neamente para sus trabajadores de campo y siga las actualizaciones de estado. Identifique cu\u00e1nto tiempo pasan los trabajadores en una tarea en particular.","breadcrumb":{"@id":"https:\/\/marketplace.navixy.com\/es\/shop\/task-management\/#breadcrumb"},"inLanguage":"es","potentialAction":[{"@type":"ReadAction","target":["https:\/\/marketplace.navixy.com\/es\/shop\/task-management\/"]}]},{"@type":"ImageObject","inLanguage":"es","@id":"https:\/\/marketplace.navixy.com\/es\/shop\/task-management\/#primaryimage","url":"https:\/\/marketplace.navixy.com\/wp-content\/uploads\/2019\/04\/upravlenie-mobilnym-personalom.png","contentUrl":"https:\/\/marketplace.navixy.com\/wp-content\/uploads\/2019\/04\/upravlenie-mobilnym-personalom.png","width":300,"height":300},{"@type":"BreadcrumbList","@id":"https:\/\/marketplace.navixy.com\/es\/shop\/task-management\/#breadcrumb","itemListElement":[{"@type":"ListItem","position":1,"name":"\u0413\u043b\u0430\u0432\u043d\u0430\u044f \u0441\u0442\u0440\u0430\u043d\u0438\u0446\u0430","item":"https:\/\/marketplace.navixy.com\/es\/"},{"@type":"ListItem","position":2,"name":"Marketplace Navixy","item":"https:\/\/marketplace.navixy.com\/es\/"},{"@type":"ListItem","position":3,"name":"Administraci\u00f3n de tareas"}]},{"@type":"WebSite","@id":"https:\/\/marketplace.navixy.com\/es\/#website","url":"https:\/\/marketplace.navixy.com\/es\/","name":"Marketplace Navixy","description":"Marketplace Navixy","potentialAction":[{"@type":"SearchAction","target":{"@type":"EntryPoint","urlTemplate":"https:\/\/marketplace.navixy.com\/es\/?s={search_term_string}"},"query-input":{"@type":"PropertyValueSpecification","valueRequired":true,"valueName":"search_term_string"}}],"inLanguage":"es"}]}},"_links":{"self":[{"href":"https:\/\/marketplace.navixy.com\/es\/wp-json\/wp\/v2\/product\/1054","targetHints":{"allow":["GET"]}}],"collection":[{"href":"https:\/\/marketplace.navixy.com\/es\/wp-json\/wp\/v2\/product"}],"about":[{"href":"https:\/\/marketplace.navixy.com\/es\/wp-json\/wp\/v2\/types\/product"}],"wp:featuredmedia":[{"embeddable":true,"href":"https:\/\/marketplace.navixy.com\/es\/wp-json\/wp\/v2\/media\/414"}],"wp:attachment":[{"href":"https:\/\/marketplace.navixy.com\/es\/wp-json\/wp\/v2\/media?parent=1054"}],"wp:term":[{"taxonomy":"product_brand","embeddable":true,"href":"https:\/\/marketplace.navixy.com\/es\/wp-json\/wp\/v2\/product_brand?post=1054"},{"taxonomy":"product_cat","embeddable":true,"href":"https:\/\/marketplace.navixy.com\/es\/wp-json\/wp\/v2\/product_cat?post=1054"},{"taxonomy":"product_tag","embeddable":true,"href":"https:\/\/marketplace.navixy.com\/es\/wp-json\/wp\/v2\/product_tag?post=1054"}],"curies":[{"name":"wp","href":"https:\/\/api.w.org\/{rel}","templated":true}]}}