{"id":1053,"date":"2018-09-05T09:43:28","date_gmt":"2018-09-05T06:43:28","guid":{"rendered":"https:\/\/marketplace.navixy.com\/shop\/mobile-forms\/"},"modified":"2020-12-08T12:29:55","modified_gmt":"2020-12-08T09:29:55","slug":"mobile-forms","status":"publish","type":"product","link":"https:\/\/marketplace.navixy.com\/es\/shop\/mobile-forms\/","title":{"rendered":"Formularios m\u00f3viles"},"content":{"rendered":"<div class=\"wpb-content-wrapper\"><p>[vc_row][vc_column][vc_tta_tabs][vc_tta_section title=\u00bbDescripci\u00f3n\u00bb tab_id=\u00bbdescription\u00bb][vc_column_text]Habilite el complemento de formularios m\u00f3viles para simplificar el procesamiento de grandes cantidades de datos enviados por los empleados de campo y permita que su oficina reciba r\u00e1pidamente archivos adjuntos, fotos, archivos y la firma del cliente directamente desde el campo.<\/p>\n<p>\u00a1Trabajar con formularios m\u00f3viles es muy f\u00e1cil! Primero, el supervisor crea una plantilla de formulario y la env\u00eda a la aplicaci\u00f3n X-GPS Tracker. Luego, el trabajador m\u00f3vil abre la aplicaci\u00f3n y completa los campos obligatorios mientras est\u00e1 en el sitio. Finalmente, desde la oficina se revisa el formulario en cualquier computadora o dispositivo m\u00f3vil.[\/vc_column_text][vc_row_inner][vc_column_inner width=\u00bb1\/6&#8243;][\/vc_column_inner][vc_column_inner width=\u00bb2\/3&#8243;][vc_gallery type=\u00bbflexslider_slide\u00bb interval=\u00bb0&#8243; images=\u00bb914,917&#8243; img_size=\u00bbfull\u00bb][\/vc_column_inner][vc_column_inner width=\u00bb1\/6&#8243;][\/vc_column_inner][\/vc_row_inner][\/vc_tta_section][vc_tta_section title=\u00bbUso\u00bb tab_id=\u00bbuse\u00bb][vc_column_text]La extensi\u00f3n le permite recibir:<\/p>\n<ul>\n<li>Documentos de texto<\/li>\n<li>Firmas del cliente<\/li>\n<li>Fotos<\/li>\n<li>Archivos de video<\/li>\n<\/ul>\n<p>Acceda a su versi\u00f3n web de servicios telem\u00e1ticos. Los formularios m\u00f3viles est\u00e1n disponibles en el Servicios de campo &gt; Formularios.[\/vc_column_text][\/vc_tta_section][\/vc_tta_tabs][\/vc_column][\/vc_row]<\/p>\n<\/div>","protected":false},"excerpt":{"rendered":"<p>Reciba firmas de sus clientes, fotos y notas desde el campo en tiempo real.<\/p>\n","protected":false},"featured_media":357,"template":"","meta":[],"product_brand":[],"product_cat":[101],"product_tag":[144],"class_list":{"0":"post-1053","1":"product","2":"type-product","3":"status-publish","4":"has-post-thumbnail","6":"product_cat-gestion-de-servicios-en-campo","7":"product_tag-dispatching-es","9":"first","10":"instock","11":"shipping-taxable","12":"product-type-simple"},"yoast_head":"\n<title>Formularios m\u00f3viles &#8212; Marketplace Navixy<\/title>\n<meta name=\"description\" content=\"Reciba firmas de sus clientes, fotos y notas desde el campo en tiempo real.\" \/>\n<meta name=\"robots\" content=\"index, follow, max-snippet:-1, max-image-preview:large, max-video-preview:-1\" \/>\n<link rel=\"canonical\" href=\"https:\/\/marketplace.navixy.com\/es\/shop\/mobile-forms\/\" \/>\n<meta property=\"og:locale\" content=\"es_ES\" \/>\n<meta property=\"og:type\" content=\"article\" \/>\n<meta property=\"og:title\" content=\"Formularios m\u00f3viles &#8212; Marketplace Navixy\" \/>\n<meta property=\"og:description\" content=\"Reciba firmas de sus clientes, fotos y notas desde el campo en tiempo real.\" \/>\n<meta property=\"og:url\" content=\"https:\/\/marketplace.navixy.com\/es\/shop\/mobile-forms\/\" \/>\n<meta property=\"og:site_name\" content=\"Marketplace Navixy\" \/>\n<meta property=\"article:modified_time\" content=\"2020-12-08T09:29:55+00:00\" \/>\n<meta property=\"og:image\" content=\"https:\/\/marketplace.navixy.com\/wp-content\/uploads\/2019\/04\/formy-dlia-mobilnykh-sotrudnikov.png\" \/>\n\t<meta property=\"og:image:width\" content=\"300\" \/>\n\t<meta property=\"og:image:height\" content=\"300\" \/>\n\t<meta property=\"og:image:type\" content=\"image\/png\" \/>\n<meta name=\"twitter:card\" content=\"summary_large_image\" \/>\n<script type=\"application\/ld+json\" class=\"yoast-schema-graph\">{\"@context\":\"https:\/\/schema.org\",\"@graph\":[{\"@type\":\"WebPage\",\"@id\":\"https:\/\/marketplace.navixy.com\/es\/shop\/mobile-forms\/\",\"url\":\"https:\/\/marketplace.navixy.com\/es\/shop\/mobile-forms\/\",\"name\":\"Formularios m\u00f3viles &#8212; Marketplace Navixy\",\"isPartOf\":{\"@id\":\"https:\/\/marketplace.navixy.com\/es\/#website\"},\"primaryImageOfPage\":{\"@id\":\"https:\/\/marketplace.navixy.com\/es\/shop\/mobile-forms\/#primaryimage\"},\"image\":{\"@id\":\"https:\/\/marketplace.navixy.com\/es\/shop\/mobile-forms\/#primaryimage\"},\"thumbnailUrl\":\"https:\/\/marketplace.navixy.com\/wp-content\/uploads\/2019\/04\/formy-dlia-mobilnykh-sotrudnikov.png\",\"datePublished\":\"2018-09-05T06:43:28+00:00\",\"dateModified\":\"2020-12-08T09:29:55+00:00\",\"description\":\"Reciba firmas de sus clientes, fotos y notas desde el campo en tiempo real.\",\"breadcrumb\":{\"@id\":\"https:\/\/marketplace.navixy.com\/es\/shop\/mobile-forms\/#breadcrumb\"},\"inLanguage\":\"es\",\"potentialAction\":[{\"@type\":\"ReadAction\",\"target\":[\"https:\/\/marketplace.navixy.com\/es\/shop\/mobile-forms\/\"]}]},{\"@type\":\"ImageObject\",\"inLanguage\":\"es\",\"@id\":\"https:\/\/marketplace.navixy.com\/es\/shop\/mobile-forms\/#primaryimage\",\"url\":\"https:\/\/marketplace.navixy.com\/wp-content\/uploads\/2019\/04\/formy-dlia-mobilnykh-sotrudnikov.png\",\"contentUrl\":\"https:\/\/marketplace.navixy.com\/wp-content\/uploads\/2019\/04\/formy-dlia-mobilnykh-sotrudnikov.png\",\"width\":300,\"height\":300},{\"@type\":\"BreadcrumbList\",\"@id\":\"https:\/\/marketplace.navixy.com\/es\/shop\/mobile-forms\/#breadcrumb\",\"itemListElement\":[{\"@type\":\"ListItem\",\"position\":1,\"name\":\"\u0413\u043b\u0430\u0432\u043d\u0430\u044f \u0441\u0442\u0440\u0430\u043d\u0438\u0446\u0430\",\"item\":\"https:\/\/marketplace.navixy.com\/es\/\"},{\"@type\":\"ListItem\",\"position\":2,\"name\":\"Marketplace Navixy\",\"item\":\"https:\/\/marketplace.navixy.com\/es\/\"},{\"@type\":\"ListItem\",\"position\":3,\"name\":\"Formularios m\u00f3viles\"}]},{\"@type\":\"WebSite\",\"@id\":\"https:\/\/marketplace.navixy.com\/es\/#website\",\"url\":\"https:\/\/marketplace.navixy.com\/es\/\",\"name\":\"Marketplace Navixy\",\"description\":\"Marketplace Navixy\",\"potentialAction\":[{\"@type\":\"SearchAction\",\"target\":{\"@type\":\"EntryPoint\",\"urlTemplate\":\"https:\/\/marketplace.navixy.com\/es\/?s={search_term_string}\"},\"query-input\":{\"@type\":\"PropertyValueSpecification\",\"valueRequired\":true,\"valueName\":\"search_term_string\"}}],\"inLanguage\":\"es\"}]}<\/script>\n","yoast_head_json":{"title":"Formularios m\u00f3viles &#8212; Marketplace Navixy","description":"Reciba firmas de sus clientes, fotos y notas desde el campo en tiempo real.","robots":{"index":"index","follow":"follow","max-snippet":"max-snippet:-1","max-image-preview":"max-image-preview:large","max-video-preview":"max-video-preview:-1"},"canonical":"https:\/\/marketplace.navixy.com\/es\/shop\/mobile-forms\/","og_locale":"es_ES","og_type":"article","og_title":"Formularios m\u00f3viles &#8212; Marketplace Navixy","og_description":"Reciba firmas de sus clientes, fotos y notas desde el campo en tiempo real.","og_url":"https:\/\/marketplace.navixy.com\/es\/shop\/mobile-forms\/","og_site_name":"Marketplace Navixy","article_modified_time":"2020-12-08T09:29:55+00:00","og_image":[{"width":300,"height":300,"url":"https:\/\/marketplace.navixy.com\/wp-content\/uploads\/2019\/04\/formy-dlia-mobilnykh-sotrudnikov.png","type":"image\/png"}],"twitter_card":"summary_large_image","schema":{"@context":"https:\/\/schema.org","@graph":[{"@type":"WebPage","@id":"https:\/\/marketplace.navixy.com\/es\/shop\/mobile-forms\/","url":"https:\/\/marketplace.navixy.com\/es\/shop\/mobile-forms\/","name":"Formularios m\u00f3viles &#8212; Marketplace Navixy","isPartOf":{"@id":"https:\/\/marketplace.navixy.com\/es\/#website"},"primaryImageOfPage":{"@id":"https:\/\/marketplace.navixy.com\/es\/shop\/mobile-forms\/#primaryimage"},"image":{"@id":"https:\/\/marketplace.navixy.com\/es\/shop\/mobile-forms\/#primaryimage"},"thumbnailUrl":"https:\/\/marketplace.navixy.com\/wp-content\/uploads\/2019\/04\/formy-dlia-mobilnykh-sotrudnikov.png","datePublished":"2018-09-05T06:43:28+00:00","dateModified":"2020-12-08T09:29:55+00:00","description":"Reciba firmas de sus clientes, fotos y notas desde el campo en tiempo real.","breadcrumb":{"@id":"https:\/\/marketplace.navixy.com\/es\/shop\/mobile-forms\/#breadcrumb"},"inLanguage":"es","potentialAction":[{"@type":"ReadAction","target":["https:\/\/marketplace.navixy.com\/es\/shop\/mobile-forms\/"]}]},{"@type":"ImageObject","inLanguage":"es","@id":"https:\/\/marketplace.navixy.com\/es\/shop\/mobile-forms\/#primaryimage","url":"https:\/\/marketplace.navixy.com\/wp-content\/uploads\/2019\/04\/formy-dlia-mobilnykh-sotrudnikov.png","contentUrl":"https:\/\/marketplace.navixy.com\/wp-content\/uploads\/2019\/04\/formy-dlia-mobilnykh-sotrudnikov.png","width":300,"height":300},{"@type":"BreadcrumbList","@id":"https:\/\/marketplace.navixy.com\/es\/shop\/mobile-forms\/#breadcrumb","itemListElement":[{"@type":"ListItem","position":1,"name":"\u0413\u043b\u0430\u0432\u043d\u0430\u044f \u0441\u0442\u0440\u0430\u043d\u0438\u0446\u0430","item":"https:\/\/marketplace.navixy.com\/es\/"},{"@type":"ListItem","position":2,"name":"Marketplace Navixy","item":"https:\/\/marketplace.navixy.com\/es\/"},{"@type":"ListItem","position":3,"name":"Formularios m\u00f3viles"}]},{"@type":"WebSite","@id":"https:\/\/marketplace.navixy.com\/es\/#website","url":"https:\/\/marketplace.navixy.com\/es\/","name":"Marketplace Navixy","description":"Marketplace Navixy","potentialAction":[{"@type":"SearchAction","target":{"@type":"EntryPoint","urlTemplate":"https:\/\/marketplace.navixy.com\/es\/?s={search_term_string}"},"query-input":{"@type":"PropertyValueSpecification","valueRequired":true,"valueName":"search_term_string"}}],"inLanguage":"es"}]}},"_links":{"self":[{"href":"https:\/\/marketplace.navixy.com\/es\/wp-json\/wp\/v2\/product\/1053","targetHints":{"allow":["GET"]}}],"collection":[{"href":"https:\/\/marketplace.navixy.com\/es\/wp-json\/wp\/v2\/product"}],"about":[{"href":"https:\/\/marketplace.navixy.com\/es\/wp-json\/wp\/v2\/types\/product"}],"wp:featuredmedia":[{"embeddable":true,"href":"https:\/\/marketplace.navixy.com\/es\/wp-json\/wp\/v2\/media\/357"}],"wp:attachment":[{"href":"https:\/\/marketplace.navixy.com\/es\/wp-json\/wp\/v2\/media?parent=1053"}],"wp:term":[{"taxonomy":"product_brand","embeddable":true,"href":"https:\/\/marketplace.navixy.com\/es\/wp-json\/wp\/v2\/product_brand?post=1053"},{"taxonomy":"product_cat","embeddable":true,"href":"https:\/\/marketplace.navixy.com\/es\/wp-json\/wp\/v2\/product_cat?post=1053"},{"taxonomy":"product_tag","embeddable":true,"href":"https:\/\/marketplace.navixy.com\/es\/wp-json\/wp\/v2\/product_tag?post=1053"}],"curies":[{"name":"wp","href":"https:\/\/api.w.org\/{rel}","templated":true}]}}