{"id":1051,"date":"2018-08-15T12:12:53","date_gmt":"2018-08-15T09:12:53","guid":{"rendered":"https:\/\/marketplace.navixy.com\/shop\/vehicle-maintenance\/"},"modified":"2020-12-08T13:01:14","modified_gmt":"2020-12-08T10:01:14","slug":"vehicle-maintenance","status":"publish","type":"product","link":"https:\/\/marketplace.navixy.com\/es\/shop\/vehicle-maintenance\/","title":{"rendered":"Mantenimiento del veh\u00edculo"},"content":{"rendered":"<div class=\"wpb-content-wrapper\"><p>[vc_row][vc_column][vc_tta_tabs][vc_tta_section title=\u00bbDescripci\u00f3n\u00bb tab_id=\u00bbdescription\u00bb][vc_column_text]La extensi\u00f3n de mantenimiento de la flota ayuda a crear el plan de cualquier mantenimiento programado o reparaci\u00f3n urgente para que se realice de manera oportuna. La extensi\u00f3n viene con:<\/p>\n<ul>\n<li>Lista de verificaci\u00f3n de mantenimiento. El servicio de verificaci\u00f3n funciona para toda la flota: n\u00famero de tareas programadas, completadas o expiradas. Verifique los costos de cada tipo de servicio.<\/li>\n<li>Creaci\u00f3n r\u00e1pida de nuevos trabajos de servicio. Agregue f\u00e1cilmente nuevos trabajos de cambio de aceite, neum\u00e1ticos, ejecutar diagn\u00f3sticos del motor, etc. para cualquier veh\u00edculo. El servicio est\u00e1 en funci\u00f3n de la fecha, kilometraje u horas del motor. Active la opci\u00f3n Autocompletar para tareas de mantenimiento rutinario.<\/li>\n<\/ul>\n<p>[\/vc_column_text][vc_row_inner][vc_column_inner][vc_gallery type=\u00bbflexslider_slide\u00bb interval=\u00bb0&#8243; images=\u00bb897,900,903&#8243; img_size=\u00bbfull\u00bb][\/vc_column_inner][\/vc_row_inner][\/vc_tta_section][vc_tta_section title=\u00bbUso\u00bb tab_id=\u00bbuse\u00bb][vc_column_text]Programe trabajos de servicio con base en las siguientes condiciones:<\/p>\n<ul>\n<li>Por fecha<\/li>\n<li>Por kilometraje<\/li>\n<li>Por horas del motor<\/li>\n<\/ul>\n<p>Gestione las alertas oportunas sobre las pr\u00f3ximas tareas de mantenimiento a trav\u00e9s de e-mail, SMS o notificaciones disponibles directamente en la plataforma telem\u00e1tica.[\/vc_column_text][\/vc_tta_section][\/vc_tta_tabs][\/vc_column][\/vc_row]<\/p>\n<\/div>","protected":false},"excerpt":{"rendered":"<p>Acceda r\u00e1pidamente a toda la informaci\u00f3n sobre su flota y las pr\u00f3ximas fechas de servicio, y realice un seguimiento de los costos de reparaci\u00f3n. Automatice los procesos de mantenimiento de flota dentro de su empresa.<\/p>\n","protected":false},"featured_media":405,"template":"","meta":[],"product_brand":[],"product_cat":[99],"product_tag":[147],"class_list":{"0":"post-1051","1":"product","2":"type-product","3":"status-publish","4":"has-post-thumbnail","6":"product_cat-gestion-de-flotas","7":"product_tag-sensors-and-maintenance-es","9":"first","10":"instock","11":"shipping-taxable","12":"product-type-simple"},"yoast_head":"\n<title>Mantenimiento del veh\u00edculo &#8212; Marketplace Navixy<\/title>\n<meta name=\"description\" content=\"Acceda r\u00e1pidamente a toda la informaci\u00f3n sobre su flota y las pr\u00f3ximas fechas de servicio, y realice un seguimiento de los costos de reparaci\u00f3n. Automatice los procesos de mantenimiento de flota dentro de su empresa.\" \/>\n<meta name=\"robots\" content=\"index, follow, max-snippet:-1, max-image-preview:large, max-video-preview:-1\" \/>\n<link rel=\"canonical\" href=\"https:\/\/marketplace.navixy.com\/es\/shop\/vehicle-maintenance\/\" \/>\n<meta property=\"og:locale\" content=\"es_ES\" \/>\n<meta property=\"og:type\" content=\"article\" \/>\n<meta property=\"og:title\" content=\"Mantenimiento del veh\u00edculo &#8212; Marketplace Navixy\" \/>\n<meta property=\"og:description\" content=\"Acceda r\u00e1pidamente a toda la informaci\u00f3n sobre su flota y las pr\u00f3ximas fechas de servicio, y realice un seguimiento de los costos de reparaci\u00f3n. Automatice los procesos de mantenimiento de flota dentro de su empresa.\" \/>\n<meta property=\"og:url\" content=\"https:\/\/marketplace.navixy.com\/es\/shop\/vehicle-maintenance\/\" \/>\n<meta property=\"og:site_name\" content=\"Marketplace Navixy\" \/>\n<meta property=\"article:modified_time\" content=\"2020-12-08T10:01:14+00:00\" \/>\n<meta property=\"og:image\" content=\"https:\/\/marketplace.navixy.com\/wp-content\/uploads\/2019\/04\/tehobsluzhivanie-transporta.png\" \/>\n\t<meta property=\"og:image:width\" content=\"300\" \/>\n\t<meta property=\"og:image:height\" content=\"300\" \/>\n\t<meta property=\"og:image:type\" content=\"image\/png\" \/>\n<meta name=\"twitter:card\" content=\"summary_large_image\" \/>\n<script type=\"application\/ld+json\" class=\"yoast-schema-graph\">{\"@context\":\"https:\/\/schema.org\",\"@graph\":[{\"@type\":\"WebPage\",\"@id\":\"https:\/\/marketplace.navixy.com\/es\/shop\/vehicle-maintenance\/\",\"url\":\"https:\/\/marketplace.navixy.com\/es\/shop\/vehicle-maintenance\/\",\"name\":\"Mantenimiento del veh\u00edculo &#8212; Marketplace Navixy\",\"isPartOf\":{\"@id\":\"https:\/\/marketplace.navixy.com\/es\/#website\"},\"primaryImageOfPage\":{\"@id\":\"https:\/\/marketplace.navixy.com\/es\/shop\/vehicle-maintenance\/#primaryimage\"},\"image\":{\"@id\":\"https:\/\/marketplace.navixy.com\/es\/shop\/vehicle-maintenance\/#primaryimage\"},\"thumbnailUrl\":\"https:\/\/marketplace.navixy.com\/wp-content\/uploads\/2019\/04\/tehobsluzhivanie-transporta.png\",\"datePublished\":\"2018-08-15T09:12:53+00:00\",\"dateModified\":\"2020-12-08T10:01:14+00:00\",\"description\":\"Acceda r\u00e1pidamente a toda la informaci\u00f3n sobre su flota y las pr\u00f3ximas fechas de servicio, y realice un seguimiento de los costos de reparaci\u00f3n. Automatice los procesos de mantenimiento de flota dentro de su empresa.\",\"breadcrumb\":{\"@id\":\"https:\/\/marketplace.navixy.com\/es\/shop\/vehicle-maintenance\/#breadcrumb\"},\"inLanguage\":\"es\",\"potentialAction\":[{\"@type\":\"ReadAction\",\"target\":[\"https:\/\/marketplace.navixy.com\/es\/shop\/vehicle-maintenance\/\"]}]},{\"@type\":\"ImageObject\",\"inLanguage\":\"es\",\"@id\":\"https:\/\/marketplace.navixy.com\/es\/shop\/vehicle-maintenance\/#primaryimage\",\"url\":\"https:\/\/marketplace.navixy.com\/wp-content\/uploads\/2019\/04\/tehobsluzhivanie-transporta.png\",\"contentUrl\":\"https:\/\/marketplace.navixy.com\/wp-content\/uploads\/2019\/04\/tehobsluzhivanie-transporta.png\",\"width\":300,\"height\":300},{\"@type\":\"BreadcrumbList\",\"@id\":\"https:\/\/marketplace.navixy.com\/es\/shop\/vehicle-maintenance\/#breadcrumb\",\"itemListElement\":[{\"@type\":\"ListItem\",\"position\":1,\"name\":\"\u0413\u043b\u0430\u0432\u043d\u0430\u044f \u0441\u0442\u0440\u0430\u043d\u0438\u0446\u0430\",\"item\":\"https:\/\/marketplace.navixy.com\/es\/\"},{\"@type\":\"ListItem\",\"position\":2,\"name\":\"Marketplace Navixy\",\"item\":\"https:\/\/marketplace.navixy.com\/es\/\"},{\"@type\":\"ListItem\",\"position\":3,\"name\":\"Mantenimiento del veh\u00edculo\"}]},{\"@type\":\"WebSite\",\"@id\":\"https:\/\/marketplace.navixy.com\/es\/#website\",\"url\":\"https:\/\/marketplace.navixy.com\/es\/\",\"name\":\"Marketplace Navixy\",\"description\":\"Marketplace Navixy\",\"potentialAction\":[{\"@type\":\"SearchAction\",\"target\":{\"@type\":\"EntryPoint\",\"urlTemplate\":\"https:\/\/marketplace.navixy.com\/es\/?s={search_term_string}\"},\"query-input\":{\"@type\":\"PropertyValueSpecification\",\"valueRequired\":true,\"valueName\":\"search_term_string\"}}],\"inLanguage\":\"es\"}]}<\/script>\n","yoast_head_json":{"title":"Mantenimiento del veh\u00edculo &#8212; Marketplace Navixy","description":"Acceda r\u00e1pidamente a toda la informaci\u00f3n sobre su flota y las pr\u00f3ximas fechas de servicio, y realice un seguimiento de los costos de reparaci\u00f3n. Automatice los procesos de mantenimiento de flota dentro de su empresa.","robots":{"index":"index","follow":"follow","max-snippet":"max-snippet:-1","max-image-preview":"max-image-preview:large","max-video-preview":"max-video-preview:-1"},"canonical":"https:\/\/marketplace.navixy.com\/es\/shop\/vehicle-maintenance\/","og_locale":"es_ES","og_type":"article","og_title":"Mantenimiento del veh\u00edculo &#8212; Marketplace Navixy","og_description":"Acceda r\u00e1pidamente a toda la informaci\u00f3n sobre su flota y las pr\u00f3ximas fechas de servicio, y realice un seguimiento de los costos de reparaci\u00f3n. Automatice los procesos de mantenimiento de flota dentro de su empresa.","og_url":"https:\/\/marketplace.navixy.com\/es\/shop\/vehicle-maintenance\/","og_site_name":"Marketplace Navixy","article_modified_time":"2020-12-08T10:01:14+00:00","og_image":[{"width":300,"height":300,"url":"https:\/\/marketplace.navixy.com\/wp-content\/uploads\/2019\/04\/tehobsluzhivanie-transporta.png","type":"image\/png"}],"twitter_card":"summary_large_image","schema":{"@context":"https:\/\/schema.org","@graph":[{"@type":"WebPage","@id":"https:\/\/marketplace.navixy.com\/es\/shop\/vehicle-maintenance\/","url":"https:\/\/marketplace.navixy.com\/es\/shop\/vehicle-maintenance\/","name":"Mantenimiento del veh\u00edculo &#8212; Marketplace Navixy","isPartOf":{"@id":"https:\/\/marketplace.navixy.com\/es\/#website"},"primaryImageOfPage":{"@id":"https:\/\/marketplace.navixy.com\/es\/shop\/vehicle-maintenance\/#primaryimage"},"image":{"@id":"https:\/\/marketplace.navixy.com\/es\/shop\/vehicle-maintenance\/#primaryimage"},"thumbnailUrl":"https:\/\/marketplace.navixy.com\/wp-content\/uploads\/2019\/04\/tehobsluzhivanie-transporta.png","datePublished":"2018-08-15T09:12:53+00:00","dateModified":"2020-12-08T10:01:14+00:00","description":"Acceda r\u00e1pidamente a toda la informaci\u00f3n sobre su flota y las pr\u00f3ximas fechas de servicio, y realice un seguimiento de los costos de reparaci\u00f3n. Automatice los procesos de mantenimiento de flota dentro de su empresa.","breadcrumb":{"@id":"https:\/\/marketplace.navixy.com\/es\/shop\/vehicle-maintenance\/#breadcrumb"},"inLanguage":"es","potentialAction":[{"@type":"ReadAction","target":["https:\/\/marketplace.navixy.com\/es\/shop\/vehicle-maintenance\/"]}]},{"@type":"ImageObject","inLanguage":"es","@id":"https:\/\/marketplace.navixy.com\/es\/shop\/vehicle-maintenance\/#primaryimage","url":"https:\/\/marketplace.navixy.com\/wp-content\/uploads\/2019\/04\/tehobsluzhivanie-transporta.png","contentUrl":"https:\/\/marketplace.navixy.com\/wp-content\/uploads\/2019\/04\/tehobsluzhivanie-transporta.png","width":300,"height":300},{"@type":"BreadcrumbList","@id":"https:\/\/marketplace.navixy.com\/es\/shop\/vehicle-maintenance\/#breadcrumb","itemListElement":[{"@type":"ListItem","position":1,"name":"\u0413\u043b\u0430\u0432\u043d\u0430\u044f \u0441\u0442\u0440\u0430\u043d\u0438\u0446\u0430","item":"https:\/\/marketplace.navixy.com\/es\/"},{"@type":"ListItem","position":2,"name":"Marketplace Navixy","item":"https:\/\/marketplace.navixy.com\/es\/"},{"@type":"ListItem","position":3,"name":"Mantenimiento del veh\u00edculo"}]},{"@type":"WebSite","@id":"https:\/\/marketplace.navixy.com\/es\/#website","url":"https:\/\/marketplace.navixy.com\/es\/","name":"Marketplace Navixy","description":"Marketplace Navixy","potentialAction":[{"@type":"SearchAction","target":{"@type":"EntryPoint","urlTemplate":"https:\/\/marketplace.navixy.com\/es\/?s={search_term_string}"},"query-input":{"@type":"PropertyValueSpecification","valueRequired":true,"valueName":"search_term_string"}}],"inLanguage":"es"}]}},"_links":{"self":[{"href":"https:\/\/marketplace.navixy.com\/es\/wp-json\/wp\/v2\/product\/1051","targetHints":{"allow":["GET"]}}],"collection":[{"href":"https:\/\/marketplace.navixy.com\/es\/wp-json\/wp\/v2\/product"}],"about":[{"href":"https:\/\/marketplace.navixy.com\/es\/wp-json\/wp\/v2\/types\/product"}],"wp:featuredmedia":[{"embeddable":true,"href":"https:\/\/marketplace.navixy.com\/es\/wp-json\/wp\/v2\/media\/405"}],"wp:attachment":[{"href":"https:\/\/marketplace.navixy.com\/es\/wp-json\/wp\/v2\/media?parent=1051"}],"wp:term":[{"taxonomy":"product_brand","embeddable":true,"href":"https:\/\/marketplace.navixy.com\/es\/wp-json\/wp\/v2\/product_brand?post=1051"},{"taxonomy":"product_cat","embeddable":true,"href":"https:\/\/marketplace.navixy.com\/es\/wp-json\/wp\/v2\/product_cat?post=1051"},{"taxonomy":"product_tag","embeddable":true,"href":"https:\/\/marketplace.navixy.com\/es\/wp-json\/wp\/v2\/product_tag?post=1051"}],"curies":[{"name":"wp","href":"https:\/\/api.w.org\/{rel}","templated":true}]}}