{"id":1049,"date":"2018-09-04T15:03:51","date_gmt":"2018-09-04T12:03:51","guid":{"rendered":"https:\/\/marketplace.navixy.com\/shop\/trip-by-state\/"},"modified":"2020-12-08T13:00:00","modified_gmt":"2020-12-08T10:00:00","slug":"trip-by-state","status":"publish","type":"product","link":"https:\/\/marketplace.navixy.com\/es\/shop\/trip-by-state\/","title":{"rendered":"Viajes por regi\u00f3n"},"content":{"rendered":"<div class=\"wpb-content-wrapper\"><p>[vc_row][vc_column][vc_tta_tabs][vc_tta_section title=\u00bbDescripci\u00f3n\u00bb tab_id=\u00bbdescription\u00bb][vc_column_text]Los viajes por extensi\u00f3n estatal se desarrollan para simplificar la notificaci\u00f3n del uso de combustible por parte de transportistas que operan en m\u00e1s de una regi\u00f3n. Aproveche nuestro informe de impuestos sobre el combustible, que considera todos los kil\u00f3metros recorridos en las carreteras de cada estado.<\/p>\n<p>Considere usar \u201cViajes por regi\u00f3n\u201d para:<\/p>\n<ul>\n<li>Obtener f\u00e1cilmente un reembolso de los impuestos al combustible que se pagaron en cada regi\u00f3n.<\/li>\n<li>Proporcionar informes relacionados a los impuestos de combustible. El informe recopila autom\u00e1ticamente datos de kilometraje para cada estado al integrarse con el dispositivo de rastreo.<\/li>\n<li>Calcular con precisi\u00f3n los costos de env\u00edo. Nuestra extensi\u00f3n utiliza el valor del od\u00f3metro para determinar qu\u00e9 tan lejos han conducido los veh\u00edculos de la flota. Los datos telem\u00e1ticos ayudar\u00e1n a demostrar env\u00edos a regiones remotas y costos adicionales.<\/li>\n<\/ul>\n<p>[\/vc_column_text][vc_row_inner][vc_column_inner width=\u00bb1\/4&#8243;][\/vc_column_inner][vc_column_inner width=\u00bb1\/2&#8243;][vc_single_image image=\u00bb691&#8243; img_size=\u00bblarge\u00bb alignment=\u00bbcenter\u00bb onclick=\u00bblink_image\u00bb][\/vc_column_inner][vc_column_inner width=\u00bb1\/4&#8243;][\/vc_column_inner][\/vc_row_inner][\/vc_tta_section][vc_tta_section title=\u00bbUso\u00bb tab_id=\u00bbuse\u00bb][vc_column_text]Al activar la extensi\u00f3n, obtendr\u00e1 acceso al informe de Viajes por regi\u00f3n y estado. El informe contiene la siguiente informaci\u00f3n:<\/p>\n<ul>\n<li>Desglose de las regiones, estados y\/o pa\u00edses visitados por un conductor. Tambi\u00e9n es posible ver el lugar y la hora de cada entraday salida al \u00e1rea.<\/li>\n<li>Kilometraje total y tiempo de viaje para todos los viajes en cada estado o pa\u00eds.<\/li>\n<\/ul>\n<p>[\/vc_column_text][\/vc_tta_section][\/vc_tta_tabs][\/vc_column][\/vc_row]<\/p>\n<\/div>","protected":false},"excerpt":{"rendered":"<p>Monitoree los movimientos del veh\u00edculo y el consumo de combustible en cada regi\u00f3n o pa\u00eds. Obtenga f\u00e1cilmente el kilometraje total y calcule los impuestos de combustible.<\/p>\n","protected":false},"featured_media":393,"template":"","meta":[],"product_brand":[],"product_cat":[99],"product_tag":[150],"class_list":{"0":"post-1049","1":"product","2":"type-product","3":"status-publish","4":"has-post-thumbnail","6":"product_cat-gestion-de-flotas","7":"product_tag-fuel-monitoring-es","9":"first","10":"instock","11":"shipping-taxable","12":"product-type-simple"},"yoast_head":"\n<title>Viajes por regi\u00f3n &#8212; Marketplace Navixy<\/title>\n<meta name=\"description\" content=\"Monitoree los movimientos del veh\u00edculo y el consumo de combustible en cada regi\u00f3n o pa\u00eds. Obtenga f\u00e1cilmente el kilometraje total y calcule los impuestos de combustible.\" \/>\n<meta name=\"robots\" content=\"index, follow, max-snippet:-1, max-image-preview:large, max-video-preview:-1\" \/>\n<link rel=\"canonical\" href=\"https:\/\/marketplace.navixy.com\/es\/shop\/trip-by-state\/\" \/>\n<meta property=\"og:locale\" content=\"es_ES\" \/>\n<meta property=\"og:type\" content=\"article\" \/>\n<meta property=\"og:title\" content=\"Viajes por regi\u00f3n &#8212; Marketplace Navixy\" \/>\n<meta property=\"og:description\" content=\"Monitoree los movimientos del veh\u00edculo y el consumo de combustible en cada regi\u00f3n o pa\u00eds. Obtenga f\u00e1cilmente el kilometraje total y calcule los impuestos de combustible.\" \/>\n<meta property=\"og:url\" content=\"https:\/\/marketplace.navixy.com\/es\/shop\/trip-by-state\/\" \/>\n<meta property=\"og:site_name\" content=\"Marketplace Navixy\" \/>\n<meta property=\"article:modified_time\" content=\"2020-12-08T10:00:00+00:00\" \/>\n<meta property=\"og:image\" content=\"https:\/\/marketplace.navixy.com\/wp-content\/uploads\/2019\/04\/probeg-v-regionakh.png\" \/>\n\t<meta property=\"og:image:width\" content=\"300\" \/>\n\t<meta property=\"og:image:height\" content=\"300\" \/>\n\t<meta property=\"og:image:type\" content=\"image\/png\" \/>\n<meta name=\"twitter:card\" content=\"summary_large_image\" \/>\n<script type=\"application\/ld+json\" class=\"yoast-schema-graph\">{\"@context\":\"https:\/\/schema.org\",\"@graph\":[{\"@type\":\"WebPage\",\"@id\":\"https:\/\/marketplace.navixy.com\/es\/shop\/trip-by-state\/\",\"url\":\"https:\/\/marketplace.navixy.com\/es\/shop\/trip-by-state\/\",\"name\":\"Viajes por regi\u00f3n &#8212; Marketplace Navixy\",\"isPartOf\":{\"@id\":\"https:\/\/marketplace.navixy.com\/es\/#website\"},\"primaryImageOfPage\":{\"@id\":\"https:\/\/marketplace.navixy.com\/es\/shop\/trip-by-state\/#primaryimage\"},\"image\":{\"@id\":\"https:\/\/marketplace.navixy.com\/es\/shop\/trip-by-state\/#primaryimage\"},\"thumbnailUrl\":\"https:\/\/marketplace.navixy.com\/wp-content\/uploads\/2019\/04\/probeg-v-regionakh.png\",\"datePublished\":\"2018-09-04T12:03:51+00:00\",\"dateModified\":\"2020-12-08T10:00:00+00:00\",\"description\":\"Monitoree los movimientos del veh\u00edculo y el consumo de combustible en cada regi\u00f3n o pa\u00eds. Obtenga f\u00e1cilmente el kilometraje total y calcule los impuestos de combustible.\",\"breadcrumb\":{\"@id\":\"https:\/\/marketplace.navixy.com\/es\/shop\/trip-by-state\/#breadcrumb\"},\"inLanguage\":\"es\",\"potentialAction\":[{\"@type\":\"ReadAction\",\"target\":[\"https:\/\/marketplace.navixy.com\/es\/shop\/trip-by-state\/\"]}]},{\"@type\":\"ImageObject\",\"inLanguage\":\"es\",\"@id\":\"https:\/\/marketplace.navixy.com\/es\/shop\/trip-by-state\/#primaryimage\",\"url\":\"https:\/\/marketplace.navixy.com\/wp-content\/uploads\/2019\/04\/probeg-v-regionakh.png\",\"contentUrl\":\"https:\/\/marketplace.navixy.com\/wp-content\/uploads\/2019\/04\/probeg-v-regionakh.png\",\"width\":300,\"height\":300},{\"@type\":\"BreadcrumbList\",\"@id\":\"https:\/\/marketplace.navixy.com\/es\/shop\/trip-by-state\/#breadcrumb\",\"itemListElement\":[{\"@type\":\"ListItem\",\"position\":1,\"name\":\"\u0413\u043b\u0430\u0432\u043d\u0430\u044f \u0441\u0442\u0440\u0430\u043d\u0438\u0446\u0430\",\"item\":\"https:\/\/marketplace.navixy.com\/es\/\"},{\"@type\":\"ListItem\",\"position\":2,\"name\":\"Marketplace Navixy\",\"item\":\"https:\/\/marketplace.navixy.com\/es\/\"},{\"@type\":\"ListItem\",\"position\":3,\"name\":\"Viajes por regi\u00f3n\"}]},{\"@type\":\"WebSite\",\"@id\":\"https:\/\/marketplace.navixy.com\/es\/#website\",\"url\":\"https:\/\/marketplace.navixy.com\/es\/\",\"name\":\"Marketplace Navixy\",\"description\":\"Marketplace Navixy\",\"potentialAction\":[{\"@type\":\"SearchAction\",\"target\":{\"@type\":\"EntryPoint\",\"urlTemplate\":\"https:\/\/marketplace.navixy.com\/es\/?s={search_term_string}\"},\"query-input\":{\"@type\":\"PropertyValueSpecification\",\"valueRequired\":true,\"valueName\":\"search_term_string\"}}],\"inLanguage\":\"es\"}]}<\/script>\n","yoast_head_json":{"title":"Viajes por regi\u00f3n &#8212; Marketplace Navixy","description":"Monitoree los movimientos del veh\u00edculo y el consumo de combustible en cada regi\u00f3n o pa\u00eds. Obtenga f\u00e1cilmente el kilometraje total y calcule los impuestos de combustible.","robots":{"index":"index","follow":"follow","max-snippet":"max-snippet:-1","max-image-preview":"max-image-preview:large","max-video-preview":"max-video-preview:-1"},"canonical":"https:\/\/marketplace.navixy.com\/es\/shop\/trip-by-state\/","og_locale":"es_ES","og_type":"article","og_title":"Viajes por regi\u00f3n &#8212; Marketplace Navixy","og_description":"Monitoree los movimientos del veh\u00edculo y el consumo de combustible en cada regi\u00f3n o pa\u00eds. Obtenga f\u00e1cilmente el kilometraje total y calcule los impuestos de combustible.","og_url":"https:\/\/marketplace.navixy.com\/es\/shop\/trip-by-state\/","og_site_name":"Marketplace Navixy","article_modified_time":"2020-12-08T10:00:00+00:00","og_image":[{"width":300,"height":300,"url":"https:\/\/marketplace.navixy.com\/wp-content\/uploads\/2019\/04\/probeg-v-regionakh.png","type":"image\/png"}],"twitter_card":"summary_large_image","schema":{"@context":"https:\/\/schema.org","@graph":[{"@type":"WebPage","@id":"https:\/\/marketplace.navixy.com\/es\/shop\/trip-by-state\/","url":"https:\/\/marketplace.navixy.com\/es\/shop\/trip-by-state\/","name":"Viajes por regi\u00f3n &#8212; Marketplace Navixy","isPartOf":{"@id":"https:\/\/marketplace.navixy.com\/es\/#website"},"primaryImageOfPage":{"@id":"https:\/\/marketplace.navixy.com\/es\/shop\/trip-by-state\/#primaryimage"},"image":{"@id":"https:\/\/marketplace.navixy.com\/es\/shop\/trip-by-state\/#primaryimage"},"thumbnailUrl":"https:\/\/marketplace.navixy.com\/wp-content\/uploads\/2019\/04\/probeg-v-regionakh.png","datePublished":"2018-09-04T12:03:51+00:00","dateModified":"2020-12-08T10:00:00+00:00","description":"Monitoree los movimientos del veh\u00edculo y el consumo de combustible en cada regi\u00f3n o pa\u00eds. Obtenga f\u00e1cilmente el kilometraje total y calcule los impuestos de combustible.","breadcrumb":{"@id":"https:\/\/marketplace.navixy.com\/es\/shop\/trip-by-state\/#breadcrumb"},"inLanguage":"es","potentialAction":[{"@type":"ReadAction","target":["https:\/\/marketplace.navixy.com\/es\/shop\/trip-by-state\/"]}]},{"@type":"ImageObject","inLanguage":"es","@id":"https:\/\/marketplace.navixy.com\/es\/shop\/trip-by-state\/#primaryimage","url":"https:\/\/marketplace.navixy.com\/wp-content\/uploads\/2019\/04\/probeg-v-regionakh.png","contentUrl":"https:\/\/marketplace.navixy.com\/wp-content\/uploads\/2019\/04\/probeg-v-regionakh.png","width":300,"height":300},{"@type":"BreadcrumbList","@id":"https:\/\/marketplace.navixy.com\/es\/shop\/trip-by-state\/#breadcrumb","itemListElement":[{"@type":"ListItem","position":1,"name":"\u0413\u043b\u0430\u0432\u043d\u0430\u044f \u0441\u0442\u0440\u0430\u043d\u0438\u0446\u0430","item":"https:\/\/marketplace.navixy.com\/es\/"},{"@type":"ListItem","position":2,"name":"Marketplace Navixy","item":"https:\/\/marketplace.navixy.com\/es\/"},{"@type":"ListItem","position":3,"name":"Viajes por regi\u00f3n"}]},{"@type":"WebSite","@id":"https:\/\/marketplace.navixy.com\/es\/#website","url":"https:\/\/marketplace.navixy.com\/es\/","name":"Marketplace Navixy","description":"Marketplace Navixy","potentialAction":[{"@type":"SearchAction","target":{"@type":"EntryPoint","urlTemplate":"https:\/\/marketplace.navixy.com\/es\/?s={search_term_string}"},"query-input":{"@type":"PropertyValueSpecification","valueRequired":true,"valueName":"search_term_string"}}],"inLanguage":"es"}]}},"_links":{"self":[{"href":"https:\/\/marketplace.navixy.com\/es\/wp-json\/wp\/v2\/product\/1049","targetHints":{"allow":["GET"]}}],"collection":[{"href":"https:\/\/marketplace.navixy.com\/es\/wp-json\/wp\/v2\/product"}],"about":[{"href":"https:\/\/marketplace.navixy.com\/es\/wp-json\/wp\/v2\/types\/product"}],"wp:featuredmedia":[{"embeddable":true,"href":"https:\/\/marketplace.navixy.com\/es\/wp-json\/wp\/v2\/media\/393"}],"wp:attachment":[{"href":"https:\/\/marketplace.navixy.com\/es\/wp-json\/wp\/v2\/media?parent=1049"}],"wp:term":[{"taxonomy":"product_brand","embeddable":true,"href":"https:\/\/marketplace.navixy.com\/es\/wp-json\/wp\/v2\/product_brand?post=1049"},{"taxonomy":"product_cat","embeddable":true,"href":"https:\/\/marketplace.navixy.com\/es\/wp-json\/wp\/v2\/product_cat?post=1049"},{"taxonomy":"product_tag","embeddable":true,"href":"https:\/\/marketplace.navixy.com\/es\/wp-json\/wp\/v2\/product_tag?post=1049"}],"curies":[{"name":"wp","href":"https:\/\/api.w.org\/{rel}","templated":true}]}}