{"id":1048,"date":"2018-07-24T16:35:29","date_gmt":"2018-07-24T13:35:29","guid":{"rendered":"https:\/\/marketplace.navixy.com\/shop\/fuel-monitoring\/"},"modified":"2020-12-11T09:04:33","modified_gmt":"2020-12-11T06:04:33","slug":"fuel-monitoring","status":"publish","type":"product","link":"https:\/\/marketplace.navixy.com\/es\/shop\/fuel-monitoring\/","title":{"rendered":"Monitoreo de combustible"},"content":{"rendered":"<div class=\"wpb-content-wrapper\"><p>[vc_row][vc_column][vc_tta_tabs][vc_tta_section title=\u00bbDescripci\u00f3n\u00bb tab_id=\u00bbdescription\u00bb][vc_column_text]Aproveche nuestra extensi\u00f3n profesional de monitoreo de combustible para reducir los costos de combustible y mejorar el rendimiento de su flota. La extensi\u00f3n viene con:<\/p>\n<ul>\n<li>Medici\u00f3n del cambio de nivel de combustible que permite enviar alertas instant\u00e1neas por sms y correo electr\u00f3nico sobre reabastecimiento de combustible y drenado de tanques.<\/li>\n<li>Reciba alertas instant\u00e1neas sobre reabastecimiento y descarga de combustible por sms y correo electr\u00f3nico.<\/li>\n<li>Informe sobre volumen de combustible para calcular los gastos y ahorros para cada veh\u00edculo o toda la flota.<\/li>\n<\/ul>\n<p>[\/vc_column_text][vc_row_inner][vc_column_inner][vc_gallery type=\u00bbflexslider_slide\u00bb interval=\u00bb0&#8243; images=\u00bb871,874,877,880,883&#8243; img_size=\u00bbfull\u00bb][\/vc_column_inner][\/vc_row_inner][\/vc_tta_section][vc_tta_section title=\u00bbUso\u00bb tab_id=\u00bbuse\u00bb][vc_column_text]Para comenzar con la extensi\u00f3n:<\/p>\n<ul>\n<li>Implemente un sistema de control de combustible en su veh\u00edculo. Instale un sensor de nivel de combustible o un lector de datos del bus CAN.<\/li>\n<li>Configure alertas instant\u00e1neas de cambio de nivel de combustible para estar al tanto de los eventos.<\/li>\n<li>Examine y compare los totales de consumo de combustible en el informe Volumen de combustible.<\/li>\n<\/ul>\n<p>[\/vc_column_text][\/vc_tta_section][\/vc_tta_tabs][\/vc_column][\/vc_row]<\/p>\n<\/div>","protected":false},"excerpt":{"rendered":"<p>Organice un mejor control sobre el consumo de combustible dentro de su flota. Revise la informaci\u00f3n del cambio de combustible.<\/p>\n","protected":false},"featured_media":369,"template":"","meta":[],"product_brand":[],"product_cat":[99],"product_tag":[150],"class_list":{"0":"post-1048","1":"product","2":"type-product","3":"status-publish","4":"has-post-thumbnail","6":"product_cat-gestion-de-flotas","7":"product_tag-fuel-monitoring-es","9":"first","10":"instock","11":"shipping-taxable","12":"product-type-simple"},"yoast_head":"\n<title>Monitoreo de combustible &#8212; Marketplace Navixy<\/title>\n<meta name=\"description\" content=\"Organice un mejor control sobre el consumo de combustible dentro de su flota. Revise la informaci\u00f3n del cambio de combustible.\" \/>\n<meta name=\"robots\" content=\"index, follow, max-snippet:-1, max-image-preview:large, max-video-preview:-1\" \/>\n<link rel=\"canonical\" href=\"https:\/\/marketplace.navixy.com\/es\/shop\/fuel-monitoring\/\" \/>\n<meta property=\"og:locale\" content=\"es_ES\" \/>\n<meta property=\"og:type\" content=\"article\" \/>\n<meta property=\"og:title\" content=\"Monitoreo de combustible &#8212; Marketplace Navixy\" \/>\n<meta property=\"og:description\" content=\"Organice un mejor control sobre el consumo de combustible dentro de su flota. Revise la informaci\u00f3n del cambio de combustible.\" \/>\n<meta property=\"og:url\" content=\"https:\/\/marketplace.navixy.com\/es\/shop\/fuel-monitoring\/\" \/>\n<meta property=\"og:site_name\" content=\"Marketplace Navixy\" \/>\n<meta property=\"article:modified_time\" content=\"2020-12-11T06:04:33+00:00\" \/>\n<meta property=\"og:image\" content=\"https:\/\/marketplace.navixy.com\/wp-content\/uploads\/2019\/04\/kontrol-topliva.png\" \/>\n\t<meta property=\"og:image:width\" content=\"300\" \/>\n\t<meta property=\"og:image:height\" content=\"300\" \/>\n\t<meta property=\"og:image:type\" content=\"image\/png\" \/>\n<meta name=\"twitter:card\" content=\"summary_large_image\" \/>\n<script type=\"application\/ld+json\" class=\"yoast-schema-graph\">{\"@context\":\"https:\/\/schema.org\",\"@graph\":[{\"@type\":\"WebPage\",\"@id\":\"https:\/\/marketplace.navixy.com\/es\/shop\/fuel-monitoring\/\",\"url\":\"https:\/\/marketplace.navixy.com\/es\/shop\/fuel-monitoring\/\",\"name\":\"Monitoreo de combustible &#8212; Marketplace Navixy\",\"isPartOf\":{\"@id\":\"https:\/\/marketplace.navixy.com\/es\/#website\"},\"primaryImageOfPage\":{\"@id\":\"https:\/\/marketplace.navixy.com\/es\/shop\/fuel-monitoring\/#primaryimage\"},\"image\":{\"@id\":\"https:\/\/marketplace.navixy.com\/es\/shop\/fuel-monitoring\/#primaryimage\"},\"thumbnailUrl\":\"https:\/\/marketplace.navixy.com\/wp-content\/uploads\/2019\/04\/kontrol-topliva.png\",\"datePublished\":\"2018-07-24T13:35:29+00:00\",\"dateModified\":\"2020-12-11T06:04:33+00:00\",\"description\":\"Organice un mejor control sobre el consumo de combustible dentro de su flota. Revise la informaci\u00f3n del cambio de combustible.\",\"breadcrumb\":{\"@id\":\"https:\/\/marketplace.navixy.com\/es\/shop\/fuel-monitoring\/#breadcrumb\"},\"inLanguage\":\"es\",\"potentialAction\":[{\"@type\":\"ReadAction\",\"target\":[\"https:\/\/marketplace.navixy.com\/es\/shop\/fuel-monitoring\/\"]}]},{\"@type\":\"ImageObject\",\"inLanguage\":\"es\",\"@id\":\"https:\/\/marketplace.navixy.com\/es\/shop\/fuel-monitoring\/#primaryimage\",\"url\":\"https:\/\/marketplace.navixy.com\/wp-content\/uploads\/2019\/04\/kontrol-topliva.png\",\"contentUrl\":\"https:\/\/marketplace.navixy.com\/wp-content\/uploads\/2019\/04\/kontrol-topliva.png\",\"width\":300,\"height\":300},{\"@type\":\"BreadcrumbList\",\"@id\":\"https:\/\/marketplace.navixy.com\/es\/shop\/fuel-monitoring\/#breadcrumb\",\"itemListElement\":[{\"@type\":\"ListItem\",\"position\":1,\"name\":\"\u0413\u043b\u0430\u0432\u043d\u0430\u044f \u0441\u0442\u0440\u0430\u043d\u0438\u0446\u0430\",\"item\":\"https:\/\/marketplace.navixy.com\/es\/\"},{\"@type\":\"ListItem\",\"position\":2,\"name\":\"Marketplace Navixy\",\"item\":\"https:\/\/marketplace.navixy.com\/es\/\"},{\"@type\":\"ListItem\",\"position\":3,\"name\":\"Monitoreo de combustible\"}]},{\"@type\":\"WebSite\",\"@id\":\"https:\/\/marketplace.navixy.com\/es\/#website\",\"url\":\"https:\/\/marketplace.navixy.com\/es\/\",\"name\":\"Marketplace Navixy\",\"description\":\"Marketplace Navixy\",\"potentialAction\":[{\"@type\":\"SearchAction\",\"target\":{\"@type\":\"EntryPoint\",\"urlTemplate\":\"https:\/\/marketplace.navixy.com\/es\/?s={search_term_string}\"},\"query-input\":{\"@type\":\"PropertyValueSpecification\",\"valueRequired\":true,\"valueName\":\"search_term_string\"}}],\"inLanguage\":\"es\"}]}<\/script>\n","yoast_head_json":{"title":"Monitoreo de combustible &#8212; Marketplace Navixy","description":"Organice un mejor control sobre el consumo de combustible dentro de su flota. Revise la informaci\u00f3n del cambio de combustible.","robots":{"index":"index","follow":"follow","max-snippet":"max-snippet:-1","max-image-preview":"max-image-preview:large","max-video-preview":"max-video-preview:-1"},"canonical":"https:\/\/marketplace.navixy.com\/es\/shop\/fuel-monitoring\/","og_locale":"es_ES","og_type":"article","og_title":"Monitoreo de combustible &#8212; Marketplace Navixy","og_description":"Organice un mejor control sobre el consumo de combustible dentro de su flota. Revise la informaci\u00f3n del cambio de combustible.","og_url":"https:\/\/marketplace.navixy.com\/es\/shop\/fuel-monitoring\/","og_site_name":"Marketplace Navixy","article_modified_time":"2020-12-11T06:04:33+00:00","og_image":[{"width":300,"height":300,"url":"https:\/\/marketplace.navixy.com\/wp-content\/uploads\/2019\/04\/kontrol-topliva.png","type":"image\/png"}],"twitter_card":"summary_large_image","schema":{"@context":"https:\/\/schema.org","@graph":[{"@type":"WebPage","@id":"https:\/\/marketplace.navixy.com\/es\/shop\/fuel-monitoring\/","url":"https:\/\/marketplace.navixy.com\/es\/shop\/fuel-monitoring\/","name":"Monitoreo de combustible &#8212; Marketplace Navixy","isPartOf":{"@id":"https:\/\/marketplace.navixy.com\/es\/#website"},"primaryImageOfPage":{"@id":"https:\/\/marketplace.navixy.com\/es\/shop\/fuel-monitoring\/#primaryimage"},"image":{"@id":"https:\/\/marketplace.navixy.com\/es\/shop\/fuel-monitoring\/#primaryimage"},"thumbnailUrl":"https:\/\/marketplace.navixy.com\/wp-content\/uploads\/2019\/04\/kontrol-topliva.png","datePublished":"2018-07-24T13:35:29+00:00","dateModified":"2020-12-11T06:04:33+00:00","description":"Organice un mejor control sobre el consumo de combustible dentro de su flota. Revise la informaci\u00f3n del cambio de combustible.","breadcrumb":{"@id":"https:\/\/marketplace.navixy.com\/es\/shop\/fuel-monitoring\/#breadcrumb"},"inLanguage":"es","potentialAction":[{"@type":"ReadAction","target":["https:\/\/marketplace.navixy.com\/es\/shop\/fuel-monitoring\/"]}]},{"@type":"ImageObject","inLanguage":"es","@id":"https:\/\/marketplace.navixy.com\/es\/shop\/fuel-monitoring\/#primaryimage","url":"https:\/\/marketplace.navixy.com\/wp-content\/uploads\/2019\/04\/kontrol-topliva.png","contentUrl":"https:\/\/marketplace.navixy.com\/wp-content\/uploads\/2019\/04\/kontrol-topliva.png","width":300,"height":300},{"@type":"BreadcrumbList","@id":"https:\/\/marketplace.navixy.com\/es\/shop\/fuel-monitoring\/#breadcrumb","itemListElement":[{"@type":"ListItem","position":1,"name":"\u0413\u043b\u0430\u0432\u043d\u0430\u044f \u0441\u0442\u0440\u0430\u043d\u0438\u0446\u0430","item":"https:\/\/marketplace.navixy.com\/es\/"},{"@type":"ListItem","position":2,"name":"Marketplace Navixy","item":"https:\/\/marketplace.navixy.com\/es\/"},{"@type":"ListItem","position":3,"name":"Monitoreo de combustible"}]},{"@type":"WebSite","@id":"https:\/\/marketplace.navixy.com\/es\/#website","url":"https:\/\/marketplace.navixy.com\/es\/","name":"Marketplace Navixy","description":"Marketplace Navixy","potentialAction":[{"@type":"SearchAction","target":{"@type":"EntryPoint","urlTemplate":"https:\/\/marketplace.navixy.com\/es\/?s={search_term_string}"},"query-input":{"@type":"PropertyValueSpecification","valueRequired":true,"valueName":"search_term_string"}}],"inLanguage":"es"}]}},"_links":{"self":[{"href":"https:\/\/marketplace.navixy.com\/es\/wp-json\/wp\/v2\/product\/1048","targetHints":{"allow":["GET"]}}],"collection":[{"href":"https:\/\/marketplace.navixy.com\/es\/wp-json\/wp\/v2\/product"}],"about":[{"href":"https:\/\/marketplace.navixy.com\/es\/wp-json\/wp\/v2\/types\/product"}],"wp:featuredmedia":[{"embeddable":true,"href":"https:\/\/marketplace.navixy.com\/es\/wp-json\/wp\/v2\/media\/369"}],"wp:attachment":[{"href":"https:\/\/marketplace.navixy.com\/es\/wp-json\/wp\/v2\/media?parent=1048"}],"wp:term":[{"taxonomy":"product_brand","embeddable":true,"href":"https:\/\/marketplace.navixy.com\/es\/wp-json\/wp\/v2\/product_brand?post=1048"},{"taxonomy":"product_cat","embeddable":true,"href":"https:\/\/marketplace.navixy.com\/es\/wp-json\/wp\/v2\/product_cat?post=1048"},{"taxonomy":"product_tag","embeddable":true,"href":"https:\/\/marketplace.navixy.com\/es\/wp-json\/wp\/v2\/product_tag?post=1048"}],"curies":[{"name":"wp","href":"https:\/\/api.w.org\/{rel}","templated":true}]}}