{"id":1044,"date":"2018-09-05T15:51:15","date_gmt":"2018-09-05T12:51:15","guid":{"rendered":"https:\/\/marketplace.navixy.com\/shop\/driver-identification\/"},"modified":"2022-01-25T07:56:13","modified_gmt":"2022-01-25T04:56:13","slug":"driver-identification","status":"publish","type":"product","link":"https:\/\/marketplace.navixy.com\/es\/shop\/driver-identification\/","title":{"rendered":"Identificaci\u00f3n del conductor"},"content":{"rendered":"<div class=\"wpb-content-wrapper\"><p>[vc_row][vc_column][vc_tta_tabs][vc_tta_section title=\u00bbDescripci\u00f3n\u00bb tab_id=\u00bbdescription\u00bb][vc_column_text]Aseg\u00farese de que sus veh\u00edculos corporativos no caigan en las manos equivocadas. Proporcione a cada controlador una tarjeta RFID personal \u00fanica o iButton. El conductor deber\u00e1 escanear la tarjeta RFID antes del encendido del veh\u00edculo. El bloqueo del motor y la activaci\u00f3n de alertas ocurre al omitir este proceso.<\/p>\n<p>Al habilitar la extensi\u00f3n, no solo proteger\u00e1 su flota, sino que tambi\u00e9n sabr\u00e1 exactamente cu\u00e1nto tiempo pasa cada conductor en carretera.<\/p>\n<p>Considere usar la Identificaci\u00f3n del conductor para:<\/p>\n<ul>\n<li>Evitar el uso no autorizado de veh\u00edculos.<\/li>\n<li>Siempre sepa qui\u00e9n est\u00e1 detr\u00e1s del volante.<\/li>\n<li>Registrar con precisi\u00f3n el kilometraje total recorrido por cada conductor para calcular el salario correspondiente.<\/li>\n<li>Prueba de horas de trabajo a clientes.<\/li>\n<li>Reciba una alerta si un conductor no identificado utiliza un veh\u00edculo y comienza un viaje.<\/li>\n<\/ul>\n<p>[\/vc_column_text][\/vc_tta_section][vc_tta_section title=\u00bbUso\u00bb tab_id=\u00bbuse\u00bb][vc_column_text]Para comenzar con la extensi\u00f3n:<\/p>\n<ol>\n<li>Instale un dispositivo de rastreo GPS en alg\u00fan veh\u00edculo. El rastreador GPS deber\u00e1 bloquear el motor en caso de uso no autorizado. El dispositivo puede ser <a href=\"https:\/\/www.navixy.com\/devices\/es\/teltonika\/\">Teltonika<\/a> o <a href=\"https:\/\/www.navixy.com\/devices\/es\/galileosky\/\">Galileosky<\/a>, por ejemplo.<\/li>\n<li>Instale un lector de tarjetas y con\u00e9ctelo al rastreador GPS a trav\u00e9s de la interfaz 1-Wire, por ejemplo.<\/li>\n<li>Cargue informaci\u00f3n en las tarjetas de identificaci\u00f3n en la memoria del rastreador para desbloquear el motor.<\/li>\n<li>Habilite el bloqueo del motor a trav\u00e9s de la salida del dispositivo.<\/li>\n<li>Abra la configuraci\u00f3n de hardware del rastreador GPS y active o configure un algoritmo para el bloqueo remoto del motor.<\/li>\n<li>Inicie sesi\u00f3n en su cuenta y expanda los perfiles de los controladores para especificar las claves de hardware (n\u00fameros de identificaci\u00f3n personal) utilizados para la autorizaci\u00f3n.<\/li>\n<li>Cree las reglas de \u00abIdentificaci\u00f3n mediante RFID \/ iButton\u00bb y \u00abCambio de conductor\u00bb para recibir alertas cada vez que los conductores cambien de turno.<\/li>\n<li>Genere el informe \u00abCambio de turno de conductor\u00bb para calcular las horas de trabajo de cada conductor.<\/li>\n<\/ol>\n<p>[\/vc_column_text][\/vc_tta_section][\/vc_tta_tabs][\/vc_column][\/vc_row]<\/p>\n<\/div>","protected":false},"excerpt":{"rendered":"<p>Proteja su flota del uso no autorizado y registre cada cambio de turno. Calcule con precisi\u00f3n las horas de trabajo.<\/p>\n","protected":false},"featured_media":381,"template":"","meta":[],"product_brand":[],"product_cat":[99],"product_tag":[153],"class_list":{"0":"post-1044","1":"product","2":"type-product","3":"status-publish","4":"has-post-thumbnail","6":"product_cat-gestion-de-flotas","7":"product_tag-driver-management-es","9":"first","10":"instock","11":"shipping-taxable","12":"product-type-simple"},"yoast_head":"\n<title>Identificaci\u00f3n del conductor &#8212; Marketplace Navixy<\/title>\n<meta name=\"description\" content=\"Proteja su flota del uso no autorizado y registre cada cambio de turno. Calcule con precisi\u00f3n las horas de trabajo.\" \/>\n<meta name=\"robots\" content=\"index, follow, max-snippet:-1, max-image-preview:large, max-video-preview:-1\" \/>\n<link rel=\"canonical\" href=\"https:\/\/marketplace.navixy.com\/es\/shop\/driver-identification\/\" \/>\n<meta property=\"og:locale\" content=\"es_ES\" \/>\n<meta property=\"og:type\" content=\"article\" \/>\n<meta property=\"og:title\" content=\"Identificaci\u00f3n del conductor &#8212; Marketplace Navixy\" \/>\n<meta property=\"og:description\" content=\"Proteja su flota del uso no autorizado y registre cada cambio de turno. Calcule con precisi\u00f3n las horas de trabajo.\" \/>\n<meta property=\"og:url\" content=\"https:\/\/marketplace.navixy.com\/es\/shop\/driver-identification\/\" \/>\n<meta property=\"og:site_name\" content=\"Marketplace Navixy\" \/>\n<meta property=\"article:modified_time\" content=\"2022-01-25T04:56:13+00:00\" \/>\n<meta property=\"og:image\" content=\"https:\/\/marketplace.navixy.com\/wp-content\/uploads\/2019\/04\/otchet-po-rabochim-smenam.png\" \/>\n\t<meta property=\"og:image:width\" content=\"300\" \/>\n\t<meta property=\"og:image:height\" content=\"300\" \/>\n\t<meta property=\"og:image:type\" content=\"image\/png\" \/>\n<meta name=\"twitter:card\" content=\"summary_large_image\" \/>\n<script type=\"application\/ld+json\" class=\"yoast-schema-graph\">{\"@context\":\"https:\/\/schema.org\",\"@graph\":[{\"@type\":\"WebPage\",\"@id\":\"https:\/\/marketplace.navixy.com\/es\/shop\/driver-identification\/\",\"url\":\"https:\/\/marketplace.navixy.com\/es\/shop\/driver-identification\/\",\"name\":\"Identificaci\u00f3n del conductor &#8212; Marketplace Navixy\",\"isPartOf\":{\"@id\":\"https:\/\/marketplace.navixy.com\/es\/#website\"},\"primaryImageOfPage\":{\"@id\":\"https:\/\/marketplace.navixy.com\/es\/shop\/driver-identification\/#primaryimage\"},\"image\":{\"@id\":\"https:\/\/marketplace.navixy.com\/es\/shop\/driver-identification\/#primaryimage\"},\"thumbnailUrl\":\"https:\/\/marketplace.navixy.com\/wp-content\/uploads\/2019\/04\/otchet-po-rabochim-smenam.png\",\"datePublished\":\"2018-09-05T12:51:15+00:00\",\"dateModified\":\"2022-01-25T04:56:13+00:00\",\"description\":\"Proteja su flota del uso no autorizado y registre cada cambio de turno. Calcule con precisi\u00f3n las horas de trabajo.\",\"breadcrumb\":{\"@id\":\"https:\/\/marketplace.navixy.com\/es\/shop\/driver-identification\/#breadcrumb\"},\"inLanguage\":\"es\",\"potentialAction\":[{\"@type\":\"ReadAction\",\"target\":[\"https:\/\/marketplace.navixy.com\/es\/shop\/driver-identification\/\"]}]},{\"@type\":\"ImageObject\",\"inLanguage\":\"es\",\"@id\":\"https:\/\/marketplace.navixy.com\/es\/shop\/driver-identification\/#primaryimage\",\"url\":\"https:\/\/marketplace.navixy.com\/wp-content\/uploads\/2019\/04\/otchet-po-rabochim-smenam.png\",\"contentUrl\":\"https:\/\/marketplace.navixy.com\/wp-content\/uploads\/2019\/04\/otchet-po-rabochim-smenam.png\",\"width\":300,\"height\":300},{\"@type\":\"BreadcrumbList\",\"@id\":\"https:\/\/marketplace.navixy.com\/es\/shop\/driver-identification\/#breadcrumb\",\"itemListElement\":[{\"@type\":\"ListItem\",\"position\":1,\"name\":\"\u0413\u043b\u0430\u0432\u043d\u0430\u044f \u0441\u0442\u0440\u0430\u043d\u0438\u0446\u0430\",\"item\":\"https:\/\/marketplace.navixy.com\/es\/\"},{\"@type\":\"ListItem\",\"position\":2,\"name\":\"Marketplace Navixy\",\"item\":\"https:\/\/marketplace.navixy.com\/es\/\"},{\"@type\":\"ListItem\",\"position\":3,\"name\":\"Identificaci\u00f3n del conductor\"}]},{\"@type\":\"WebSite\",\"@id\":\"https:\/\/marketplace.navixy.com\/es\/#website\",\"url\":\"https:\/\/marketplace.navixy.com\/es\/\",\"name\":\"Marketplace Navixy\",\"description\":\"Marketplace Navixy\",\"potentialAction\":[{\"@type\":\"SearchAction\",\"target\":{\"@type\":\"EntryPoint\",\"urlTemplate\":\"https:\/\/marketplace.navixy.com\/es\/?s={search_term_string}\"},\"query-input\":{\"@type\":\"PropertyValueSpecification\",\"valueRequired\":true,\"valueName\":\"search_term_string\"}}],\"inLanguage\":\"es\"}]}<\/script>\n","yoast_head_json":{"title":"Identificaci\u00f3n del conductor &#8212; Marketplace Navixy","description":"Proteja su flota del uso no autorizado y registre cada cambio de turno. Calcule con precisi\u00f3n las horas de trabajo.","robots":{"index":"index","follow":"follow","max-snippet":"max-snippet:-1","max-image-preview":"max-image-preview:large","max-video-preview":"max-video-preview:-1"},"canonical":"https:\/\/marketplace.navixy.com\/es\/shop\/driver-identification\/","og_locale":"es_ES","og_type":"article","og_title":"Identificaci\u00f3n del conductor &#8212; Marketplace Navixy","og_description":"Proteja su flota del uso no autorizado y registre cada cambio de turno. Calcule con precisi\u00f3n las horas de trabajo.","og_url":"https:\/\/marketplace.navixy.com\/es\/shop\/driver-identification\/","og_site_name":"Marketplace Navixy","article_modified_time":"2022-01-25T04:56:13+00:00","og_image":[{"width":300,"height":300,"url":"https:\/\/marketplace.navixy.com\/wp-content\/uploads\/2019\/04\/otchet-po-rabochim-smenam.png","type":"image\/png"}],"twitter_card":"summary_large_image","schema":{"@context":"https:\/\/schema.org","@graph":[{"@type":"WebPage","@id":"https:\/\/marketplace.navixy.com\/es\/shop\/driver-identification\/","url":"https:\/\/marketplace.navixy.com\/es\/shop\/driver-identification\/","name":"Identificaci\u00f3n del conductor &#8212; Marketplace Navixy","isPartOf":{"@id":"https:\/\/marketplace.navixy.com\/es\/#website"},"primaryImageOfPage":{"@id":"https:\/\/marketplace.navixy.com\/es\/shop\/driver-identification\/#primaryimage"},"image":{"@id":"https:\/\/marketplace.navixy.com\/es\/shop\/driver-identification\/#primaryimage"},"thumbnailUrl":"https:\/\/marketplace.navixy.com\/wp-content\/uploads\/2019\/04\/otchet-po-rabochim-smenam.png","datePublished":"2018-09-05T12:51:15+00:00","dateModified":"2022-01-25T04:56:13+00:00","description":"Proteja su flota del uso no autorizado y registre cada cambio de turno. Calcule con precisi\u00f3n las horas de trabajo.","breadcrumb":{"@id":"https:\/\/marketplace.navixy.com\/es\/shop\/driver-identification\/#breadcrumb"},"inLanguage":"es","potentialAction":[{"@type":"ReadAction","target":["https:\/\/marketplace.navixy.com\/es\/shop\/driver-identification\/"]}]},{"@type":"ImageObject","inLanguage":"es","@id":"https:\/\/marketplace.navixy.com\/es\/shop\/driver-identification\/#primaryimage","url":"https:\/\/marketplace.navixy.com\/wp-content\/uploads\/2019\/04\/otchet-po-rabochim-smenam.png","contentUrl":"https:\/\/marketplace.navixy.com\/wp-content\/uploads\/2019\/04\/otchet-po-rabochim-smenam.png","width":300,"height":300},{"@type":"BreadcrumbList","@id":"https:\/\/marketplace.navixy.com\/es\/shop\/driver-identification\/#breadcrumb","itemListElement":[{"@type":"ListItem","position":1,"name":"\u0413\u043b\u0430\u0432\u043d\u0430\u044f \u0441\u0442\u0440\u0430\u043d\u0438\u0446\u0430","item":"https:\/\/marketplace.navixy.com\/es\/"},{"@type":"ListItem","position":2,"name":"Marketplace Navixy","item":"https:\/\/marketplace.navixy.com\/es\/"},{"@type":"ListItem","position":3,"name":"Identificaci\u00f3n del conductor"}]},{"@type":"WebSite","@id":"https:\/\/marketplace.navixy.com\/es\/#website","url":"https:\/\/marketplace.navixy.com\/es\/","name":"Marketplace Navixy","description":"Marketplace Navixy","potentialAction":[{"@type":"SearchAction","target":{"@type":"EntryPoint","urlTemplate":"https:\/\/marketplace.navixy.com\/es\/?s={search_term_string}"},"query-input":{"@type":"PropertyValueSpecification","valueRequired":true,"valueName":"search_term_string"}}],"inLanguage":"es"}]}},"_links":{"self":[{"href":"https:\/\/marketplace.navixy.com\/es\/wp-json\/wp\/v2\/product\/1044","targetHints":{"allow":["GET"]}}],"collection":[{"href":"https:\/\/marketplace.navixy.com\/es\/wp-json\/wp\/v2\/product"}],"about":[{"href":"https:\/\/marketplace.navixy.com\/es\/wp-json\/wp\/v2\/types\/product"}],"wp:featuredmedia":[{"embeddable":true,"href":"https:\/\/marketplace.navixy.com\/es\/wp-json\/wp\/v2\/media\/381"}],"wp:attachment":[{"href":"https:\/\/marketplace.navixy.com\/es\/wp-json\/wp\/v2\/media?parent=1044"}],"wp:term":[{"taxonomy":"product_brand","embeddable":true,"href":"https:\/\/marketplace.navixy.com\/es\/wp-json\/wp\/v2\/product_brand?post=1044"},{"taxonomy":"product_cat","embeddable":true,"href":"https:\/\/marketplace.navixy.com\/es\/wp-json\/wp\/v2\/product_cat?post=1044"},{"taxonomy":"product_tag","embeddable":true,"href":"https:\/\/marketplace.navixy.com\/es\/wp-json\/wp\/v2\/product_tag?post=1044"}],"curies":[{"name":"wp","href":"https:\/\/api.w.org\/{rel}","templated":true}]}}