{"id":1042,"date":"2018-08-17T15:08:43","date_gmt":"2018-08-17T12:08:43","guid":{"rendered":"https:\/\/marketplace.navixy.com\/shop\/welcome-screen\/"},"modified":"2020-12-08T12:00:57","modified_gmt":"2020-12-08T09:00:57","slug":"welcome-screen","status":"publish","type":"product","link":"https:\/\/marketplace.navixy.com\/es\/shop\/welcome-screen\/","title":{"rendered":"Pantalla de bienvenida"},"content":{"rendered":"<div class=\"wpb-content-wrapper\"><p>[vc_row][vc_column][vc_tta_tabs][vc_tta_section title=\u00bbDescripci\u00f3n\u00bb tab_id=\u00bbdescription\u00bb][vc_column_text]Obtenga una vista r\u00e1pida del rendimiento de sus veh\u00edculos y trabajadores m\u00f3viles agregando la pantalla de bienvenida a su cuenta. Cada vez que inicie sesi\u00f3n, aparecer\u00e1n los paneles de informaci\u00f3n con los siguientes datos:<\/p>\n<ul>\n<li>N\u00famero total de objetos en la cuenta de usuario y su conexi\u00f3n al servidor.<\/li>\n<li>N\u00famero de tareas y su estado actual.<\/li>\n<li>N\u00famero de tareas de mantenimiento de flota y su finalizaci\u00f3n.<\/li>\n<li>Valores de kilometraje de los \u00faltimos 7 d\u00edas.<\/li>\n<\/ul>\n<p>[\/vc_column_text][vc_row_inner][vc_column_inner width=\u00bb1\/4&#8243;][\/vc_column_inner][vc_column_inner width=\u00bb1\/2&#8243;][vc_single_image image=\u00bb543&#8243; img_size=\u00bblarge\u00bb alignment=\u00bbcenter\u00bb onclick=\u00bblink_image\u00bb][\/vc_column_inner][vc_column_inner width=\u00bb1\/4&#8243;][\/vc_column_inner][\/vc_row_inner][\/vc_tta_section][vc_tta_section title=\u00bbUso\u00bb tab_id=\u00bbuse\u00bb][vc_column_text]Considere usar la pantalla de bienvenida para:<\/p>\n<ul>\n<li>Mantener un pulso continuo en las m\u00e9tricas clave de su flota.<\/li>\n<li>Contar el n\u00famero de trabajadores que est\u00e1n listos para realizar una tarea.<\/li>\n<li>Monitorear el cumplimiento del mantenimiento de sus activos para evitar tiempos de inactividad e imprevistos.<\/li>\n<li>Estimar los gastos de viaje de los \u00faltimos 7 d\u00edas.<\/li>\n<\/ul>\n<p>La pantalla de bienvenida se activa por defecto y se le proporcionar\u00e1 de inmediato cada vez que se inicia una nueva sesi\u00f3n.[\/vc_column_text][\/vc_tta_section][\/vc_tta_tabs][\/vc_column][\/vc_row]<\/p>\n<\/div>","protected":false},"excerpt":{"rendered":"<p>La pantalla de bienvenida le brinda un f\u00e1cil acceso a las m\u00e9tricas claves del rendimiento de su flota.<\/p>\n","protected":false},"featured_media":420,"template":"","meta":[],"product_brand":[],"product_cat":[129],"product_tag":[138],"class_list":{"0":"post-1042","1":"product","2":"type-product","3":"status-publish","4":"has-post-thumbnail","6":"product_cat-administracion","7":"product_tag-service-management-es","9":"first","10":"instock","11":"shipping-taxable","12":"product-type-simple"},"yoast_head":"\n<title>Pantalla de bienvenida &#8212; Marketplace Navixy<\/title>\n<meta name=\"description\" content=\"La pantalla de bienvenida le brinda un f\u00e1cil acceso a las m\u00e9tricas claves del rendimiento de su flota.\" \/>\n<meta name=\"robots\" content=\"index, follow, max-snippet:-1, max-image-preview:large, max-video-preview:-1\" \/>\n<link rel=\"canonical\" href=\"https:\/\/marketplace.navixy.com\/es\/shop\/welcome-screen\/\" \/>\n<meta property=\"og:locale\" content=\"es_ES\" \/>\n<meta property=\"og:type\" content=\"article\" \/>\n<meta property=\"og:title\" content=\"Pantalla de bienvenida &#8212; Marketplace Navixy\" \/>\n<meta property=\"og:description\" content=\"La pantalla de bienvenida le brinda un f\u00e1cil acceso a las m\u00e9tricas claves del rendimiento de su flota.\" \/>\n<meta property=\"og:url\" content=\"https:\/\/marketplace.navixy.com\/es\/shop\/welcome-screen\/\" \/>\n<meta property=\"og:site_name\" content=\"Marketplace Navixy\" \/>\n<meta property=\"article:modified_time\" content=\"2020-12-08T09:00:57+00:00\" \/>\n<meta property=\"og:image\" content=\"https:\/\/marketplace.navixy.com\/wp-content\/uploads\/2019\/04\/welcome-screen.png\" \/>\n\t<meta property=\"og:image:width\" content=\"300\" \/>\n\t<meta property=\"og:image:height\" content=\"300\" \/>\n\t<meta property=\"og:image:type\" content=\"image\/png\" \/>\n<meta name=\"twitter:card\" content=\"summary_large_image\" \/>\n<script type=\"application\/ld+json\" class=\"yoast-schema-graph\">{\"@context\":\"https:\/\/schema.org\",\"@graph\":[{\"@type\":\"WebPage\",\"@id\":\"https:\/\/marketplace.navixy.com\/es\/shop\/welcome-screen\/\",\"url\":\"https:\/\/marketplace.navixy.com\/es\/shop\/welcome-screen\/\",\"name\":\"Pantalla de bienvenida &#8212; Marketplace Navixy\",\"isPartOf\":{\"@id\":\"https:\/\/marketplace.navixy.com\/es\/#website\"},\"primaryImageOfPage\":{\"@id\":\"https:\/\/marketplace.navixy.com\/es\/shop\/welcome-screen\/#primaryimage\"},\"image\":{\"@id\":\"https:\/\/marketplace.navixy.com\/es\/shop\/welcome-screen\/#primaryimage\"},\"thumbnailUrl\":\"https:\/\/marketplace.navixy.com\/wp-content\/uploads\/2019\/04\/welcome-screen.png\",\"datePublished\":\"2018-08-17T12:08:43+00:00\",\"dateModified\":\"2020-12-08T09:00:57+00:00\",\"description\":\"La pantalla de bienvenida le brinda un f\u00e1cil acceso a las m\u00e9tricas claves del rendimiento de su flota.\",\"breadcrumb\":{\"@id\":\"https:\/\/marketplace.navixy.com\/es\/shop\/welcome-screen\/#breadcrumb\"},\"inLanguage\":\"es\",\"potentialAction\":[{\"@type\":\"ReadAction\",\"target\":[\"https:\/\/marketplace.navixy.com\/es\/shop\/welcome-screen\/\"]}]},{\"@type\":\"ImageObject\",\"inLanguage\":\"es\",\"@id\":\"https:\/\/marketplace.navixy.com\/es\/shop\/welcome-screen\/#primaryimage\",\"url\":\"https:\/\/marketplace.navixy.com\/wp-content\/uploads\/2019\/04\/welcome-screen.png\",\"contentUrl\":\"https:\/\/marketplace.navixy.com\/wp-content\/uploads\/2019\/04\/welcome-screen.png\",\"width\":300,\"height\":300},{\"@type\":\"BreadcrumbList\",\"@id\":\"https:\/\/marketplace.navixy.com\/es\/shop\/welcome-screen\/#breadcrumb\",\"itemListElement\":[{\"@type\":\"ListItem\",\"position\":1,\"name\":\"\u0413\u043b\u0430\u0432\u043d\u0430\u044f \u0441\u0442\u0440\u0430\u043d\u0438\u0446\u0430\",\"item\":\"https:\/\/marketplace.navixy.com\/es\/\"},{\"@type\":\"ListItem\",\"position\":2,\"name\":\"Marketplace Navixy\",\"item\":\"https:\/\/marketplace.navixy.com\/es\/\"},{\"@type\":\"ListItem\",\"position\":3,\"name\":\"Pantalla de bienvenida\"}]},{\"@type\":\"WebSite\",\"@id\":\"https:\/\/marketplace.navixy.com\/es\/#website\",\"url\":\"https:\/\/marketplace.navixy.com\/es\/\",\"name\":\"Marketplace Navixy\",\"description\":\"Marketplace Navixy\",\"potentialAction\":[{\"@type\":\"SearchAction\",\"target\":{\"@type\":\"EntryPoint\",\"urlTemplate\":\"https:\/\/marketplace.navixy.com\/es\/?s={search_term_string}\"},\"query-input\":{\"@type\":\"PropertyValueSpecification\",\"valueRequired\":true,\"valueName\":\"search_term_string\"}}],\"inLanguage\":\"es\"}]}<\/script>\n","yoast_head_json":{"title":"Pantalla de bienvenida &#8212; Marketplace Navixy","description":"La pantalla de bienvenida le brinda un f\u00e1cil acceso a las m\u00e9tricas claves del rendimiento de su flota.","robots":{"index":"index","follow":"follow","max-snippet":"max-snippet:-1","max-image-preview":"max-image-preview:large","max-video-preview":"max-video-preview:-1"},"canonical":"https:\/\/marketplace.navixy.com\/es\/shop\/welcome-screen\/","og_locale":"es_ES","og_type":"article","og_title":"Pantalla de bienvenida &#8212; Marketplace Navixy","og_description":"La pantalla de bienvenida le brinda un f\u00e1cil acceso a las m\u00e9tricas claves del rendimiento de su flota.","og_url":"https:\/\/marketplace.navixy.com\/es\/shop\/welcome-screen\/","og_site_name":"Marketplace Navixy","article_modified_time":"2020-12-08T09:00:57+00:00","og_image":[{"width":300,"height":300,"url":"https:\/\/marketplace.navixy.com\/wp-content\/uploads\/2019\/04\/welcome-screen.png","type":"image\/png"}],"twitter_card":"summary_large_image","schema":{"@context":"https:\/\/schema.org","@graph":[{"@type":"WebPage","@id":"https:\/\/marketplace.navixy.com\/es\/shop\/welcome-screen\/","url":"https:\/\/marketplace.navixy.com\/es\/shop\/welcome-screen\/","name":"Pantalla de bienvenida &#8212; Marketplace Navixy","isPartOf":{"@id":"https:\/\/marketplace.navixy.com\/es\/#website"},"primaryImageOfPage":{"@id":"https:\/\/marketplace.navixy.com\/es\/shop\/welcome-screen\/#primaryimage"},"image":{"@id":"https:\/\/marketplace.navixy.com\/es\/shop\/welcome-screen\/#primaryimage"},"thumbnailUrl":"https:\/\/marketplace.navixy.com\/wp-content\/uploads\/2019\/04\/welcome-screen.png","datePublished":"2018-08-17T12:08:43+00:00","dateModified":"2020-12-08T09:00:57+00:00","description":"La pantalla de bienvenida le brinda un f\u00e1cil acceso a las m\u00e9tricas claves del rendimiento de su flota.","breadcrumb":{"@id":"https:\/\/marketplace.navixy.com\/es\/shop\/welcome-screen\/#breadcrumb"},"inLanguage":"es","potentialAction":[{"@type":"ReadAction","target":["https:\/\/marketplace.navixy.com\/es\/shop\/welcome-screen\/"]}]},{"@type":"ImageObject","inLanguage":"es","@id":"https:\/\/marketplace.navixy.com\/es\/shop\/welcome-screen\/#primaryimage","url":"https:\/\/marketplace.navixy.com\/wp-content\/uploads\/2019\/04\/welcome-screen.png","contentUrl":"https:\/\/marketplace.navixy.com\/wp-content\/uploads\/2019\/04\/welcome-screen.png","width":300,"height":300},{"@type":"BreadcrumbList","@id":"https:\/\/marketplace.navixy.com\/es\/shop\/welcome-screen\/#breadcrumb","itemListElement":[{"@type":"ListItem","position":1,"name":"\u0413\u043b\u0430\u0432\u043d\u0430\u044f \u0441\u0442\u0440\u0430\u043d\u0438\u0446\u0430","item":"https:\/\/marketplace.navixy.com\/es\/"},{"@type":"ListItem","position":2,"name":"Marketplace Navixy","item":"https:\/\/marketplace.navixy.com\/es\/"},{"@type":"ListItem","position":3,"name":"Pantalla de bienvenida"}]},{"@type":"WebSite","@id":"https:\/\/marketplace.navixy.com\/es\/#website","url":"https:\/\/marketplace.navixy.com\/es\/","name":"Marketplace Navixy","description":"Marketplace Navixy","potentialAction":[{"@type":"SearchAction","target":{"@type":"EntryPoint","urlTemplate":"https:\/\/marketplace.navixy.com\/es\/?s={search_term_string}"},"query-input":{"@type":"PropertyValueSpecification","valueRequired":true,"valueName":"search_term_string"}}],"inLanguage":"es"}]}},"_links":{"self":[{"href":"https:\/\/marketplace.navixy.com\/es\/wp-json\/wp\/v2\/product\/1042","targetHints":{"allow":["GET"]}}],"collection":[{"href":"https:\/\/marketplace.navixy.com\/es\/wp-json\/wp\/v2\/product"}],"about":[{"href":"https:\/\/marketplace.navixy.com\/es\/wp-json\/wp\/v2\/types\/product"}],"wp:featuredmedia":[{"embeddable":true,"href":"https:\/\/marketplace.navixy.com\/es\/wp-json\/wp\/v2\/media\/420"}],"wp:attachment":[{"href":"https:\/\/marketplace.navixy.com\/es\/wp-json\/wp\/v2\/media?parent=1042"}],"wp:term":[{"taxonomy":"product_brand","embeddable":true,"href":"https:\/\/marketplace.navixy.com\/es\/wp-json\/wp\/v2\/product_brand?post=1042"},{"taxonomy":"product_cat","embeddable":true,"href":"https:\/\/marketplace.navixy.com\/es\/wp-json\/wp\/v2\/product_cat?post=1042"},{"taxonomy":"product_tag","embeddable":true,"href":"https:\/\/marketplace.navixy.com\/es\/wp-json\/wp\/v2\/product_tag?post=1042"}],"curies":[{"name":"wp","href":"https:\/\/api.w.org\/{rel}","templated":true}]}}