{"id":1040,"date":"2018-08-17T15:35:19","date_gmt":"2018-08-17T12:35:19","guid":{"rendered":"https:\/\/marketplace.navixy.com\/shop\/web-locator\/"},"modified":"2020-12-08T13:14:10","modified_gmt":"2020-12-08T10:14:10","slug":"web-locator","status":"publish","type":"product","link":"https:\/\/marketplace.navixy.com\/es\/shop\/web-locator\/","title":{"rendered":"Web locator"},"content":{"rendered":"<div class=\"wpb-content-wrapper\"><p>[vc_row][vc_column][vc_tta_tabs][vc_tta_section title=\u00bbDescripci\u00f3n\u00bb tab_id=\u00bbdescription\u00bb][vc_column_text]Muestre las ubicaciones y los movimientos de su fuerza de trabajo m\u00f3vil en la web, blog o cualquier otra aplicaci\u00f3n para proporcionar a sus clientes visibilidad en tiempo real de las operaciones de campo:<\/p>\n<ul>\n<li>Muestre cu\u00e1n grande es su equipo y territorio de servicio para ganar nuevos clientes y aumentar su lealtad.<\/li>\n<li>Informe a sus clientes qui\u00e9n est\u00e1 cerca: Aproveche la ubicaci\u00f3n por cercan\u00eda y el r\u00e1pido tiempo de respuesta.<\/li>\n<\/ul>\n<p>[\/vc_column_text][vc_row_inner][vc_column_inner][vc_gallery type=\u00bbflexslider_slide\u00bb interval=\u00bb0&#8243; images=\u00bb844,847&#8243; img_size=\u00bbfull\u00bb][\/vc_column_inner][\/vc_row_inner][\/vc_tta_section][vc_tta_section title=\u00bbUso\u00bb tab_id=\u00bbuse\u00bb][vc_column_text]Para desbloquear todas las funciones de la extensi\u00f3n, realice algunas configuraciones de pantalla:<\/p>\n<ul>\n<li>Personalizar la configuraci\u00f3n del mapa (tama\u00f1o, escala autom\u00e1tica, etc.).<\/li>\n<li>Mapa elegido.<\/li>\n<li>Seleccionar objetos para mostrar en el mapa.<\/li>\n<\/ul>\n<p>El c\u00f3digo HTML personalizado se generar\u00e1 autom\u00e1ticamente. Simplemente c\u00f3pielo y p\u00e9guelo en su sitio web, blog u otras aplicaciones. Una vez que se ha colocado el c\u00f3digo, el cliente ver\u00e1 una ventana con el n\u00famero de pedido.[\/vc_column_text][\/vc_tta_section][\/vc_tta_tabs][\/vc_column][\/vc_row]<\/p>\n<\/div>","protected":false},"excerpt":{"rendered":"<p>Permita que los visitantes de su sitio web accedan a las ubicaciones y los movimientos de sus trabajadores en el mapa en tiempo real.<\/p>\n","protected":false},"featured_media":417,"template":"","meta":[],"product_brand":[],"product_cat":[94],"product_tag":[156],"class_list":{"0":"post-1040","1":"product","2":"type-product","3":"status-publish","4":"has-post-thumbnail","6":"product_cat-seguimiento-de-activos-gps","7":"product_tag-monitoring-es","9":"first","10":"instock","11":"shipping-taxable","12":"product-type-simple"},"yoast_head":"\n<title>Web locator &#8212; Marketplace Navixy<\/title>\n<meta name=\"description\" content=\"Permita que los visitantes de su sitio web accedan a las ubicaciones y los movimientos de sus trabajadores en el mapa en tiempo real.\" \/>\n<meta name=\"robots\" content=\"index, follow, max-snippet:-1, max-image-preview:large, max-video-preview:-1\" \/>\n<link rel=\"canonical\" href=\"https:\/\/marketplace.navixy.com\/es\/shop\/web-locator\/\" \/>\n<meta property=\"og:locale\" content=\"es_ES\" \/>\n<meta property=\"og:type\" content=\"article\" \/>\n<meta property=\"og:title\" content=\"Web locator &#8212; Marketplace Navixy\" \/>\n<meta property=\"og:description\" content=\"Permita que los visitantes de su sitio web accedan a las ubicaciones y los movimientos de sus trabajadores en el mapa en tiempo real.\" \/>\n<meta property=\"og:url\" content=\"https:\/\/marketplace.navixy.com\/es\/shop\/web-locator\/\" \/>\n<meta property=\"og:site_name\" content=\"Marketplace Navixy\" \/>\n<meta property=\"article:modified_time\" content=\"2020-12-08T10:14:10+00:00\" \/>\n<meta property=\"og:image\" content=\"https:\/\/marketplace.navixy.com\/wp-content\/uploads\/2019\/04\/web-lokator.png\" \/>\n\t<meta property=\"og:image:width\" content=\"300\" \/>\n\t<meta property=\"og:image:height\" content=\"300\" \/>\n\t<meta property=\"og:image:type\" content=\"image\/png\" \/>\n<meta name=\"twitter:card\" content=\"summary_large_image\" \/>\n<script type=\"application\/ld+json\" class=\"yoast-schema-graph\">{\"@context\":\"https:\/\/schema.org\",\"@graph\":[{\"@type\":\"WebPage\",\"@id\":\"https:\/\/marketplace.navixy.com\/es\/shop\/web-locator\/\",\"url\":\"https:\/\/marketplace.navixy.com\/es\/shop\/web-locator\/\",\"name\":\"Web locator &#8212; Marketplace Navixy\",\"isPartOf\":{\"@id\":\"https:\/\/marketplace.navixy.com\/es\/#website\"},\"primaryImageOfPage\":{\"@id\":\"https:\/\/marketplace.navixy.com\/es\/shop\/web-locator\/#primaryimage\"},\"image\":{\"@id\":\"https:\/\/marketplace.navixy.com\/es\/shop\/web-locator\/#primaryimage\"},\"thumbnailUrl\":\"https:\/\/marketplace.navixy.com\/wp-content\/uploads\/2019\/04\/web-lokator.png\",\"datePublished\":\"2018-08-17T12:35:19+00:00\",\"dateModified\":\"2020-12-08T10:14:10+00:00\",\"description\":\"Permita que los visitantes de su sitio web accedan a las ubicaciones y los movimientos de sus trabajadores en el mapa en tiempo real.\",\"breadcrumb\":{\"@id\":\"https:\/\/marketplace.navixy.com\/es\/shop\/web-locator\/#breadcrumb\"},\"inLanguage\":\"es\",\"potentialAction\":[{\"@type\":\"ReadAction\",\"target\":[\"https:\/\/marketplace.navixy.com\/es\/shop\/web-locator\/\"]}]},{\"@type\":\"ImageObject\",\"inLanguage\":\"es\",\"@id\":\"https:\/\/marketplace.navixy.com\/es\/shop\/web-locator\/#primaryimage\",\"url\":\"https:\/\/marketplace.navixy.com\/wp-content\/uploads\/2019\/04\/web-lokator.png\",\"contentUrl\":\"https:\/\/marketplace.navixy.com\/wp-content\/uploads\/2019\/04\/web-lokator.png\",\"width\":300,\"height\":300},{\"@type\":\"BreadcrumbList\",\"@id\":\"https:\/\/marketplace.navixy.com\/es\/shop\/web-locator\/#breadcrumb\",\"itemListElement\":[{\"@type\":\"ListItem\",\"position\":1,\"name\":\"\u0413\u043b\u0430\u0432\u043d\u0430\u044f \u0441\u0442\u0440\u0430\u043d\u0438\u0446\u0430\",\"item\":\"https:\/\/marketplace.navixy.com\/es\/\"},{\"@type\":\"ListItem\",\"position\":2,\"name\":\"Marketplace Navixy\",\"item\":\"https:\/\/marketplace.navixy.com\/es\/\"},{\"@type\":\"ListItem\",\"position\":3,\"name\":\"Web locator\"}]},{\"@type\":\"WebSite\",\"@id\":\"https:\/\/marketplace.navixy.com\/es\/#website\",\"url\":\"https:\/\/marketplace.navixy.com\/es\/\",\"name\":\"Marketplace Navixy\",\"description\":\"Marketplace Navixy\",\"potentialAction\":[{\"@type\":\"SearchAction\",\"target\":{\"@type\":\"EntryPoint\",\"urlTemplate\":\"https:\/\/marketplace.navixy.com\/es\/?s={search_term_string}\"},\"query-input\":{\"@type\":\"PropertyValueSpecification\",\"valueRequired\":true,\"valueName\":\"search_term_string\"}}],\"inLanguage\":\"es\"}]}<\/script>\n","yoast_head_json":{"title":"Web locator &#8212; Marketplace Navixy","description":"Permita que los visitantes de su sitio web accedan a las ubicaciones y los movimientos de sus trabajadores en el mapa en tiempo real.","robots":{"index":"index","follow":"follow","max-snippet":"max-snippet:-1","max-image-preview":"max-image-preview:large","max-video-preview":"max-video-preview:-1"},"canonical":"https:\/\/marketplace.navixy.com\/es\/shop\/web-locator\/","og_locale":"es_ES","og_type":"article","og_title":"Web locator &#8212; Marketplace Navixy","og_description":"Permita que los visitantes de su sitio web accedan a las ubicaciones y los movimientos de sus trabajadores en el mapa en tiempo real.","og_url":"https:\/\/marketplace.navixy.com\/es\/shop\/web-locator\/","og_site_name":"Marketplace Navixy","article_modified_time":"2020-12-08T10:14:10+00:00","og_image":[{"width":300,"height":300,"url":"https:\/\/marketplace.navixy.com\/wp-content\/uploads\/2019\/04\/web-lokator.png","type":"image\/png"}],"twitter_card":"summary_large_image","schema":{"@context":"https:\/\/schema.org","@graph":[{"@type":"WebPage","@id":"https:\/\/marketplace.navixy.com\/es\/shop\/web-locator\/","url":"https:\/\/marketplace.navixy.com\/es\/shop\/web-locator\/","name":"Web locator &#8212; Marketplace Navixy","isPartOf":{"@id":"https:\/\/marketplace.navixy.com\/es\/#website"},"primaryImageOfPage":{"@id":"https:\/\/marketplace.navixy.com\/es\/shop\/web-locator\/#primaryimage"},"image":{"@id":"https:\/\/marketplace.navixy.com\/es\/shop\/web-locator\/#primaryimage"},"thumbnailUrl":"https:\/\/marketplace.navixy.com\/wp-content\/uploads\/2019\/04\/web-lokator.png","datePublished":"2018-08-17T12:35:19+00:00","dateModified":"2020-12-08T10:14:10+00:00","description":"Permita que los visitantes de su sitio web accedan a las ubicaciones y los movimientos de sus trabajadores en el mapa en tiempo real.","breadcrumb":{"@id":"https:\/\/marketplace.navixy.com\/es\/shop\/web-locator\/#breadcrumb"},"inLanguage":"es","potentialAction":[{"@type":"ReadAction","target":["https:\/\/marketplace.navixy.com\/es\/shop\/web-locator\/"]}]},{"@type":"ImageObject","inLanguage":"es","@id":"https:\/\/marketplace.navixy.com\/es\/shop\/web-locator\/#primaryimage","url":"https:\/\/marketplace.navixy.com\/wp-content\/uploads\/2019\/04\/web-lokator.png","contentUrl":"https:\/\/marketplace.navixy.com\/wp-content\/uploads\/2019\/04\/web-lokator.png","width":300,"height":300},{"@type":"BreadcrumbList","@id":"https:\/\/marketplace.navixy.com\/es\/shop\/web-locator\/#breadcrumb","itemListElement":[{"@type":"ListItem","position":1,"name":"\u0413\u043b\u0430\u0432\u043d\u0430\u044f \u0441\u0442\u0440\u0430\u043d\u0438\u0446\u0430","item":"https:\/\/marketplace.navixy.com\/es\/"},{"@type":"ListItem","position":2,"name":"Marketplace Navixy","item":"https:\/\/marketplace.navixy.com\/es\/"},{"@type":"ListItem","position":3,"name":"Web locator"}]},{"@type":"WebSite","@id":"https:\/\/marketplace.navixy.com\/es\/#website","url":"https:\/\/marketplace.navixy.com\/es\/","name":"Marketplace Navixy","description":"Marketplace Navixy","potentialAction":[{"@type":"SearchAction","target":{"@type":"EntryPoint","urlTemplate":"https:\/\/marketplace.navixy.com\/es\/?s={search_term_string}"},"query-input":{"@type":"PropertyValueSpecification","valueRequired":true,"valueName":"search_term_string"}}],"inLanguage":"es"}]}},"_links":{"self":[{"href":"https:\/\/marketplace.navixy.com\/es\/wp-json\/wp\/v2\/product\/1040","targetHints":{"allow":["GET"]}}],"collection":[{"href":"https:\/\/marketplace.navixy.com\/es\/wp-json\/wp\/v2\/product"}],"about":[{"href":"https:\/\/marketplace.navixy.com\/es\/wp-json\/wp\/v2\/types\/product"}],"wp:featuredmedia":[{"embeddable":true,"href":"https:\/\/marketplace.navixy.com\/es\/wp-json\/wp\/v2\/media\/417"}],"wp:attachment":[{"href":"https:\/\/marketplace.navixy.com\/es\/wp-json\/wp\/v2\/media?parent=1040"}],"wp:term":[{"taxonomy":"product_brand","embeddable":true,"href":"https:\/\/marketplace.navixy.com\/es\/wp-json\/wp\/v2\/product_brand?post=1040"},{"taxonomy":"product_cat","embeddable":true,"href":"https:\/\/marketplace.navixy.com\/es\/wp-json\/wp\/v2\/product_cat?post=1040"},{"taxonomy":"product_tag","embeddable":true,"href":"https:\/\/marketplace.navixy.com\/es\/wp-json\/wp\/v2\/product_tag?post=1040"}],"curies":[{"name":"wp","href":"https:\/\/api.w.org\/{rel}","templated":true}]}}