{"id":1034,"date":"2018-08-17T15:03:28","date_gmt":"2018-08-17T12:03:28","guid":{"rendered":"https:\/\/marketplace.navixy.com\/shop\/data-forwarding\/"},"modified":"2020-12-08T14:03:26","modified_gmt":"2020-12-08T11:03:26","slug":"data-forwarding","status":"publish","type":"product","link":"https:\/\/marketplace.navixy.com\/es\/shop\/data-forwarding\/","title":{"rendered":"Reenv\u00edo de datos"},"content":{"rendered":"<div class=\"wpb-content-wrapper\"><p>[vc_row][vc_column][vc_tta_tabs][vc_tta_section title=\u00bbDescripci\u00f3n\u00bb tab_id=\u00bbdescription\u00bb][vc_column_text]Reenv\u00ede la ubicaci\u00f3n y otros datos telem\u00e1ticos procedentes de dispositivos GPS a servidores de terceros. Cumpla con las regulaciones gubernamentales o con los requisitos de la contraparte para proporcionar acceso a datos de ubicaci\u00f3n y telemetr\u00eda.<\/p>\n<p>Los datos se transmitir\u00e1n a trav\u00e9s de protocolos seguros de reenv\u00edo en tiempo real para garantizar su env\u00edo instant\u00e1neo y confidencialidad.[\/vc_column_text][vc_row_inner][vc_column_inner width=\u00bb1\/4&#8243;][\/vc_column_inner][vc_column_inner width=\u00bb1\/2&#8243;][vc_single_image image=\u00bb598&#8243; img_size=\u00bblarge\u00bb alignment=\u00bbcenter\u00bb onclick=\u00bblink_image\u00bb][\/vc_column_inner][vc_column_inner width=\u00bb1\/4&#8243;][\/vc_column_inner][\/vc_row_inner][\/vc_tta_section][vc_tta_section title=\u00bbUso\u00bb tab_id=\u00bbuse\u00bb][vc_column_text]Elija entre m\u00e1s de 10 protocolos de reenv\u00edo de datos aplicables en todo el mundo:<\/p>\n<ul>\n<li>ARM CARGO<\/li>\n<li>BCDOC<\/li>\n<li>CargoOnline<\/li>\n<li>EGTS (Era Glonass Telematics Standard)<\/li>\n<li>Granit<\/li>\n<li>Granit \/ Scout<\/li>\n<li>Olimpstroy<\/li>\n<li>TraceReports<\/li>\n<li>Transnavigation<\/li>\n<li>UniGis<\/li>\n<li>Wialon IPS<\/li>\n<li>Wirtrack<\/li>\n<\/ul>\n<p>Se pueden agregar m\u00e1s protocolos a pedido.<\/p>\n<p>Los Retransmisores se pueden <a href=\"https:\/\/www.navixy.com\/es\/docs\/user\/web-interface-docs\/devices-doc\/data-forwarding\/\">configurar <\/a>directamente en la plataforma telem\u00e1tica:<\/p>\n<ol>\n<li>Ir a Dispositivos &gt; Reenv\u00edo de datos.<\/li>\n<li>A\u00f1adir detalles retranslator.<\/li>\n<li>Vincular el objeto requerido(s).<\/li>\n<\/ol>\n<p>[\/vc_column_text][\/vc_tta_section][\/vc_tta_tabs][\/vc_column][\/vc_row]<\/p>\n<\/div>","protected":false},"excerpt":{"rendered":"<p>Transmita datos desde los dispositivos de rastreo GPS a cualquier servidor externo en tiempo real.<\/p>\n","protected":false},"featured_media":396,"template":"","meta":[],"product_brand":[],"product_cat":[129],"product_tag":[121],"class_list":{"0":"post-1034","1":"product","2":"type-product","3":"status-publish","4":"has-post-thumbnail","6":"product_cat-administracion","7":"product_tag-reenvio-de-datos","9":"first","10":"instock","11":"shipping-taxable","12":"product-type-simple"},"yoast_head":"\n<title>Reenv\u00edo de datos &#8212; Marketplace Navixy<\/title>\n<meta name=\"description\" content=\"Transmita datos desde los dispositivos de rastreo GPS a cualquier servidor externo en tiempo real.\" \/>\n<meta name=\"robots\" content=\"index, follow, max-snippet:-1, max-image-preview:large, max-video-preview:-1\" \/>\n<link rel=\"canonical\" href=\"https:\/\/marketplace.navixy.com\/es\/shop\/data-forwarding\/\" \/>\n<meta property=\"og:locale\" content=\"es_ES\" \/>\n<meta property=\"og:type\" content=\"article\" \/>\n<meta property=\"og:title\" content=\"Reenv\u00edo de datos &#8212; Marketplace Navixy\" \/>\n<meta property=\"og:description\" content=\"Transmita datos desde los dispositivos de rastreo GPS a cualquier servidor externo en tiempo real.\" \/>\n<meta property=\"og:url\" content=\"https:\/\/marketplace.navixy.com\/es\/shop\/data-forwarding\/\" \/>\n<meta property=\"og:site_name\" content=\"Marketplace Navixy\" \/>\n<meta property=\"article:modified_time\" content=\"2020-12-08T11:03:26+00:00\" \/>\n<meta property=\"og:image\" content=\"https:\/\/marketplace.navixy.com\/wp-content\/uploads\/2019\/04\/retransliatciia-dannykh-na-storonnii-server.png\" \/>\n\t<meta property=\"og:image:width\" content=\"300\" \/>\n\t<meta property=\"og:image:height\" content=\"300\" \/>\n\t<meta property=\"og:image:type\" content=\"image\/png\" \/>\n<meta name=\"twitter:card\" content=\"summary_large_image\" \/>\n<script type=\"application\/ld+json\" class=\"yoast-schema-graph\">{\"@context\":\"https:\/\/schema.org\",\"@graph\":[{\"@type\":\"WebPage\",\"@id\":\"https:\/\/marketplace.navixy.com\/es\/shop\/data-forwarding\/\",\"url\":\"https:\/\/marketplace.navixy.com\/es\/shop\/data-forwarding\/\",\"name\":\"Reenv\u00edo de datos &#8212; Marketplace Navixy\",\"isPartOf\":{\"@id\":\"https:\/\/marketplace.navixy.com\/es\/#website\"},\"primaryImageOfPage\":{\"@id\":\"https:\/\/marketplace.navixy.com\/es\/shop\/data-forwarding\/#primaryimage\"},\"image\":{\"@id\":\"https:\/\/marketplace.navixy.com\/es\/shop\/data-forwarding\/#primaryimage\"},\"thumbnailUrl\":\"https:\/\/marketplace.navixy.com\/wp-content\/uploads\/2019\/04\/retransliatciia-dannykh-na-storonnii-server.png\",\"datePublished\":\"2018-08-17T12:03:28+00:00\",\"dateModified\":\"2020-12-08T11:03:26+00:00\",\"description\":\"Transmita datos desde los dispositivos de rastreo GPS a cualquier servidor externo en tiempo real.\",\"breadcrumb\":{\"@id\":\"https:\/\/marketplace.navixy.com\/es\/shop\/data-forwarding\/#breadcrumb\"},\"inLanguage\":\"es\",\"potentialAction\":[{\"@type\":\"ReadAction\",\"target\":[\"https:\/\/marketplace.navixy.com\/es\/shop\/data-forwarding\/\"]}]},{\"@type\":\"ImageObject\",\"inLanguage\":\"es\",\"@id\":\"https:\/\/marketplace.navixy.com\/es\/shop\/data-forwarding\/#primaryimage\",\"url\":\"https:\/\/marketplace.navixy.com\/wp-content\/uploads\/2019\/04\/retransliatciia-dannykh-na-storonnii-server.png\",\"contentUrl\":\"https:\/\/marketplace.navixy.com\/wp-content\/uploads\/2019\/04\/retransliatciia-dannykh-na-storonnii-server.png\",\"width\":300,\"height\":300},{\"@type\":\"BreadcrumbList\",\"@id\":\"https:\/\/marketplace.navixy.com\/es\/shop\/data-forwarding\/#breadcrumb\",\"itemListElement\":[{\"@type\":\"ListItem\",\"position\":1,\"name\":\"\u0413\u043b\u0430\u0432\u043d\u0430\u044f \u0441\u0442\u0440\u0430\u043d\u0438\u0446\u0430\",\"item\":\"https:\/\/marketplace.navixy.com\/es\/\"},{\"@type\":\"ListItem\",\"position\":2,\"name\":\"Marketplace Navixy\",\"item\":\"https:\/\/marketplace.navixy.com\/es\/\"},{\"@type\":\"ListItem\",\"position\":3,\"name\":\"Reenv\u00edo de datos\"}]},{\"@type\":\"WebSite\",\"@id\":\"https:\/\/marketplace.navixy.com\/es\/#website\",\"url\":\"https:\/\/marketplace.navixy.com\/es\/\",\"name\":\"Marketplace Navixy\",\"description\":\"Marketplace Navixy\",\"potentialAction\":[{\"@type\":\"SearchAction\",\"target\":{\"@type\":\"EntryPoint\",\"urlTemplate\":\"https:\/\/marketplace.navixy.com\/es\/?s={search_term_string}\"},\"query-input\":{\"@type\":\"PropertyValueSpecification\",\"valueRequired\":true,\"valueName\":\"search_term_string\"}}],\"inLanguage\":\"es\"}]}<\/script>\n","yoast_head_json":{"title":"Reenv\u00edo de datos &#8212; Marketplace Navixy","description":"Transmita datos desde los dispositivos de rastreo GPS a cualquier servidor externo en tiempo real.","robots":{"index":"index","follow":"follow","max-snippet":"max-snippet:-1","max-image-preview":"max-image-preview:large","max-video-preview":"max-video-preview:-1"},"canonical":"https:\/\/marketplace.navixy.com\/es\/shop\/data-forwarding\/","og_locale":"es_ES","og_type":"article","og_title":"Reenv\u00edo de datos &#8212; Marketplace Navixy","og_description":"Transmita datos desde los dispositivos de rastreo GPS a cualquier servidor externo en tiempo real.","og_url":"https:\/\/marketplace.navixy.com\/es\/shop\/data-forwarding\/","og_site_name":"Marketplace Navixy","article_modified_time":"2020-12-08T11:03:26+00:00","og_image":[{"width":300,"height":300,"url":"https:\/\/marketplace.navixy.com\/wp-content\/uploads\/2019\/04\/retransliatciia-dannykh-na-storonnii-server.png","type":"image\/png"}],"twitter_card":"summary_large_image","schema":{"@context":"https:\/\/schema.org","@graph":[{"@type":"WebPage","@id":"https:\/\/marketplace.navixy.com\/es\/shop\/data-forwarding\/","url":"https:\/\/marketplace.navixy.com\/es\/shop\/data-forwarding\/","name":"Reenv\u00edo de datos &#8212; Marketplace Navixy","isPartOf":{"@id":"https:\/\/marketplace.navixy.com\/es\/#website"},"primaryImageOfPage":{"@id":"https:\/\/marketplace.navixy.com\/es\/shop\/data-forwarding\/#primaryimage"},"image":{"@id":"https:\/\/marketplace.navixy.com\/es\/shop\/data-forwarding\/#primaryimage"},"thumbnailUrl":"https:\/\/marketplace.navixy.com\/wp-content\/uploads\/2019\/04\/retransliatciia-dannykh-na-storonnii-server.png","datePublished":"2018-08-17T12:03:28+00:00","dateModified":"2020-12-08T11:03:26+00:00","description":"Transmita datos desde los dispositivos de rastreo GPS a cualquier servidor externo en tiempo real.","breadcrumb":{"@id":"https:\/\/marketplace.navixy.com\/es\/shop\/data-forwarding\/#breadcrumb"},"inLanguage":"es","potentialAction":[{"@type":"ReadAction","target":["https:\/\/marketplace.navixy.com\/es\/shop\/data-forwarding\/"]}]},{"@type":"ImageObject","inLanguage":"es","@id":"https:\/\/marketplace.navixy.com\/es\/shop\/data-forwarding\/#primaryimage","url":"https:\/\/marketplace.navixy.com\/wp-content\/uploads\/2019\/04\/retransliatciia-dannykh-na-storonnii-server.png","contentUrl":"https:\/\/marketplace.navixy.com\/wp-content\/uploads\/2019\/04\/retransliatciia-dannykh-na-storonnii-server.png","width":300,"height":300},{"@type":"BreadcrumbList","@id":"https:\/\/marketplace.navixy.com\/es\/shop\/data-forwarding\/#breadcrumb","itemListElement":[{"@type":"ListItem","position":1,"name":"\u0413\u043b\u0430\u0432\u043d\u0430\u044f \u0441\u0442\u0440\u0430\u043d\u0438\u0446\u0430","item":"https:\/\/marketplace.navixy.com\/es\/"},{"@type":"ListItem","position":2,"name":"Marketplace Navixy","item":"https:\/\/marketplace.navixy.com\/es\/"},{"@type":"ListItem","position":3,"name":"Reenv\u00edo de datos"}]},{"@type":"WebSite","@id":"https:\/\/marketplace.navixy.com\/es\/#website","url":"https:\/\/marketplace.navixy.com\/es\/","name":"Marketplace Navixy","description":"Marketplace Navixy","potentialAction":[{"@type":"SearchAction","target":{"@type":"EntryPoint","urlTemplate":"https:\/\/marketplace.navixy.com\/es\/?s={search_term_string}"},"query-input":{"@type":"PropertyValueSpecification","valueRequired":true,"valueName":"search_term_string"}}],"inLanguage":"es"}]}},"_links":{"self":[{"href":"https:\/\/marketplace.navixy.com\/es\/wp-json\/wp\/v2\/product\/1034","targetHints":{"allow":["GET"]}}],"collection":[{"href":"https:\/\/marketplace.navixy.com\/es\/wp-json\/wp\/v2\/product"}],"about":[{"href":"https:\/\/marketplace.navixy.com\/es\/wp-json\/wp\/v2\/types\/product"}],"wp:featuredmedia":[{"embeddable":true,"href":"https:\/\/marketplace.navixy.com\/es\/wp-json\/wp\/v2\/media\/396"}],"wp:attachment":[{"href":"https:\/\/marketplace.navixy.com\/es\/wp-json\/wp\/v2\/media?parent=1034"}],"wp:term":[{"taxonomy":"product_brand","embeddable":true,"href":"https:\/\/marketplace.navixy.com\/es\/wp-json\/wp\/v2\/product_brand?post=1034"},{"taxonomy":"product_cat","embeddable":true,"href":"https:\/\/marketplace.navixy.com\/es\/wp-json\/wp\/v2\/product_cat?post=1034"},{"taxonomy":"product_tag","embeddable":true,"href":"https:\/\/marketplace.navixy.com\/es\/wp-json\/wp\/v2\/product_tag?post=1034"}],"curies":[{"name":"wp","href":"https:\/\/api.w.org\/{rel}","templated":true}]}}