{"id":1032,"date":"2018-07-19T10:13:39","date_gmt":"2018-07-19T07:13:39","guid":{"rendered":"https:\/\/marketplace.navixy.com\/shop\/courier-on-the-map\/"},"modified":"2022-03-16T06:27:24","modified_gmt":"2022-03-16T03:27:24","slug":"courier-on-the-map","status":"publish","type":"product","link":"https:\/\/marketplace.navixy.com\/es\/shop\/courier-on-the-map\/","title":{"rendered":"Courier en el mapa"},"content":{"rendered":"<div class=\"wpb-content-wrapper\"><p>[vc_row][vc_column][vc_tta_tabs][vc_tta_section title=\u00bbDescripci\u00f3n\u00bb tab_id=\u00bbdescription\u00bb][vc_column_text]Mejore el sitio web de su tienda en l\u00ednea con un servicio de seguimiento de entrega listo para usar. El cliente solo tiene que escribir el ID del pedido para obtener toda la informaci\u00f3n relevante como:<\/p>\n<ul>\n<li>Ubicaci\u00f3n en tiempo real del servicio de mensajer\u00eda.<\/li>\n<li>Hora estimada de llegada.<\/li>\n<li>Detalles del pedido.<\/li>\n<\/ul>\n<p>[\/vc_column_text][vc_row_inner][vc_column_inner][vc_gallery type=\u00bbflexslider_slide\u00bb interval=\u00bb0&#8243; images=\u00bb887,893,890&#8243; img_size=\u00bbfull\u00bb][\/vc_column_inner][\/vc_row_inner][\/vc_tta_section][vc_tta_section title=\u00bbUso\u00bb tab_id=\u00bbuse\u00bb][vc_column_text]Aproveche al m\u00e1ximo la extensi\u00f3n usando las configuraciones de pantalla:<\/p>\n<ul>\n<li>Personalice el widget para personalizar la vista con el dise\u00f1o de su sitio web: Cambie el tama\u00f1o, color, texto del campo de ID de pedido, etc.<\/li>\n<li>Elija su mapa preferido.<\/li>\n<li>Especifique un nombre para el servicio de mensajer\u00eda.<\/li>\n<li>Especifique la informaci\u00f3n del pedido.<\/li>\n<\/ul>\n<p>El c\u00f3digo HTML personalizado se generar\u00e1 autom\u00e1ticamente y estar\u00e1 disponible. No olvide copiarlo y pegarlo en su sitio web o redes sociales. Una vez que se ha colocado el c\u00f3digo, el cliente ver\u00e1 una ventana con el n\u00famero de pedido.[\/vc_column_text][\/vc_tta_section][\/vc_tta_tabs][\/vc_column][\/vc_row]<\/p>\n<\/div>","protected":false},"excerpt":{"rendered":"<p>Agregue este servicio de seguimiento de entrega listo para mostrar a sus clientes para saber d\u00f3nde se encuentra su pedido.<\/p>\n","protected":false},"featured_media":372,"template":"","meta":[],"product_brand":[],"product_cat":[101],"product_tag":[141],"class_list":{"0":"post-1032","1":"product","2":"type-product","3":"status-publish","4":"has-post-thumbnail","6":"product_cat-gestion-de-servicios-en-campo","7":"product_tag-management-es","9":"first","10":"instock","11":"shipping-taxable","12":"product-type-simple"},"yoast_head":"\n<title>Courier en el mapa &#8212; Marketplace Navixy<\/title>\n<meta name=\"description\" content=\"Agregue este servicio de seguimiento de entrega listo para mostrar a sus clientes para saber d\u00f3nde se encuentra su pedido.\" \/>\n<meta name=\"robots\" content=\"index, follow, max-snippet:-1, max-image-preview:large, max-video-preview:-1\" \/>\n<link rel=\"canonical\" href=\"https:\/\/marketplace.navixy.com\/es\/shop\/courier-on-the-map\/\" \/>\n<meta property=\"og:locale\" content=\"es_ES\" \/>\n<meta property=\"og:type\" content=\"article\" \/>\n<meta property=\"og:title\" content=\"Courier en el mapa &#8212; Marketplace Navixy\" \/>\n<meta property=\"og:description\" content=\"Agregue este servicio de seguimiento de entrega listo para mostrar a sus clientes para saber d\u00f3nde se encuentra su pedido.\" \/>\n<meta property=\"og:url\" content=\"https:\/\/marketplace.navixy.com\/es\/shop\/courier-on-the-map\/\" \/>\n<meta property=\"og:site_name\" content=\"Marketplace Navixy\" \/>\n<meta property=\"article:modified_time\" content=\"2022-03-16T03:27:24+00:00\" \/>\n<meta property=\"og:image\" content=\"https:\/\/marketplace.navixy.com\/wp-content\/uploads\/2019\/04\/kurer-na-karte.png\" \/>\n\t<meta property=\"og:image:width\" content=\"300\" \/>\n\t<meta property=\"og:image:height\" content=\"300\" \/>\n\t<meta property=\"og:image:type\" content=\"image\/png\" \/>\n<meta name=\"twitter:card\" content=\"summary_large_image\" \/>\n<script type=\"application\/ld+json\" class=\"yoast-schema-graph\">{\"@context\":\"https:\/\/schema.org\",\"@graph\":[{\"@type\":\"WebPage\",\"@id\":\"https:\/\/marketplace.navixy.com\/es\/shop\/courier-on-the-map\/\",\"url\":\"https:\/\/marketplace.navixy.com\/es\/shop\/courier-on-the-map\/\",\"name\":\"Courier en el mapa &#8212; Marketplace Navixy\",\"isPartOf\":{\"@id\":\"https:\/\/marketplace.navixy.com\/es\/#website\"},\"primaryImageOfPage\":{\"@id\":\"https:\/\/marketplace.navixy.com\/es\/shop\/courier-on-the-map\/#primaryimage\"},\"image\":{\"@id\":\"https:\/\/marketplace.navixy.com\/es\/shop\/courier-on-the-map\/#primaryimage\"},\"thumbnailUrl\":\"https:\/\/marketplace.navixy.com\/wp-content\/uploads\/2019\/04\/kurer-na-karte.png\",\"datePublished\":\"2018-07-19T07:13:39+00:00\",\"dateModified\":\"2022-03-16T03:27:24+00:00\",\"description\":\"Agregue este servicio de seguimiento de entrega listo para mostrar a sus clientes para saber d\u00f3nde se encuentra su pedido.\",\"breadcrumb\":{\"@id\":\"https:\/\/marketplace.navixy.com\/es\/shop\/courier-on-the-map\/#breadcrumb\"},\"inLanguage\":\"es\",\"potentialAction\":[{\"@type\":\"ReadAction\",\"target\":[\"https:\/\/marketplace.navixy.com\/es\/shop\/courier-on-the-map\/\"]}]},{\"@type\":\"ImageObject\",\"inLanguage\":\"es\",\"@id\":\"https:\/\/marketplace.navixy.com\/es\/shop\/courier-on-the-map\/#primaryimage\",\"url\":\"https:\/\/marketplace.navixy.com\/wp-content\/uploads\/2019\/04\/kurer-na-karte.png\",\"contentUrl\":\"https:\/\/marketplace.navixy.com\/wp-content\/uploads\/2019\/04\/kurer-na-karte.png\",\"width\":300,\"height\":300},{\"@type\":\"BreadcrumbList\",\"@id\":\"https:\/\/marketplace.navixy.com\/es\/shop\/courier-on-the-map\/#breadcrumb\",\"itemListElement\":[{\"@type\":\"ListItem\",\"position\":1,\"name\":\"\u0413\u043b\u0430\u0432\u043d\u0430\u044f \u0441\u0442\u0440\u0430\u043d\u0438\u0446\u0430\",\"item\":\"https:\/\/marketplace.navixy.com\/es\/\"},{\"@type\":\"ListItem\",\"position\":2,\"name\":\"Marketplace Navixy\",\"item\":\"https:\/\/marketplace.navixy.com\/es\/\"},{\"@type\":\"ListItem\",\"position\":3,\"name\":\"Courier en el mapa\"}]},{\"@type\":\"WebSite\",\"@id\":\"https:\/\/marketplace.navixy.com\/es\/#website\",\"url\":\"https:\/\/marketplace.navixy.com\/es\/\",\"name\":\"Marketplace Navixy\",\"description\":\"Marketplace Navixy\",\"potentialAction\":[{\"@type\":\"SearchAction\",\"target\":{\"@type\":\"EntryPoint\",\"urlTemplate\":\"https:\/\/marketplace.navixy.com\/es\/?s={search_term_string}\"},\"query-input\":{\"@type\":\"PropertyValueSpecification\",\"valueRequired\":true,\"valueName\":\"search_term_string\"}}],\"inLanguage\":\"es\"}]}<\/script>\n","yoast_head_json":{"title":"Courier en el mapa &#8212; Marketplace Navixy","description":"Agregue este servicio de seguimiento de entrega listo para mostrar a sus clientes para saber d\u00f3nde se encuentra su pedido.","robots":{"index":"index","follow":"follow","max-snippet":"max-snippet:-1","max-image-preview":"max-image-preview:large","max-video-preview":"max-video-preview:-1"},"canonical":"https:\/\/marketplace.navixy.com\/es\/shop\/courier-on-the-map\/","og_locale":"es_ES","og_type":"article","og_title":"Courier en el mapa &#8212; Marketplace Navixy","og_description":"Agregue este servicio de seguimiento de entrega listo para mostrar a sus clientes para saber d\u00f3nde se encuentra su pedido.","og_url":"https:\/\/marketplace.navixy.com\/es\/shop\/courier-on-the-map\/","og_site_name":"Marketplace Navixy","article_modified_time":"2022-03-16T03:27:24+00:00","og_image":[{"width":300,"height":300,"url":"https:\/\/marketplace.navixy.com\/wp-content\/uploads\/2019\/04\/kurer-na-karte.png","type":"image\/png"}],"twitter_card":"summary_large_image","schema":{"@context":"https:\/\/schema.org","@graph":[{"@type":"WebPage","@id":"https:\/\/marketplace.navixy.com\/es\/shop\/courier-on-the-map\/","url":"https:\/\/marketplace.navixy.com\/es\/shop\/courier-on-the-map\/","name":"Courier en el mapa &#8212; Marketplace Navixy","isPartOf":{"@id":"https:\/\/marketplace.navixy.com\/es\/#website"},"primaryImageOfPage":{"@id":"https:\/\/marketplace.navixy.com\/es\/shop\/courier-on-the-map\/#primaryimage"},"image":{"@id":"https:\/\/marketplace.navixy.com\/es\/shop\/courier-on-the-map\/#primaryimage"},"thumbnailUrl":"https:\/\/marketplace.navixy.com\/wp-content\/uploads\/2019\/04\/kurer-na-karte.png","datePublished":"2018-07-19T07:13:39+00:00","dateModified":"2022-03-16T03:27:24+00:00","description":"Agregue este servicio de seguimiento de entrega listo para mostrar a sus clientes para saber d\u00f3nde se encuentra su pedido.","breadcrumb":{"@id":"https:\/\/marketplace.navixy.com\/es\/shop\/courier-on-the-map\/#breadcrumb"},"inLanguage":"es","potentialAction":[{"@type":"ReadAction","target":["https:\/\/marketplace.navixy.com\/es\/shop\/courier-on-the-map\/"]}]},{"@type":"ImageObject","inLanguage":"es","@id":"https:\/\/marketplace.navixy.com\/es\/shop\/courier-on-the-map\/#primaryimage","url":"https:\/\/marketplace.navixy.com\/wp-content\/uploads\/2019\/04\/kurer-na-karte.png","contentUrl":"https:\/\/marketplace.navixy.com\/wp-content\/uploads\/2019\/04\/kurer-na-karte.png","width":300,"height":300},{"@type":"BreadcrumbList","@id":"https:\/\/marketplace.navixy.com\/es\/shop\/courier-on-the-map\/#breadcrumb","itemListElement":[{"@type":"ListItem","position":1,"name":"\u0413\u043b\u0430\u0432\u043d\u0430\u044f \u0441\u0442\u0440\u0430\u043d\u0438\u0446\u0430","item":"https:\/\/marketplace.navixy.com\/es\/"},{"@type":"ListItem","position":2,"name":"Marketplace Navixy","item":"https:\/\/marketplace.navixy.com\/es\/"},{"@type":"ListItem","position":3,"name":"Courier en el mapa"}]},{"@type":"WebSite","@id":"https:\/\/marketplace.navixy.com\/es\/#website","url":"https:\/\/marketplace.navixy.com\/es\/","name":"Marketplace Navixy","description":"Marketplace Navixy","potentialAction":[{"@type":"SearchAction","target":{"@type":"EntryPoint","urlTemplate":"https:\/\/marketplace.navixy.com\/es\/?s={search_term_string}"},"query-input":{"@type":"PropertyValueSpecification","valueRequired":true,"valueName":"search_term_string"}}],"inLanguage":"es"}]}},"_links":{"self":[{"href":"https:\/\/marketplace.navixy.com\/es\/wp-json\/wp\/v2\/product\/1032","targetHints":{"allow":["GET"]}}],"collection":[{"href":"https:\/\/marketplace.navixy.com\/es\/wp-json\/wp\/v2\/product"}],"about":[{"href":"https:\/\/marketplace.navixy.com\/es\/wp-json\/wp\/v2\/types\/product"}],"wp:featuredmedia":[{"embeddable":true,"href":"https:\/\/marketplace.navixy.com\/es\/wp-json\/wp\/v2\/media\/372"}],"wp:attachment":[{"href":"https:\/\/marketplace.navixy.com\/es\/wp-json\/wp\/v2\/media?parent=1032"}],"wp:term":[{"taxonomy":"product_brand","embeddable":true,"href":"https:\/\/marketplace.navixy.com\/es\/wp-json\/wp\/v2\/product_brand?post=1032"},{"taxonomy":"product_cat","embeddable":true,"href":"https:\/\/marketplace.navixy.com\/es\/wp-json\/wp\/v2\/product_cat?post=1032"},{"taxonomy":"product_tag","embeddable":true,"href":"https:\/\/marketplace.navixy.com\/es\/wp-json\/wp\/v2\/product_tag?post=1032"}],"curies":[{"name":"wp","href":"https:\/\/api.w.org\/{rel}","templated":true}]}}